{"id":103,"date":"2013-05-22T12:46:51","date_gmt":"2013-05-22T12:46:51","guid":{"rendered":"https:\/\/ahnb-apnb.ca\/?page_id=103"},"modified":"2026-03-17T09:17:33","modified_gmt":"2026-03-17T12:17:33","slug":"advocacy","status":"publish","type":"page","link":"https:\/\/ahnb-apnb.ca\/fr\/advocacy\/","title":{"rendered":"D\u00e9fense des int\u00e9r\u00eats"},"content":{"rendered":"<p>L&rsquo;Association du patrimoine du Nouveau-Brunswick (APNB) repr\u00e9sente les int\u00e9r\u00eats des mus\u00e9es et des lieux patrimoniaux du Nouveau-Brunswick. L&rsquo;association d\u00e9fend les int\u00e9r\u00eats des mus\u00e9es et des lieux patrimoniaux aupr\u00e8s des autorit\u00e9s f\u00e9d\u00e9rales et provinciales et sensibilise la population aux questions li\u00e9es au patrimoine. Certaines des pr\u00e9occupations abord\u00e9es concernent le financement, les programmes pour \u00e9tudiants, les politiques affectant les mus\u00e9es, les relations entre les mus\u00e9es et d&rsquo;autres institutions (comme les \u00e9coles), et les menaces \u00e0 la pr\u00e9servation des lieux patrimoniaux.<\/p>\n<p><span style=\"color: #0000ff;\"><a style=\"color: #0000ff;\" href=\"https:\/\/reconsideringmuseums.ca\/fr\/a-notre-propos\/\"><em>Repenser les mus\u00e9es<\/em>\u00a0<span style=\"color: #0000ff;\">nationale<\/span><\/a><\/span> dirig\u00e9 par l\u2019Alberta Museums Association, r\u00e9alis\u00e9 de concert avec un consortium d\u2019associations mus\u00e9ales provinciales et territoriales et l\u2019Association des mus\u00e9es canadiens, a permis de cr\u00e9er des mod\u00e8les pour la campagne de r\u00e9daction de lettres de votre mus\u00e9e.<\/p>\n<p>Mod\u00e8les de correspondance \u2013 Utiliser ces mod\u00e8les pour cr\u00e9er une campagne de correspondance pour votre propre mus\u00e9e.<\/p>\n<ol>\n<li><span style=\"color: #0000ff;\"><a style=\"color: #0000ff;\" href=\"https:\/\/ahnb-apnb.ca\/wp-content\/uploads\/2024\/08\/Modeles-de-correspondance_MP_Repenser-les-Musees.docx\">Mod\u00e8les de <span style=\"color: #0000ff;\">correspondance_MP_Repenser<\/span> les Musees<\/a><\/span><\/li>\n<li><span style=\"color: #0000ff;\"><a style=\"color: #0000ff;\" href=\"https:\/\/ahnb-apnb.ca\/wp-content\/uploads\/2024\/08\/Modeles-de-correspondance_Municipalite_Repenser-les-Musees.docx\">Mod\u00e8les de correspondance_Municipalit\u00e9_Repenser les Musees<\/a><\/span><\/li>\n<\/ol>\n<p><strong>TROUSSE D\u2019OUTILS<\/strong><\/p>\n<p>La trousse d\u2019outils contient <span style=\"color: #0000ff;\"><a style=\"color: #0000ff;\" href=\"https:\/\/reconsideringmuseums.ca\/fr\/trousse-doutils\/\">trois types de ressources, soit des outils d\u2019information, des outils de communication et des outils de promotion<\/a><\/span>. Les outils d\u2019information pr\u00e9sentent une vue d\u2019ensemble des donn\u00e9es que nous avons recueillies dans le cadre de notre campagne de mobilisation Des mus\u00e9es pour moi. Les outils de communication vous aideront \u00e0 adopter et \u00e0 partager les recommandations en mati\u00e8re de formulations et les messages fond\u00e9s sur des donn\u00e9es probantes \u00e9labor\u00e9s en r\u00e9ponse \u00e0 notre recherche. Les outils de promotion vous aideront \u00e0 faire la promotion des enjeux auxquels votre mus\u00e9e ou votre secteur fait face, ou encore, des enjeux de la communaut\u00e9, en dehors de votre mus\u00e9e.<\/p>\n<p><strong>L&rsquo;AMC<\/strong>\u00a0 trousse d\u2019outils pour mobiliser les d\u00e9put\u00e9sf\u00e9d\u00e9raux et les s\u00e9nateurs. Nouer et mettre \u00e0 profit de bonnes relations :<span style=\"color: #0000ff;\">\u00a0<a style=\"color: #0000ff;\" href=\"https:\/\/museums.in1touch.org\/uploaded\/web\/docs\/Advocacy\/Empowering_Connections-Advocacy_Toolkit_01-24_FR.pdf\" target=\"_blank\" rel=\"noopener\">Cliquez ici pour y acc\u00e9der.<\/a><\/span><\/p>\n<p><a href=\"https:\/\/museums.ca\/uploaded\/web\/cma\/GLAMS%20Toolkit%20online\/GLAM_toolkit_FR.pdf\" target=\"_blank\" rel=\"noopener\">Cliquez ici pour t\u00e9l\u00e9charger cette trousse d\u2019outils en format PDF<\/a>.<\/p>\n<p>Vous trouverez ici une <span style=\"color: #0000ff;\"><a style=\"color: #0000ff;\" href=\"https:\/\/www.museums.ca\/site\/aboutthecma\/advocacy\/glamstudy\/toolkit?language=fr_FR&amp;\">liste de ressources et de renseignement suppl\u00e9mentaires<\/a>.<\/span><\/p>\n<p><strong>Faire valoir la cause des lieux historiques\u00a0<\/strong>&#8211;<span style=\"color: #0000ff;\"><a style=\"color: #0000ff;\" href=\"https:\/\/nationaltrustcanada.ca\/fr\/ce-que-vous-pouvez-faire\/advocacy-action\/la-trousse-doutils-daction-citoyenne\"> Voici un lien<\/a><\/span> vers des renseignements utiles de <strong>la Fiducie nationale du Canada<\/strong>.<\/p>","protected":false},"excerpt":{"rendered":"<p>L&rsquo;Association du patrimoine du Nouveau-Brunswick (APNB) repr\u00e9sente les int\u00e9r\u00eats des mus\u00e9es et des lieux patrimoniaux du Nouveau-Brunswick. L&rsquo;association d\u00e9fend les int\u00e9r\u00eats des mus\u00e9es et des lieux patrimoniaux aupr\u00e8s des autorit\u00e9s f\u00e9d\u00e9rales et [&hellip;]<\/p>\n","protected":false},"author":1,"featured_media":0,"parent":0,"menu_order":0,"comment_status":"closed","ping_status":"open","template":"","meta":{"_acf_changed":false,"footnotes":""},"class_list":["post-103","page","type-page","status-publish","hentry"],"acf":[],"_links":{"self":[{"href":"https:\/\/ahnb-apnb.ca\/fr\/wp-json\/wp\/v2\/pages\/103","targetHints":{"allow":["GET"]}}],"collection":[{"href":"https:\/\/ahnb-apnb.ca\/fr\/wp-json\/wp\/v2\/pages"}],"about":[{"href":"https:\/\/ahnb-apnb.ca\/fr\/wp-json\/wp\/v2\/types\/page"}],"author":[{"embeddable":true,"href":"https:\/\/ahnb-apnb.ca\/fr\/wp-json\/wp\/v2\/users\/1"}],"replies":[{"embeddable":true,"href":"https:\/\/ahnb-apnb.ca\/fr\/wp-json\/wp\/v2\/comments?post=103"}],"version-history":[{"count":51,"href":"https:\/\/ahnb-apnb.ca\/fr\/wp-json\/wp\/v2\/pages\/103\/revisions"}],"predecessor-version":[{"id":10635,"href":"https:\/\/ahnb-apnb.ca\/fr\/wp-json\/wp\/v2\/pages\/103\/revisions\/10635"}],"wp:attachment":[{"href":"https:\/\/ahnb-apnb.ca\/fr\/wp-json\/wp\/v2\/media?parent=103"}],"curies":[{"name":"wp","href":"https:\/\/api.w.org\/{rel}","templated":true}]}}