{"id":104,"date":"2013-05-22T12:47:26","date_gmt":"2013-05-22T12:47:26","guid":{"rendered":"https:\/\/ahnb-apnb.ca\/?page_id=104"},"modified":"2026-03-17T09:17:34","modified_gmt":"2026-03-17T12:17:34","slug":"conference-information","status":"publish","type":"page","link":"https:\/\/ahnb-apnb.ca\/fr\/conference-information\/","title":{"rendered":"La 51e conf\u00e9rence annuelle et l&rsquo;AGA de l&rsquo;APNB"},"content":{"rendered":"<p><\/p>\n<p style=\"text-align: center;\"><span style=\"font-size: 16px; color: #e24500;\"><strong>Patrimoine 101<\/strong><\/span><\/p>\n<p style=\"text-align: center;\"><span style=\"font-size: 16px; color: #e24500;\"><strong>Du 5 au 7 novembre 2025<\/strong><\/span><\/p>\n<p>La 51e conf\u00e9rence annuelle de l&rsquo;APNB approche \u00e0 grands pas! Le th\u00e8me de cette ann\u00e9e est \u00ab Patrimoine 101 \u00bb et nous nous concentrons sur la cr\u00e9ation et le maintien d&rsquo;une base solide afin de pouvoir relever facilement les d\u00e9fis actuels et futurs. Les participants auront l&rsquo;occasion de faire une incroyable excursion en autobus dans la p\u00e9ninsule acadienne, de rencontrer en personne les autres acteurs du secteur et d&rsquo;apprendre de leurs coll\u00e8gues sur des sujets pratiques et th\u00e9oriques qui les aideront \u00e0 g\u00e9rer, \u00e0 promouvoir et \u00e0 financer leurs lieux patrimoniaux!<\/p>\n<p><strong><span style=\"color: #e24500;\">La conf\u00e9rence aura lieu \u00e0 l&rsquo;h\u00f4tel Atlantic Host<\/span> <\/strong>&#8211; 11450, boulevard Vanier, Bathurst, NB E2A 7B7. <a href=\"https:\/\/www.atlantichost.com\/fr\/\" target=\"_blank\" rel=\"noopener\"><span style=\"color: #0000ff;\">Pour en savoir plus sur l&rsquo;h\u00f4tel, cliquez ici.<\/span><\/a><\/p>\n<p><a href=\"https:\/\/ahnb-apnb.ca\/wp-content\/uploads\/2025\/09\/Programme-preliminaire-des-sessions-de-la-conference-25.pdf\"><span style=\"color: #0000ff;\">Lien vers le programme pr\u00e9liminaire de la conf\u00e9rence<\/span><\/a><\/p>\n<p><a href=\"https:\/\/ahnb-apnb.ca\/fr\/ahnb-conference-registration\/\" target=\"_blank\" rel=\"noopener\"><span style=\"color: #0000ff;\">Lien vers l&rsquo;inscription \u00e0 la conf\u00e9rence<\/span><\/a><\/p>\n<p>Si vous envoyez votre formulaire d&rsquo;inscription \u00e0 la conf\u00e9rence et votre ch\u00e8que par la poste, veuillez les adresser \u00e0 l&rsquo;AMNB \u00e0 l&rsquo;adresse suivante : 503, rue Queen, Fredericton, NB E3B 5H1.<\/p>\n<p>Pour payer par carte de cr\u00e9dit, veuillez t\u00e9l\u00e9phoner au (<span style=\"color: #e24500;\">506) 454-3561<\/span> et envoyer votre formulaire d&rsquo;inscription \u00e0 la conf\u00e9rence par courriel \u00e0 <a href=\"mailto:info@amnb.ca\">info@amnb.ca<\/a>.<\/p>\n<blockquote><p><a href=\"https:\/\/ahnb-apnb.ca\/wp-content\/uploads\/2025\/08\/Encan-silencieux-pour-la-conference-annuelle-de-lAPNB_-appel-aux-dons.pdf\" target=\"_blank\" rel=\"noopener\">Lien vers Encan silencieux au formulaire<\/a><\/p>\n<p><span style=\"color: #e24500;\">Pr\u00e9sident du comit\u00e9 de conf\u00e9rence : Philippe Basque<\/span><\/p><\/blockquote>\n<div>\n<table style=\"width: 100%; height: 53px;\" width=\"100%\" cellspacing=\"0\" cellpadding=\"0\">\n<tbody>\n<tr style=\"height: 29px;\">\n<td style=\"height: 29px;\" valign=\"top\" height=\"29\"><\/td>\n<\/tr>\n<tr style=\"height: 24px;\">\n<td style=\"height: 24px;\" valign=\"top\"><\/td>\n<\/tr>\n<\/tbody>\n<\/table>\n<\/div>\n<div>\n<div dir=\"ltr\">\n<div dir=\"ltr\">\n<div>\n<div dir=\"ltr\">\n<div>\n<div dir=\"ltr\">\n<div>\n<div dir=\"ltr\">\n<div>\n<div dir=\"ltr\">\n<div>\n<div dir=\"ltr\">\n<div>\n<div dir=\"ltr\">\n<div>\n<div dir=\"ltr\">\n<div dir=\"ltr\">\n<div dir=\"ltr\">\n<div dir=\"ltr\">\n<div><\/div>\n<\/div>\n<\/div>\n<\/div>\n<\/div>\n<\/div>\n<\/div>\n<\/div>\n<\/div>\n<\/div>\n<\/div>\n<\/div>\n<\/div>\n<\/div>\n<\/div>\n<\/div>\n<\/div>\n<\/div>\n<\/div>\n<\/div>\n<\/div>\n<p><\/p>","protected":false},"excerpt":{"rendered":"<p>Patrimoine 101 Du 5 au 7 novembre 2025 La 51e conf\u00e9rence annuelle de l&rsquo;APNB approche \u00e0 grands pas! Le th\u00e8me de cette ann\u00e9e est \u00ab Patrimoine 101 \u00bb et nous nous concentrons [&hellip;]<\/p>\n","protected":false},"author":1,"featured_media":0,"parent":0,"menu_order":0,"comment_status":"closed","ping_status":"open","template":"","meta":{"_acf_changed":false,"footnotes":""},"class_list":["post-104","page","type-page","status-publish","hentry"],"acf":[],"_links":{"self":[{"href":"https:\/\/ahnb-apnb.ca\/fr\/wp-json\/wp\/v2\/pages\/104","targetHints":{"allow":["GET"]}}],"collection":[{"href":"https:\/\/ahnb-apnb.ca\/fr\/wp-json\/wp\/v2\/pages"}],"about":[{"href":"https:\/\/ahnb-apnb.ca\/fr\/wp-json\/wp\/v2\/types\/page"}],"author":[{"embeddable":true,"href":"https:\/\/ahnb-apnb.ca\/fr\/wp-json\/wp\/v2\/users\/1"}],"replies":[{"embeddable":true,"href":"https:\/\/ahnb-apnb.ca\/fr\/wp-json\/wp\/v2\/comments?post=104"}],"version-history":[{"count":769,"href":"https:\/\/ahnb-apnb.ca\/fr\/wp-json\/wp\/v2\/pages\/104\/revisions"}],"predecessor-version":[{"id":12268,"href":"https:\/\/ahnb-apnb.ca\/fr\/wp-json\/wp\/v2\/pages\/104\/revisions\/12268"}],"wp:attachment":[{"href":"https:\/\/ahnb-apnb.ca\/fr\/wp-json\/wp\/v2\/media?parent=104"}],"curies":[{"name":"wp","href":"https:\/\/api.w.org\/{rel}","templated":true}]}}