{"id":10576,"date":"2024-08-16T11:49:17","date_gmt":"2024-08-16T14:49:17","guid":{"rendered":"https:\/\/ahnb-apnb.ca\/?page_id=10576"},"modified":"2026-03-17T09:17:36","modified_gmt":"2026-03-17T12:17:36","slug":"correspondents","status":"publish","type":"page","link":"https:\/\/ahnb-apnb.ca\/fr\/correspondents\/","title":{"rendered":"Correspondance"},"content":{"rendered":"<p>*Les lettres ont \u00e9t\u00e9 r\u00e9dig\u00e9es en anglais.<\/p>\n<p><span style=\"color: #0000ff;\"><a style=\"color: #0000ff;\" href=\"https:\/\/ahnb-apnb.ca\/wp-content\/uploads\/2024\/08\/AHNB-Survey-Letter-to-all-NB-Party-Leaders-_-October-10-2023-.pdf\"><strong>Lettre de l&rsquo;APNB aux chefs des partis politiques du Nouveau-Brunswick<\/strong><\/a><\/span><\/p>\n<p><strong>R\u00e9sum\u00e9<\/strong><\/p>\n<p><em>Dans la perspective d&rsquo;une \u00e9lection provinciale au cours des prochains mois, nous aimerions conna\u00eetre votre opinion sur ce qui suit :<\/em><\/p>\n<p><em>1) \u00c9tant donn\u00e9 que le riche patrimoine culturel du Nouveau-Brunswick est une attraction majeure pour les touristes, pouvez-vous fournir des renseignements sur la fa\u00e7on dont votre parti pr\u00e9voit de sauvegarder et de pr\u00e9server les sites patrimoniaux et les mus\u00e9es importants et irrempla\u00e7ables du Nouveau-Brunswick, ainsi que d&rsquo;\u00e9tablir un calendrier ferme pour l&rsquo;ouverture d&rsquo;un Mus\u00e9e du Nouveau-Brunswick revitalis\u00e9 ?<\/em><br \/>\n<em>2) Pouvez-vous nous faire part des initiatives de votre parti pour augmenter le nombre de travailleurs qualifi\u00e9s pour les b\u00e2timents patrimoniaux ? Nous aimerions \u00e9galement conna\u00eetre la position de votre parti sur la modernisation des b\u00e2timents comme solution potentielle \u00e0 la p\u00e9nurie de logements au Nouveau-Brunswick et \u00e0 la r\u00e9duction des \u00e9missions de carbone.<\/em><br \/>\n<em>3) Comment votre parti pourrait-il appuyer le secteur du patrimoine dans ses efforts continus de sensibilisation et de r\u00e9conciliation avec les Premi\u00e8res nations et d&rsquo;autres communaut\u00e9s culturelles de longue date dans notre soci\u00e9t\u00e9 ?<\/em><\/p>\n<p><strong>R\u00e9ponses officielles :<\/strong><\/p>\n<p><span style=\"color: #0000ff;\"><a style=\"color: #0000ff;\" href=\"https:\/\/ahnb-apnb.ca\/wp-content\/uploads\/2024\/08\/Response-from-Premier-Higgs-Lawren-Campbell-1.pdf\"><b>Le Parti Progressiste-Conservateur du Nouveau-Brunswick<\/b><\/a><\/span><\/p>\n<p><span style=\"color: #0000ff;\"><a style=\"color: #0000ff;\" href=\"https:\/\/ahnb-apnb.ca\/wp-content\/uploads\/2024\/08\/Survey-Response-Association-Heritage-New-Brunswick.pdf\"><b>Parti Vert N.B. Green Party<\/b><\/a><\/span><\/p>\n<p><a href=\"https:\/\/ahnb-apnb.ca\/wp-content\/uploads\/2024\/09\/ResponseToAHNB.pdf\"><span style=\"color: #0000ff;\"><strong>Parti Lib\u00e9ral du Nouveau-Brunswick<\/strong><\/span><\/a><\/p>","protected":false},"excerpt":{"rendered":"<p>*Les lettres ont \u00e9t\u00e9 r\u00e9dig\u00e9es en anglais. Lettre de l&rsquo;APNB aux chefs des partis politiques du Nouveau-Brunswick R\u00e9sum\u00e9 Dans la perspective d&rsquo;une \u00e9lection provinciale au cours des prochains mois, nous aimerions conna\u00eetre [&hellip;]<\/p>\n","protected":false},"author":2,"featured_media":0,"parent":0,"menu_order":0,"comment_status":"closed","ping_status":"closed","template":"","meta":{"_acf_changed":false,"footnotes":""},"class_list":["post-10576","page","type-page","status-publish","hentry"],"acf":[],"_links":{"self":[{"href":"https:\/\/ahnb-apnb.ca\/fr\/wp-json\/wp\/v2\/pages\/10576","targetHints":{"allow":["GET"]}}],"collection":[{"href":"https:\/\/ahnb-apnb.ca\/fr\/wp-json\/wp\/v2\/pages"}],"about":[{"href":"https:\/\/ahnb-apnb.ca\/fr\/wp-json\/wp\/v2\/types\/page"}],"author":[{"embeddable":true,"href":"https:\/\/ahnb-apnb.ca\/fr\/wp-json\/wp\/v2\/users\/2"}],"replies":[{"embeddable":true,"href":"https:\/\/ahnb-apnb.ca\/fr\/wp-json\/wp\/v2\/comments?post=10576"}],"version-history":[{"count":22,"href":"https:\/\/ahnb-apnb.ca\/fr\/wp-json\/wp\/v2\/pages\/10576\/revisions"}],"predecessor-version":[{"id":10765,"href":"https:\/\/ahnb-apnb.ca\/fr\/wp-json\/wp\/v2\/pages\/10576\/revisions\/10765"}],"wp:attachment":[{"href":"https:\/\/ahnb-apnb.ca\/fr\/wp-json\/wp\/v2\/media?parent=10576"}],"curies":[{"name":"wp","href":"https:\/\/api.w.org\/{rel}","templated":true}]}}