{"id":10798,"date":"2024-10-07T13:17:05","date_gmt":"2024-10-07T16:17:05","guid":{"rendered":"https:\/\/ahnb-apnb.ca\/?page_id=10798"},"modified":"2026-03-17T09:17:33","modified_gmt":"2026-03-17T12:17:33","slug":"ahnb-committees","status":"publish","type":"page","link":"https:\/\/ahnb-apnb.ca\/fr\/ahnb-committees\/","title":{"rendered":"Comit\u00e9s de l&rsquo;APNB"},"content":{"rendered":"<p><span style=\"color: #000000;\">La mission de l&rsquo;APNB est de promouvoir la conservation, la pr\u00e9servation, l&rsquo;interpr\u00e9tation et l&rsquo;appr\u00e9ciation des ressources patrimoniales du Nouveau-Brunswick. Pour ce faire, nous avons cinq comit\u00e9s d\u00e9vou\u00e9s qui se concentrent chacun sur un aspect unique du soutien \u00e0 notre communaut\u00e9 patrimoniale. Apprenez-en plus ci-dessous!<\/span><\/p>\n<p style=\"font-weight: 400;\"><span style=\"color: #000000;\">1)<strong> Comit\u00e9 de planification strat\u00e9gique\u00a0<\/strong><\/span><\/p>\n<p style=\"font-weight: 400;\"><span style=\"color: #000000;\">Mandat : a) Dresser une liste actualis\u00e9e des priorit\u00e9s strat\u00e9giques que l\u2019Association doit mettre en \u0153uvre pour r\u00e9aliser sa mission et am\u00e9liorer les services qu\u2019elle fournit \u00e0 ses membres; b) \u00c9laborer un plan strat\u00e9gique annuel actualis\u00e9 qui sera approuv\u00e9 par le conseil d\u2019administration en vue de sa mise en \u0153uvre; c) Examiner, surveiller, mettre \u00e0 jour et rendre compte de l\u2019\u00e9tat d\u2019avancement du plan strat\u00e9gique actuel de l\u2019APNB.<\/span><\/p>\n<p><span style=\"color: #000000;\">2)<strong> Comit\u00e9 des communications et de la d\u00e9fense des int\u00e9r\u00eats<\/strong><\/span><\/p>\n<p><span style=\"color: #000000;\">Mandat : a) Communiquer, promouvoir et soutenir les activit\u00e9s, les \u00e9v\u00e9nements d\u2019actualit\u00e9 et l\u2019image publique de l\u2019APNB; b) D\u00e9fendre les int\u00e9r\u00eats des mus\u00e9es et du patrimoine b\u00e2ti du Nouveau-Brunswick afin de souligner leur importance fondamentale pour notre province et sa population; c) Identifier les enjeux provinciaux et nationaux qui touchent le domaine du patrimoine b\u00e2ti et des mus\u00e9es et qui n\u00e9cessitent une intervention de la part de l\u2019APNB.<\/span><\/p>\n<p><span style=\"color: #000000;\">3)<strong> Comit\u00e9 directeur des mus\u00e9es\u00a0<\/strong><\/span><\/p>\n<p><span style=\"color: #000000;\">Mandat : a) Fournir du leadership, de l\u2019aide et du soutien aux mus\u00e9es du Nouveau-Brunswick dans des domaines tels que la gouvernance, la gestion des collections et la programmation publique afin de respecter les normes professionnelles de base; b) Faciliter la formation, l\u2019encadrement et l\u2019orientation des mus\u00e9es du Nouveau-Brunswick afin de respecter les normes mus\u00e9ales cl\u00e9s\/essentielles; c) Recommander des mod\u00e8les, des trousses d\u2019outils et des<\/span><br \/>\n<span style=\"color: #000000;\">ressources pour les mus\u00e9es du Nouveau-Brunswick qui seront disponibles sur le site Web de l\u2019APNB; d) Travailler avec les professionnels des mus\u00e9es afin d\u2019\u00e9laborer un programme d\u2019\u00e9valuation des mus\u00e9es.<\/span><\/p>\n<p><span style=\"color: #000000;\">4)<strong> Comit\u00e9 des lieux patrimoniaux<\/strong><\/span><\/p>\n<p><span style=\"color: #000000;\">Mandat : a) Promouvoir et assurer le leadership dans la conservation des sites historiques, architecturaux et culturels du Nouveau-Brunswick en tant qu\u2019h\u00e9ritage dynamique contribuant \u00e0 notre identit\u00e9; b) Favoriser la compr\u00e9hension de notre pass\u00e9; c) Promouvoir la r\u00e9utilisation pour r\u00e9pondre aux besoins sociaux et environnementaux, tout en revigorant les \u00e9conomies locales durables.<\/span><br \/>\n<span style=\"color: #000000;\"><strong><br \/>\n<\/strong>5)<strong> Comit\u00e9 de la conf\u00e9rence\u00a0<\/strong><\/span><\/p>\n<p><span style=\"color: #000000;\">Mandat : a) S\u2019assurer qu\u2019un programme de sujets bien \u00e9quilibr\u00e9 et de grande qualit\u00e9 est organis\u00e9 et pr\u00e9sent\u00e9 \u00e0 la conf\u00e9rence apr\u00e8s l\u2019approbation du conseil d\u2019administration de l\u2019APNB; b) S\u2019assurer que toutes les d\u00e9penses demeurent dans les limites du budget propos\u00e9; c) S\u2019assurer que tous les programmes et les pr\u00e9sentateurs sont professionnels, pertinents et r\u00e9pondent aux besoins actuels des professionnels et des b\u00e9n\u00e9voles des mus\u00e9es et du patrimoine b\u00e2ti du Nouveau-Brunswick.<\/span><\/p>","protected":false},"excerpt":{"rendered":"<p>La mission de l&rsquo;APNB est de promouvoir la conservation, la pr\u00e9servation, l&rsquo;interpr\u00e9tation et l&rsquo;appr\u00e9ciation des ressources patrimoniales du Nouveau-Brunswick. Pour ce faire, nous avons cinq comit\u00e9s d\u00e9vou\u00e9s qui se concentrent chacun sur [&hellip;]<\/p>\n","protected":false},"author":2,"featured_media":0,"parent":0,"menu_order":0,"comment_status":"closed","ping_status":"closed","template":"","meta":{"_acf_changed":false,"footnotes":""},"class_list":["post-10798","page","type-page","status-publish","hentry"],"acf":[],"_links":{"self":[{"href":"https:\/\/ahnb-apnb.ca\/fr\/wp-json\/wp\/v2\/pages\/10798","targetHints":{"allow":["GET"]}}],"collection":[{"href":"https:\/\/ahnb-apnb.ca\/fr\/wp-json\/wp\/v2\/pages"}],"about":[{"href":"https:\/\/ahnb-apnb.ca\/fr\/wp-json\/wp\/v2\/types\/page"}],"author":[{"embeddable":true,"href":"https:\/\/ahnb-apnb.ca\/fr\/wp-json\/wp\/v2\/users\/2"}],"replies":[{"embeddable":true,"href":"https:\/\/ahnb-apnb.ca\/fr\/wp-json\/wp\/v2\/comments?post=10798"}],"version-history":[{"count":3,"href":"https:\/\/ahnb-apnb.ca\/fr\/wp-json\/wp\/v2\/pages\/10798\/revisions"}],"predecessor-version":[{"id":10800,"href":"https:\/\/ahnb-apnb.ca\/fr\/wp-json\/wp\/v2\/pages\/10798\/revisions\/10800"}],"wp:attachment":[{"href":"https:\/\/ahnb-apnb.ca\/fr\/wp-json\/wp\/v2\/media?parent=10798"}],"curies":[{"name":"wp","href":"https:\/\/api.w.org\/{rel}","templated":true}]}}