{"id":11462,"date":"2025-05-17T19:09:36","date_gmt":"2025-05-17T22:09:36","guid":{"rendered":"https:\/\/ahnb-apnb.ca\/?page_id=11462"},"modified":"2025-05-29T03:04:09","modified_gmt":"2025-05-29T06:04:09","slug":"summer-of-history","status":"publish","type":"page","link":"https:\/\/ahnb-apnb.ca\/fr\/summer-of-history\/","title":{"rendered":"\u00c9t\u00e9 de l\u2019histoire"},"content":{"rendered":"<p><\/p>\n<div><img decoding=\"async\" class=\"campaign-logo\" src=\"https:\/\/ahnb-apnb.ca\/wp-content\/uploads\/2025\/05\/summer-of-history-logo-fr.png\" alt=\"Logo for Summer of History Campaign\" \/><\/div>\n<h2 class=\"constrained\">Cette ann\u00e9e, d\u00e9couvrez la richesse et la diversit\u00e9 du patrimoine du Nouveau-Brunswick gr\u00e2ce \u00e0 l&rsquo;\u00ab \u00c9t\u00e9 de <span class=\"nowrap\">l&rsquo;histoire \u00bb !<\/span><\/h2>\n<p>Saviez-vous que plus de <a href=\"https:\/\/ahnb-apnb.ca\/fr\/list-of-members\/\" target=\"_blank\">110 sites patrimoniaux<\/a> de notre province sont ouverts au public ? Cet \u00e9t\u00e9, vous \u00eates invit\u00e9s \u00e0 explorer des villages historiques, des maisons patrimoniales, des \u00e9difices municipaux, des galeries d&rsquo;art, d&rsquo;anciens sites industriels et militaires, et bien plus encore. Chaque r\u00e9gion du Nouveau-Brunswick est mise en valeur : <a href=\"https:\/\/ahnb-apnb.ca\/fr\/list-of-members\/\" target=\"_blank\">visitez-les toutes<\/a> !<\/p>\n<p>Courez la chance de gagner de superbes prix chaque fois que vous visitez l&rsquo;un de nos sites participants. Cette initiative est pr\u00e9sent\u00e9e par l&rsquo;Association Patrimoine N.-B. et le Mus\u00e9e du Nouveau-Brunswick, avec le soutien de Mitacs, de Tourisme, Patrimoine et Culture N.-B. et d&rsquo;autres commanditaires exceptionnels. <\/p>\n<div class=\"constrained\">\n<div class=\"callout-box secondary\">\n<h2>Comment participer : <\/h2>\n<ol class=\"wp-block-list\">\n<li>Suivez-nous sur <a href=\"http:\/\/www.facebook.com\/AHNBAPNB\" target=\"_blank\" rel=\"noreferrer noopener\">Facebook<\/a>\u00a0ou <a href=\"http:\/\/www.instagram.com\/ahnb_apnb\" target=\"_blank\" rel=\"noreferrer noopener\">Instagram<\/a>.<\/li>\n<li>D\u00e9couvrez chaque jour une nouvelle publication mettant en lumi\u00e8re un site patrimonial, un mus\u00e9e ou une galerie du Nouveau-Brunswick !<\/li>\n<li>Explorez un <a href=\"https:\/\/ahnb-apnb.ca\/fr\/list-of-members\/\" target=\"_blank\" rel=\"noreferrer noopener\">mus\u00e9e, un site patrimonial ou une galerie<\/a> et plongez dans la richesse et la diversit\u00e9 de l&rsquo;histoire du Nouveau-Brunswick.<\/li>\n<li>Participez \u00e0 notre concours et courez la chance de remporter l&rsquo;un de nos prix hebdomadaires ou le grand prix : un magnifique forfait <span class=\"nowrap\">vacances !<\/span><\/li>\n<li>Parlez-en \u00e0 tous vos amis et invitez-les \u00e0 vous accompagner lors de votre prochaine sortie l&rsquo;\u00ab \u00c9t\u00e9 de l\u2019histoire \u00bb !<\/li>\n<\/ol>\n<\/div>\n<\/div>\n<h2>Participez au concours l&rsquo;\u00ab \u00c9t\u00e9 de l\u2019histoire \u00bb \u2013 Deux fa\u00e7ons de <span class=\"nowrap\">gagner !<\/span><\/h2>\n<p>Nous vous invitons \u00e0 #ExplorerNB et \u00e0 visiter des mus\u00e9es, des sites patrimoniaux et des galeries d&rsquo;art. Pour vous remercier, nous avons plusieurs miliers de dollars en prix \u00e0 faire gagner. Des tirages hebdomadaires sont effectu\u00e9s, ainsi qu\u2019un grand prix principal qui sera tir\u00e9 \u00e0 l\u2019automne 2025. Pour participer, vous devez \u00eatre un r\u00e9sident canadien \u00e2g\u00e9 de plus de 18 ans ou plus et visiter l&rsquo;un de nos sites participants (admission ou don requis).<\/p>\n<h2>Participez au tirage hebdomadaire et vous serez automatiquement inscrit au tirage du grand prix.<\/h2>\n<p>Merci de votre soutien \u00e0 l&rsquo;\u00c9t\u00e9 de l&rsquo;histoire ! Nous esp\u00e9rons vous voir dans plusieurs mus\u00e9es, sites patrimoniaux et galeries d&rsquo;art participants. Saisissez les informations ci-dessous et obtenez le code du concours aupr\u00e8s du membre du personnel ou du b\u00e9n\u00e9vole qui vous accompagne.<\/p>\n<div class=\"constrained\">\n<div class=\"forminator-ui forminator-custom-form forminator-custom-form-11718 forminator-design--default  forminator_ajax\" data-forminator-render=\"0\" data-form=\"forminator-module-11718\" data-uid=\"69e737130a68d\"><\/div>\n<form\n\t\t\t\tid=\"forminator-module-11718\"\n\t\t\t\tclass=\"forminator-ui forminator-custom-form forminator-custom-form-11718 forminator-design--default  forminator_ajax\"\n\t\t\t\tmethod=\"post\"\n\t\t\t\tdata-forminator-render=\"0\"\n\t\t\t\tdata-form-id=\"11718\"\n\t\t\t\t data-color-option=\"theme\" data-design=\"default\" data-grid=\"open\" style=\"display: none;\"\n\t\t\t\tdata-uid=\"69e737130a68d\"\n\t\t\t><\/p>\n<div role=\"alert\" aria-live=\"polite\" class=\"forminator-response-message forminator-error\" aria-hidden=\"true\"><\/div>\n<div class=\"forminator-row\">\n<div id=\"name-1\" class=\"forminator-field-name forminator-col forminator-col-6 \">\n<div class=\"forminator-field\"><label for=\"forminator-field-name-1_69e737130a68d\" id=\"forminator-field-name-1_69e737130a68d-label\" class=\"forminator-label\">Nom <span class=\"forminator-required\">*<\/span><\/label><input type=\"text\" name=\"name-1\" value=\"\" placeholder=\"\" id=\"forminator-field-name-1_69e737130a68d\" class=\"forminator-input forminator-name--field\" aria-required=\"true\" autocomplete=\"name\" \/><\/div>\n<\/div>\n<div id=\"email-1\" class=\"forminator-field-email forminator-col forminator-col-6 \">\n<div class=\"forminator-field\"><label for=\"forminator-field-email-1_69e737130a68d\" id=\"forminator-field-email-1_69e737130a68d-label\" class=\"forminator-label\">Courriel <span class=\"forminator-required\">*<\/span><\/label><input type=\"email\" name=\"email-1\" value=\"\" placeholder=\"\" id=\"forminator-field-email-1_69e737130a68d\" class=\"forminator-input forminator-email--field\" data-required=\"1\" aria-required=\"true\" autocomplete=\"email\" \/><\/div>\n<\/div>\n<\/div>\n<div class=\"forminator-row\">\n<div id=\"phone-1\" class=\"forminator-field-phone forminator-col forminator-col-6 \">\n<div class=\"forminator-field\"><label for=\"forminator-field-phone-1_69e737130a68d\" id=\"forminator-field-phone-1_69e737130a68d-label\" class=\"forminator-label\">Num\u00e9ro de t\u00e9l\u00e9phone <span class=\"forminator-required\">*<\/span><\/label><input type=\"text\" name=\"phone-1\" value=\"\" placeholder=\"(506)555-1234\" id=\"forminator-field-phone-1_69e737130a68d\" class=\"forminator-input forminator-field--phone\" data-required=\"1\" aria-required=\"true\" autocomplete=\"off\" data-national_mode=\"enabled\" data-country=\"ca\" data-validation=\"standard\" \/><\/div>\n<\/div>\n<div id=\"text-2\" class=\"forminator-field-text forminator-col forminator-col-6  custom-postal-code-validate\">\n<div class=\"forminator-field\"><label for=\"forminator-field-text-2_69e737130a68d\" id=\"forminator-field-text-2_69e737130a68d-label\" class=\"forminator-label\">Code postal <span class=\"forminator-required\">*<\/span><\/label><input type=\"text\" name=\"text-2\" value=\"\" placeholder=\"A1A 1A1\" id=\"forminator-field-text-2_69e737130a68d\" class=\"forminator-input forminator-name--field\" data-required=\"1\" \/><\/div>\n<\/div>\n<\/div>\n<div class=\"forminator-row\">\n<div id=\"text-1\" class=\"forminator-field-text forminator-col forminator-col-6 \">\n<div class=\"forminator-field\"><label for=\"forminator-field-text-1_69e737130a68d\" id=\"forminator-field-text-1_69e737130a68d-label\" class=\"forminator-label\">Code du concours <span class=\"forminator-required\">*<\/span><\/label><input type=\"text\" name=\"text-1\" value=\"\" placeholder=\"\" id=\"forminator-field-text-1_69e737130a68d\" class=\"forminator-input forminator-name--field\" data-required=\"1\" aria-describedby=\"forminator-field-text-1_69e737130a68d-description\" \/><span id=\"forminator-field-text-1_69e737130a68d-description\" class=\"forminator-description\">Code de concours fourni par le site visit\u00e9<\/span><\/div>\n<\/div>\n<div id=\"date-1\" class=\"forminator-field-date forminator-col forminator-col-6 \">\n<div class=\"forminator-field\"><label for=\"forminator-field-date-1-picker_69e737130a68d\" id=\"forminator-field-date-1-picker_69e737130a68d-label\" class=\"forminator-label\">Date de la visite <span class=\"forminator-required\">*<\/span><\/label><\/p>\n<div class=\"forminator-input-with-icon\"><span class=\"forminator-icon-calendar\" aria-hidden=\"true\"><\/span><input autocomplete=\"off\" type=\"text\" size=\"1\" name=\"date-1\" value=\"\" placeholder=\"\" id=\"forminator-field-date-1-picker_69e737130a68d\" class=\"forminator-input forminator-datepicker\" data-required=\"1\" data-format=\"yy\/mm\/dd\" data-restrict-type=\"\" data-restrict=\"\" data-start-year=\"1926\" data-end-year=\"2026\" data-past-dates=\"enable\" data-start-of-week=\"1\" data-start-date=\"\" data-end-date=\"2026-04-21\" data-start-field=\"\" data-end-field=\"\" data-start-offset=\"\" data-end-offset=\"\" data-disable-date=\"\" data-disable-range=\"\" \/><\/div>\n<\/div>\n<\/div>\n<\/div>\n<div class=\"forminator-row\">\n<div id=\"text-3\" class=\"forminator-field-text forminator-col forminator-col-12 \">\n<div class=\"forminator-field\"><label for=\"forminator-field-text-3_69e737130a68d\" id=\"forminator-field-text-3_69e737130a68d-label\" class=\"forminator-label\">Nom du mus\u00e9e, du site patrimonial ou de la galerie d&#039;art visit\u00e9s <span class=\"forminator-required\">*<\/span><\/label><input type=\"text\" name=\"text-3\" value=\"\" placeholder=\"\" id=\"forminator-field-text-3_69e737130a68d\" class=\"forminator-input forminator-name--field\" data-required=\"1\" \/><\/div>\n<\/div>\n<\/div>\n<div class=\"forminator-row forminator-hidden\">\n<div id=\"hidden-1\" class=\"forminator-field-hidden  forminator-col-12 \"><input type=\"hidden\" id=\"hidden-1_69e737130a68d\" name=\"hidden-1\" value=\"text-1\" \/><\/div>\n<\/div>\n<p><input type=\"hidden\" name=\"referer_url\" value=\"\" \/><\/p>\n<div class=\"forminator-row forminator-row-last\">\n<div class=\"forminator-col\">\n<div class=\"forminator-field\"><button class=\"forminator-button forminator-button-submit contest-entry-submit\">Participez au tirage hebdomadaire<\/button><\/div>\n<\/div>\n<\/div>\n<p><input type=\"hidden\" id=\"forminator_nonce\" name=\"forminator_nonce\" value=\"7d8b203413\" \/><input type=\"hidden\" name=\"_wp_http_referer\" value=\"\/fr\/wp-json\/wp\/v2\/pages\/11462\" \/><input type=\"hidden\" name=\"form_id\" value=\"11718\"><input type=\"hidden\" name=\"page_id\" value=\"11462\"><input type=\"hidden\" name=\"form_type\" value=\"default\"><input type=\"hidden\" name=\"current_url\" value=\"https:\/\/ahnb-apnb.ca\/fr\/summer-of-history\/\"><input type=\"hidden\" name=\"render_id\" value=\"0\"><input type=\"hidden\" name=\"action\" value=\"forminator_submit_form_custom-forms\"><label for=\"input_9\" class=\"forminator-hidden\" aria-hidden=\"true\">Veuillez ne pas remplir ce champ. <input id=\"input_9\" type=\"text\" name=\"input_9\" value=\"\" autocomplete=\"off\"><\/label><\/form>\n<\/div>\n<p>Bonne chance \u00e0 tous les participants au concours de l&rsquo;\u00c9t\u00e9 de l&rsquo;histoire !<\/p>\n<div class=\"callout-box inverted\">\n<h2><strong>Grand prix : Aventure c\u00f4ti\u00e8re dans la Baie de Fundy<\/strong><\/h2>\n<p>Incluant : l&rsquo;h\u00e9bergement au Fundy Highlands Inn and Chalets, un laissez-passer familial pour le Parc national Fundy, un laissez-passer familial pour le Parc provincial Hopewell Rocks, une aventure en kayak avec Baymount Outdoor Adventures, un forfait d&rsquo;entr\u00e9e et d&rsquo;aventure avec Cap Enrag\u00e9, une carte d&rsquo;essence offerte par la Zone des mus\u00e9es Fundy de Saint John, des cartes-cadeaux offertes par la Guilde de Fundy et une d\u00e9gustation de chocolat pour quatre personnes \u00e0 la chocolaterie LaRou\u00e8re. Valeur : 1 000 $\n<\/p><\/div>\n<div class=\"constrained\">\n<hr \/>\n<\/div>\n<p><strong>L\u2019\u00c9t\u00e9 de l&rsquo;Histoire vous est propos\u00e9 par :<\/strong><\/p>\n<div class=\"sponsors\">\n<div class=\"row stack-on-mobile\" style=\"--row-width: 75%; --gap: 5%;\">\n<div style=\"--grow: .55; --mobile: 60%;\"><a href=\"https:\/\/ahnb-apnb.ca\/fr\/\" target=\"_blank\"><img loading=\"lazy\" decoding=\"async\" class=\"alignnone size-large wp-image-11389\" src=\"https:\/\/ahnb-apnb.ca\/wp-content\/uploads\/2025\/05\/ahnb-fr-1024x433.png\" alt=\"\" width=\"1024\" height=\"433\" srcset=\"https:\/\/ahnb-apnb.ca\/wp-content\/uploads\/2025\/05\/ahnb-fr-1024x433.png 1024w, https:\/\/ahnb-apnb.ca\/wp-content\/uploads\/2025\/05\/ahnb-fr-300x127.png 300w, https:\/\/ahnb-apnb.ca\/wp-content\/uploads\/2025\/05\/ahnb-fr-768x325.png 768w, https:\/\/ahnb-apnb.ca\/wp-content\/uploads\/2025\/05\/ahnb-fr-1536x650.png 1536w, https:\/\/ahnb-apnb.ca\/wp-content\/uploads\/2025\/05\/ahnb-fr-2048x866.png 2048w\" sizes=\"auto, (max-width: 1024px) 100vw, 1024px\" \/><\/a><\/div>\n<div style=\"--grow: 1; --mobile: 90%;\"><a href=\"https:\/\/www.nbm-mnb.ca\/fr\/home\/\" target=\"_blank\"><img loading=\"lazy\" decoding=\"async\" class=\"alignnone size-full wp-image-11397\" src=\"https:\/\/ahnb-apnb.ca\/wp-content\/uploads\/2025\/05\/nbm.png\" alt=\"\" width=\"916\" height=\"260\" srcset=\"https:\/\/ahnb-apnb.ca\/wp-content\/uploads\/2025\/05\/nbm.png 916w, https:\/\/ahnb-apnb.ca\/wp-content\/uploads\/2025\/05\/nbm-300x85.png 300w, https:\/\/ahnb-apnb.ca\/wp-content\/uploads\/2025\/05\/nbm-768x218.png 768w\" sizes=\"auto, (max-width: 916px) 100vw, 916px\" \/><\/a><\/div>\n<div style=\"--grow: .55; --mobile: 60%;\"><a href=\"https:\/\/www.mbsradio.com\/\" target=\"_blank\"><img loading=\"lazy\" decoding=\"async\" src=\"https:\/\/ahnb-apnb.ca\/wp-content\/uploads\/2025\/05\/Artboard-1@4x-1024x296.png\" alt=\"\" width=\"1024\" height=\"296\" class=\"alignnone size-large wp-image-12113\" srcset=\"https:\/\/ahnb-apnb.ca\/wp-content\/uploads\/2025\/05\/Artboard-1@4x-1024x296.png 1024w, https:\/\/ahnb-apnb.ca\/wp-content\/uploads\/2025\/05\/Artboard-1@4x-300x87.png 300w, https:\/\/ahnb-apnb.ca\/wp-content\/uploads\/2025\/05\/Artboard-1@4x-768x222.png 768w, https:\/\/ahnb-apnb.ca\/wp-content\/uploads\/2025\/05\/Artboard-1@4x-1536x444.png 1536w, https:\/\/ahnb-apnb.ca\/wp-content\/uploads\/2025\/05\/Artboard-1@4x.png 1593w\" sizes=\"auto, (max-width: 1024px) 100vw, 1024px\" \/><\/a><\/div>\n<\/div>\n<div class=\"row\" style=\"--row-width: 85%; --gap: 5%;\">\n<div style=\"--grow: .9; --mobile: 75%\";><a href=\"https:\/\/www.gnb.ca\/fr.html\" target=\"_blank\"><img loading=\"lazy\" decoding=\"async\" class=\"alignnone size-medium wp-image-11396\" src=\"https:\/\/ahnb-apnb.ca\/wp-content\/uploads\/2025\/05\/nb-colour-couleur-300x120.png\" alt=\"\" width=\"300\" height=\"120\" srcset=\"https:\/\/ahnb-apnb.ca\/wp-content\/uploads\/2025\/05\/nb-colour-couleur-300x120.png 300w, https:\/\/ahnb-apnb.ca\/wp-content\/uploads\/2025\/05\/nb-colour-couleur.png 376w\" sizes=\"auto, (max-width: 300px) 100vw, 300px\" \/><\/a><\/div>\n<div style=\"--grow: .65; --mobile: 65%;\"><a href=\"https:\/\/fundymuseums.ca\/\" target=\"_blank\"><img loading=\"lazy\" decoding=\"async\" class=\"alignnone size-medium wp-image-11399\" src=\"https:\/\/ahnb-apnb.ca\/wp-content\/uploads\/2025\/05\/sjfhz-300x300.png\" alt=\"\" width=\"300\" height=\"300\" srcset=\"https:\/\/ahnb-apnb.ca\/wp-content\/uploads\/2025\/05\/sjfhz-300x300.png 300w, https:\/\/ahnb-apnb.ca\/wp-content\/uploads\/2025\/05\/sjfhz-150x150.png 150w, https:\/\/ahnb-apnb.ca\/wp-content\/uploads\/2025\/05\/sjfhz-768x768.png 768w, https:\/\/ahnb-apnb.ca\/wp-content\/uploads\/2025\/05\/sjfhz.png 1000w\" sizes=\"auto, (max-width: 300px) 100vw, 300px\" \/><\/a><\/div>\n<div style=\"--grow: .65; --mobile: 55%;\"><a href=\"https:\/\/hampton.ca\/\" target=\"_blank\"><img loading=\"lazy\" decoding=\"async\" class=\"alignnone size-full wp-image-11390\" src=\"https:\/\/ahnb-apnb.ca\/wp-content\/uploads\/2025\/05\/hampton.png\" alt=\"\" width=\"114\" height=\"130\" \/><\/a><\/div>\n<div style=\"--grow: .65; --mobile: 65%;\"><img loading=\"lazy\" decoding=\"async\" src=\"https:\/\/ahnb-apnb.ca\/wp-content\/uploads\/2025\/05\/acadienouvelle.png\" alt=\"\" width=\"585\" height=\"395\" class=\"alignnone size-full wp-image-12053\" srcset=\"https:\/\/ahnb-apnb.ca\/wp-content\/uploads\/2025\/05\/acadienouvelle.png 585w, https:\/\/ahnb-apnb.ca\/wp-content\/uploads\/2025\/05\/acadienouvelle-300x203.png 300w\" sizes=\"auto, (max-width: 585px) 100vw, 585px\" \/><\/div>\n<div style=\"--grow: .75; --mobile: 65%;\"><a href=\"https:\/\/www.mitacs.ca\/fr-ca\/\" target=\"_blank\"><img loading=\"lazy\" decoding=\"async\" class=\"alignnone size-medium wp-image-11394\" src=\"https:\/\/ahnb-apnb.ca\/wp-content\/uploads\/2025\/05\/mitacs-300x51.png\" alt=\"\" width=\"300\" height=\"51\" srcset=\"https:\/\/ahnb-apnb.ca\/wp-content\/uploads\/2025\/05\/mitacs-300x51.png 300w, https:\/\/ahnb-apnb.ca\/wp-content\/uploads\/2025\/05\/mitacs-768x129.png 768w, https:\/\/ahnb-apnb.ca\/wp-content\/uploads\/2025\/05\/mitacs.png 784w\" sizes=\"auto, (max-width: 300px) 100vw, 300px\" \/><\/a><\/div>\n<\/div>\n<div class=\"row\" style=\"--row-width: 100%; --gap: 1%;\">\n<div style=\"--grow: 1.1; --mobile: 70%;\"><a href=\"https:\/\/sites.google.com\/view\/kings-county-museum\/\" target=\"_blank\"><img loading=\"lazy\" decoding=\"async\" class=\"alignnone size-medium wp-image-11391\" src=\"https:\/\/ahnb-apnb.ca\/wp-content\/uploads\/2025\/05\/kchas-300x124.png\" alt=\"\" width=\"300\" height=\"124\" srcset=\"https:\/\/ahnb-apnb.ca\/wp-content\/uploads\/2025\/05\/kchas-300x124.png 300w, https:\/\/ahnb-apnb.ca\/wp-content\/uploads\/2025\/05\/kchas.png 466w\" sizes=\"auto, (max-width: 300px) 100vw, 300px\" \/><\/a><\/div>\n<div style=\"--grow: 1.2; --mobile: 75%;\"><a href=\"https:\/\/www.rfmse.com\/\" target=\"_blank\"><img loading=\"lazy\" decoding=\"async\" class=\"alignnone size-medium wp-image-11398\" src=\"https:\/\/ahnb-apnb.ca\/wp-content\/uploads\/2025\/05\/rfmse-logo-300x300.png\" alt=\"\" width=\"300\" height=\"300\" srcset=\"https:\/\/ahnb-apnb.ca\/wp-content\/uploads\/2025\/05\/rfmse-logo-300x300.png 300w, https:\/\/ahnb-apnb.ca\/wp-content\/uploads\/2025\/05\/rfmse-logo-150x150.png 150w, https:\/\/ahnb-apnb.ca\/wp-content\/uploads\/2025\/05\/rfmse-logo.png 500w\" sizes=\"auto, (max-width: 300px) 100vw, 300px\" \/><\/a><\/div>\n<div style=\"--grow: .9; --mobile: 45%;\"><a href=\"https:\/\/mr21.ca\/fr\/\" target=\"_blank\"><img loading=\"lazy\" decoding=\"async\" class=\"alignnone size-medium wp-image-11395\" src=\"https:\/\/ahnb-apnb.ca\/wp-content\/uploads\/2025\/05\/mr21-167x300.png\" alt=\"\" width=\"167\" height=\"300\" srcset=\"https:\/\/ahnb-apnb.ca\/wp-content\/uploads\/2025\/05\/mr21-167x300.png 167w, https:\/\/ahnb-apnb.ca\/wp-content\/uploads\/2025\/05\/mr21.png 188w\" sizes=\"auto, (max-width: 167px) 100vw, 167px\" \/><\/a><\/div>\n<div style=\"--grow: .9; --mobile: 65%;\"><a href=\"https:\/\/lutzmtnheritage.ca\/\" target=\"_blank\"><img loading=\"lazy\" decoding=\"async\" src=\"https:\/\/ahnb-apnb.ca\/wp-content\/uploads\/2025\/05\/lutz-mountain-heritage-museum-e1748496498222-280x300.png\" alt=\"\" width=\"280\" height=\"300\" class=\"alignnone size-medium wp-image-11393\" srcset=\"https:\/\/ahnb-apnb.ca\/wp-content\/uploads\/2025\/05\/lutz-mountain-heritage-museum-e1748496498222-280x300.png 280w, https:\/\/ahnb-apnb.ca\/wp-content\/uploads\/2025\/05\/lutz-mountain-heritage-museum-e1748496498222.png 549w\" sizes=\"auto, (max-width: 280px) 100vw, 280px\" \/><\/a><\/div>\n<div style=\"--grow: 1.1; --mobile: 85%;\"><a href=\"https:\/\/www.nbsportshalloffame.com\/fr\" target=\"_blank\"><img loading=\"lazy\" decoding=\"async\" class=\"alignnone size-medium wp-image-11421\" src=\"https:\/\/ahnb-apnb.ca\/wp-content\/uploads\/2025\/05\/nbshf-300x221.png\" alt=\"\" width=\"300\" height=\"221\" srcset=\"https:\/\/ahnb-apnb.ca\/wp-content\/uploads\/2025\/05\/nbshf-300x221.png 300w, https:\/\/ahnb-apnb.ca\/wp-content\/uploads\/2025\/05\/nbshf.png 450w\" sizes=\"auto, (max-width: 300px) 100vw, 300px\" \/><\/a><\/div>\n<div style=\"--grow: 1; --mobile: 70%;\"><a href=\"https:\/\/www.kiers.com\/\" target=\"_blank\"><img loading=\"lazy\" decoding=\"async\" src=\"https:\/\/ahnb-apnb.ca\/wp-content\/uploads\/2025\/05\/kiers-logo-800x388-1-300x146.png\" alt=\"\" width=\"300\" height=\"146\" class=\"alignnone size-medium wp-image-12088\" srcset=\"https:\/\/ahnb-apnb.ca\/wp-content\/uploads\/2025\/05\/kiers-logo-800x388-1-300x146.png 300w, https:\/\/ahnb-apnb.ca\/wp-content\/uploads\/2025\/05\/kiers-logo-800x388-1-768x372.png 768w, https:\/\/ahnb-apnb.ca\/wp-content\/uploads\/2025\/05\/kiers-logo-800x388-1.png 800w\" sizes=\"auto, (max-width: 300px) 100vw, 300px\" \/><\/a><\/div>\n<\/div>\n<\/div>\n<div class=\"constrained\">\n<hr \/>\n<\/div>\n<p><strong>Merci \u00e0 nos sponsors de prix :<\/strong><\/p>\n<div class=\"sponsors sponsors-prize\">\n<div class=\"row\" style=\"--row-width: 80%; --gap: 5%;\">\n<div style=\"--grow: .95; --mobile: 55%;\">\n<img loading=\"lazy\" decoding=\"async\" src=\"https:\/\/ahnb-apnb.ca\/wp-content\/uploads\/2025\/05\/cape-enrage-fr-300x86-1.png\" alt=\"\" width=\"300\" height=\"86\" class=\"alignnone size-full wp-image-12060\" \/>\n<\/div>\n<div style=\"--grow: .45; --mobile: 45%;\">\n<img loading=\"lazy\" decoding=\"async\" src=\"https:\/\/ahnb-apnb.ca\/wp-content\/uploads\/2025\/05\/friends-of-fundy-295x300-1.png\" alt=\"\" width=\"295\" height=\"300\" class=\"alignnone size-full wp-image-12061\" \/>\n<\/div>\n<div style=\"--grow: .55; --mobile: 45%;\">\n<img loading=\"lazy\" decoding=\"async\" src=\"https:\/\/ahnb-apnb.ca\/wp-content\/uploads\/2025\/05\/fundy-highlands-253x185-1.png\" alt=\"\" width=\"253\" height=\"185\" class=\"alignnone size-full wp-image-12062\" \/>\n<\/div>\n<div style=\"--grow: .55; --mobile: 45%;\">\n<img loading=\"lazy\" decoding=\"async\" src=\"https:\/\/ahnb-apnb.ca\/wp-content\/uploads\/2025\/05\/hopewell-rocks-provincial-park-298x300-1.png\" alt=\"\" width=\"298\" height=\"300\" class=\"alignnone size-full wp-image-12063\" srcset=\"https:\/\/ahnb-apnb.ca\/wp-content\/uploads\/2025\/05\/hopewell-rocks-provincial-park-298x300-1.png 298w, https:\/\/ahnb-apnb.ca\/wp-content\/uploads\/2025\/05\/hopewell-rocks-provincial-park-298x300-1-150x150.png 150w\" sizes=\"auto, (max-width: 298px) 100vw, 298px\" \/>\n<\/div>\n<div style=\"--grow: .55; --mobile: 45%;\">\n<img loading=\"lazy\" decoding=\"async\" src=\"https:\/\/ahnb-apnb.ca\/wp-content\/uploads\/2025\/05\/kings-landing-300x172-1.png\" alt=\"\" width=\"300\" height=\"172\" class=\"alignnone size-full wp-image-12064\" \/>\n<\/div>\n<\/div>\n<div class=\"row\" style=\"--row-width: 80%; --gap: 5%;\">\n<div style=\"--grow: .55; --mobile: 45%;\">\n<img loading=\"lazy\" decoding=\"async\" src=\"https:\/\/ahnb-apnb.ca\/wp-content\/uploads\/2025\/05\/la-rouere-signature-300x123-1.png\" alt=\"\" width=\"300\" height=\"123\" class=\"alignnone size-full wp-image-12065\" \/>\n<\/div>\n<div style=\"--grow: .65; --mobile: 50%;\">\n<img loading=\"lazy\" decoding=\"async\" src=\"https:\/\/ahnb-apnb.ca\/wp-content\/uploads\/2025\/05\/msenb-300x156-1.png\" alt=\"\" width=\"300\" height=\"156\" class=\"alignnone size-full wp-image-12066\" \/>\n<\/div>\n<div style=\"--grow: .65; --mobile: 50%;\">\n<img loading=\"lazy\" decoding=\"async\" src=\"https:\/\/ahnb-apnb.ca\/wp-content\/uploads\/2025\/05\/poley-mountain-300x130-1.png\" alt=\"\" width=\"300\" height=\"130\" class=\"alignnone size-full wp-image-12067\" \/>\n<\/div>\n<div style=\"--grow: .4; --mobile: 40%;\">\n<img loading=\"lazy\" decoding=\"async\" src=\"https:\/\/ahnb-apnb.ca\/wp-content\/uploads\/2025\/05\/baymount-adventures-202x300-1.png\" alt=\"\" width=\"202\" height=\"300\" class=\"alignnone size-full wp-image-12068\" \/>\n<\/div>\n<div style=\"--grow: .65; --mobile: 50%;\">\n<img loading=\"lazy\" decoding=\"async\" src=\"https:\/\/ahnb-apnb.ca\/wp-content\/uploads\/2025\/05\/broadleaf-ranch-300x105-1.png\" alt=\"\" width=\"300\" height=\"105\" class=\"alignnone size-full wp-image-12069\" \/>\n<\/div>\n<\/div>\n<\/div>\n<p><\/p>","protected":false},"excerpt":{"rendered":"<p>Cette ann\u00e9e, d\u00e9couvrez la richesse et la diversit\u00e9 du patrimoine du Nouveau-Brunswick gr\u00e2ce \u00e0 l&rsquo;\u00ab \u00c9t\u00e9 de l&rsquo;histoire \u00bb ! Saviez-vous que plus de 110 sites patrimoniaux de notre province sont ouverts [&hellip;]<\/p>\n","protected":false},"author":2,"featured_media":0,"parent":0,"menu_order":0,"comment_status":"closed","ping_status":"closed","template":"full-width.php","meta":{"_acf_changed":false,"footnotes":""},"class_list":["post-11462","page","type-page","status-publish","hentry"],"acf":[],"_links":{"self":[{"href":"https:\/\/ahnb-apnb.ca\/fr\/wp-json\/wp\/v2\/pages\/11462","targetHints":{"allow":["GET"]}}],"collection":[{"href":"https:\/\/ahnb-apnb.ca\/fr\/wp-json\/wp\/v2\/pages"}],"about":[{"href":"https:\/\/ahnb-apnb.ca\/fr\/wp-json\/wp\/v2\/types\/page"}],"author":[{"embeddable":true,"href":"https:\/\/ahnb-apnb.ca\/fr\/wp-json\/wp\/v2\/users\/2"}],"replies":[{"embeddable":true,"href":"https:\/\/ahnb-apnb.ca\/fr\/wp-json\/wp\/v2\/comments?post=11462"}],"version-history":[{"count":122,"href":"https:\/\/ahnb-apnb.ca\/fr\/wp-json\/wp\/v2\/pages\/11462\/revisions"}],"predecessor-version":[{"id":12125,"href":"https:\/\/ahnb-apnb.ca\/fr\/wp-json\/wp\/v2\/pages\/11462\/revisions\/12125"}],"wp:attachment":[{"href":"https:\/\/ahnb-apnb.ca\/fr\/wp-json\/wp\/v2\/media?parent=11462"}],"curies":[{"name":"wp","href":"https:\/\/api.w.org\/{rel}","templated":true}]}}