{"id":12,"date":"2013-04-08T13:36:26","date_gmt":"2013-04-08T13:36:26","guid":{"rendered":"https:\/\/ahnb-apnb.ca\/?page_id=12"},"modified":"2026-03-17T09:17:37","modified_gmt":"2026-03-17T12:17:37","slug":"join","status":"publish","type":"page","link":"https:\/\/ahnb-apnb.ca\/fr\/join\/","title":{"rendered":"S&rsquo;associer \u00e0 nous"},"content":{"rendered":"<p><\/p>\n<p style=\"text-align: center;\"><a href=\"https:\/\/ahnb-apnb.ca\/wp-content\/uploads\/2013\/06\/AMNB_logo-FR_COLOUR.png\"><img loading=\"lazy\" decoding=\"async\" class=\"size-full wp-image-2933 alignleft\" src=\"https:\/\/ahnb-apnb.ca\/wp-content\/uploads\/2013\/06\/AMNB_logo-FR_COLOUR.png\" alt=\"amnb_logo-fr_colour\" width=\"190\" height=\"115\" \/><\/a><\/p>\n<p><span style=\"color: #000000;\">L\u2019Association patrimoine Nouveau-Brunswick tient \u00e0 vous remercier de votre appui. Nous sommes emball\u00e9s par les changements qui ont \u00e9t\u00e9 apport\u00e9s \u00e0 notre association au cours des derni\u00e8res ann\u00e9es et nous sommes ravis que vous y ayez contribu\u00e9s.<\/span><\/p>\n<p><span style=\"color: #000000;\">Il est maintenant temps de renouveler votre adh\u00e9sion \u00e0 l\u2019Association. Nous sommes fiers que vous fassiez partie de notre r\u00e9seau form\u00e9 de plus de 200 personnes et institutions de l\u2019ensemble du Nouveau-Brunswick et du Canada. Votre adh\u00e9sion contribue de fa\u00e7on cruciale \u00e0 la croissance continue de l\u2019Association et nous avons confiance que les avantages d\u2019y \u00eatre membre d\u00e9passeront vos attentes. Ces avantages comprennent ce qui suit :<\/span><\/p>\n<ul>\n<li><span style=\"color: #000000;\">Information \u00e0 jour sur les ressources et les services disponibles;<\/span><\/li>\n<li><span style=\"color: #000000;\">Mises \u00e0 jour r\u00e9guli\u00e8res via Alerte;<\/span><\/li>\n<li><span style=\"color: #000000;\">Publication d&rsquo;une liste de mus\u00e9es sur notre site web ; <\/span><\/li>\n<li><span style=\"color: #000000;\">Programmation ZOOM pour les r\u00e9unions d&rsquo;une heure et plus ;<\/span><\/li>\n<li><span style=\"color: #000000;\">Tarif sp\u00e9cial pour la conf\u00e9rence annuelle et l\u2019assembl\u00e9e g\u00e9n\u00e9rale annuelle;<\/span><\/li>\n<li><span style=\"color: #000000;\">Acc\u00e8s libre aux webinaires de formation;<\/span><\/li>\n<li><span style=\"color: #000000;\">Tarif sp\u00e9cial pour l\u2019atelier \u00e0 venir de l\u2019Institut canadien de conservation;<\/span><\/li>\n<li><span style=\"color: #000000;\">Une r\u00e9duction de 30% sur l&rsquo;adh\u00e9sion \u00e0 la Fiducie nationale du Canada (comprenant l\u2019entr\u00e9e gratuite \u00e0 toute installation de la Fiducie au Canada et ailleurs dans le monde).<\/span><\/li>\n<\/ul>\n<p><span style=\"color: #000000;\">Pour informer ses membres, l\u2019APNB se fait \u00e9galement un plaisir de partager des renseignements par l\u2019interm\u00e9diaire de son site Web, du courriel, des m\u00e9dias sociaux et de son bulletin. Si vous souhaitez faire la promotion d\u2019un \u00e9v\u00e9nement ou d\u2019activit\u00e9s institutionnelles, n\u2019h\u00e9sitez pas \u00e0 communiquer en tout temps avec l\u2019APNB par t\u00e9l\u00e9phone ou par courriel. Nous vous encourageons \u00e0 soumettre de brefs articles pour le bulletin, que ce soit pour d\u00e9crire vos r\u00e9alisations ou pour donner une mise \u00e0 jour sur votre institution.<\/span><\/p>\n<p><span style=\"color: #000000;\">L\u2019APNB est fier de vous compter comme membre et se r\u00e9jouit \u00e0 la perspective de demeurer en contact avec vous. Notre ann\u00e9e d&rsquo;adh\u00e9sion commence le 1er janvier et se termine le 31 d\u00e9cembre. Si vous voulez devenir membre de l&rsquo;AHNB, veuillez remplir ce formulaire d&rsquo;adh\u00e9sion et email \u00e0 info@amnb.ca.\u00a0<\/span><\/p>\n<p><a href=\"https:\/\/ahnb-apnb.ca\/wp-content\/uploads\/2024\/05\/French-Membership-Form-Blank-Year-Formulaire-adhesion-a-l-APNB-2024.docx\"><span style=\"color: #0000ff;\">Formulaire d&rsquo;adh\u00e9sion \u00e0 l&rsquo;APNB <span style=\"color: #000000;\">(formulaire t\u00e9l\u00e9chargeable)<\/span><\/span><\/a><\/p>\n<p><a href=\"https:\/\/ahnb-apnb.ca\/member-application-form\/\"><span style=\"color: #0000ff;\"><strong>Le formulaire d&rsquo;adh\u00e9sion <\/strong><strong>en ligne <\/strong><\/span><span style=\"color: #000000;\"><strong>avec options de paiement.<\/strong><\/span><\/a><\/p>\n\n<table id=\"tablepress-74\" class=\"tablepress tablepress-id-74\">\n<thead>\n<tr class=\"row-1\">\n\t<th class=\"column-1\">Cat\u00e9gorie<\/th><th class=\"column-2\">Co\u00fbt annuel<\/th><th class=\"column-3\">Avantages<\/th>\n<\/tr>\n<\/thead>\n<tbody class=\"row-striping row-hover\">\n<tr class=\"row-2\">\n\t<td class=\"column-1\">Individuel<\/td><td class=\"column-2\">$25.00<\/td><td class=\"column-3\">Une personne int\u00e9ress\u00e9e par la pr\u00e9servation et la conservation du patrimoine au Nouveau-Brunswick<\/td>\n<\/tr>\n<tr class=\"row-3\">\n\t<td class=\"column-1\">Institutionnel<\/td><td class=\"column-2\">$35.00<\/td><td class=\"column-3\">Un organisation \u00e0 but non lucratif int\u00e9ress\u00e9 \u00e0 la sauvegarde et \u00e0 la conservation du patrimoine du Nouveau-Brunswick (1 membre votant)<\/td>\n<\/tr>\n<tr class=\"row-4\">\n\t<td class=\"column-1\">Associ\u00e9<\/td><td class=\"column-2\">$20.00<\/td><td class=\"column-3\">Un employ\u00e9 ou un b\u00e9n\u00e9vole d'un \u00e9tablissement membre int\u00e9ress\u00e9 par la pr\u00e9servation et la conservation du patrimoine au Nouveau-Brunswick<\/td>\n<\/tr>\n<tr class=\"row-5\">\n\t<td class=\"column-1\">Organisationnel<\/td><td class=\"column-2\">$50.00<\/td><td class=\"column-3\">Une organisation telle que l\u2019Association des mus\u00e9es canadiens, des organismes gouvernementaux et autres comme l\u2019Institut canadien de conservation et le RCIP<\/td>\n<\/tr>\n<tr class=\"row-6\">\n\t<td class=\"column-1\">Amis du patrimoine<\/td><td class=\"column-2\">$10.00<\/td><td class=\"column-3\">Une personne qui s'int\u00e9resse aux questions de patrimoine dans la province <strong>(sans droit de vote)<\/strong><\/td>\n<\/tr>\n<tr class=\"row-7\">\n\t<td class=\"column-1\">\u00c9tudiant<\/td><td class=\"column-2\">$10.00<\/td><td class=\"column-3\">Un \u00e9tudiant \u00e0 temps plein qui s'int\u00e9resse \u00e0 la pr\u00e9servation et \u00e0 la conservation du patrimoine au Nouveau-Brunswick <strong>(sans droit de vote)<\/strong> <\/td>\n<\/tr>\n<\/tbody>\n<\/table>\n<!-- #tablepress-74 from cache -->\n<ul>\n<li><span style=\"color: #333333;\">ch\u00e8que adress\u00e9 \u00e0 <span style=\"color: #000000;\">Association patrimoine Nouveau-Brunswick &#8211;<\/span>\u00a0503, rue Queen, Fredericton, Nouveau Brunswick E3B 5H1<\/span><\/li>\n<\/ul>\n<p><span style=\"color: #333333;\">Si vous avez besoin d\u2019information suppl\u00e9mentaire communiquez avec nous par courriel, \u00e0 <span style=\"color: #0000ff;\"><a style=\"color: #0000ff;\" href=\"mailto:info@amnb.ca\" target=\"_blank\" rel=\"noopener noreferrer\">info@amnb.ca <\/a><\/span>ou par t\u00e9l\u00e9phone au (<strong>506) 454-3561<\/strong>.\u00a0\u00a0<\/span><\/p>\n<p style=\"text-align: center;\"><span style=\"color: #000000;\"><strong><span style=\"color: #333333;\">Voyez nos<\/span><span style=\"color: #0000ff;\"> <a style=\"color: #0000ff;\" href=\"https:\/\/ahnb-apnb.ca\/benefits\/?lang=fr\">avantages<\/a> <\/span>et devenez membre aujourd\u2019hui!<\/strong><\/span><\/p>\n<p><\/p>","protected":false},"excerpt":{"rendered":"<p>L\u2019Association patrimoine Nouveau-Brunswick tient \u00e0 vous remercier de votre appui. Nous sommes emball\u00e9s par les changements qui ont \u00e9t\u00e9 apport\u00e9s \u00e0 notre association au cours des derni\u00e8res ann\u00e9es et nous sommes ravis [&hellip;]<\/p>\n","protected":false},"author":1,"featured_media":0,"parent":0,"menu_order":0,"comment_status":"closed","ping_status":"open","template":"","meta":{"_acf_changed":false,"footnotes":""},"class_list":["post-12","page","type-page","status-publish","hentry"],"acf":[],"_links":{"self":[{"href":"https:\/\/ahnb-apnb.ca\/fr\/wp-json\/wp\/v2\/pages\/12","targetHints":{"allow":["GET"]}}],"collection":[{"href":"https:\/\/ahnb-apnb.ca\/fr\/wp-json\/wp\/v2\/pages"}],"about":[{"href":"https:\/\/ahnb-apnb.ca\/fr\/wp-json\/wp\/v2\/types\/page"}],"author":[{"embeddable":true,"href":"https:\/\/ahnb-apnb.ca\/fr\/wp-json\/wp\/v2\/users\/1"}],"replies":[{"embeddable":true,"href":"https:\/\/ahnb-apnb.ca\/fr\/wp-json\/wp\/v2\/comments?post=12"}],"version-history":[{"count":108,"href":"https:\/\/ahnb-apnb.ca\/fr\/wp-json\/wp\/v2\/pages\/12\/revisions"}],"predecessor-version":[{"id":9156,"href":"https:\/\/ahnb-apnb.ca\/fr\/wp-json\/wp\/v2\/pages\/12\/revisions\/9156"}],"wp:attachment":[{"href":"https:\/\/ahnb-apnb.ca\/fr\/wp-json\/wp\/v2\/media?parent=12"}],"curies":[{"name":"wp","href":"https:\/\/api.w.org\/{rel}","templated":true}]}}