{"id":15,"date":"2019-05-08T13:37:01","date_gmt":"2019-05-08T13:37:01","guid":{"rendered":"https:\/\/ahnb-apnb.ca\/?page_id=15"},"modified":"2024-09-06T16:27:08","modified_gmt":"2024-09-06T19:27:08","slug":"links","status":"publish","type":"page","link":"https:\/\/ahnb-apnb.ca\/fr\/links\/","title":{"rendered":"Liens connexes"},"content":{"rendered":"<p><span style=\"color: #000000;\">Si vous cherchez une aide qui est plus sp\u00e9cialis\u00e9, des subventions, des expositions virtuelles, etc ou de l\u2019information alors vous voudrez peut-\u00eatre utiliser ces liens. Ils vont vous aider \u00e0 la pr\u00e9servation et \u00e0 la conservation de votre patrimoine unique au Nouveau-Brunswick.<\/span><\/p>\n<p><span style=\"color: #0000ff;\"><a style=\"color: #0000ff;\" href=\"https:\/\/www.canada.ca\/fr\/reseau-information-patrimoine.html\" target=\"_blank\" rel=\"noopener noreferrer\">R\u00e9seau canadien d\u2019information sur le patrimoine<\/a><\/span><\/p>\n<p><span style=\"color: #0000ff;\"><a style=\"color: #0000ff;\" href=\"https:\/\/www.canada.ca\/fr\/patrimoine-canadien.html\" target=\"_blank\" rel=\"noopener noreferrer\">Patrimoine canadien<\/a><\/span><\/p>\n<p><span style=\"color: #0000ff;\"><a style=\"color: #0000ff;\" href=\"https:\/\/www.canada.ca\/fr\/institut-conservation.html\" target=\"_blank\" rel=\"noopener noreferrer\">Institut canadien de conservation<\/a><\/span><\/p>\n<p><span style=\"color: #0000ff;\"><a style=\"color: #0000ff;\" href=\"http:\/\/www.museums.ca\/?language=fr_FR&amp;lang=10\" target=\"_blank\" rel=\"noopener noreferrer\">Association des Mus\u00e9es Canadiens<\/a><\/span><\/p>\n<p><span style=\"color: #0000ff;\"><a style=\"color: #0000ff;\" href=\"https:\/\/www.nbm-mnb.ca\/fr\/\" target=\"_blank\" rel=\"noopener noreferrer\">Mus\u00e9e du Nouveau-Brunswick<\/a><\/span><\/p>\n<p><span style=\"color: #0000ff;\"><a style=\"color: #0000ff;\" href=\"https:\/\/nationaltrustcanada.ca\/fr\" target=\"_blank\" rel=\"noopener noreferrer\">La Fiducie nationale du Canada<\/a><\/span><\/p>\n<p><span style=\"color: #0000ff;\"><a style=\"color: #0000ff;\" href=\"http:\/\/www.canbarchives.ca\/accueil\" target=\"_blank\" rel=\"noopener noreferrer\">Conseil des archives Nouveau-Brunswick<\/a><\/span><\/p>\n<p><a href=\"https:\/\/tianb.com\/a-propos-de-nous\/?lang=fr\"><span style=\"color: #0000ff;\">Association pour la conservation des ponts couverts du Nouveau-Brunswick Inc.<\/span><\/a><\/p>\n<p><span style=\"color: #0000ff;\"><a style=\"color: #0000ff;\" href=\"https:\/\/crrf-fcrr.ca\/fr\/glossaire-de-la-fcrr\/\">Glossaire de la FCRR &#8211; La Fondation canadienne des relations raciales<\/a><\/span><\/p>\n<p><span style=\"color: #0000ff;\"><a style=\"color: #0000ff;\" href=\"https:\/\/cglcc.ca\/?lang=fr\">La Chambre de commerce 2ELGBTQI+ du Canada<\/a><\/span><\/p>\n<p><a href=\"https:\/\/www.canada.ca\/fr\/femmes-egalite-genres\/sois-toi-meme.html\"><span style=\"color: #0000ff;\">Terminologie 2ELGBTQI+ \u2013 Informations importantes<\/span><\/a><\/p>\n<p><span style=\"color: #0000ff;\"><a style=\"color: #0000ff;\" href=\"http:\/\/www2.gnb.ca\/content\/gnb\/fr\/ministeres\/tpc\/patrimoine.html\">Tourisme, Patrimoine et Culture<\/a><\/span><\/p>\n<p><span style=\"color: #0000ff;\"><a style=\"color: #0000ff;\" href=\"https:\/\/tourismenouveaubrunswick.ca\/musees\">Tourisme Nouveau-Brunswick &#8211; Visitez nos Mus\u00e9es<\/a><\/span><\/p>\n<p><span style=\"color: #0000ff;\"><a style=\"color: #0000ff;\" href=\"https:\/\/tianb.com\/?lang=fr\">L\u2019Association de l\u2019industrie touristique du Nouveau-Brunswick<\/a><\/span><\/p>","protected":false},"excerpt":{"rendered":"<p>Si vous cherchez une aide qui est plus sp\u00e9cialis\u00e9, des subventions, des expositions virtuelles, etc ou de l\u2019information alors vous voudrez peut-\u00eatre utiliser ces liens. Ils vont vous aider \u00e0 la pr\u00e9servation [&hellip;]<\/p>\n","protected":false},"author":1,"featured_media":0,"parent":0,"menu_order":0,"comment_status":"closed","ping_status":"open","template":"","meta":{"_acf_changed":false,"footnotes":""},"class_list":["post-15","page","type-page","status-publish","hentry"],"acf":[],"_links":{"self":[{"href":"https:\/\/ahnb-apnb.ca\/fr\/wp-json\/wp\/v2\/pages\/15","targetHints":{"allow":["GET"]}}],"collection":[{"href":"https:\/\/ahnb-apnb.ca\/fr\/wp-json\/wp\/v2\/pages"}],"about":[{"href":"https:\/\/ahnb-apnb.ca\/fr\/wp-json\/wp\/v2\/types\/page"}],"author":[{"embeddable":true,"href":"https:\/\/ahnb-apnb.ca\/fr\/wp-json\/wp\/v2\/users\/1"}],"replies":[{"embeddable":true,"href":"https:\/\/ahnb-apnb.ca\/fr\/wp-json\/wp\/v2\/comments?post=15"}],"version-history":[{"count":45,"href":"https:\/\/ahnb-apnb.ca\/fr\/wp-json\/wp\/v2\/pages\/15\/revisions"}],"predecessor-version":[{"id":10739,"href":"https:\/\/ahnb-apnb.ca\/fr\/wp-json\/wp\/v2\/pages\/15\/revisions\/10739"}],"wp:attachment":[{"href":"https:\/\/ahnb-apnb.ca\/fr\/wp-json\/wp\/v2\/media?parent=15"}],"curies":[{"name":"wp","href":"https:\/\/api.w.org\/{rel}","templated":true}]}}