{"id":16,"date":"2013-04-08T13:37:11","date_gmt":"2013-04-08T13:37:11","guid":{"rendered":"https:\/\/ahnb-apnb.ca\/?page_id=16"},"modified":"2026-03-17T09:17:36","modified_gmt":"2026-03-17T12:17:36","slug":"contact","status":"publish","type":"page","link":"https:\/\/ahnb-apnb.ca\/fr\/contact\/","title":{"rendered":"Contactez-nous"},"content":{"rendered":"<p><span style=\"color: #000000;\">Le bureau de l\u2019 Association Patrimoine Nouveau-Brunswick (APNB) se trouve dans le centre-ville de Fredericton, au Nouveau-Brunswick.\u00a0 Notre bureau est situ\u00e9 dans l\u2019\u00e9difice comm\u00e9moratif John Thurston Clark, \u00e0 c\u00f4t\u00e9 du Temple de la renomm\u00e9e des sports du Nouveau-Brunswick.<\/span><\/p>\n<p><span style=\"color: #000000;\"><strong>Heures de Bureau<\/strong> sont de 9h00 \u00e0 16h30. Si vous avez des questions, des pr\u00e9occupations, des commentaires ou de l\u2019information que vous souhaitez partager avec nous, veuillez nous contacter \u00e0 l&rsquo;adresse suivante:<\/span><\/p>\n<p><span style=\"color: #000000;\">Directrice g\u00e9n\u00e9rale &#8211; Erin Jeffries<\/span><\/p>\n<p><span style=\"color: #000000;\">Courriel: <span style=\"color: #0000ff;\"><a style=\"color: #0000ff;\" href=\"mailto:info@amnb.ca\">info@amnb.ca<\/a><\/span><\/span><\/p>\n<p><span style=\"color: #000000;\">APNB<\/span><br \/>\n<span style=\"color: #000000;\">503, rue Queen, 3\u00e8me \u00e9tage<\/span><br \/>\n<span style=\"color: #000000;\">Fredericton, N-B<\/span><br \/>\n<span style=\"color: #000000;\">E3B 5H1<\/span><br \/>\n<span style=\"color: #000000;\">T\u00e9l\u00e9phone: <strong>506-454-3561<\/strong><\/span><br \/>\n<span style=\"color: #000000;\">Courriel:<span style=\"color: #0000ff;\"> <a style=\"color: #0000ff;\" href=\"mailto:info@amnb.ca\">info@amnb.ca<\/a><\/span><\/span><\/p>\n<p>&nbsp;<\/p>\n<p style=\"text-align: center;\">\u00a0 \u00a0 <strong><span style=\"color: #000000;\">Les laur\u00e9ats du prix l&rsquo;APNB 2023 avec l&rsquo;hon. Tammy Scott-Wallace<br \/>\nministre du Tourisme, du Patrimoine et de la Culture.<\/span><\/strong><\/p>\n<p><a href=\"https:\/\/ahnb-apnb.ca\/wp-content\/uploads\/2023\/11\/Awards-Group--scaled.jpg\" rel=\"attachment wp-att-1816\"><img loading=\"lazy\" decoding=\"async\" class=\"aligncenter wp-image-8716 size-large\" src=\"https:\/\/ahnb-apnb.ca\/wp-content\/uploads\/2023\/11\/Awards-Group--1024x551.jpg\" alt=\"\" width=\"1024\" height=\"551\" srcset=\"https:\/\/ahnb-apnb.ca\/wp-content\/uploads\/2023\/11\/Awards-Group--1024x551.jpg 1024w, https:\/\/ahnb-apnb.ca\/wp-content\/uploads\/2023\/11\/Awards-Group--300x162.jpg 300w, https:\/\/ahnb-apnb.ca\/wp-content\/uploads\/2023\/11\/Awards-Group--768x413.jpg 768w, https:\/\/ahnb-apnb.ca\/wp-content\/uploads\/2023\/11\/Awards-Group--1536x827.jpg 1536w, https:\/\/ahnb-apnb.ca\/wp-content\/uploads\/2023\/11\/Awards-Group--2048x1103.jpg 2048w\" sizes=\"auto, (max-width: 1024px) 100vw, 1024px\" \/><\/a><\/p>\n<p style=\"text-align: center;\"><span style=\"color: #000000; font-size: 16px;\"><strong>Les <span style=\"font-family: georgia, palatino, serif;\">laur\u00e9ats du prix l&rsquo;<a href=\"https:\/\/ahnb-apnb.ca\/present-awards\/?lang=fr\"><span style=\"color: #0000ff;\">APNB 2023 sont disponibles ici&#8230;.<\/span> <\/a><\/span><\/strong><\/span><\/p>\n<p>\u00a0 \u00a0 \u00a0 \u00a0 \u00a0 \u00a0 \u00a0 \u00a0 \u00a0 \u00a0 \u00a0 \u00a0 \u00a0 \u00a0 \u00a0 \u00a0 \u00a0 \u00a0 \u00a0 \u00a0 \u00a0 \u00a0 \u00a0 \u00a0 \u00a0 \u00a0 \u00a0 \u00a0<span style=\"color: #0000ff;\"><a style=\"color: #0000ff;\" href=\"https:\/\/ahnb-apnb.ca\/fr\/past-recipients\/\">R\u00e9cipiendaires pr\u00e9c\u00e9dents<\/a><\/span> <strong>des prix<\/strong><\/p>","protected":false},"excerpt":{"rendered":"<p>Le bureau de l\u2019 Association Patrimoine Nouveau-Brunswick (APNB) se trouve dans le centre-ville de Fredericton, au Nouveau-Brunswick.\u00a0 Notre bureau est situ\u00e9 dans l\u2019\u00e9difice comm\u00e9moratif John Thurston Clark, \u00e0 c\u00f4t\u00e9 du Temple de [&hellip;]<\/p>\n","protected":false},"author":1,"featured_media":0,"parent":0,"menu_order":0,"comment_status":"closed","ping_status":"open","template":"contact.php","meta":{"_acf_changed":false,"footnotes":""},"class_list":["post-16","page","type-page","status-publish","hentry"],"acf":[],"_links":{"self":[{"href":"https:\/\/ahnb-apnb.ca\/fr\/wp-json\/wp\/v2\/pages\/16","targetHints":{"allow":["GET"]}}],"collection":[{"href":"https:\/\/ahnb-apnb.ca\/fr\/wp-json\/wp\/v2\/pages"}],"about":[{"href":"https:\/\/ahnb-apnb.ca\/fr\/wp-json\/wp\/v2\/types\/page"}],"author":[{"embeddable":true,"href":"https:\/\/ahnb-apnb.ca\/fr\/wp-json\/wp\/v2\/users\/1"}],"replies":[{"embeddable":true,"href":"https:\/\/ahnb-apnb.ca\/fr\/wp-json\/wp\/v2\/comments?post=16"}],"version-history":[{"count":87,"href":"https:\/\/ahnb-apnb.ca\/fr\/wp-json\/wp\/v2\/pages\/16\/revisions"}],"predecessor-version":[{"id":11179,"href":"https:\/\/ahnb-apnb.ca\/fr\/wp-json\/wp\/v2\/pages\/16\/revisions\/11179"}],"wp:attachment":[{"href":"https:\/\/ahnb-apnb.ca\/fr\/wp-json\/wp\/v2\/media?parent=16"}],"curies":[{"name":"wp","href":"https:\/\/api.w.org\/{rel}","templated":true}]}}