{"id":161,"date":"2013-05-31T17:47:39","date_gmt":"2013-05-31T17:47:39","guid":{"rendered":"https:\/\/ahnb-apnb.ca\/?page_id=161"},"modified":"2026-03-17T09:17:35","modified_gmt":"2026-03-17T12:17:35","slug":"benefits","status":"publish","type":"page","link":"https:\/\/ahnb-apnb.ca\/fr\/benefits\/","title":{"rendered":"Avantages"},"content":{"rendered":"<p><span style=\"color: #e24500;\"><strong>Il y a de nombreux avantages \u00e0 devenir membre de l&rsquo;APNB, y compris:<\/strong><\/span><\/p>\n<ul>\n<li><span style=\"color: #000000;\">\u00catre \u00e0 jour avec les derni\u00e8res tendances qui influencent les professions culturelles ;<\/span><\/li>\n<li><span style=\"color: #000000;\">Le droit de vote lors de l&rsquo;assembl\u00e9e g\u00e9n\u00e9rale annuelle de l\u2019APNB ;<\/span><\/li>\n<li><span style=\"color: #000000;\">Les possibilit\u00e9s de r\u00e9seautage lors de notre conf\u00e9rence annuelle *(l&rsquo;interpr\u00e9tation et la traduction simultan\u00e9es lors de notre conf\u00e9rence annuelle sont financ\u00e9es en partie par le programme de mise en valeur des langues officielles du minist\u00e8re du Patrimoine canadien ;<\/span><\/li>\n<li><span style=\"color: #000000;\">Le programme de r\u00e9compenses ;<\/span><\/li>\n<li><span style=\"color: #000000;\">Des conseils professionnels, des recommandations et l&rsquo;acc\u00e8s aux ressources locales et r\u00e9gionales ;<\/span><\/li>\n<li><span style=\"color: #000000;\">La repr\u00e9sentation des int\u00e9r\u00eats et des pr\u00e9occupations des membres aupr\u00e8s des gouvernements provinciaux, les associations et le grand public ;<\/span><\/li>\n<li><span style=\"color: #000000;\">Un abonnement \u00e0 notre <i>Alerte (Mises \u00e0 jour de l&rsquo;APNB) ;<\/i><\/span><\/li>\n<li><span style=\"color: #000000;\">Des pr\u00e9sentations par des experts du patrimoine national ;<\/span><\/li>\n<li><span style=\"color: #000000;\">Une page complete sur notre site Web, y compris les coordonn\u00e9es et un lien \u00e0 votre mus\u00e9e ;<\/span><\/li>\n<li><span style=\"color: #000000;\">Publicit\u00e9 supplimentaire de vos \u00e9v\u00e8nements sur notre site web ;<\/span><\/li>\n<li><span style=\"color: #000000;\">Mention sur Facebook ;<\/span><\/li>\n<li><span style=\"color: #000000;\">Programmation ZOOM pour les r\u00e9unions d\u2019une heure et plus ;<\/span><\/li>\n<li><span style=\"color: #000000;\">Vous pouvez choisir de devenir membre avec Fiducie Nationale du Canada<\/span> <span style=\"color: #000000;\">et b\u00e9n\u00e9ficier d&rsquo;une r\u00e9duction de 30 %.<\/span><\/li>\n<\/ul>\n<h4><span style=\"color: #e24500;\">Consultation<\/span><\/h4>\n<p><span style=\"color: #000000;\">Nous sommes privil\u00e9gi\u00e9 d&rsquo;avoir des mus\u00e9es \u00e0 grande \u00e9chelle comme membres qui ont l&rsquo;expertise et le personnel pour aider les petits mus\u00e9es \u00e0 cro\u00eetre et \u00e0 prosp\u00e9rer. En plus, nous avons des experts au sein de notre conseil qui sont dispos\u00e9s et aptes \u00e0 aider les mus\u00e9es et \u00e0 donner de conseils en gestion financi\u00e8re. Notre conseil d\u00e9fendent et repr\u00e9sentent la communaut\u00e9 patrimoniale \u00e0 tous les niveaux de gouvernement.<\/span><\/p>\n<p><span style=\"color: #333333;\">Vous pouvez acheter votre adh\u00e9sion en choisissant l&rsquo;une des options ci-dessous.<\/span><\/p>\n<p><strong><a href=\"https:\/\/ahnb-apnb.ca\/member-application-form\/\"><span style=\"color: #0000ff;\">\u00a0Le form<\/span><span style=\"color: #0000ff;\">u<\/span><span style=\"color: #0000ff;\">laire <\/span><\/a><\/strong><span style=\"color: #000000;\"><strong><a href=\"https:\/\/ahnb-apnb.ca\/member-application-form\/\"><span style=\"color: #0000ff;\">d\u2019adh\u00e9sion en ligne<\/span> avec options de paiement.<\/a><\/strong><\/span><\/p>\n<p><span style=\"color: #333333;\">Si vous avez besoin d\u2019information suppl\u00e9mentaire communiquez avec nous par courriel, \u00e0 <span style=\"color: #0000ff;\"><a style=\"color: #0000ff;\" href=\"mailto:info@amnb.ca\" target=\"_blank\" rel=\"noopener noreferrer\">info@amnb.ca <\/a><\/span>ou par t\u00e9l\u00e9phone au (<strong>506) 454-3561<\/strong>.\u00a0 503, rue Queen, Fredericton, Nouveau Brunswick E3B 5H1<\/span><\/p>","protected":false},"excerpt":{"rendered":"<p>Il y a de nombreux avantages \u00e0 devenir membre de l&rsquo;APNB, y compris: \u00catre \u00e0 jour avec les derni\u00e8res tendances qui influencent les professions culturelles ; Le droit de vote lors de [&hellip;]<\/p>\n","protected":false},"author":1,"featured_media":0,"parent":0,"menu_order":0,"comment_status":"closed","ping_status":"open","template":"","meta":{"_acf_changed":false,"footnotes":""},"class_list":["post-161","page","type-page","status-publish","hentry"],"acf":[],"_links":{"self":[{"href":"https:\/\/ahnb-apnb.ca\/fr\/wp-json\/wp\/v2\/pages\/161","targetHints":{"allow":["GET"]}}],"collection":[{"href":"https:\/\/ahnb-apnb.ca\/fr\/wp-json\/wp\/v2\/pages"}],"about":[{"href":"https:\/\/ahnb-apnb.ca\/fr\/wp-json\/wp\/v2\/types\/page"}],"author":[{"embeddable":true,"href":"https:\/\/ahnb-apnb.ca\/fr\/wp-json\/wp\/v2\/users\/1"}],"replies":[{"embeddable":true,"href":"https:\/\/ahnb-apnb.ca\/fr\/wp-json\/wp\/v2\/comments?post=161"}],"version-history":[{"count":54,"href":"https:\/\/ahnb-apnb.ca\/fr\/wp-json\/wp\/v2\/pages\/161\/revisions"}],"predecessor-version":[{"id":9155,"href":"https:\/\/ahnb-apnb.ca\/fr\/wp-json\/wp\/v2\/pages\/161\/revisions\/9155"}],"wp:attachment":[{"href":"https:\/\/ahnb-apnb.ca\/fr\/wp-json\/wp\/v2\/media?parent=161"}],"curies":[{"name":"wp","href":"https:\/\/api.w.org\/{rel}","templated":true}]}}