{"id":186,"date":"2013-06-05T14:32:13","date_gmt":"2013-06-05T14:32:13","guid":{"rendered":"https:\/\/ahnb-apnb.ca\/?page_id=186"},"modified":"2026-03-17T09:17:37","modified_gmt":"2026-03-17T12:17:37","slug":"forms","status":"publish","type":"page","link":"https:\/\/ahnb-apnb.ca\/fr\/forms\/","title":{"rendered":"Information d&rsquo;adh\u00e9sion"},"content":{"rendered":"<p><span style=\"color: #000000;\"><span style=\"color: #000000;\">L\u2019APNB est fier de vous compter comme membre et se r\u00e9jouit \u00e0 la perspective de demeurer en contact avec vous. Notre ann\u00e9e d&rsquo;adh\u00e9sion commence le 1er janvier et se termine le 31 d\u00e9cembre. Si vous voulez devenir membre de l&rsquo;APNB, veuillez imprimer et remplir ce formulaire d&rsquo;adh\u00e9sion &#8211;<\/span><span style=\"color: #0000ff;\"><a href=\"https:\/\/ahnb-apnb.ca\/wp-content\/uploads\/2024\/05\/French-Membership-Form-Blank-Year-Formulaire-adhesion-a-l-APNB-2024.docx\"> Formulaire d&rsquo;adh\u00e9sion \u00e0 l&rsquo;APNB<\/a>\u00a0 .<\/span> <\/span><\/p>\n<p><a href=\"https:\/\/ahnb-apnb.ca\/member-application-form\/\"><span style=\"color: #0000ff;\"><strong>Le formulaire <\/strong><\/span><span style=\"color: #000080;\"><strong><span style=\"color: #0000ff;\">d&rsquo;adh\u00e9sion en ligne <\/span><\/strong><\/span><strong>avec options de paiement.<\/strong><\/a><\/p>\n<p style=\"text-align: center;\">Adresse de l&rsquo;APNB, 503, rue Queen, Fredericton (N.-B.) E3B 5H1<\/p>\n<p style=\"text-align: center;\"><span style=\"color: #000000;\"><strong>Voyez nos<span style=\"color: #0000ff;\"> <a style=\"color: #0000ff;\" href=\"https:\/\/ahnb-apnb.ca\/benefits\/?lang=fr\">avantages<\/a> <\/span>et devenez membre aujourd\u2019hui!<\/strong><\/span><\/p>\n<p><img loading=\"lazy\" decoding=\"async\" class=\" wp-image-2933 aligncenter\" src=\"https:\/\/ahnb-apnb.ca\/wp-content\/uploads\/2013\/06\/AMNB_logo-FR_COLOUR.png\" alt=\"\" width=\"243\" height=\"147\" \/><\/p>","protected":false},"excerpt":{"rendered":"<p>L\u2019APNB est fier de vous compter comme membre et se r\u00e9jouit \u00e0 la perspective de demeurer en contact avec vous. Notre ann\u00e9e d&rsquo;adh\u00e9sion commence le 1er janvier et se termine le 31 [&hellip;]<\/p>\n","protected":false},"author":1,"featured_media":0,"parent":0,"menu_order":0,"comment_status":"closed","ping_status":"open","template":"","meta":{"_acf_changed":false,"footnotes":""},"class_list":["post-186","page","type-page","status-publish","hentry"],"acf":[],"_links":{"self":[{"href":"https:\/\/ahnb-apnb.ca\/fr\/wp-json\/wp\/v2\/pages\/186","targetHints":{"allow":["GET"]}}],"collection":[{"href":"https:\/\/ahnb-apnb.ca\/fr\/wp-json\/wp\/v2\/pages"}],"about":[{"href":"https:\/\/ahnb-apnb.ca\/fr\/wp-json\/wp\/v2\/types\/page"}],"author":[{"embeddable":true,"href":"https:\/\/ahnb-apnb.ca\/fr\/wp-json\/wp\/v2\/users\/1"}],"replies":[{"embeddable":true,"href":"https:\/\/ahnb-apnb.ca\/fr\/wp-json\/wp\/v2\/comments?post=186"}],"version-history":[{"count":86,"href":"https:\/\/ahnb-apnb.ca\/fr\/wp-json\/wp\/v2\/pages\/186\/revisions"}],"predecessor-version":[{"id":9145,"href":"https:\/\/ahnb-apnb.ca\/fr\/wp-json\/wp\/v2\/pages\/186\/revisions\/9145"}],"wp:attachment":[{"href":"https:\/\/ahnb-apnb.ca\/fr\/wp-json\/wp\/v2\/media?parent=186"}],"curies":[{"name":"wp","href":"https:\/\/api.w.org\/{rel}","templated":true}]}}