{"id":2005,"date":"2015-09-10T13:51:59","date_gmt":"2015-09-10T13:51:59","guid":{"rendered":"https:\/\/ahnb-apnb.ca\/?page_id=2005"},"modified":"2026-03-17T09:17:35","modified_gmt":"2026-03-17T12:17:35","slug":"awards","status":"publish","type":"page","link":"https:\/\/ahnb-apnb.ca\/fr\/awards\/","title":{"rendered":"Prix"},"content":{"rendered":"<p><a href=\"https:\/\/ahnb-apnb.ca\/wp-content\/uploads\/2023\/11\/Jim-Bezanson-2023-Founders-Award.jpg\"><img loading=\"lazy\" decoding=\"async\" class=\"aligncenter wp-image-8714 size-medium\" src=\"https:\/\/ahnb-apnb.ca\/wp-content\/uploads\/2023\/11\/Jim-Bezanson-2023-Founders-Award-294x300.jpg\" alt=\"\" width=\"294\" height=\"300\" srcset=\"https:\/\/ahnb-apnb.ca\/wp-content\/uploads\/2023\/11\/Jim-Bezanson-2023-Founders-Award-294x300.jpg 294w, https:\/\/ahnb-apnb.ca\/wp-content\/uploads\/2023\/11\/Jim-Bezanson-2023-Founders-Award-1002x1024.jpg 1002w, https:\/\/ahnb-apnb.ca\/wp-content\/uploads\/2023\/11\/Jim-Bezanson-2023-Founders-Award-768x785.jpg 768w, https:\/\/ahnb-apnb.ca\/wp-content\/uploads\/2023\/11\/Jim-Bezanson-2023-Founders-Award-1503x1536.jpg 1503w, https:\/\/ahnb-apnb.ca\/wp-content\/uploads\/2023\/11\/Jim-Bezanson-2023-Founders-Award-2004x2048.jpg 2004w\" sizes=\"auto, (max-width: 294px) 100vw, 294px\" \/><\/a><\/p>\n<p style=\"text-align: center;\">Jim Bezanson &#8211; 2023 Prix de Fondation<\/p>\n<p><span style=\"color: #000000;\">L&rsquo;Association du patrimoine du Nouveau-Brunswick se r\u00e9jouit de pouvoir reconnaitre des individus ou des organisations qui ont \u00e9t\u00e9 nomm\u00e9s par leurs pairs chaque ann\u00e9e lors de notre conf\u00e9rence annuelle au cours de l&rsquo;automne.<\/span><\/p>\n<h2><span style=\"color: #e24500;\">Cat\u00e9gories:<\/span><\/h2>\n<p><span style=\"color: #000000;\">Les prix de l\u2019APNB sont distribu\u00e9s dans les quatre cat\u00e9gories suivantes:<\/span><\/p>\n<p><span style=\"color: #000000;\"><strong>1. <span style=\"color: #e24500;\">Prix du quart de si\u00e8cle <\/span><\/strong>\u2014 <em>individuel <\/em>\u2014 d\u00e9cern\u00e9 chaque ann\u00e9e<\/span><br \/>\n<span style=\"color: #000000;\"><strong>2. <span style=\"color: #e24500;\">Prix de m\u00e9rite <\/span><\/strong>\u2013 <em>individuel <\/em>\u2014 d\u00e9cern\u00e9 chaque ann\u00e9e<\/span><br \/>\n<span style=\"color: #000000;\"><strong>3. <span style=\"color: #e24500;\">Prix de distinction <\/span><\/strong>\u2013 <em>dans le cadre de projets d\u2019une organisation <\/em>\u2014 d\u00e9cern\u00e9 chaque ann\u00e9e<\/span><br \/>\n<span style=\"color: #000000;\"><strong>4. <span style=\"color: #e24500;\">Prix de Fondation <\/span><\/strong>\u2014 <em>individual ou d&rsquo;une organisation <\/em>&#8211; \u00e0 la discr\u00e9tion du conseil d&rsquo;administration<\/span><\/p>\n<p><span style=\"color: #000000;\">Pour plus amples information et pour soumettre une application veuillez trouvez notre <span style=\"color: #0000ff;\"><a style=\"color: #0000ff;\" href=\"https:\/\/ahnb-apnb.ca\/nomination-formnomination-de-prix\/?lang=fr\" target=\"_blank\" rel=\"noopener noreferrer\">page des nominations.<\/a><\/span><\/span><\/p>\n<p>&nbsp;<\/p>\n<p>&nbsp;<\/p>","protected":false},"excerpt":{"rendered":"<p>Jim Bezanson &#8211; 2023 Prix de Fondation L&rsquo;Association du patrimoine du Nouveau-Brunswick se r\u00e9jouit de pouvoir reconnaitre des individus ou des organisations qui ont \u00e9t\u00e9 nomm\u00e9s par leurs pairs chaque ann\u00e9e lors [&hellip;]<\/p>\n","protected":false},"author":2,"featured_media":0,"parent":0,"menu_order":0,"comment_status":"closed","ping_status":"open","template":"","meta":{"_acf_changed":false,"footnotes":""},"class_list":["post-2005","page","type-page","status-publish","hentry"],"acf":[],"_links":{"self":[{"href":"https:\/\/ahnb-apnb.ca\/fr\/wp-json\/wp\/v2\/pages\/2005","targetHints":{"allow":["GET"]}}],"collection":[{"href":"https:\/\/ahnb-apnb.ca\/fr\/wp-json\/wp\/v2\/pages"}],"about":[{"href":"https:\/\/ahnb-apnb.ca\/fr\/wp-json\/wp\/v2\/types\/page"}],"author":[{"embeddable":true,"href":"https:\/\/ahnb-apnb.ca\/fr\/wp-json\/wp\/v2\/users\/2"}],"replies":[{"embeddable":true,"href":"https:\/\/ahnb-apnb.ca\/fr\/wp-json\/wp\/v2\/comments?post=2005"}],"version-history":[{"count":40,"href":"https:\/\/ahnb-apnb.ca\/fr\/wp-json\/wp\/v2\/pages\/2005\/revisions"}],"predecessor-version":[{"id":10804,"href":"https:\/\/ahnb-apnb.ca\/fr\/wp-json\/wp\/v2\/pages\/2005\/revisions\/10804"}],"wp:attachment":[{"href":"https:\/\/ahnb-apnb.ca\/fr\/wp-json\/wp\/v2\/media?parent=2005"}],"curies":[{"name":"wp","href":"https:\/\/api.w.org\/{rel}","templated":true}]}}