{"id":2009,"date":"2015-09-10T14:18:33","date_gmt":"2015-09-10T14:18:33","guid":{"rendered":"https:\/\/ahnb-apnb.ca\/?page_id=2009"},"modified":"2025-08-29T15:38:44","modified_gmt":"2025-08-29T18:38:44","slug":"nomination-formnomination-de-prix","status":"publish","type":"page","link":"https:\/\/ahnb-apnb.ca\/fr\/nomination-formnomination-de-prix\/","title":{"rendered":"Nominations"},"content":{"rendered":"<p><!--fr--><span style=\"color: #000000;\">L\u2019Association Patrimoine Nouveau-Brunswick (APNB) <span style=\"color: #0000ff;\"><a style=\"color: #0000ff;\" href=\"https:\/\/ahnb-apnb.ca\/nomination-form\/\" target=\"_blank\" rel=\"noopener noreferrer\">demande des nominations<\/a> <\/span>d\u2019individus m\u00e9ritants pour les prix annuels par l\u2019entremise du comit\u00e9 de remise des prix.<\/span><\/p>\n<p><span style=\"color: #000000;\">Les mises en candidature doivent \u00eatre soumises par un membre de l\u2019APNB.<\/span><\/p>\n<p><span style=\"color: #000000;\">La date limite pour la r\u00e9ception des candidatures: <strong>10 octobre 2025.<\/strong><\/span><\/p>\n<p><span style=\"color: #000000;\">Les prix seront d\u00e9cern\u00e9s lors de la conf\u00e9rence annuelle de l&rsquo;APNB. Un maximum de 2 r\u00e9cipiendaires par cat\u00e9gories de prix sera s\u00e9lectionn\u00e9 par ann\u00e9e par le comit\u00e9 des prix.<\/span><\/p>\n<p style=\"text-align: left;\"><span style=\"color: #000000;\">Les soumissions faites par poste ou par courriel sont \u00e9ligible:<\/span><\/p>\n<p style=\"text-align: center;\"><span style=\"color: #000000;\">Association Patrimoine Nouveau-Brunswick<\/span><br \/>\n<span style=\"color: #000000;\">Comit\u00e9 remise des prix<\/span><br \/>\n<span style=\"color: #000000;\">503, rue Queen<\/span><br \/>\n<span style=\"color: #000000;\">3\u00e8me \u00e9tage, Fredericton, (N.-B.) E3B 5H1<\/span><br \/>\n<span style=\"color: #000000;\">Courriel : <span style=\"color: #0000ff;\"><a style=\"color: #0000ff;\" href=\"mailto:info@amnb.ca\">info@amnb.ca<\/a><\/span><\/span><\/p>\n<h2><span style=\"color: #e24500;\"><strong>Cat\u00e9gories: <\/strong><\/span><\/h2>\n<p><span style=\"color: #000000;\">Les prix de l\u2019APNB sont distribu\u00e9s dans les quatre cat\u00e9gories suivantes :<\/span><\/p>\n<ol>\n<li><span style=\"color: #000000;\"><em><em> Prix \u200b\u200bdu quart de si\u00e8cle \u2014 individuel\u00a0<\/em><\/em><\/span><\/li>\n<li><span style=\"color: #000000;\"><em><em>Prix \u200b\u200bde m\u00e9rite \u2013 individuel\u00a0<\/em><\/em><\/span><\/li>\n<li><span style=\"color: #000000;\"><em><em>Prix \u200b\u200bde distinction \u2013 dans le cadre de projets d\u2019une organisation\u00a0<\/em><\/em><\/span><\/li>\n<li><span style=\"color: #000000;\"><em><em>Prix de Fondation \u2014 individuel ou d\u2019une organisation \u00e0 la discr\u00e9tion du conseil d&rsquo;administration\u00a0 \u00a0 \u00a0 \u00a0 \u00a0 \u00a0 \u00a0 \u00a0 \u00a0 \u00a0 \u00a0 \u00a0 \u00a0 \u00a0 \u00a0 \u00a0 \u00a0 \u00a0 \u00a0 \u00a0 \u00a0 \u00a0 \u00a0 \u00a0 \u00a0 \u00a0 \u00a0 \u00a0 \u00a0 \u00a0 \u00a0 \u00a0 \u00a0 \u00a0 \u00a0 \u00a0 \u00a0 \u00a0 \u00a0 \u00a0 \u00a0 \u00a0 \u00a0 \u00a0 \u00a0 \u00a0 \u00a0 \u00a0 \u00a0 \u00a0 \u00a0 \u00a0 \u00a0 \u00a0 \u00a0 \u00a0 \u00a0 \u00a0 \u00a0 \u00a0 \u00a0<\/em><\/em><\/span><\/li>\n<\/ol>\n<h2><span style=\"color: #e24500;\">Prix du quart de si\u00e8cle<\/span><\/h2>\n<ul>\n<li><span style=\"color: #000000;\">D\u00e9cern\u00e9 \u00e0 un b\u00e9n\u00e9vole pour un service \u00e0 long terme de qualit\u00e9 exceptionnelle envers la communaut\u00e9 du patrimoine.<\/span><\/li>\n<li><span style=\"color: #000000;\">Le APNB souhaite rendre hommage aux b\u00e9n\u00e9voles ayant 25 ans ou plus de service; cela m\u00e9rite une reconnaissance particuli\u00e8re.<\/span><\/li>\n<li><span style=\"color: #000000;\">N.B. Les professionnels du patrimoine qui ont rendu des services b\u00e9n\u00e9voles sont admissibles \u00e0 ce prix<\/span><\/li>\n<\/ul>\n<h2><span style=\"color: #e24500;\">Prix de m\u00e9rite<\/span><\/h2>\n<ul>\n<li><span style=\"color: #000000;\">D\u00e9cern\u00e9 pour une contribution exceptionnelle dans le domaine du patrimoine.<\/span><\/li>\n<li><span style=\"color: #000000;\">L\u2019APNB tient \u00e0 remercier une contribution individuelle qui n\u2019implique pas n\u00e9cessairement un service \u00e0 long terme, n\u00e9anmoins m\u00e9rite une reconnaissance particuli\u00e8re. (C.-\u00e0-d. le prix peut \u00eatre accord\u00e9 \u00e0 un individu dont les id\u00e9es originales, la recherche et les r\u00e9sultats de pr\u00e9sentation ont men\u00e9 \u00e0 l&rsquo;ach\u00e8vement d&rsquo;un projet d\u00e9termin\u00e9). Les organisations ne sont pas admissibles pour le Prix de m\u00e9rite.<\/span><\/li>\n<\/ul>\n<h2><span style=\"color: #e24500;\">Prix de distinction (organisation)<\/span><\/h2>\n<ul>\n<li><span style=\"color: #000000;\">Pour les r\u00e9alisations exceptionnelles par une organisation membre de l&rsquo;APNB.\u00a0 Par exemple : la r\u00e9ussite d&rsquo;un projet ambitieux, une contribution \u00e0 long terme ou le projet de restauration du patrimoine ou le renouvellement d\u2019une exposition.<\/span><\/li>\n<li><span style=\"color: #000000;\">L\u2019APNB souhaite reconna\u00eetre la contribution des organisations membres qui ont apport\u00e9 une contribution significative \u00e0 la pr\u00e9servation du patrimoine dans la province du Nouveau-Brunswick.<\/span><\/li>\n<\/ul>\n<h2><span style=\"color: #e24500;\">Prix de fondation<\/span><\/h2>\n<ul>\n<li><span style=\"color: #000000;\">D\u00e9cern\u00e9 selon la discr\u00e9tion du conseil d&rsquo;administration \u00e0 un individu ou d\u2019une organisation pour une contribution exceptionnelle envers la population du Nouveau-Brunswick.<\/span><\/li>\n<li><span style=\"color: #000000;\">Le conseil d&rsquo;administration de l&rsquo;APNB peut, de temps \u00e0 autre, d\u00e9cider de reconna\u00eetre une seule ou une s\u00e9rie de contributions exceptionnelles d&rsquo;un individu ou d\u2019une organisation envers leur communaut\u00e9 ou \u00e0 la province dans son ensemble avec la pr\u00e9sentation du Prix de fondation.<\/span><\/li>\n<li><span style=\"color: #000000;\">Le Prix de fondation ne se limite pas aux membres de l&rsquo;APNB. Le prix peut \u00eatre d\u00e9cern\u00e9 \u00e0 une personne ou une organisation, soit b\u00e9n\u00e9vole ou professionnelle. Le Prix de fondation ne sera pas n\u00e9cessairement remis chaque ann\u00e9e.<\/span><\/li>\n<\/ul>\n<p><span style=\"color: #e24500;\"><strong>Pour toute ann\u00e9e, \u00e0 la discr\u00e9tion du comit\u00e9 de remise des prix, aucun prix ne peut \u00eatre attribu\u00e9 dans une ou toutes les cat\u00e9gories de prix.\u00a0<\/strong><\/span><\/p>\n<p><span style=\"color: #0000ff;\"><a style=\"color: #0000ff;\" href=\"https:\/\/ahnb-apnb.ca\/nomination-form\/\" target=\"_blank\" rel=\"noopener noreferrer\">Formulaire de nomination<\/a><\/span><\/p>\n<p><span style=\"color: #0000ff;\"><a style=\"color: #0000ff;\" href=\"https:\/\/ahnb-apnb.ca\/past-recipients\/?lang=fr\" target=\"_blank\" rel=\"noopener noreferrer\">Liste des r\u00e9cipiendaires pr\u00e9c\u00e9dents<\/a><\/span><\/p>","protected":false},"excerpt":{"rendered":"<p>L\u2019Association Patrimoine Nouveau-Brunswick (APNB) demande des nominations d\u2019individus m\u00e9ritants pour les prix annuels par l\u2019entremise du comit\u00e9 de remise des prix. Les mises en candidature doivent \u00eatre soumises par un membre de [&hellip;]<\/p>\n","protected":false},"author":2,"featured_media":0,"parent":0,"menu_order":0,"comment_status":"open","ping_status":"open","template":"","meta":{"_acf_changed":false,"footnotes":""},"class_list":["post-2009","page","type-page","status-publish","hentry"],"acf":[],"_links":{"self":[{"href":"https:\/\/ahnb-apnb.ca\/fr\/wp-json\/wp\/v2\/pages\/2009","targetHints":{"allow":["GET"]}}],"collection":[{"href":"https:\/\/ahnb-apnb.ca\/fr\/wp-json\/wp\/v2\/pages"}],"about":[{"href":"https:\/\/ahnb-apnb.ca\/fr\/wp-json\/wp\/v2\/types\/page"}],"author":[{"embeddable":true,"href":"https:\/\/ahnb-apnb.ca\/fr\/wp-json\/wp\/v2\/users\/2"}],"replies":[{"embeddable":true,"href":"https:\/\/ahnb-apnb.ca\/fr\/wp-json\/wp\/v2\/comments?post=2009"}],"version-history":[{"count":76,"href":"https:\/\/ahnb-apnb.ca\/fr\/wp-json\/wp\/v2\/pages\/2009\/revisions"}],"predecessor-version":[{"id":12224,"href":"https:\/\/ahnb-apnb.ca\/fr\/wp-json\/wp\/v2\/pages\/2009\/revisions\/12224"}],"wp:attachment":[{"href":"https:\/\/ahnb-apnb.ca\/fr\/wp-json\/wp\/v2\/media?parent=2009"}],"curies":[{"name":"wp","href":"https:\/\/api.w.org\/{rel}","templated":true}]}}