{"id":2239,"date":"2016-01-28T19:55:10","date_gmt":"2016-01-28T19:55:10","guid":{"rendered":"https:\/\/ahnb-apnb.ca\/?page_id=2239"},"modified":"2026-03-17T09:17:37","modified_gmt":"2026-03-17T12:17:37","slug":"national-trust-canada","status":"publish","type":"page","link":"https:\/\/ahnb-apnb.ca\/fr\/national-trust-canada\/","title":{"rendered":"La Fiducie national du Canada"},"content":{"rendered":"<p><strong><span style=\"color: #e24500;\">La Fiducie nationale du Canada<\/span><\/strong>\u00a0&#8211;\u00a0<span style=\"color: #0000ff;\"><a style=\"color: #0000ff;\" href=\"http:\/\/www.fiducienationalecanada.ca\/\" target=\"_blank\" rel=\"noopener noreferrer\">http:\/\/www.fiducienationalecanada.ca\/<\/a><\/span><\/p>\n<p>La Fiducie nationale du Canada est un organisme de bienfaisance national et ind\u00e9pendant qui donne aux collectivit\u00e9s les moyens d\u2019agir pour sauver et renouveler des lieux du patrimoine.<\/p>\n<p>Les lieux historiques sont des atouts vitaux de collectivit\u00e9s r\u00e9silientes, diversifi\u00e9es et durables : qu\u2019on pense aux phares et aux \u00e9coles historiques, aux paysages ruraux, aux lieux du patrimoine autochtone, aux lieux de culte, aux maisons et quartiers anciens ou aux immeubles et \u00e0 l\u2019animation d\u2019une rue principale.<\/p>\n<p>Nous travaillons avec des partenaires, des donateurs et des bailleurs de fonds afin que les lieux du patrimoine jouent leur r\u00f4le comme pierres angulaires de l\u2019action climatique et de la coh\u00e9sion sociale, et nous suscitons d\u2019importantes conversations au sujet du Canada aux lieux que nos membres visitent et d\u00e9couvrent.<\/p>\n<p>L&rsquo;organisation propose des ressources sur <a href=\"https:\/\/regenerationworks.ca\/fr\/ressources\/sources-de-financement\/\" target=\"_blank\" rel=\"noopener\">les sources de financement<\/a>.<\/p>\n<blockquote class=\"wp-embedded-content\" data-secret=\"V5bmasw8S1\"><p><a href=\"https:\/\/nationaltrustcanada.ca\/fr\/ce-que-vous-pouvez-faire\/advocacy-action\">Action citoyenne<\/a><\/p><\/blockquote>\n<p><iframe loading=\"lazy\" class=\"wp-embedded-content\" sandbox=\"allow-scripts\" security=\"restricted\" style=\"position: absolute; clip: rect(1px, 1px, 1px, 1px);\" title=\"\u00ab\u00a0Action citoyenne\u00a0\u00bb &#8212; Fiducie nationale du Canada\" src=\"https:\/\/nationaltrustcanada.ca\/fr\/ce-que-vous-pouvez-faire\/advocacy-action\/embed#?secret=6NyHhuoMh3#?secret=V5bmasw8S1\" data-secret=\"V5bmasw8S1\" width=\"500\" height=\"282\" frameborder=\"0\" marginwidth=\"0\" marginheight=\"0\" scrolling=\"no\"><\/iframe><\/p>\n<p>Pour aider l&rsquo;APNB et le NTOC dans cette entreprise, une trousse d\u2019outils a \u00e9t\u00e9 fournie ici :<\/p>\n<blockquote class=\"wp-embedded-content\" data-secret=\"jRY2b5ga6V\"><p><a href=\"https:\/\/nationaltrustcanada.ca\/fr\/ce-que-vous-pouvez-faire\/advocacy-action\/la-trousse-doutils-daction-citoyenne\">La trousse d\u2019outils d\u2019action citoyenne<\/a><\/p><\/blockquote>\n<p><iframe loading=\"lazy\" class=\"wp-embedded-content\" sandbox=\"allow-scripts\" security=\"restricted\" style=\"position: absolute; clip: rect(1px, 1px, 1px, 1px);\" title=\"\u00ab\u00a0La trousse d\u2019outils d\u2019action citoyenne\u00a0\u00bb &#8212; Fiducie nationale du Canada\" src=\"https:\/\/nationaltrustcanada.ca\/fr\/ce-que-vous-pouvez-faire\/advocacy-action\/la-trousse-doutils-daction-citoyenne\/embed#?secret=0obQLSozUb#?secret=jRY2b5ga6V\" data-secret=\"jRY2b5ga6V\" width=\"500\" height=\"282\" frameborder=\"0\" marginwidth=\"0\" marginheight=\"0\" scrolling=\"no\"><\/iframe><\/p>\n<p>&nbsp;<\/p>","protected":false},"excerpt":{"rendered":"<p>La Fiducie nationale du Canada\u00a0&#8211;\u00a0http:\/\/www.fiducienationalecanada.ca\/ La Fiducie nationale du Canada est un organisme de bienfaisance national et ind\u00e9pendant qui donne aux collectivit\u00e9s les moyens d\u2019agir pour sauver et renouveler des lieux du [&hellip;]<\/p>\n","protected":false},"author":2,"featured_media":0,"parent":0,"menu_order":0,"comment_status":"closed","ping_status":"closed","template":"","meta":{"_acf_changed":false,"footnotes":""},"class_list":["post-2239","page","type-page","status-publish","hentry"],"acf":[],"_links":{"self":[{"href":"https:\/\/ahnb-apnb.ca\/fr\/wp-json\/wp\/v2\/pages\/2239","targetHints":{"allow":["GET"]}}],"collection":[{"href":"https:\/\/ahnb-apnb.ca\/fr\/wp-json\/wp\/v2\/pages"}],"about":[{"href":"https:\/\/ahnb-apnb.ca\/fr\/wp-json\/wp\/v2\/types\/page"}],"author":[{"embeddable":true,"href":"https:\/\/ahnb-apnb.ca\/fr\/wp-json\/wp\/v2\/users\/2"}],"replies":[{"embeddable":true,"href":"https:\/\/ahnb-apnb.ca\/fr\/wp-json\/wp\/v2\/comments?post=2239"}],"version-history":[{"count":31,"href":"https:\/\/ahnb-apnb.ca\/fr\/wp-json\/wp\/v2\/pages\/2239\/revisions"}],"predecessor-version":[{"id":10116,"href":"https:\/\/ahnb-apnb.ca\/fr\/wp-json\/wp\/v2\/pages\/2239\/revisions\/10116"}],"wp:attachment":[{"href":"https:\/\/ahnb-apnb.ca\/fr\/wp-json\/wp\/v2\/media?parent=2239"}],"curies":[{"name":"wp","href":"https:\/\/api.w.org\/{rel}","templated":true}]}}