{"id":2506,"date":"2016-03-02T19:51:59","date_gmt":"2016-03-02T19:51:59","guid":{"rendered":"https:\/\/ahnb-apnb.ca\/?page_id=2506"},"modified":"2026-03-17T09:17:35","modified_gmt":"2026-03-17T12:17:35","slug":"conference-locations","status":"publish","type":"page","link":"https:\/\/ahnb-apnb.ca\/fr\/conference-locations\/","title":{"rendered":"Conf\u00e9rences annuelles et r\u00e9unions (1974-2024)"},"content":{"rendered":"<p><span style=\"color: #000000;\">1974\u00a0 Conf\u00e9rence sur catalogage, Mus\u00e9es Nouveau-Brunswick, <span style=\"color: #e24500;\"><strong>Saint John<\/strong><\/span> (24-26 mai)<\/span><\/p>\n<p><span style=\"color: #000000;\">Rencontre fondatrice: Assembl\u00e9e legislative, <span style=\"color: #e24500;\"><strong>Fredericton<\/strong><\/span> (5 oct)<\/span><\/p>\n<p><span style=\"color: #000000;\">1975 \u00a0L&rsquo;institut de Memramcook, <span style=\"color: #e24500;\"><strong>St. Joseph<\/strong><\/span> (octobre)<\/span><\/p>\n<p><span style=\"color: #000000;\">1976\u00a0 Village historique Acadien, <span style=\"color: #e24500;\"><strong>Caraquet<\/strong><\/span> (octobre)<\/span><\/p>\n<p><span style=\"color: #000000;\">1977\u00a0 Wandlyn Hotel, <span style=\"color: #e24500;\"><strong>Fredericton<\/strong><\/span> (septembre)<\/span><\/p>\n<p><span style=\"color: #000000;\">1978\u00a0 Colonial Inn, <span style=\"color: #e24500;\"><strong>Saint John<\/strong><\/span> (septembre)<\/span><\/p>\n<p><span style=\"color: #000000;\">1979 \u00a0Mus\u00e9e de Madawaska, <span style=\"color: #e24500;\"><strong>Edmundston<\/strong><\/span> (octobre)<\/span><\/p>\n<p><span style=\"color: #000000;\">1980\u00a0 Owens Art Gallery, <span style=\"color: #e24500;\"><strong>Sackville<\/strong><\/span> (septembre)<\/span><\/p>\n<p><span style=\"color: #000000;\">1981\u00a0 Universit\u00e9 de Moncton, <span style=\"color: #e24500;\"><strong>Moncton<\/strong><\/span> (mai)<\/span><\/p>\n<p><span style=\"color: #000000;\">1982\u00a0 <span style=\"color: #e24500;\"><strong>St-Stephen<\/strong><\/span> (avril)<\/span><\/p>\n<p><span style=\"color: #000000;\">1983\u00a0<span style=\"color: #e24500;\"> <strong>Chatham-Newcastle<\/strong><\/span> (mai)<\/span><\/p>\n<p><span style=\"color: #000000;\">1984\u00a0 <span style=\"color: #e24500;\"><strong>Fredericton<\/strong><\/span> (mai)<\/span><\/p>\n<p><span style=\"color: #000000;\">1985\u00a0 <span style=\"color: #e24500;\"><strong>Saint John<\/strong><\/span> (octobre)<\/span><\/p>\n<p><span style=\"color: #000000;\">1986\u00a0 Village historique Acadien, <span style=\"color: #e24500;\"><strong>Caraquet<\/strong><\/span> (mai)<\/span><\/p>\n<p><span style=\"color: #000000;\">1987\u00a0 Central New Brunswick Woodsmen s museum, <span style=\"color: #e24500;\"><strong>Boiestown<\/strong> <\/span>(mai)<\/span><\/p>\n<p><span style=\"color: #000000;\">1988 \u00a0Village Kings Landing Historical Settlement,<span style=\"color: #e24500;\"> <strong>Fredericton<\/strong><\/span> (septembre)<\/span><\/p>\n<p><span style=\"color: #000000;\">1989\u00a0 All Saints Church, <span style=\"color: #e24500;\"><strong>Clifton<\/strong><\/span> (28-30 septembre)<\/span><\/p>\n<p><span style=\"color: #000000;\">1990\u00a0 Restaurant Judson Restaurant, <span style=\"color: #e24500;\"><strong>Moncton<\/strong><\/span> (septembre)<\/span><\/p>\n<p><span style=\"color: #000000;\">1991\u00a0 Atlantic Host, <span style=\"color: #e24500;\"><strong>Bathurst<\/strong><\/span> (septembre)<\/span><\/p>\n<p><span style=\"color: #000000;\">1992 B\u00e2timent municipal,\u00a0<span style=\"color: #e24500;\"><strong>Florenceville<\/strong><\/span> (juin)<\/span><\/p>\n<p><span style=\"color: #000000;\">1993\u00a0 Wu-Conference Center, <span style=\"color: #e24500;\"><strong>Fredericton<\/strong><\/span> (septembre)<\/span><\/p>\n<p><span style=\"color: #000000;\">1994\u00a0\u00a0 Universit\u00e9 de Moncton, <span style=\"color: #e24500;\"><strong>Moncton<\/strong><\/span> (septembre)<\/span><\/p>\n<p><span style=\"color: #000000;\">1995\u00a0 Manoir Adelaide, <span style=\"color: #e24500;\"><strong>Dalhousie<\/strong><\/span> (octobre)<\/span><\/p>\n<p><span style=\"color: #000000;\">1996\u00a0 Hotel Delta, <span style=\"color: #e24500;\"><strong>Saint John<\/strong><\/span> (octobre)<\/span><\/p>\n<p><span style=\"color: #000000;\">1997\u00a0 Howard Johnson&rsquo;s Hotel, <span style=\"color: #e24500;\"><strong>Edmundston<\/strong><\/span> (octobre)<\/span><\/p>\n<p><span style=\"color: #000000;\">1998\u00a0 Algonquin Resort Hotel, <span style=\"color: #e24500;\"><strong>St. Andrews<\/strong><\/span> (octobre)<\/span><\/p>\n<p><span style=\"color: #000000;\">1999\u00a0 Lord Beaverbrook Hotel, <span style=\"color: #e24500;\"><strong>Fredericton<\/strong><\/span> (octobre)<\/span><\/p>\n<p><span style=\"color: #000000;\">2000\u00a0 L&rsquo;institut de Memramcook, <span style=\"color: #e24500;\"><strong>Memramcook<\/strong><\/span> (27 &amp; 28 octobre)<\/span><\/p>\n<p><span style=\"color: #000000;\">2001\u00a0 Manoir Adelaide, <span style=\"color: #e24500;\"><strong>Dalhousie<\/strong><\/span> (12 &amp; 13 octobre)<\/span><\/p>\n<p><span style=\"color: #000000;\">2002\u00a0 Delta Hotel &amp; Convention, <span style=\"color: #e24500;\"><strong>Saint John<\/strong><\/span> (16 &amp; 18 octobre)<\/span><\/p>\n<p><span style=\"color: #000000;\">2003 \u00a0Village historique acadien, <span style=\"color: #e24500;\"><strong>Caraquet<\/strong><\/span>, (17 &amp; 18 octobre)<\/span><\/p>\n<p><span style=\"color: #000000;\">2004\u00a0 Atlantic Salmon Museum, <span style=\"color: #e24500;\"><strong>Doaktown<\/strong><\/span> (23 octobre)<\/span><\/p>\n<p><span style=\"color: #000000;\">2005\u00a0 Mus\u00e9e acadien de l&rsquo;Universit\u00e9 de Moncton, <span style=\"color: #e24500;\"><strong>Moncton<\/strong> <\/span>(24 novembre)<\/span><\/p>\n<p><span style=\"color: #000000;\">2006\u00a0 Fairmont Algonquin Hotel, <span style=\"color: #e24500;\"><strong>St. Andrews<\/strong><\/span> (12 &amp; 13 octobre)<\/span><\/p>\n<p><span style=\"color: #000000;\">2007\u00a0 Chateau Edmundston, <span style=\"color: #e24500;\"><strong>Edmundston<\/strong><\/span> (18-20 octobre)<\/span><\/p>\n<p><span style=\"color: #000000;\">2008\u00a0 Days Inn, <span style=\"color: #e24500;\"><strong>Bathurst<\/strong> <\/span>(23-25 octobre)<\/span><\/p>\n<p><span style=\"color: #000000;\">2009\u00a0 Fredericton Inn, <span style=\"color: #e24500;\"><strong>Fredericton<\/strong><\/span> (22-24 octobre)<\/span><\/p>\n<p><span style=\"color: #000000;\">2010\u00a0 Fort Howe Hotel, <span style=\"color: #e24500;\"><strong>Saint John<\/strong><\/span> (14-16 octobre)<\/span><\/p>\n<p><span style=\"color: #000000;\">2011\u00a0 Crowne Plaza Hotel, <span style=\"color: #e24500;\"><strong>Moncton<\/strong><\/span> (13-15 octobre)<\/span><\/p>\n<p><span style=\"color: #000000;\">2012\u00a0 Village historique acadien, <span style=\"color: #e24500;\"><strong>Caraquet<\/strong><\/span> (11-13 octobre)<\/span><\/p>\n<p><span style=\"color: #000000;\">2013\u00a0 Best Western Hotel, <span style=\"color: #e24500;\"><strong>Woodstock<\/strong><\/span> (6-8 novembre)<\/span><\/p>\n<p><span style=\"color: #000000;\">2014\u00a0 Fredericton Inn, <span style=\"color: #e24500;\"><strong>Fredericton<\/strong><\/span> (5-7 novembre)<\/span><\/p>\n<p><span style=\"color: #000000;\">2015\u00a0 Holiday Inn Express, <span style=\"color: #e24500;\"><strong>Moncton<\/strong><\/span> (28-30 octobre)<\/span><\/p>\n<p><span style=\"color: #000000;\">2016\u00a0 Hilton et Mus\u00e9e Nouveau-Brunswick, <span style=\"color: #e24500;\"><strong>Saint John<\/strong><\/span> (26-28 octobre)<\/span><\/p>\n<p><span style=\"color: #000000;\">2017 Four Points Sheraton, <span style=\"color: #e24500;\"><strong>Edmundston<\/strong><\/span> (1-3 novembre)<\/span><\/p>\n<p><span style=\"color: #000000;\">2018 Palais des congr\u00e8s, <span style=\"color: #e24500;\"><strong>Fredericton<\/strong><\/span> (17 &#8211; 20 octobre)<\/span><\/p>\n<p><span style=\"color: #000000;\">2019 Miramichi Rodd Inn, <span style=\"color: #e24500;\"><strong>Miramichi<\/strong><\/span> (23 &#8211; 25 octobre)<\/span><\/p>\n<p>2020 <strong><span style=\"color: #e24500;\">virtuel<\/span>\u00a0<\/strong>(Covid-19) octobre<\/p>\n<p>2021 <strong><span style=\"color: #e24500;\">virtuel<\/span>\u00a0<\/strong>(Covid-19) octobre<\/p>\n<p>2022 H\u00f4tel Wingate, <strong><span style=\"color: #e24500;\">Dieppe <\/span><\/strong><span style=\"color: #000000;\">(12 &#8211; 14 octobre)<\/span><\/p>\n<p>2023 Fairway Inn, <span style=\"color: #e24500;\"><strong>Sussex<\/strong><\/span> (8 &#8211; 10 novembre)<\/p>\n<p><span style=\"color: #000000;\">2024\u00a0 Fredericton Inn, <span style=\"color: #e24500;\"><strong>Fredericton<\/strong><\/span> (13-15 novembre)<\/span><\/p>\n<p>&nbsp;<\/p>\n<p>&nbsp;<\/p>","protected":false},"excerpt":{"rendered":"<p>1974\u00a0 Conf\u00e9rence sur catalogage, Mus\u00e9es Nouveau-Brunswick, Saint John (24-26 mai) Rencontre fondatrice: Assembl\u00e9e legislative, Fredericton (5 oct) 1975 \u00a0L&rsquo;institut de Memramcook, St. Joseph (octobre) 1976\u00a0 Village historique Acadien, Caraquet (octobre) 1977\u00a0 Wandlyn [&hellip;]<\/p>\n","protected":false},"author":2,"featured_media":0,"parent":0,"menu_order":0,"comment_status":"closed","ping_status":"closed","template":"","meta":{"_acf_changed":false,"footnotes":""},"class_list":["post-2506","page","type-page","status-publish","hentry"],"acf":[],"_links":{"self":[{"href":"https:\/\/ahnb-apnb.ca\/fr\/wp-json\/wp\/v2\/pages\/2506","targetHints":{"allow":["GET"]}}],"collection":[{"href":"https:\/\/ahnb-apnb.ca\/fr\/wp-json\/wp\/v2\/pages"}],"about":[{"href":"https:\/\/ahnb-apnb.ca\/fr\/wp-json\/wp\/v2\/types\/page"}],"author":[{"embeddable":true,"href":"https:\/\/ahnb-apnb.ca\/fr\/wp-json\/wp\/v2\/users\/2"}],"replies":[{"embeddable":true,"href":"https:\/\/ahnb-apnb.ca\/fr\/wp-json\/wp\/v2\/comments?post=2506"}],"version-history":[{"count":33,"href":"https:\/\/ahnb-apnb.ca\/fr\/wp-json\/wp\/v2\/pages\/2506\/revisions"}],"predecessor-version":[{"id":10919,"href":"https:\/\/ahnb-apnb.ca\/fr\/wp-json\/wp\/v2\/pages\/2506\/revisions\/10919"}],"wp:attachment":[{"href":"https:\/\/ahnb-apnb.ca\/fr\/wp-json\/wp\/v2\/media?parent=2506"}],"curies":[{"name":"wp","href":"https:\/\/api.w.org\/{rel}","templated":true}]}}