{"id":2871,"date":"2016-09-14T17:49:19","date_gmt":"2016-09-14T17:49:19","guid":{"rendered":"https:\/\/ahnb-apnb.ca\/?page_id=2871"},"modified":"2024-07-08T10:51:35","modified_gmt":"2024-07-08T13:51:35","slug":"resources-and-tools","status":"publish","type":"page","link":"https:\/\/ahnb-apnb.ca\/fr\/resources-and-tools\/","title":{"rendered":"Outils et Ressources"},"content":{"rendered":"<p>La section Ressources et outils sert \u00e0 aider les d\u00e9fenseurs du patrimoine, les d\u00e9cideurs politiques, les propri\u00e9taires et autres qui font des plans et qui travaillent activement \u00e0 la conservation, la pr\u00e9servation et l\u2019usage de propri\u00e9t\u00e9s patrimoniales. La section contient les lignes directrices et les meilleures pratiques, des \u00e9tudes de cas, des rapports de d\u00e9fense des politiques, des exemples d\u2019\u00e9v\u00e9nements promotionnels et autres renseignements concernant la conservation du patrimoine b\u00e2ti. Nous vous invitons \u00e0 partager de l\u2019information qui pourrait \u00eatre utile aux autres.<\/p>","protected":false},"excerpt":{"rendered":"<p>La section Ressources et outils sert \u00e0 aider les d\u00e9fenseurs du patrimoine, les d\u00e9cideurs politiques, les propri\u00e9taires et autres qui font des plans et qui travaillent activement \u00e0 la conservation, la pr\u00e9servation [&hellip;]<\/p>\n","protected":false},"author":2,"featured_media":0,"parent":0,"menu_order":0,"comment_status":"closed","ping_status":"closed","template":"","meta":{"_acf_changed":false,"footnotes":""},"class_list":["post-2871","page","type-page","status-publish","hentry"],"acf":[],"_links":{"self":[{"href":"https:\/\/ahnb-apnb.ca\/fr\/wp-json\/wp\/v2\/pages\/2871","targetHints":{"allow":["GET"]}}],"collection":[{"href":"https:\/\/ahnb-apnb.ca\/fr\/wp-json\/wp\/v2\/pages"}],"about":[{"href":"https:\/\/ahnb-apnb.ca\/fr\/wp-json\/wp\/v2\/types\/page"}],"author":[{"embeddable":true,"href":"https:\/\/ahnb-apnb.ca\/fr\/wp-json\/wp\/v2\/users\/2"}],"replies":[{"embeddable":true,"href":"https:\/\/ahnb-apnb.ca\/fr\/wp-json\/wp\/v2\/comments?post=2871"}],"version-history":[{"count":2,"href":"https:\/\/ahnb-apnb.ca\/fr\/wp-json\/wp\/v2\/pages\/2871\/revisions"}],"predecessor-version":[{"id":2909,"href":"https:\/\/ahnb-apnb.ca\/fr\/wp-json\/wp\/v2\/pages\/2871\/revisions\/2909"}],"wp:attachment":[{"href":"https:\/\/ahnb-apnb.ca\/fr\/wp-json\/wp\/v2\/media?parent=2871"}],"curies":[{"name":"wp","href":"https:\/\/api.w.org\/{rel}","templated":true}]}}