{"id":2873,"date":"2016-09-14T17:51:44","date_gmt":"2016-09-14T17:51:44","guid":{"rendered":"https:\/\/ahnb-apnb.ca\/?page_id=2873"},"modified":"2023-11-27T16:24:33","modified_gmt":"2023-11-27T20:24:33","slug":"standards-and-guidelines","status":"publish","type":"page","link":"https:\/\/ahnb-apnb.ca\/fr\/standards-and-guidelines\/","title":{"rendered":"Normes et lignes directrices"},"content":{"rendered":"<p><\/p>\n<p id=\"wb-cont\" class=\"mrgn-tp-md\"><span style=\"color: #e24500;\"><strong>Normes et lignes directrices pour la conservation des lieux patrimoniaux au Canada<\/strong><\/span><\/p>\n<p>Les <span style=\"color: #0000ff;\"><a style=\"color: #0000ff;\" href=\"https:\/\/publications.gc.ca\/collections\/collection_2011\/pc\/R62-343-2010-fra.pdf\" target=\"_blank\" rel=\"noopener\">Normes et lignes directrices pour la conservation des lieux patrimoniaux au Canada<\/a><\/span> fournissent des moyens solides et pratiques de suivre les bonnes pratiques de conservation. Elles constituent une r\u00e9f\u00e9rence nationale pour les pratiques de conservation du patrimoine au Canada et fournissent des orientations pour une prise de d\u00e9cision \u00e9clair\u00e9e lors de la planification et de l&rsquo;ex\u00e9cution de toute action entra\u00eenant une modification physique des \u00e9l\u00e9ments caract\u00e9ristiques d&rsquo;un b\u00e2timent afin de respecter et de prot\u00e9ger sa valeur patrimoniale.<\/p>\n<p><span style=\"color: #0000ff;\"><strong><a style=\"color: #0000ff;\" href=\"https:\/\/saintjohn.ca\/fr\/hotel-de-ville\/planification-construction-infrastructures-et-conservation-du-patrimoine\/conservation-du-patrimoine#:~:text=votre%20b%C3%A2timent%20historique.-,Lignes%20directrices%20pratiques%20en%20mati%C3%A8re%20de%20conservation,-(DPC)\" target=\"_blank\" rel=\"noopener\">Lignes directrices pratiques en mati\u00e8re de conservation<\/a><\/strong><\/span><\/p>\n<p>Ces lignes directrices accompagnent les Normes et lignes directrices pour la conservation des lieux patrimoniaux au Canada. Elles ont \u00e9t\u00e9 \u00e9labor\u00e9es par la ville de Saint John pour expliquer aux propri\u00e9taires comment effectuer des travaux de conservation appropri\u00e9s sur leurs b\u00e2timents anciens.<\/p>\n<p>Elles ont pour but de fournir des informations aux propri\u00e9taires, aux artisans, aux promoteurs, aux planificateurs et \u00e0 d&rsquo;autres personnes pour la mise en \u0153uvre des normes et des lignes directrices nationales afin de garantir que la meilleure approche est adopt\u00e9e lors de la conservation (pr\u00e9servation, r\u00e9habilitation ou restauration) des b\u00e2timents patrimoniaux. Elles d\u00e9crivent les meilleures pratiques et les proc\u00e9dures correctes pour les travaux effectu\u00e9s \u00e0 l&rsquo;ext\u00e9rieur des b\u00e2timents patrimoniaux.<\/p>\n<p>Elles traitent de la ma\u00e7onnerie, des fen\u00eatres, des portes, du bois, de la peinture, des toits, des lucarnes, des avant-toits et des corniches, des porches, des auvents, des fa\u00e7ades et, pour les activit\u00e9s commerciales, des enseignes et des devantures. D&rsquo;autres lignes directrices traitent des styles architecturaux, de la pr\u00e9paration des plans de conservation, des contrats et de l&#8217;embauche d&rsquo;entrepreneurs.<\/p>\n<p><a href=\"https:\/\/ahnb-apnb.ca\/wp-content\/uploads\/2023\/11\/Modele-dinventaire-du-patrimoine-bati-de-lAHNB.docx\" target=\"_blank\" rel=\"noopener\"><span style=\"color: #0000ff;\">Mod\u00e8le de fiche d&rsquo;inventaire des b\u00e2timents patrimoniaux au N-B<\/span><\/a><\/p>\n<p>&nbsp;<\/p>\n<p>&nbsp;<\/p>","protected":false},"excerpt":{"rendered":"<p>Normes et lignes directrices pour la conservation des lieux patrimoniaux au Canada Les Normes et lignes directrices pour la conservation des lieux patrimoniaux au Canada fournissent des moyens solides et pratiques de [&hellip;]<\/p>\n","protected":false},"author":2,"featured_media":0,"parent":0,"menu_order":0,"comment_status":"closed","ping_status":"closed","template":"","meta":{"_acf_changed":false,"footnotes":""},"class_list":["post-2873","page","type-page","status-publish","hentry"],"acf":[],"_links":{"self":[{"href":"https:\/\/ahnb-apnb.ca\/fr\/wp-json\/wp\/v2\/pages\/2873","targetHints":{"allow":["GET"]}}],"collection":[{"href":"https:\/\/ahnb-apnb.ca\/fr\/wp-json\/wp\/v2\/pages"}],"about":[{"href":"https:\/\/ahnb-apnb.ca\/fr\/wp-json\/wp\/v2\/types\/page"}],"author":[{"embeddable":true,"href":"https:\/\/ahnb-apnb.ca\/fr\/wp-json\/wp\/v2\/users\/2"}],"replies":[{"embeddable":true,"href":"https:\/\/ahnb-apnb.ca\/fr\/wp-json\/wp\/v2\/comments?post=2873"}],"version-history":[{"count":28,"href":"https:\/\/ahnb-apnb.ca\/fr\/wp-json\/wp\/v2\/pages\/2873\/revisions"}],"predecessor-version":[{"id":8749,"href":"https:\/\/ahnb-apnb.ca\/fr\/wp-json\/wp\/v2\/pages\/2873\/revisions\/8749"}],"wp:attachment":[{"href":"https:\/\/ahnb-apnb.ca\/fr\/wp-json\/wp\/v2\/media?parent=2873"}],"curies":[{"name":"wp","href":"https:\/\/api.w.org\/{rel}","templated":true}]}}