{"id":3985,"date":"2019-06-26T16:47:32","date_gmt":"2019-06-26T19:47:32","guid":{"rendered":"https:\/\/ahnb-apnb.ca\/?page_id=3985"},"modified":"2026-03-17T09:17:36","modified_gmt":"2026-03-17T12:17:36","slug":"covered-bridges","status":"publish","type":"page","link":"https:\/\/ahnb-apnb.ca\/fr\/covered-bridges\/","title":{"rendered":"Ponts couverts"},"content":{"rendered":"<p><\/p>\n<div style=\"text-align: center;\"><\/div>\n<div style=\"text-align: center;\"><img loading=\"lazy\" decoding=\"async\" class=\"alignnone size-large wp-image-12161\" src=\"https:\/\/ahnb-apnb.ca\/wp-content\/uploads\/2025\/07\/FR-1024x576.jpg\" alt=\"\" width=\"1024\" height=\"576\" srcset=\"https:\/\/ahnb-apnb.ca\/wp-content\/uploads\/2025\/07\/FR-1024x576.jpg 1024w, https:\/\/ahnb-apnb.ca\/wp-content\/uploads\/2025\/07\/FR-300x169.jpg 300w, https:\/\/ahnb-apnb.ca\/wp-content\/uploads\/2025\/07\/FR-768x432.jpg 768w, https:\/\/ahnb-apnb.ca\/wp-content\/uploads\/2025\/07\/FR-1536x864.jpg 1536w, https:\/\/ahnb-apnb.ca\/wp-content\/uploads\/2025\/07\/FR-2048x1152.jpg 2048w\" sizes=\"auto, (max-width: 1024px) 100vw, 1024px\" \/><\/div>\n<div style=\"text-align: center;\"><strong><span style=\"color: #e24500;\">Le 25 juillet au 4 ao\u00fbt 2025<\/span><\/strong><\/div>\n<div style=\"text-align: center;\"><strong><span style=\"color: #e24500;\">8e Annuel<\/span><\/strong><\/div>\n<div class=\"gmail_default\" style=\"text-align: center;\"><span style=\"color: #e24500;\"><strong>Journ\u00e9es aime tes ponts couverts au <span style=\"color: #e24500;\">Nouveau-Brunswick<\/span>\u00a0<\/strong><\/span><\/div>\n<p>Nous sommes de retour! L&rsquo;Association Patrimoine Nouveau-Brunswick organise une autre c\u00e9l\u00e9bration pour ces lieux embl\u00e9matiques, situ\u00e9s dans certaines des r\u00e9gions les plus pittoresques de la province, et cette ann\u00e9e est plus grande et meilleure que jamais!<\/p>\n<p>Prenez une photo de vous \u00e0 l&rsquo;un des ponts couverts historiques du Nouveau-Brunswick cet \u00e9t\u00e9 et vous pourriez gagner! Suivez ce lien pour consulter <span style=\"color: #0000ff;\"><a style=\"color: #0000ff;\" href=\"https:\/\/ahnb-apnb.ca\/wp-content\/uploads\/2025\/07\/Journees-aime-tes-ponts-couverts-directives-du-concours.pdf\">le r\u00e8glement du concours 2025!<\/a><\/span><\/p>\n<p>Le concours photo 2025 est termin\u00e9! Le gagnant sera bient\u00f4t annonc\u00e9!<\/p>\n<p><img loading=\"lazy\" decoding=\"async\" class=\"alignnone wp-image-12184 size-large\" src=\"https:\/\/ahnb-apnb.ca\/wp-content\/uploads\/2025\/07\/LYCBD-2025-update-2-1-724x1024.png\" alt=\"\" width=\"724\" height=\"1024\" srcset=\"https:\/\/ahnb-apnb.ca\/wp-content\/uploads\/2025\/07\/LYCBD-2025-update-2-1-724x1024.png 724w, https:\/\/ahnb-apnb.ca\/wp-content\/uploads\/2025\/07\/LYCBD-2025-update-2-1-212x300.png 212w, https:\/\/ahnb-apnb.ca\/wp-content\/uploads\/2025\/07\/LYCBD-2025-update-2-1-768x1086.png 768w, https:\/\/ahnb-apnb.ca\/wp-content\/uploads\/2025\/07\/LYCBD-2025-update-2-1-1086x1536.png 1086w, https:\/\/ahnb-apnb.ca\/wp-content\/uploads\/2025\/07\/LYCBD-2025-update-2-1.png 1414w\" sizes=\"auto, (max-width: 724px) 100vw, 724px\" \/><\/p>\n<p><span style=\"color: #000000;\">La carte indique<span style=\"color: #0000ff;\"> <a style=\"color: #0000ff;\" href=\"https:\/\/www2.gnb.ca\/content\/gnb\/fr\/ministeres\/mti\/ponts_traversiers\/content\/ponts_couverts.html\">l\u2019emplacement approximatif des ponts couverts avec des liens \u00e0 tous les comt\u00e9s au Nouveau-Brunswick.<\/a>\u00a0 \u00a0<\/span><\/span>Pour plus d\u2019informations, cliquez ici:\u00a0 <span style=\"color: #0000ff;\"><a style=\"color: #0000ff;\" href=\"https:\/\/tourismenouveaubrunswick.ca\/ponts-couverts?_gl=1*191wkql*_ga*NDgxMTc5MC4xNzA3ODUxODI1*_ga_WL1KK20L3J*MTcwOTczMDgzNi40LjAuMTcwOTczMDgzNi42MC4wLjA.&amp;_ga=2.207054227.1602675148.1709657454-4811790.1707851825\">Tourisme Nouveau-Brunswick<\/a><\/span>.<\/p>\n<p><strong>Vid\u00e9os :<\/strong><\/p>\n<ol>\n<li><span style=\"color: #000000;\">Regardez cette vid\u00e9o 2020 par<\/span><span style=\"color: #000000;\"> Lawren Campbell:<\/span><span lang=\"fr\" style=\"color: #000000;\"><span style=\"color: #0000ff;\">\u00a0<a style=\"color: #0000ff;\" href=\"https:\/\/www.youtube.com\/watch?v=o767pNHgp_w&amp;feature=youtu.be\">Journ\u00e9es aime tes ponts couverts<\/a> !\u00a0\u00a0<\/span><\/span><\/li>\n<li><span style=\"color: #000000;\">Regardez cette vid\u00e9o 2022 par Lawren Campbell:<span style=\"color: #0000ff;\"> <a style=\"color: #0000ff;\" href=\"https:\/\/ahnb-apnb.ca\/wp-content\/uploads\/2022\/07\/AHNB-Sawmill-Creek-Covered-Bridge-2022-1.mp4\">Le pont du ruisseau Sawmill no 5<\/a> !<\/span><\/span><\/li>\n<li><span style=\"color: #0000ff;\"><a style=\"color: #0000ff;\" href=\"https:\/\/fb.watch\/lRd3mLXJP1\/\">Regardez cette vid\u00e9o <strong>2023!<\/strong><\/a><\/span>\u00a0 N&rsquo;oubliez pas d&rsquo;allumer vos <strong>haut-parleurs<\/strong>!\u00a0 Un grand merci \u00e0 Lawren Campbell, de l&rsquo;APNB, pour la r\u00e9daction et la production de cette incroyable vid\u00e9o, ainsi qu&rsquo;\u00e0 Luke Alexander Bailey, qui a fourni les images de drone.<\/li>\n<\/ol>\n<p dir=\"ltr\" style=\"text-align: center;\" data-placeholder=\"Translation\"><span style=\"color: #000000;\">_________________________<\/span><\/p>\n<h5 dir=\"ltr\" data-placeholder=\"Translation\"><a href=\"https:\/\/ahnb-apnb.ca\/wp-content\/uploads\/2020\/07\/Benton-Bridge.jpg\"><img loading=\"lazy\" decoding=\"async\" class=\"alignleft wp-image-5717\" src=\"https:\/\/ahnb-apnb.ca\/wp-content\/uploads\/2020\/07\/Benton-Bridge.jpg\" alt=\"La vue du pont de Brenton depuis la zone du parc communautaire en aval. Le pont est au loin, avec la rivi\u00e8re entre lui et le photographe.\" width=\"185\" height=\"146\" srcset=\"https:\/\/ahnb-apnb.ca\/wp-content\/uploads\/2020\/07\/Benton-Bridge.jpg 319w, https:\/\/ahnb-apnb.ca\/wp-content\/uploads\/2020\/07\/Benton-Bridge-300x237.jpg 300w\" sizes=\"auto, (max-width: 185px) 100vw, 185px\" \/><\/a><\/h5>\n<h5><span style=\"color: #e44500;\">Ponts couverts du comt\u00e9 de York<\/span><\/h5>\n<p dir=\"ltr\" data-placeholder=\"Translation\">Je suis partie de Saint John le 30 juin 2020 avec mon amie Janet pour visiter deux ponts couverts du comt\u00e9 de York. Nous nous sommes arr\u00eat\u00e9es afin de passer prendre notre ami Frank qui habite \u00e0 Fredericton. Nous sommes ensuite partis vers le nord de la route 2 Transcanadienne. Janet avait trouv\u00e9 les directives sur Google et apr\u00e8s avoir suivi ses directives, nous nous sommes rendus o\u00f9 la route \u00e9tait temporairement ferm\u00e9e \u00e0 cause de la construction. Nous avons rebrouss\u00e9 le chemin \u00e0 partir des directives que j\u2019avais moi-m\u00eame trouv\u00e9es, mais je n\u2019ai pas fait mieux et nous nous sommes perdus. Nous avons arr\u00eat\u00e9 parler \u00e0 un jeune homme qui travaillait dans un garage et il nous a dirig\u00e9 de nouveau vers l\u2019autoroute. Avec une combinaison des directives du minist\u00e8re des Transports et de l\u2019Infrastructure ainsi que l\u2019outil de navigation du t\u00e9l\u00e9phone cellulaire de Frank, nous sommes finalement arriv\u00e9s au pont couvert Eel River no 3 (Benton). <span style=\"color: #0000ff;\"><a style=\"color: #0000ff;\" href=\"https:\/\/ahnb-apnb.ca\/york-county-covered-bridges\/?lang=fr\">Lire Plus&#8230;<\/a><\/span><\/p>\n<p style=\"text-align: center;\"><span style=\"color: #000000;\">_________________________<\/span><\/p>\n<p><a href=\"https:\/\/ahnb-apnb.ca\/wp-content\/uploads\/2020\/07\/St-Martins.jpg\"><img loading=\"lazy\" decoding=\"async\" class=\"alignleft wp-image-5550\" src=\"https:\/\/ahnb-apnb.ca\/wp-content\/uploads\/2020\/07\/St-Martins.jpg\" alt=\"Une longue route, l\u00e9g\u00e8rement courb\u00e9e et pav\u00e9e, menant au pont couvert de St Martin.\" width=\"256\" height=\"141\" srcset=\"https:\/\/ahnb-apnb.ca\/wp-content\/uploads\/2020\/07\/St-Martins.jpg 450w, https:\/\/ahnb-apnb.ca\/wp-content\/uploads\/2020\/07\/St-Martins-300x165.jpg 300w\" sizes=\"auto, (max-width: 256px) 100vw, 256px\" \/><\/a><\/p>\n<h5><strong><span style=\"color: #e24500;\">Blogue des ponts couverts de Saint-Martin<\/span><\/strong><\/h5>\n<p><span style=\"color: #000000;\">J\u2019ai quitt\u00e9 Saint John par un matin brumeux vers 10 h 30 afin de refaire la visite de trois ponts couverts du comt\u00e9 de Saint John. Je suis all\u00e9e \u00e0 St. Martins par la route c\u00f4ti\u00e8re, qui est pittoresque. J\u2019ai suivi la route 1, la sortie 137A-B, la route 111 Est et par la suite, la route 825 Sud. Sur le long de la route, pr\u00e8s du ruisseau Gardner, se trouve le magasin Moore\u2019s. L\u2019artiste locale May Moore y vend son art, des antiquit\u00e9s, des articles d\u2019\u00e9poque et de style r\u00e9tro, ainsi que de la cr\u00e8me glac\u00e9e. Le magasin est situ\u00e9 au 1254, route 825 \u00e0 Gardner Creek. \u00c0 votre arriv\u00e9e au chemin Coleraine, prenez ce chemin, et par la suite, prenez le chemin Tynemouth Creek o\u00f9 vous pouvez vous rendre au pont couvert du ruisseau Tynemouth. <span style=\"color: #0000ff;\"><a style=\"color: #0000ff;\" href=\"https:\/\/ahnb-apnb.ca\/st-martins-covered-bridges\/?lang=fr\">Lire Plus&#8230;<\/a><\/span><\/span><\/p>\n<p style=\"text-align: center;\"><span style=\"color: #000000;\">_________________________<\/span><\/p>\n<p><span style=\"color: #000000;\"><a style=\"color: #000000;\" href=\"https:\/\/ahnb-apnb.ca\/wp-content\/uploads\/2020\/07\/Bloomfield-Creek.jpg\"><img loading=\"lazy\" decoding=\"async\" class=\"alignleft wp-image-5528\" src=\"https:\/\/ahnb-apnb.ca\/wp-content\/uploads\/2020\/07\/Bloomfield-Creek.jpg\" alt=\"Ouverture vers le pont couvert de Bloomfield Creek, sous un ciel bleu ensoleill\u00e9 et quelque peu nuageux.\" width=\"183\" height=\"122\" \/><\/a><\/span><\/p>\n<h5><span style=\"color: #e24500;\"><strong>Blogue sur les ponts couverts<\/strong><\/span><\/h5>\n<p><span style=\"color: #000000;\">Le patrimoine b\u00e2ti de Saint John m\u2019int\u00e9resse particuli\u00e8rement, mais les autres endroits patrimoniaux du Nouveau-Brunswick aussi, depuis plus de 50 ans. Les ponts couverts font partie du patrimoine b\u00e2ti. La province avait jadis 320 ponts couverts, certains qui dataient du d\u00e9but des ann\u00e9es 1900. Le dernier pont que nous avons perdu a \u00e9t\u00e9 d\u00e9truit en 2014 par les inondations, mais 58 ponts sont encore l\u00e0 aujourd\u2019hui. Lorsque la pand\u00e9mie a frapp\u00e9 et qu\u2019on devait rester \u00e0 la maison le plus possible, j\u2019ai d\u00e9cid\u00e9 de faire de la visite des 58 ponts couverts du Nouveau-Brunswick une priorit\u00e9 \u00e9tant donn\u00e9 que nous \u00e9tions encourag\u00e9s \u00e0 aider le tourisme au Canada atlantique en visitant notre r\u00e9gion.<span style=\"color: #0000ff;\"> <a style=\"color: #0000ff;\" href=\"https:\/\/ahnb-apnb.ca\/covered-bridges-blog\/?lang=fr\">Lire Plus&#8230;<\/a><\/span><\/span><\/p>\n<p style=\"text-align: center;\"><span style=\"color: #000000;\">_________________________<\/span><\/p>\n<h4><span style=\"color: #000000;\"><a style=\"color: #000000;\" href=\"https:\/\/ahnb-apnb.ca\/wp-content\/uploads\/2019\/07\/Bill-Caswell-1.jpg\"><img loading=\"lazy\" decoding=\"async\" class=\"alignleft wp-image-4655 size-medium\" src=\"https:\/\/ahnb-apnb.ca\/wp-content\/uploads\/2019\/07\/Bill-Caswell-1-300x238.jpg\" alt=\"Bill Caswell et un ami assis sur une terrasse \u00e0 c\u00f4t\u00e9 d'un chemin balis\u00e9, qui m\u00e8ne \u00e0 un pont couvert.\" width=\"300\" height=\"238\" srcset=\"https:\/\/ahnb-apnb.ca\/wp-content\/uploads\/2019\/07\/Bill-Caswell-1-300x238.jpg 300w, https:\/\/ahnb-apnb.ca\/wp-content\/uploads\/2019\/07\/Bill-Caswell-1.jpg 517w\" sizes=\"auto, (max-width: 300px) 100vw, 300px\" \/><\/a><span style=\"font-family: verdana, sans-serif; font-size: medium; color: #e24500;\"><b>La pr\u00e9servation des ponts couverts du Nouveau\u2011Brunswick<\/b><\/span><\/span><\/h4>\n<p><span style=\"color: #e24500;\"><em><b>Par Bill Caswell, \u00ab National Society for the Preservation of Covered Bridges \u00bb\u00a0<\/b><\/em><\/span><\/p>\n<p><span style=\"color: #000000;\">Les ponts couverts du Nouveau-Brunswick re\u00e7oivent davantage d\u2019attention derni\u00e8rement. Bien que ce soit une superbe nouvelle pour la communaut\u00e9 de pr\u00e9servation historique, cette attention d\u00e9coule de deux pertes importantes. On a enlev\u00e9 le pont de French Village (pont no 2 de la rivi\u00e8re Hammond) du comt\u00e9 de Kings en 2017 et le pont Bell (pont no 3 de la rivi\u00e8re South Oromocto) du comt\u00e9 de Sunbury a \u00e9t\u00e9 endommag\u00e9 par des hautes eaux et de la glace et enlev\u00e9 en janvier 2018.\u00a0<b><span style=\"color: #e24500;\"><span style=\"color: #000000;\">Les ponts couverts historiques du Nouveau-Brunswick sont non seulement une composante fondamentale du r\u00e9seau de transport, ils sont \u00e9galement essentiels \u00e0 son patrimoine<\/span>.<\/span>\u00a0<\/b>Nous avons perdu trop de ponts couverts au cours des derni\u00e8res ann\u00e9es. En plus de leur richesse historique, ils g\u00e9n\u00e8rent des retomb\u00e9es \u00e9conomiques importantes en attirant les touristes dans les communaut\u00e9s \u00e0 proximit\u00e9 de ces structures.<span style=\"color: #0000ff;\">\u00a0<a style=\"color: #0000ff;\" href=\"https:\/\/ahnb-apnb.ca\/fr\/covered-bridges-conservation-in-new-brunswick\/\">Lire plus&#8230;<\/a><\/span><\/span><\/p>\n<p style=\"text-align: center;\"><span style=\"color: #000000;\">_________________________<\/span><\/p>\n<p><span style=\"color: #000000;\"><a style=\"color: #000000;\" href=\"https:\/\/ahnb-apnb.ca\/wp-content\/uploads\/2019\/05\/38391194_10155445632301856_4686779613177708544_o.jpg\"><img loading=\"lazy\" decoding=\"async\" class=\"alignleft wp-image-4390 size-medium\" src=\"https:\/\/ahnb-apnb.ca\/wp-content\/uploads\/2019\/05\/38391194_10155445632301856_4686779613177708544_o-300x225.jpg\" alt=\"L'ouverture du pont couvert de la rivi\u00e8re Forty Five No.1, entour\u00e9 de bois.\" width=\"300\" height=\"225\" srcset=\"https:\/\/ahnb-apnb.ca\/wp-content\/uploads\/2019\/05\/38391194_10155445632301856_4686779613177708544_o-300x225.jpg 300w, https:\/\/ahnb-apnb.ca\/wp-content\/uploads\/2019\/05\/38391194_10155445632301856_4686779613177708544_o-768x576.jpg 768w, https:\/\/ahnb-apnb.ca\/wp-content\/uploads\/2019\/05\/38391194_10155445632301856_4686779613177708544_o-1024x768.jpg 1024w, https:\/\/ahnb-apnb.ca\/wp-content\/uploads\/2019\/05\/38391194_10155445632301856_4686779613177708544_o.jpg 1920w\" sizes=\"auto, (max-width: 300px) 100vw, 300px\" \/><\/a><span style=\"color: #0000ff;\"><a style=\"color: #0000ff;\" href=\"https:\/\/ahnb-apnb.ca\/museums\/covered-bridges-conservation-association-of-new-brunswick\/?lang=fr\">L&rsquo;Association pour la conservation des ponts couverts du Nouveau-Brunswick Inc.<\/a> <\/span>a \u00e9t\u00e9 cr\u00e9\u00e9e en 2018 pour pr\u00e9server, r\u00e9parer et prot\u00e9ger ces tr\u00e9sors de bois du Nouveau-Brunswick. Les ponts couverts sont un symbole du Nouveau-Brunswick. La mission de cette association est de les transformer en sites du patrimoine et de les prot\u00e9ger de mani\u00e8re permanente.<\/span><\/p>\n<p><span style=\"color: #000000;\">Suivez-nous sur<span style=\"color: #0000ff;\">\u00a0<a style=\"color: #0000ff;\" href=\"https:\/\/www.facebook.com\/groups\/CoveredBridgesConservationAssociationNB\/\"><strong>facebook!<\/strong>\u00a0<\/a><\/span><\/span><\/p>\n<p>&nbsp;<\/p>\n<p style=\"text-align: center;\"><span style=\"color: #000000;\">_________________________<\/span><\/p>\n<h5><span style=\"color: #000000;\"><a style=\"color: #000000;\" href=\"https:\/\/ahnb-apnb.ca\/wp-content\/uploads\/2019\/07\/IMG_6709.jpg\"><img loading=\"lazy\" decoding=\"async\" class=\"alignleft wp-image-4690 size-thumbnail\" src=\"https:\/\/ahnb-apnb.ca\/wp-content\/uploads\/2019\/07\/IMG_6709-150x150.jpg\" alt=\"Les membres de l'AHNB se sont tenus devant le Patrick Owens Covered Bridge.\" width=\"150\" height=\"150\" \/><\/a><span style=\"color: #e24500;\"><strong>Communiqu\u00e9 de press<\/strong><\/span><\/span><\/h5>\n<p><span style=\"color: #000000;\">Fredericton, Canada \u2014 31 juillet 2019 \u2014 L\u2019Association du patrimoine du Nouveau\u2011Brunswick annonce qu\u2019une deuxi\u00e8me \u00e9dition annuelle de la journ\u00e9e \u00ab Aime tes ponts couverts \u00bb aura lieu le 4 ao\u00fbt. \u00ab Le concept de la journ\u00e9e \u201cAime tes ponts couverts\u201d est simple \u00bb, explique Marion Beyea, pr\u00e9sidente de l\u2019Association. \u00ab Nous encourageons les gens \u00e0 visiter un ou plusieurs ponts couverts de la province. Quelle meilleure journ\u00e9e pour le faire qu\u2019un jour o\u00f9 l\u2019on c\u00e9l\u00e8bre la province? \u00bb<\/span><\/p>\n<ul>\n<li><span style=\"color: #0000ff;\"><a style=\"color: #0000ff;\" href=\"https:\/\/ahnb-apnb.ca\/wp-content\/uploads\/2019\/07\/JOURN\u00c9E-\u00ab-AIME-TES-PONTS-COUVERTS-\u00bb-2019.pdf\" target=\"_blank\" rel=\"noopener noreferrer\">Journ\u00e9e aime tes ponts couverts 2019<\/a><\/span><\/li>\n<\/ul>\n<p><\/p>","protected":false},"excerpt":{"rendered":"<p>Le 25 juillet au 4 ao\u00fbt 2025 8e Annuel Journ\u00e9es aime tes ponts couverts au Nouveau-Brunswick\u00a0 Nous sommes de retour! L&rsquo;Association Patrimoine Nouveau-Brunswick organise une autre c\u00e9l\u00e9bration pour ces lieux embl\u00e9matiques, situ\u00e9s [&hellip;]<\/p>\n","protected":false},"author":2,"featured_media":9442,"parent":0,"menu_order":0,"comment_status":"closed","ping_status":"closed","template":"","meta":{"_acf_changed":false,"footnotes":""},"class_list":["post-3985","page","type-page","status-publish","has-post-thumbnail","hentry"],"acf":[],"_links":{"self":[{"href":"https:\/\/ahnb-apnb.ca\/fr\/wp-json\/wp\/v2\/pages\/3985","targetHints":{"allow":["GET"]}}],"collection":[{"href":"https:\/\/ahnb-apnb.ca\/fr\/wp-json\/wp\/v2\/pages"}],"about":[{"href":"https:\/\/ahnb-apnb.ca\/fr\/wp-json\/wp\/v2\/types\/page"}],"author":[{"embeddable":true,"href":"https:\/\/ahnb-apnb.ca\/fr\/wp-json\/wp\/v2\/users\/2"}],"replies":[{"embeddable":true,"href":"https:\/\/ahnb-apnb.ca\/fr\/wp-json\/wp\/v2\/comments?post=3985"}],"version-history":[{"count":195,"href":"https:\/\/ahnb-apnb.ca\/fr\/wp-json\/wp\/v2\/pages\/3985\/revisions"}],"predecessor-version":[{"id":12190,"href":"https:\/\/ahnb-apnb.ca\/fr\/wp-json\/wp\/v2\/pages\/3985\/revisions\/12190"}],"wp:featuredmedia":[{"embeddable":true,"href":"https:\/\/ahnb-apnb.ca\/fr\/wp-json\/wp\/v2\/media\/9442"}],"wp:attachment":[{"href":"https:\/\/ahnb-apnb.ca\/fr\/wp-json\/wp\/v2\/media?parent=3985"}],"curies":[{"name":"wp","href":"https:\/\/api.w.org\/{rel}","templated":true}]}}