{"id":4027,"date":"2019-06-12T18:10:28","date_gmt":"2019-06-12T18:10:28","guid":{"rendered":"https:\/\/ahnb-apnb.ca\/?page_id=4027"},"modified":"2023-11-28T13:54:40","modified_gmt":"2023-11-28T17:54:40","slug":"publications","status":"publish","type":"page","link":"https:\/\/ahnb-apnb.ca\/fr\/services\/publications\/","title":{"rendered":"Publications"},"content":{"rendered":"<p><a href=\"https:\/\/ahnb-apnb.ca\/wp-content\/uploads\/2013\/06\/Campobello.jpg\"><img loading=\"lazy\" decoding=\"async\" class=\"alignleft wp-image-1834 size-thumbnail\" src=\"https:\/\/ahnb-apnb.ca\/wp-content\/uploads\/2013\/06\/Campobello-150x150.jpg\" alt=\"Head Harbour Lighthouse in Campobello\" width=\"150\" height=\"150\" \/><\/a><span style=\"color: #000000;\">Les publications de l&rsquo;Association Patrimoine Nouveau-Brunswick seront diffus\u00e9es ici. Si vous souhaitez apporter votre contribution, veuillez envoyer un courriel \u00e0 notre directrice g\u00e9n\u00e9rale, Kellie Blue-McQuade, \u00e0 l&rsquo;adresse suivante: <span style=\"color: #e24500;\">kellie.blue-mcquade@amnb.ca<\/span>.<\/span><\/p>\n<p>&nbsp;<\/p>\n<h2><span style=\"color: #e24500;\">Publications:<\/span><\/h2>\n<ul>\n<li><span style=\"color: #e24500;\"><a style=\"color: #e24500;\" href=\"https:\/\/ahnb-apnb.ca\/wp-content\/uploads\/2018\/05\/Friends-of-the-Penniac-Baptist-Church-and-Cemetary-Inc-Article.pdf\" target=\"_blank\" rel=\"noopener noreferrer\"><span style=\"color: #0000ff;\">Preserving a \u2018Last Generation Church\u2019: Friends of the Penniac Baptist Church and Cemetery Inc (uniquement disponible en anglais)<\/span><\/a><\/span><\/li>\n<li><span style=\"color: #0000ff;\"><a style=\"color: #0000ff;\" href=\"https:\/\/ahnb-apnb.ca\/wp-content\/uploads\/2023\/11\/un-modele-de-saisie-pour-un-inventaire-des-batiments-patrimoniaux.docx\" target=\"_blank\" rel=\"noopener noreferrer\">un mod\u00e8le de saisie pour un inventaire des b\u00e2timents patrimoniaux<\/a><\/span><\/li>\n<li><a href=\"https:\/\/ahnb-apnb.ca\/fr\/past-newsletters\/\" target=\"_blank\" rel=\"noopener\"><span style=\"color: #0000ff;\">Bulletins d&rsquo;information ant\u00e9rieurs<\/span><\/a><\/li>\n<\/ul>\n<p><\/p>","protected":false},"excerpt":{"rendered":"<p>Les publications de l&rsquo;Association Patrimoine Nouveau-Brunswick seront diffus\u00e9es ici. Si vous souhaitez apporter votre contribution, veuillez envoyer un courriel \u00e0 notre directrice g\u00e9n\u00e9rale, Kellie Blue-McQuade, \u00e0 l&rsquo;adresse suivante: kellie.blue-mcquade@amnb.ca. &nbsp; Publications: Preserving [&hellip;]<\/p>\n","protected":false},"author":2,"featured_media":0,"parent":80,"menu_order":0,"comment_status":"closed","ping_status":"closed","template":"","meta":{"_acf_changed":false,"footnotes":""},"class_list":["post-4027","page","type-page","status-publish","hentry"],"acf":[],"_links":{"self":[{"href":"https:\/\/ahnb-apnb.ca\/fr\/wp-json\/wp\/v2\/pages\/4027","targetHints":{"allow":["GET"]}}],"collection":[{"href":"https:\/\/ahnb-apnb.ca\/fr\/wp-json\/wp\/v2\/pages"}],"about":[{"href":"https:\/\/ahnb-apnb.ca\/fr\/wp-json\/wp\/v2\/types\/page"}],"author":[{"embeddable":true,"href":"https:\/\/ahnb-apnb.ca\/fr\/wp-json\/wp\/v2\/users\/2"}],"replies":[{"embeddable":true,"href":"https:\/\/ahnb-apnb.ca\/fr\/wp-json\/wp\/v2\/comments?post=4027"}],"version-history":[{"count":20,"href":"https:\/\/ahnb-apnb.ca\/fr\/wp-json\/wp\/v2\/pages\/4027\/revisions"}],"predecessor-version":[{"id":8763,"href":"https:\/\/ahnb-apnb.ca\/fr\/wp-json\/wp\/v2\/pages\/4027\/revisions\/8763"}],"up":[{"embeddable":true,"href":"https:\/\/ahnb-apnb.ca\/fr\/wp-json\/wp\/v2\/pages\/80"}],"wp:attachment":[{"href":"https:\/\/ahnb-apnb.ca\/fr\/wp-json\/wp\/v2\/media?parent=4027"}],"curies":[{"name":"wp","href":"https:\/\/api.w.org\/{rel}","templated":true}]}}