{"id":4306,"date":"2019-04-26T13:30:29","date_gmt":"2019-04-26T13:30:29","guid":{"rendered":"https:\/\/ahnb-apnb.ca\/?page_id=4306"},"modified":"2026-03-17T09:17:35","modified_gmt":"2026-03-17T12:17:35","slug":"association-heritage-new-brunswick-blogger","status":"publish","type":"page","link":"https:\/\/ahnb-apnb.ca\/fr\/association-heritage-new-brunswick-blogger\/","title":{"rendered":"Blogosph\u00e8re Association Patrimoine Nouveau-Brunswick"},"content":{"rendered":"<p><\/p>\n<h4><span style=\"color: #990000; font-family: verdana, sans-serif; font-size: medium;\"><b><a href=\"https:\/\/ahnb-apnb.ca\/wp-content\/uploads\/2019\/08\/Lee-Sochasky-Oct-2010-1.jpg\"><img loading=\"lazy\" decoding=\"async\" class=\"alignleft wp-image-4720 size-thumbnail\" src=\"https:\/\/ahnb-apnb.ca\/wp-content\/uploads\/2019\/08\/Lee-Sochasky-Oct-2010-1-150x150.jpg\" alt=\"\" width=\"150\" height=\"150\" \/><\/a> D\u2019anciennes \u00e9glises, de nouvelles vocations<\/b><\/span><\/h4>\n<p><span style=\"color: #990000;\"><em><b>Par Lee Sochasky, membre du conseil de l&rsquo;APNB\u00a0<\/b><\/em><\/span><\/p>\n<p>Les \u00e9glises historiques du Nouveau-Brunswick dressent un portrait unique du pass\u00e9 et du futur de notre province.<\/p>\n<p>Nos premi\u00e8res \u00e9glises ont \u00e9t\u00e9 fond\u00e9es sur des concepts sociaux et \u00e9conomiques qui ont grandement chang\u00e9 apr\u00e8s la Seconde Guerre mondiale \u2013 et qui changement maintenant \u00e0 un rythme acc\u00e9l\u00e9r\u00e9 \u2013 et un nombre croissant d\u2019\u00e9glises ont \u00e9t\u00e9 abandonn\u00e9es ou d\u00e9molies puisqu\u2019elles n\u2019ont pas continu\u00e9 d\u2019\u00e9voluer avec le temps. Ces \u00e9difices sont une partie importante de notre patrimoine national. Le fait qu\u2019ils disparaissent de plus en plus a men\u00e9 \u00e0 une initiative de la Fiducie nationale du Canada pour tenter d\u2019en sauver davantage : <a href=\"https:\/\/regenerationworks.ca\/fr\/lieux-de-culte\/\" target=\"_blank\" rel=\"noopener noreferrer\">https:\/\/regenerationworks.ca\/fr\/lieux-de-culte\/<\/a>.<\/p>\n<p><span style=\"color: #993300;\"><strong>Est-ce que nos \u00e9glises historiques peuvent se trouver une nouvelle vocation dans la soci\u00e9t\u00e9 d\u2019aujourd\u2019hui, en perp\u00e9tuelle \u00e9volution?<\/strong><\/span> Oui! Il faut simplement trouver des solutions locales et cr\u00e9atives et des concepts datant de plusieurs si\u00e8cles. <strong><a href=\"https:\/\/sites.google.com\/a\/amnb.ca\/blogosphere-association-patrimoine-n--b\/home\/lieuxhistoriques\/eglises\" target=\"_blank\" rel=\"noopener noreferrer\">Lire plus&#8230;<\/a><\/strong><\/p>","protected":false},"excerpt":{"rendered":"<p>D\u2019anciennes \u00e9glises, de nouvelles vocations Par Lee Sochasky, membre du conseil de l&rsquo;APNB\u00a0 Les \u00e9glises historiques du Nouveau-Brunswick dressent un portrait unique du pass\u00e9 et du futur de notre province. Nos premi\u00e8res [&hellip;]<\/p>\n","protected":false},"author":2,"featured_media":0,"parent":0,"menu_order":0,"comment_status":"closed","ping_status":"closed","template":"","meta":{"_acf_changed":false,"footnotes":""},"class_list":["post-4306","page","type-page","status-publish","hentry"],"acf":[],"_links":{"self":[{"href":"https:\/\/ahnb-apnb.ca\/fr\/wp-json\/wp\/v2\/pages\/4306","targetHints":{"allow":["GET"]}}],"collection":[{"href":"https:\/\/ahnb-apnb.ca\/fr\/wp-json\/wp\/v2\/pages"}],"about":[{"href":"https:\/\/ahnb-apnb.ca\/fr\/wp-json\/wp\/v2\/types\/page"}],"author":[{"embeddable":true,"href":"https:\/\/ahnb-apnb.ca\/fr\/wp-json\/wp\/v2\/users\/2"}],"replies":[{"embeddable":true,"href":"https:\/\/ahnb-apnb.ca\/fr\/wp-json\/wp\/v2\/comments?post=4306"}],"version-history":[{"count":16,"href":"https:\/\/ahnb-apnb.ca\/fr\/wp-json\/wp\/v2\/pages\/4306\/revisions"}],"predecessor-version":[{"id":4717,"href":"https:\/\/ahnb-apnb.ca\/fr\/wp-json\/wp\/v2\/pages\/4306\/revisions\/4717"}],"wp:attachment":[{"href":"https:\/\/ahnb-apnb.ca\/fr\/wp-json\/wp\/v2\/media?parent=4306"}],"curies":[{"name":"wp","href":"https:\/\/api.w.org\/{rel}","templated":true}]}}