{"id":4557,"date":"2019-07-10T19:21:24","date_gmt":"2019-07-10T19:21:24","guid":{"rendered":"https:\/\/ahnb-apnb.ca\/?page_id=4557"},"modified":"2026-03-17T09:17:32","modified_gmt":"2026-03-17T12:17:32","slug":"covid-19-guide","status":"publish","type":"page","link":"https:\/\/ahnb-apnb.ca\/fr\/covid-19-guide\/","title":{"rendered":"COVID-19 Guide"},"content":{"rendered":"<p><\/p>\n<div>\n<p><span style=\"color: #000000;\">Le guide sur la s\u00e9curit\u00e9 des collections, la rentr\u00e9e des employ\u00e9s et des b\u00e9n\u00e9voles et la rentr\u00e9e des visiteurs<\/span><\/p>\n<p><span style=\"font-size: 14pt; color: #e24500;\"><strong>Comment utiliser ce guide:<\/strong><\/span><\/p>\n<p><span style=\"color: #000000;\">Ce guide donne de l\u2019information portant sur l\u2019ouverture de votre mus\u00e9e communautaire durant la pand\u00e9mie de coronavirus et vous aide \u00e0 comprendre les r\u00e9percussions de la Covid-19 sur la gestion et la conservation des collections. Nous esp\u00e9rons qu\u2019il constituera \u00e9galement un cadre de planification et de cr\u00e9ation : a) de pratiques de travail assurant la s\u00e9curit\u00e9 des collections; b) d\u2019un milieu de travail s\u00fbr pour le personnel et les b\u00e9n\u00e9voles sur place; c) d\u2019un environnement sans danger pour les visiteurs lorsque des lieux historiques sont ouverts au public. Voir le lien ci-dessous.<\/span><\/p>\n<\/div>\n<div><\/div>\n<div><span style=\"color: #0000ff;\"><a style=\"color: #0000ff;\" href=\"https:\/\/www.nbm-mnb.ca\/wp-content\/uploads\/2020\/05\/LieuxpatrimoniauxduNouveauBrunswicketCovid19.pdf\" target=\"_blank\" rel=\"noopener noreferrer\" data-auth=\"NotApplicable\">Le guide sur la s\u00e9curit\u00e9 des collections, la rentr\u00e9e des employ\u00e9s et des b\u00e9n\u00e9voles et la rentr\u00e9e des visiteurs<\/a><\/span><\/div>\n<p>&nbsp;<\/p>\n<p>&nbsp;<\/p>","protected":false},"excerpt":{"rendered":"<p>Le guide sur la s\u00e9curit\u00e9 des collections, la rentr\u00e9e des employ\u00e9s et des b\u00e9n\u00e9voles et la rentr\u00e9e des visiteurs Comment utiliser ce guide: Ce guide donne de l\u2019information portant sur l\u2019ouverture de [&hellip;]<\/p>\n","protected":false},"author":2,"featured_media":0,"parent":0,"menu_order":0,"comment_status":"closed","ping_status":"closed","template":"","meta":{"_acf_changed":false,"footnotes":""},"class_list":["post-4557","page","type-page","status-publish","hentry"],"acf":[],"_links":{"self":[{"href":"https:\/\/ahnb-apnb.ca\/fr\/wp-json\/wp\/v2\/pages\/4557","targetHints":{"allow":["GET"]}}],"collection":[{"href":"https:\/\/ahnb-apnb.ca\/fr\/wp-json\/wp\/v2\/pages"}],"about":[{"href":"https:\/\/ahnb-apnb.ca\/fr\/wp-json\/wp\/v2\/types\/page"}],"author":[{"embeddable":true,"href":"https:\/\/ahnb-apnb.ca\/fr\/wp-json\/wp\/v2\/users\/2"}],"replies":[{"embeddable":true,"href":"https:\/\/ahnb-apnb.ca\/fr\/wp-json\/wp\/v2\/comments?post=4557"}],"version-history":[{"count":28,"href":"https:\/\/ahnb-apnb.ca\/fr\/wp-json\/wp\/v2\/pages\/4557\/revisions"}],"predecessor-version":[{"id":5807,"href":"https:\/\/ahnb-apnb.ca\/fr\/wp-json\/wp\/v2\/pages\/4557\/revisions\/5807"}],"wp:attachment":[{"href":"https:\/\/ahnb-apnb.ca\/fr\/wp-json\/wp\/v2\/media?parent=4557"}],"curies":[{"name":"wp","href":"https:\/\/api.w.org\/{rel}","templated":true}]}}