{"id":4584,"date":"2019-07-11T18:03:50","date_gmt":"2019-07-11T18:03:50","guid":{"rendered":"https:\/\/ahnb-apnb.ca\/?page_id=4584"},"modified":"2025-08-07T10:01:08","modified_gmt":"2025-08-07T13:01:08","slug":"collectiveaccess","status":"publish","type":"page","link":"https:\/\/ahnb-apnb.ca\/fr\/collectiveaccess\/","title":{"rendered":"CollectiveAccess"},"content":{"rendered":"<p><a href=\"https:\/\/ahnb-apnb.ca\/wp-content\/uploads\/2019\/07\/qtq80-q3MwmT.jpeg\"><img loading=\"lazy\" decoding=\"async\" class=\"alignleft wp-image-4592 size-thumbnail\" src=\"https:\/\/ahnb-apnb.ca\/wp-content\/uploads\/2019\/07\/qtq80-q3MwmT-150x150.jpeg\" alt=\"\" width=\"150\" height=\"150\" \/><\/a><strong><span style=\"color: #e24500;\">Syst\u00e8mes de gestion de collections num\u00e9riques<\/span><\/strong><\/p>\n<p><span style=\"color: #000000;\">En 2016, un groupe de 15 mus\u00e9es communautaires au Nouveau-Brunswick a cherch\u00e9 \u00e0 migrer leurs donn\u00e9es des Collections Virtuelles vers CollectiveAccess.\u00a0 CollectiveAccess est un logiciel de gestion et de publication de collections de mus\u00e9es et d&rsquo;archives. Ce projet a pris de l&rsquo;ampleur pour inclure plus de 40 mus\u00e9es au Nouveau-Brunswick.<\/span><\/p>\n<p><span style=\"color: #000000;\">Les mus\u00e9es participants re\u00e7oivent: l&rsquo;exportation de leurs donn\u00e9es, la conversion des donn\u00e9es, une visite sur place, une formation individuelle et un support continu. Le service permet l&rsquo;acc\u00e8s et l&rsquo;utilisation d&rsquo;un syst\u00e8me de base de donn\u00e9es CollectiveAccess. Tous les membres garantissent leur participation au programme moyennant une cotisation annuelle de 150$.<\/span><\/p>\n<p><span style=\"color: #000000;\">Pour plus d&rsquo;informations sur CollectiveAccess ou si vous souhaitez participer \u00e0 ce programme, veuillez nous envoyer un courrier \u00e9lectronique \u00e0 l&rsquo;adresse <span style=\"color: #e24500;\"><a style=\"color: #e24500;\" href=\"mailto:info@amnb.ca\">info@amnb.ca<\/a>.<\/span><\/span><\/p>\n<p><span style=\"color: #000000;\">Ressources pour les utilisateurs de CollectiveAccess :<\/span><\/p>\n<p><a href=\"https:\/\/ahnb-apnb.ca\/wp-content\/uploads\/2025\/05\/Demande-transfert-Collective-Access.pdf\" target=\"_blank\" rel=\"noopener\">Demande transfert Collective Access<\/a><\/p>\n<p><a href=\"https:\/\/ahnb-apnb.ca\/wp-content\/uploads\/2025\/05\/APNB-guide-utilisateur-Collective-Access-2018.pdf\" target=\"_blank\" rel=\"noopener\">Guide utilisateur CollectiveAccess<\/a><\/p>\n<p><a href=\"https:\/\/ahnb-apnb.ca\/wp-content\/uploads\/2025\/05\/Creation-dun-ensemble-dans-Collective-Access.pdf\" target=\"_blank\" rel=\"noopener\">Cr\u00e9ation d\u2019un ensemble dans CollectiveAccess<\/a><\/p>\n<p><a href=\"https:\/\/ahnb-apnb.ca\/wp-content\/uploads\/2025\/08\/Creation-dun-formulaire-de-recherche-dans-Collective-Access.pdf\" target=\"_blank\" rel=\"noopener\">Cr\u00e9ation d\u2019un formulaire de recherche dans Collective Access<\/a><\/p>\n<p><a href=\"https:\/\/ahnb-apnb.ca\/wp-content\/uploads\/2025\/08\/Creation-et-gestion-de-comptes-dutilisateur-dans-Collective-Access.pdf\" target=\"_blank\" rel=\"noopener\">Cr\u00e9ation et gestion de comptes d\u2019utilisateur dans Collective Access<\/a><\/p>\n<p><span style=\"color: #000000;\">Ce projet est financ\u00e9 [en partie] par le gouvernement du Canada, (Patrimoine canadien) et le province du Nouveau-Brunswick (Tourisme, Patrimoine et Culture).<\/span><a href=\"https:\/\/ahnb-apnb.ca\/wp-content\/uploads\/2019\/07\/Logo.jpg\"><img loading=\"lazy\" decoding=\"async\" class=\"aligncenter wp-image-4599 size-medium\" src=\"https:\/\/ahnb-apnb.ca\/wp-content\/uploads\/2019\/07\/Logo-300x75.jpg\" alt=\"\" width=\"300\" height=\"75\" srcset=\"https:\/\/ahnb-apnb.ca\/wp-content\/uploads\/2019\/07\/Logo-300x75.jpg 300w, https:\/\/ahnb-apnb.ca\/wp-content\/uploads\/2019\/07\/Logo-768x192.jpg 768w, https:\/\/ahnb-apnb.ca\/wp-content\/uploads\/2019\/07\/Logo-1024x256.jpg 1024w, https:\/\/ahnb-apnb.ca\/wp-content\/uploads\/2019\/07\/Logo.jpg 1061w\" sizes=\"auto, (max-width: 300px) 100vw, 300px\" \/><\/a><\/p>","protected":false},"excerpt":{"rendered":"<p>Syst\u00e8mes de gestion de collections num\u00e9riques En 2016, un groupe de 15 mus\u00e9es communautaires au Nouveau-Brunswick a cherch\u00e9 \u00e0 migrer leurs donn\u00e9es des Collections Virtuelles vers CollectiveAccess.\u00a0 CollectiveAccess est un logiciel de [&hellip;]<\/p>\n","protected":false},"author":2,"featured_media":0,"parent":0,"menu_order":0,"comment_status":"closed","ping_status":"closed","template":"","meta":{"_acf_changed":false,"footnotes":""},"class_list":["post-4584","page","type-page","status-publish","hentry"],"acf":[],"_links":{"self":[{"href":"https:\/\/ahnb-apnb.ca\/fr\/wp-json\/wp\/v2\/pages\/4584","targetHints":{"allow":["GET"]}}],"collection":[{"href":"https:\/\/ahnb-apnb.ca\/fr\/wp-json\/wp\/v2\/pages"}],"about":[{"href":"https:\/\/ahnb-apnb.ca\/fr\/wp-json\/wp\/v2\/types\/page"}],"author":[{"embeddable":true,"href":"https:\/\/ahnb-apnb.ca\/fr\/wp-json\/wp\/v2\/users\/2"}],"replies":[{"embeddable":true,"href":"https:\/\/ahnb-apnb.ca\/fr\/wp-json\/wp\/v2\/comments?post=4584"}],"version-history":[{"count":19,"href":"https:\/\/ahnb-apnb.ca\/fr\/wp-json\/wp\/v2\/pages\/4584\/revisions"}],"predecessor-version":[{"id":12198,"href":"https:\/\/ahnb-apnb.ca\/fr\/wp-json\/wp\/v2\/pages\/4584\/revisions\/12198"}],"wp:attachment":[{"href":"https:\/\/ahnb-apnb.ca\/fr\/wp-json\/wp\/v2\/media?parent=4584"}],"curies":[{"name":"wp","href":"https:\/\/api.w.org\/{rel}","templated":true}]}}