{"id":4974,"date":"2020-05-25T11:10:58","date_gmt":"2020-05-25T14:10:58","guid":{"rendered":"https:\/\/ahnb-apnb.ca\/?page_id=4974"},"modified":"2026-03-17T09:17:37","modified_gmt":"2026-03-17T12:17:37","slug":"heritage-videos","status":"publish","type":"page","link":"https:\/\/ahnb-apnb.ca\/fr\/heritage-videos\/","title":{"rendered":"Vid\u00e9os du patrimoine"},"content":{"rendered":"<p><span style=\"color: #e24500;\"><strong>Guide pour pr\u00e9sentations YouTube sur les \u00e9difices patrimoniaux du Nouveau\u2011Brunswick<\/strong><\/span><\/p>\n<p><span style=\"color: #000000;\"><strong>\u00a0<\/strong>L\u2019id\u00e9e de cr\u00e9er des pr\u00e9sentations YouTube sur les \u00e9difices patrimoniaux du Nouveau\u2011Brunswick vient des vid\u00e9os historiques sur la ville de Moncton (printemps 2020) de Lawren Campbell. Lawren est coordonnateur du patrimoine et de la culture \u00e0 la Place Resurgo (Ville de Moncton) et membre du Comit\u00e9 de la conservation du patrimoine de Moncton responsable de l\u2019aide aux employ\u00e9s; il baigne donc dans l\u2019histoire de la ville de Moncton et y connait tr\u00e8s bien les \u00e9difices patrimoniaux. Les vignettes nous donnent de l\u2019information \u00e0 leur sujet et d\u00e9crivent la situation entourant le d\u00e9veloppement dans la partie de la ville o\u00f9 l\u2019on a construit ces \u00e9difices. Est-ce que c\u2019\u00e9tait afin de r\u00e9pondre \u00e0 un besoin de logement, profiter d\u2019une opportunit\u00e9 \u00e9conomique ou combler l\u2019aspiration d\u2019une personne?<\/span><\/p>\n<p><span style=\"color: #000000;\">Avec l\u2019aide de Lawren, l\u2019APNB lance le projet dans la province au complet afin de mettre en lumi\u00e8re l\u2019important r\u00e9pertoire d\u2019\u00e9difices patrimoniaux du Nouveau\u2011Brunswick et de communiquer de l\u2019information \u00e0 leur sujet pour g\u00e9n\u00e9rer de l\u2019int\u00e9r\u00eat et faire connaitre cet h\u00e9ritage pr\u00e9cieux \u00e0 nos citoyens et visiteurs. Plus nous en connaissons sur un sujet, plus nous d\u00e9veloppons un int\u00e9r\u00eat sur ce sujet et plus nous pouvons l\u2019appr\u00e9cier.<\/span><\/p>\n<p><span style=\"color: #000000;\">Les \u00e9difices pr\u00e9sent\u00e9s ne sont pas seulement ceux qui sont les plus majestueux et monumentaux, mais aussi les anciens \u00e9difices, les \u00e9difices qui sont importants pour l\u2019\u00e9volution de nos communaut\u00e9s, importants \u00e0 cause de leur utilit\u00e9, de leurs b\u00e2tisseurs, de leurs r\u00e9sidents, de leur int\u00e9r\u00eat local ou de leur association \u00e0 une histoire int\u00e9ressante.<\/span><\/p>\n<p><span style=\"color: #000000;\">Les vignettes de Lawren m\u2019ont permis de voir Moncton d\u2019un autre \u0153il et d\u2019en apprendre davantage au sujet des \u00e9difices pr\u00e9sent\u00e9s. L\u2019objectif est que le projet d\u2019\u00e9tendue provinciale au sujet du patrimoine b\u00e2ti int\u00e9ressera les N\u00e9o-Brunswickois, les informera sur l\u2019histoire de notre province, les motivera \u00e0 explorer nos communaut\u00e9s et les \u00e9difices du patrimoine et encouragera leur conservation.<\/span><\/p>\n<p><span style=\"color: #000000;\">Le titre de la s\u00e9rie de vignettes est <em>New Brunswick\u2019s Heritage Places \u2013 Moncton (etc.)<\/em> (Lieux patrimoniaux du Nouveau\u2011Brunswick \u2013 Moncton (etc.) Les pr\u00e9sentations resteront sur le site Web de l\u2019APNB comme une ressource historique sur le patrimoine b\u00e2ti de notre province et seront r\u00e9guli\u00e8rement mises \u00e0 jour.<\/span><\/p>\n<p><span style=\"color: #000000;\">Si vous avez des questions, vous avez besoin d\u2019aide avec la conception de votre pr\u00e9sentation ou vous voulez participer au projet, contactez l\u2019APNB \u00e0<span style=\"color: #0000ff;\"> <a style=\"color: #0000ff;\" href=\"mailto:info@ahnb.ca\">info@amnb.ca\u00a0<\/a><\/span><\/span><\/p>\n<p style=\"text-align: center;\"><span style=\"color: #e24500;\"><strong>Guide pour pr\u00e9sentations YouTube sur le patrimoine b\u00e2ti au Nouveau\u2011Brunswick<\/strong><\/span><\/p>\n<p><span style=\"color: #000000;\"><span style=\"color: #e24500;\"><strong><u>De fa\u00e7on g\u00e9n\u00e9rale<\/u>:<\/strong> <\/span>N\u2019essayez pas d\u2019inclure toute l\u2019information indiqu\u00e9e dans le contenu sugg\u00e9r\u00e9 ci-dessous. Utilisez un langage informel, accrocheur, conversationnel avec humour lorsque possible, au lieu de lire un script textuellement.<\/span><\/p>\n<p><span style=\"color: #000000;\"><span style=\"color: #e24500;\"><strong><u>Longueur<\/u>:<\/strong> <\/span>Les pr\u00e9sentations sont de trois minutes et ne devraient pas d\u00e9passer ce temps.<\/span><\/p>\n<p><span style=\"color: #000000;\"><span style=\"color: #e24500;\"><strong><u>Contenu<\/u>:<\/strong> <\/span>Ce sont des suggestions. En pr\u00e9sentant tous ces \u00e9l\u00e9ments, vous d\u00e9passerez les trois minutes. Toutes ces informations ne seront pas disponibles ou accessibles pour certains \u00e9difices. Choisissez les d\u00e9tails les plus importants, les plus int\u00e9ressants.<\/span><\/p>\n<p><span style=\"color: #000000;\">Le nom de l\u2019\u00e9difice (s\u2019il existe) et la date ou la date approximative de construction.<\/span><\/p>\n<p><span style=\"color: #000000;\"><span style=\"text-decoration: underline; color: #e24500;\"><strong>L\u2019emplacement de l\u2019\u00e9difice:<\/strong><\/span> Nom de la rue ou du bloc, ou nom de la r\u00e9gion et la raison derri\u00e8re ce nom. (Exemple \u2013 Rabbittown, Fredericton; Victory Block, Moncton.)<\/span><\/p>\n<p><span style=\"color: #000000;\"><span style=\"text-decoration: underline; color: #e24500;\"><strong>Les d\u00e9tails relatifs \u00e0 l\u2019utilit\u00e9 de cet \u00e9difice:<\/strong> <\/span>Est-ce qu\u2019il y avait anciennement un b\u00e2timent important sur cette propri\u00e9t\u00e9? Est-ce qu\u2019un \u00e9difice qui \u00e9tait anciennement sur cette propri\u00e9t\u00e9 a \u00e9t\u00e9 d\u00e9m\u00e9nag\u00e9?<\/span><\/p>\n<p><span style=\"color: #000000;\">Qui est-ce qui a b\u00e2ti l\u2019\u00e9difice? A-t-il \u00e9t\u00e9 b\u00e2ti en plusieurs \u00e9tapes? A-t-il \u00e9t\u00e9 b\u00e2ti avec une autre structure? A-t-il \u00e9t\u00e9 reb\u00e2ti de fa\u00e7on importante? L\u2019\u00e9difice a-t-il \u00e9t\u00e9 endommag\u00e9 par un feu ou une temp\u00eate?<\/span><\/p>\n<p><span style=\"color: #000000;\">Pour qui cet \u00e9difice a-t-il \u00e9t\u00e9 b\u00e2ti? Quel \u00e9tait le r\u00f4le de cet \u00e9difice pour ses premiers r\u00e9sidents? Comment les r\u00e9sidents ont-ils utilis\u00e9 l&rsquo;\u00e9difice plus tard?<\/span><\/p>\n<p><span style=\"color: #000000;\">Pour quelle raison cet \u00e9difice a-t-il \u00e9t\u00e9 construit? Par exemple: les maisons de style Dobie comme habitations d\u2019apr\u00e8s-guerre, le d\u00e9veloppement immobilier, les ateliers ferroviaires, une r\u00e9sidence pour une illustre famille, le d\u00e9veloppement immobilier par un entrepreneur.<\/span><\/p>\n<p><span style=\"color: #000000;\">Style architectural et caract\u00e9ristiques du b\u00e2timent: Remarques sur le style, particuli\u00e8rement en ce qui a trait \u00e0 l\u2019\u00e9difice. Par exemple : le style Second Empire offre davantage d\u2019espace avec son \u00e9tage suppl\u00e9mentaire). Avec des fen\u00eatres situ\u00e9es dans le toit en mansarde, l\u2019\u00e9valuation fonci\u00e8re et les taxes de l\u2019\u00e9difice n\u2019ont pas augment\u00e9. \u00c9l\u00e9ments distinctifs comme des gargouilles ou les mat\u00e9riaux utilis\u00e9s dans l\u2019\u00e9difice. Il y a plusieurs publications disponibles en ligne, comme:<\/span><\/p>\n<p style=\"padding-left: 120px;\"><span style=\"color: #0000ff;\">1. <a style=\"color: #0000ff;\" href=\"https:\/\/www.heritagetrust.on.ca\/fr\/index.php\/places-of-worship\/places-of-worship-database\/architecture\/architectural-style?p=places-of-worship\/places-of-worship-database\/architecture\/architectural-style\">Styles architecturaux &#8211; Fiducie du patrimoine ontarien<\/a><\/span><\/p>\n<p style=\"padding-left: 120px;\"><span style=\"color: #0000ff;\">2. <a style=\"color: #0000ff;\" href=\"https:\/\/www.historicplaces.ca\/media\/7173\/buildingsofcanada.pdf\">L&rsquo;architecture du Canada\u00a0<\/a><\/span><\/p>\n<p><span style=\"color: #000000;\">Des faits folkloriques int\u00e9ressants \u00e0 propos de l\u2019\u00e9difice\u00a0: fant\u00f4mes, \u00e9v\u00e9nements qui ont eu lieu \u00e0 cet endroit.<\/span><\/p>\n<p><span style=\"color: #000000;\">L\u2019utilisation actuelle de l\u2019\u00e9difice ou des plans en cours ou des utilit\u00e9s potentielles si l\u2019\u00e9difice est vacant. Notez si l\u2019\u00e9difice est un mus\u00e9e ou s\u2019il est ouvert au public.<\/span><\/p>\n<p><span style=\"color: #000000;\"><span style=\"color: #e24500;\"><strong><u>Faire la pr\u00e9sentation<\/u>:<\/strong><\/span> Utilisez un iPhone avec une perche \u00e0 autoportrait avec le lieu patrimonial en arri\u00e8re-plan.<\/span><\/p>\n<p style=\"text-align: center;\"><span style=\"color: #e24500;\"><strong>Guide de pr\u00e9sentations YouTube:<\/strong><\/span><\/p>\n<p><span style=\"color: #e24500;\"><strong>Cr\u00e9ation d\u2019une cha\u00eene YouTube:<\/strong><\/span><\/p>\n<ul>\n<li><span style=\"color: #000000;\">Tapez <span style=\"color: #0000ff;\"><a style=\"color: #0000ff;\" href=\"http:\/\/www.youtube.com\">youtube.com<\/a> <\/span>dans votre fureteur.<\/span><\/li>\n<li><span style=\"color: #000000;\">Cliquez le bouton \u00ab <span style=\"color: #e24500;\"><strong>Se connecter<\/strong><\/span> \u00bb \u00e0 la <span style=\"color: #e24500;\"><strong>droite<\/strong><\/span> de votre \u00e9cran.<\/span><\/li>\n<li><span style=\"color: #000000;\">S\u00e9lectionnez le bouton \u00ab <span style=\"color: #e24500;\"><strong>Cr\u00e9er un compte<\/strong><\/span> \u00bb sur la prochaine page. Vous aurez l\u2019option de faire le compte pour vous ou votre entreprise. Choisissez pour <span style=\"color: #e24500;\"><strong>vous<\/strong><\/span>.<\/span><\/li>\n<li><span style=\"color: #000000;\">Ensuite, vous devrez fournir quelques renseignements pour cr\u00e9er un compte, dont votre <span style=\"color: #e24500;\"><strong>nom <\/strong><\/span>et <span style=\"color: #e24500;\"><strong>courriel<\/strong><\/span>. Vous devrez aussi cr\u00e9er un <strong><span style=\"color: #e24500;\">mot de passe<\/span>.<\/strong><\/span><\/li>\n<li><span style=\"color: #000000;\">Un code de v\u00e9rification vous sera envoy\u00e9 \u00e0 votre courriel. Lorsque vous aurez entr\u00e9 le code de v\u00e9rification, vous serez redirig\u00e9 vers <a style=\"color: #000000;\" href=\"http:\/\/www.youtube.com\">youtube.com<\/a>, o\u00f9 vous pourrez voir votre compte.<\/span><\/li>\n<li><span style=\"color: #000000;\">Pour avoir acc\u00e8s \u00e0 votre compte, cliquez sur <strong><span style=\"color: #e24500;\">l\u2019ic\u00f4ne en cercle <\/span><\/strong>au coin sup\u00e9rieur droit de l\u2019\u00e9cran.<\/span><\/li>\n<li><span style=\"color: #000000;\">Apr\u00e8s avoir cliqu\u00e9 l\u2019ic\u00f4ne, vous devrez s\u00e9lectionner \u00ab <span style=\"color: #e24500;\"><strong>Cr\u00e9er votre cha\u00eene <\/strong><\/span>\u00bb afin de finaliser la cr\u00e9ation de votre compte et cliquer sur \u00ab <strong><span style=\"color: #e24500;\">Commencer<\/span> <\/strong>\u00bb.<\/span><\/li>\n<li><span style=\"color: #000000;\">S\u00e9lectionnez \u00ab <span style=\"color: #e24500;\"><strong>Utiliser votre nom <\/strong><\/span>\u00bb.<\/span><\/li>\n<li><span style=\"color: #000000;\">Ensuite, vous devrez fournir quelques renseignements. Vous pouvez choisir de faire cette \u00e9tape plus tard en choisissant \u00ab <span style=\"color: #e24500;\"><strong>Compl\u00e9ter plus tard <\/strong><\/span>\u00bb sur le bas de cette page.<\/span><\/li>\n<li><span style=\"color: #000000;\">Vous avez maintenant votre propre cha\u00eene YouTube!<\/span><\/li>\n<\/ul>\n<p><span style=\"color: #e24500;\"><strong>Envoyez le lien \u00e0 l\u2019APNB:<\/strong><\/span><\/p>\n<ul>\n<li><span style=\"color: #000000;\">Afin d\u2019envoyer votre lien \u00e0 l\u2019APNB, vous aurez d\u2019abord besoin d\u2019aller sur la page de la vid\u00e9o que vous voulez envoyer, puis copiez <span style=\"color: #e24500;\"><strong>l\u2019URL du site Web<\/strong> <\/span>situ\u00e9 en haut de votre \u00e9cran d\u2019ordinateur. Ensuite, vous pouvez coller l\u2019adresse dans un courriel et l\u2019envoyer \u00e0 l\u2019APNB\u00a0:<span style=\"color: #0000ff;\"> <a style=\"color: #0000ff;\" href=\"mailto:info@ahnb.ca\">info@amnb.ca<\/a>.<\/span><\/span><\/li>\n<\/ul>\n<p><span style=\"color: #e24500;\"><strong>T\u00e9l\u00e9chargement en utilisant une cam\u00e9ra traditionnelle:<\/strong><\/span><\/p>\n<ul>\n<li><span style=\"color: #000000;\">Afin de t\u00e9l\u00e9charger les vid\u00e9oclips de votre cam\u00e9ra \u00e0 votre ordinateur, vous devrez connecter votre cam\u00e9ra \u00e0 votre ordinateur en utilisant le <span style=\"color: #e24500;\"><strong>c\u00e2ble USB <\/strong><\/span>de votre cam\u00e9ra.<\/span><\/li>\n<li><span style=\"color: #000000;\">Ensuite, <span style=\"color: #e24500;\"><strong>allumez votre cam\u00e9ra.<\/strong><\/span><\/span><\/li>\n<li><span style=\"color: #000000;\">Une fen\u00eatre appara\u00eetra avec le contenu de votre cam\u00e9ra;<span style=\"color: #e24500;\"> <strong>s\u00e9lectionnez <\/strong><\/span>les vid\u00e9oclips que vous voulez t\u00e9l\u00e9charger et cliquez<\/span><\/li>\n<li><span style=\"color: #000000;\">Une nouvelle fen\u00eatre appara\u00eetra montrant vos vid\u00e9oclips import\u00e9s.<\/span><\/li>\n<\/ul>\n<p><\/p>","protected":false},"excerpt":{"rendered":"<p>Guide pour pr\u00e9sentations YouTube sur les \u00e9difices patrimoniaux du Nouveau\u2011Brunswick \u00a0L\u2019id\u00e9e de cr\u00e9er des pr\u00e9sentations YouTube sur les \u00e9difices patrimoniaux du Nouveau\u2011Brunswick vient des vid\u00e9os historiques sur la ville de Moncton (printemps [&hellip;]<\/p>\n","protected":false},"author":2,"featured_media":0,"parent":0,"menu_order":0,"comment_status":"closed","ping_status":"closed","template":"","meta":{"_acf_changed":false,"footnotes":""},"class_list":["post-4974","page","type-page","status-publish","hentry"],"acf":[],"_links":{"self":[{"href":"https:\/\/ahnb-apnb.ca\/fr\/wp-json\/wp\/v2\/pages\/4974","targetHints":{"allow":["GET"]}}],"collection":[{"href":"https:\/\/ahnb-apnb.ca\/fr\/wp-json\/wp\/v2\/pages"}],"about":[{"href":"https:\/\/ahnb-apnb.ca\/fr\/wp-json\/wp\/v2\/types\/page"}],"author":[{"embeddable":true,"href":"https:\/\/ahnb-apnb.ca\/fr\/wp-json\/wp\/v2\/users\/2"}],"replies":[{"embeddable":true,"href":"https:\/\/ahnb-apnb.ca\/fr\/wp-json\/wp\/v2\/comments?post=4974"}],"version-history":[{"count":32,"href":"https:\/\/ahnb-apnb.ca\/fr\/wp-json\/wp\/v2\/pages\/4974\/revisions"}],"predecessor-version":[{"id":9041,"href":"https:\/\/ahnb-apnb.ca\/fr\/wp-json\/wp\/v2\/pages\/4974\/revisions\/9041"}],"wp:attachment":[{"href":"https:\/\/ahnb-apnb.ca\/fr\/wp-json\/wp\/v2\/media?parent=4974"}],"curies":[{"name":"wp","href":"https:\/\/api.w.org\/{rel}","templated":true}]}}