{"id":5002,"date":"2020-05-26T16:09:21","date_gmt":"2020-05-26T19:09:21","guid":{"rendered":"https:\/\/ahnb-apnb.ca\/?page_id=5002"},"modified":"2026-03-17T09:17:36","modified_gmt":"2026-03-17T12:17:36","slug":"general-heritage-building-specialists","status":"publish","type":"page","link":"https:\/\/ahnb-apnb.ca\/fr\/general-heritage-building-specialists\/","title":{"rendered":"Sp\u00e9cialistes des \u00e9difices du patrimoine g\u00e9n\u00e9ral"},"content":{"rendered":"<p><strong>Ing\u00e9nieurs<\/strong><\/p>\n\n<table id=\"tablepress-47\" class=\"tablepress tablepress-id-47\">\n<thead>\n<tr class=\"row-1\">\n\t<th class=\"column-1\">Nom du compagnie<\/th><th class=\"column-2\">Informations de contact<\/th><th class=\"column-3\">Remarques<\/th>\n<\/tr>\n<\/thead>\n<tbody>\n<tr class=\"row-2\">\n\t<td class=\"column-1\">Heritage Standing Inc. <br \/>\n<\/td><td class=\"column-2\">Tom Morrison (Ing\u00e9nieur principal)<br \/>\nPO Box 66 Stn A<br \/>\nFredericton, NB<br \/>\nE3B 4Y2<br \/>\n<br \/>\nCourriel: info@heritagestanding.ca<br \/>\n<br \/>\nT\u00e9l: (506) 459-3203<br \/>\n<br \/>\n<a href=\"https:\/\/heritagestanding.ca\/\" rel=\"noopener\" target=\"_blank\">site web (anglais)<\/a><\/td><td class=\"column-3\">certifi\u00e9 par l'ACECP.<br \/>\n<br \/>\nIl est sp\u00e9cialis\u00e9 dans la conception technique ax\u00e9e sur la conservation, l'\u00e9valuation et la r\u00e9habilitation des structures, les plans directeurs, la cr\u00e9ation de plans et de calendriers de conservation r\u00e9alisables et la surveillance de la sant\u00e9 des structures.<\/td>\n<\/tr>\n<\/tbody>\n<\/table>\n<!-- #tablepress-47 from cache -->\n<p><strong>Architectes<\/strong><\/p>\n\n<table id=\"tablepress-48\" class=\"tablepress tablepress-id-48\">\n<thead>\n<tr class=\"row-1\">\n\t<th class=\"column-1\">Compagnie<\/th><th class=\"column-2\">Prestations de service<\/th><th class=\"column-3\">Remarques<\/th>\n<\/tr>\n<\/thead>\n<tbody>\n<tr class=\"row-2\">\n\t<td class=\"column-1\"><\/td><td class=\"column-2\"><\/td><td class=\"column-3\"><\/td>\n<\/tr>\n<tr class=\"row-3\">\n\t<td class=\"column-1\"><\/td><td class=\"column-2\"><\/td><td class=\"column-3\"><\/td>\n<\/tr>\n<tr class=\"row-4\">\n\t<td class=\"column-1\"><\/td><td class=\"column-2\"><\/td><td class=\"column-3\"><\/td>\n<\/tr>\n<tr class=\"row-5\">\n\t<td class=\"column-1\"><\/td><td class=\"column-2\"><\/td><td class=\"column-3\"><\/td>\n<\/tr>\n<\/tbody>\n<\/table>\n<!-- #tablepress-48 from cache -->\n<p><strong>Entrepreneurs g\u00e9n\u00e9raux<\/strong><\/p>\n<p>\n<table id=\"tablepress-49\" class=\"tablepress tablepress-id-49\">\n<thead>\n<tr class=\"row-1\">\n\t<th class=\"column-1\">Nom du compagnie<\/th><th class=\"column-2\">Informations de contact<\/th><th class=\"column-3\">Remarques<\/th>\n<\/tr>\n<\/thead>\n<tbody>\n<tr class=\"row-2\">\n\t<td class=\"column-1\">Rice Contracting<\/td><td class=\"column-2\">800 Salisbury Road<br \/>\nMoncton, NB<br \/>\nE1E 1C5<br \/>\n<br \/>\nT\u00e9l: (506) 855-4044<br \/>\n<br \/>\nFax: (506) 855-4034<br \/>\n<br \/>\n<a href=\"https:\/\/ricecontracting.com\/accueil\" rel=\"noopener\" target=\"_blank\">site web <\/a><\/td><td class=\"column-3\">Plus de 30 ans d'exp\u00e9rience et a construit de nombreux b\u00e2timents importants \u00e0 Moncton, Dieppe et Riverview.<\/td>\n<\/tr>\n<tr class=\"row-3\">\n\t<td class=\"column-1\">SBC Construction<\/td><td class=\"column-2\">282 Main Street<br \/>\nShediac, NB<br \/>\nE4P 2E3<br \/>\n<br \/>\nT\u00e9l: (506) 889-3129<br \/>\nCourriel: sbcconst25@gmail.com<br \/>\n<a href=\"https:\/\/www.facebook.com\/profile.php?id=61585942276283&amp;mibextid=wwXIfr&amp;rdid=wYC1yVQb7r6KDUYR&amp;share_url=https%3A%2F%2Fwww.facebook.com%2Fshare%2F14UMkGBbFWC%2F%3Fmibextid%3DwwXIfr#\" target=\"_blank\">Facebook<\/a><\/td><td class=\"column-3\">Un charpentier certifi\u00e9 Red Seal qui s'int\u00e9resse et poss\u00e8de de l'exp\u00e9rience dans la restauration et la conservation du patrimoine. Il travaille sur des propri\u00e9t\u00e9s patrimoniales depuis 1994. L'entreprise peut s'occuper de la conception, de l'approvisionnement en mat\u00e9riaux, de la reproduction de mod\u00e8les de moulures existants, de styles de balustres, de mains courantes, de d\u00e9tails de portes et de fen\u00eatres, et plus encore. <\/td>\n<\/tr>\n<tr class=\"row-4\">\n\t<td class=\"column-1\">Windsor Construction and Design<\/td><td class=\"column-2\">976 Champlain Street, Suite 202<br \/>\nDieppe, NB<br \/>\nE1A 1P8<br \/>\n<br \/>\nT\u00e9l: (506) 854-8372<br \/>\n<br \/>\nFax: (506) 859-4174<br \/>\n<br \/>\n<a href=\"http:\/\/www.windsorconstruction.ca\/fr\/\" rel=\"noopener\" target=\"_blank\">site web <\/a><\/td><td class=\"column-3\">Plus de 30 ans d'exp\u00e9rience dans la construction et la r\u00e9novation commerciale et r\u00e9sidentielle.<\/td>\n<\/tr>\n<\/tbody>\n<\/table>\n<!-- #tablepress-49 from cache --><\/p>","protected":false},"excerpt":{"rendered":"<p>Ing\u00e9nieurs Architectes Entrepreneurs g\u00e9n\u00e9raux<\/p>\n","protected":false},"author":2,"featured_media":0,"parent":0,"menu_order":0,"comment_status":"closed","ping_status":"closed","template":"","meta":{"_acf_changed":false,"footnotes":""},"class_list":["post-5002","page","type-page","status-publish","hentry"],"acf":[],"_links":{"self":[{"href":"https:\/\/ahnb-apnb.ca\/fr\/wp-json\/wp\/v2\/pages\/5002","targetHints":{"allow":["GET"]}}],"collection":[{"href":"https:\/\/ahnb-apnb.ca\/fr\/wp-json\/wp\/v2\/pages"}],"about":[{"href":"https:\/\/ahnb-apnb.ca\/fr\/wp-json\/wp\/v2\/types\/page"}],"author":[{"embeddable":true,"href":"https:\/\/ahnb-apnb.ca\/fr\/wp-json\/wp\/v2\/users\/2"}],"replies":[{"embeddable":true,"href":"https:\/\/ahnb-apnb.ca\/fr\/wp-json\/wp\/v2\/comments?post=5002"}],"version-history":[{"count":6,"href":"https:\/\/ahnb-apnb.ca\/fr\/wp-json\/wp\/v2\/pages\/5002\/revisions"}],"predecessor-version":[{"id":5132,"href":"https:\/\/ahnb-apnb.ca\/fr\/wp-json\/wp\/v2\/pages\/5002\/revisions\/5132"}],"wp:attachment":[{"href":"https:\/\/ahnb-apnb.ca\/fr\/wp-json\/wp\/v2\/media?parent=5002"}],"curies":[{"name":"wp","href":"https:\/\/api.w.org\/{rel}","templated":true}]}}