{"id":5015,"date":"2020-05-26T16:10:13","date_gmt":"2020-05-26T19:10:13","guid":{"rendered":"https:\/\/ahnb-apnb.ca\/?page_id=5015"},"modified":"2026-03-17T09:17:37","modified_gmt":"2026-03-17T12:17:37","slug":"heritage-carpentry","status":"publish","type":"page","link":"https:\/\/ahnb-apnb.ca\/fr\/heritage-carpentry\/","title":{"rendered":"M\u00e9tiers du patrimoine"},"content":{"rendered":"<p><strong>Des porte<\/strong><\/p>\n\n<table id=\"tablepress-33\" class=\"tablepress tablepress-id-33\">\n<thead>\n<tr class=\"row-1\">\n\t<th class=\"column-1\">Nom du compagnie<\/th><th class=\"column-2\">Informations de contact<\/th><th class=\"column-3\">Remarques<\/th>\n<\/tr>\n<\/thead>\n<tbody>\n<tr class=\"row-2\">\n\t<td class=\"column-1\">Archwood Millwork Inc.<\/td><td class=\"column-2\">Aaron Rasenberg<br \/>\n<br \/>\nFredericton, NB<br \/>\n<br \/>\nT\u00e9l: 1 (506) 609-9060 <br \/>\n<br \/>\nCourriel: aaronrasenberg@hotmail.com<br \/>\n<br \/>\n<a href=\"https:\/\/archwoodmillwork.com\/\" rel=\"noopener\" target=\"_blank\"> site web (anglais)<\/a><br \/>\n<\/td><td class=\"column-3\">A fr\u00e9quent\u00e9 la Willowbank School of Restoration Arts \u00e0 Queenston, en Ontario.<br \/>\n<br \/>\nMenuisier sp\u00e9cialis\u00e9 dans les ch\u00e2ssis de fen\u00eatres et les portes, les d\u00e9tails architecturaux en bois sur mesure, la restauration et la restauration de vitraux et de verres au plomb.<br \/>\n<\/td>\n<\/tr>\n<tr class=\"row-3\">\n\t<td class=\"column-1\">Norwood Windows &amp; Doors<\/td><td class=\"column-2\">249 Chem. Parker,<br \/>\nScoudouc, NB<br \/>\nE4P 3P8<br \/>\n<br \/>\nToll Free: 1-877-534-0908<br \/>\n<br \/>\nT\u00e9l: 506-532-0908<br \/>\n<br \/>\nFax: 506-533-2505<br \/>\n<br \/>\n<br \/>\n<a href=\"https:\/\/norwoodwindows.ca\/\" rel=\"noopener\" target=\"_blank\">site web (anglais)<\/a><\/td><td class=\"column-3\">Sp\u00e9cialis\u00e9 dans les portes et fen\u00eatres en bois \u00e0 faible entretien et \u00e0 haute performance. Met l'accent sur la r\u00e9duction de leur impact environnemental.<\/td>\n<\/tr>\n<\/tbody>\n<\/table>\n<!-- #tablepress-33 from cache -->\n<p><strong>\u00c9lectrique<\/strong><\/p>\n\n<table id=\"tablepress-34\" class=\"tablepress tablepress-id-34\">\n<thead>\n<tr class=\"row-1\">\n\t<th class=\"column-1\">Compagnie<\/th><th class=\"column-2\">Prestations de service<\/th><th class=\"column-3\">Remarques<\/th>\n<\/tr>\n<\/thead>\n<tbody>\n<tr class=\"row-2\">\n\t<td class=\"column-1\"><\/td><td class=\"column-2\"><\/td><td class=\"column-3\"><\/td>\n<\/tr>\n<tr class=\"row-3\">\n\t<td class=\"column-1\"><\/td><td class=\"column-2\"><\/td><td class=\"column-3\"><\/td>\n<\/tr>\n<tr class=\"row-4\">\n\t<td class=\"column-1\"><\/td><td class=\"column-2\"><\/td><td class=\"column-3\"><\/td>\n<\/tr>\n<tr class=\"row-5\">\n\t<td class=\"column-1\"><\/td><td class=\"column-2\"><\/td><td class=\"column-3\"><\/td>\n<\/tr>\n<\/tbody>\n<\/table>\n<!-- #tablepress-34 from cache -->\n<p><strong>Sol<\/strong><\/p>\n\n<table id=\"tablepress-35\" class=\"tablepress tablepress-id-35\">\n<thead>\n<tr class=\"row-1\">\n\t<th class=\"column-1\">Compagnie<\/th><th class=\"column-2\">Prestations de service<\/th><th class=\"column-3\">Remarques<\/th>\n<\/tr>\n<\/thead>\n<tbody>\n<tr class=\"row-2\">\n\t<td class=\"column-1\"><\/td><td class=\"column-2\"><\/td><td class=\"column-3\"><\/td>\n<\/tr>\n<tr class=\"row-3\">\n\t<td class=\"column-1\"><\/td><td class=\"column-2\"><\/td><td class=\"column-3\"><\/td>\n<\/tr>\n<tr class=\"row-4\">\n\t<td class=\"column-1\"><\/td><td class=\"column-2\"><\/td><td class=\"column-3\"><\/td>\n<\/tr>\n<tr class=\"row-5\">\n\t<td class=\"column-1\"><\/td><td class=\"column-2\"><\/td><td class=\"column-3\"><\/td>\n<\/tr>\n<\/tbody>\n<\/table>\n<!-- #tablepress-35 from cache -->\n<p><strong>Ma\u00e7onnerie<\/strong><\/p>\n\n<table id=\"tablepress-36\" class=\"tablepress tablepress-id-36\">\n<thead>\n<tr class=\"row-1\">\n\t<th class=\"column-1\">Nom du compagnie<\/th><th class=\"column-2\">Informations de contact<\/th><th class=\"column-3\">Remarques<\/th>\n<\/tr>\n<\/thead>\n<tbody>\n<tr class=\"row-2\">\n\t<td class=\"column-1\">Acadia Bricklayers Ltd.<br \/>\n<\/td><td class=\"column-2\">Ron Cormier<br \/>\n373 Urquhart Ave, Moncton, NB<br \/>\nE1H 2R4<br \/>\n<br \/>\nT\u00e9l: (506) 854-7880<br \/>\nFax: (506) 854-7878<\/td><td class=\"column-3\">Au service du Canada atlantique.<br \/>\n<br \/>\nEntrepreneur en ma\u00e7onnerie certifi\u00e9 par l'ACECP.<br \/>\nForm\u00e9 en r\u00e9paration de pierres naturelles avec 30 ans d'exp\u00e9rience en restauration. Travaille \u00e9galement dans le rejointoiement, le briquetage, la ma\u00e7onnerie, les r\u00e9parations, l'installation, l'imperm\u00e9abilisation et le nettoyage ext\u00e9rieur (chimique et micro-abrasif).<\/td>\n<\/tr>\n<tr class=\"row-3\">\n\t<td class=\"column-1\">Brian Frost Masonry<\/td><td class=\"column-2\">422 Kerrs Ridge Rd, Bocabec, NB <br \/>\nE5B 3L4<br \/>\n<br \/>\nT\u00e9l: (506) 529-8278<\/td><td class=\"column-3\">Au service du comt\u00e9 de Charlotte et du sud-ouest du Nouveau-Brunswick.<br \/>\n<br \/>\nMa\u00e7on certifi\u00e9 national et WETT. Installateur JAHN. Travaille sur des projets r\u00e9sidentiels et<br \/>\npetits projets commerciaux ou institutionnels. Fournit des services complets de ma\u00e7onnerie, sp\u00e9cialis\u00e9 dans la brique et la pierre finement travaill\u00e9es \u00e0 la main.<\/td>\n<\/tr>\n<tr class=\"row-4\">\n\t<td class=\"column-1\">Division 4Contracting Ltd.<\/td><td class=\"column-2\">Moncton, NB<br \/>\n<br \/>\nT\u00e9l: (506) 866-1966<\/td><td class=\"column-3\"><\/td>\n<\/tr>\n<tr class=\"row-5\">\n\t<td class=\"column-1\">Fundy Stonecraft<br \/>\n<\/td><td class=\"column-2\">Scott Harris<br \/>\n11 School Ln,<br \/>\nSackville, NB<br \/>\nE4L 3J8<br \/>\n<br \/>\ncourriel: fundystonecraft@gmail.com<br \/>\n<br \/>\nT\u00e9l: (506) 233-0553<br \/>\n<br \/>\n<a href=\"https:\/\/fundystonecraft.ca\/\" rel=\"noopener\" target=\"_blank\">site web (anglais)<\/a><\/td><td class=\"column-3\">Au service de tout le Canada atlantique.<br \/>\n<br \/>\nCertifi\u00e9 par l'ACECP.<br \/>\n\u00c9galement membre de l'Association des techniques de pr\u00e9servation.<br \/>\nExpertise en sculpture sur pierre, en planification de la conservation de la ma\u00e7onnerie et en ma\u00e7onnerie de pierre.<\/td>\n<\/tr>\n<tr class=\"row-6\">\n\t<td class=\"column-1\">Gerry Graves<br \/>\n<\/td><td class=\"column-2\">Saint John, NB<br \/>\n<br \/>\nEmail: gerrygraves@hotmail.com<\/td><td class=\"column-3\">Il dessert principalement le centre-ville de Saint John, mais il est pr\u00eat \u00e0 consid\u00e9rer d'autres r\u00e9gions du Nouveau-Brunswick.<br \/>\n<br \/>\n35 ans d'exp\u00e9rience en ma\u00e7onnerie. Plus de 10 ans d'exp\u00e9rience dans la pose de mat\u00e9riaux r\u00e9fractaires.<br \/>\nSp\u00e9cialis\u00e9 dans l'\u00e9tayage d'ouvertures, la r\u00e9paration de linteaux ou de chev\u00eatres et de seuils, le jointoiement, le tuckpointing, les arches, le remplacement de la ma\u00e7onnerie d'argile, la d\u00e9molition et la reconstruction selon les lignes directrices de Patrimoine NB.<\/td>\n<\/tr>\n<tr class=\"row-7\">\n\t<td class=\"column-1\">G&amp;M Masonry (1981) Ltd.<\/td><td class=\"column-2\">Greater Lakeburn, NB<br \/>\n<br \/>\nT\u00e9l: (506) 858-5121<\/td><td class=\"column-3\"><\/td>\n<\/tr>\n<tr class=\"row-8\">\n\t<td class=\"column-1\">Jones Masonry Ltd.<\/td><td class=\"column-2\">Joey Jones<br \/>\n440 Urquhart Cres, Fredericton, NB<br \/>\nE3B 8K5<br \/>\n<br \/>\ncourriel: info@jonesmasonry.ca<br \/>\n<br \/>\nT\u00e9l: (506) 450-9715<br \/>\n<br \/>\n<a href=\"https:\/\/www.jonesmasonry.ca\/\" rel=\"noopener\" target=\"_blank\">site web (anglais)<\/a><\/td><td class=\"column-3\">Au service du Nouveau-Brunswick et de la Nouvelle-\u00c9cosse.<br \/>\n<br \/>\nPlus de 30 ans d'exp\u00e9rience en r\u00e9paration de ma\u00e7onnerie. Ils ont l'exp\u00e9rience du travail avec les b\u00e2timents historiques et offrent des services tels que la restauration historique, le nettoyage, le rejointoiement, la ma\u00e7onnerie en pierre naturelle et en pierre de culture, l'imperm\u00e9abilisation, la r\u00e9paration des fondations, la r\u00e9paration des chemin\u00e9es, et plus encore.<\/td>\n<\/tr>\n<tr class=\"row-9\">\n\t<td class=\"column-1\">Legacy Masonry<\/td><td class=\"column-2\">18 Bernice Ct,<br \/>\nSaint John, NB<br \/>\nE2J 0J1<br \/>\n<br \/>\ncourriel: legacymasonrysj@gmail.com<br \/>\n<br \/>\nT\u00e9l: (506) 645-7928<\/td><td class=\"column-3\">Exp\u00e9rience dans la restauration de la ma\u00e7onnerie.<\/td>\n<\/tr>\n<tr class=\"row-10\">\n\t<td class=\"column-1\">Masontech Inc.<\/td><td class=\"column-2\">Fredericton, NB<br \/>\n<br \/>\nT\u00e9l: (506) 458-8020<\/td><td class=\"column-3\"><\/td>\n<\/tr>\n<tr class=\"row-11\">\n\t<td class=\"column-1\">Vintage Brick &amp; Stone Inc.<\/td><td class=\"column-2\">Martin Landry<br \/>\n707 Malenfant Blvd Suite A,<br \/>\nDieppe, NB<br \/>\nE1A 5T8<br \/>\n<br \/>\ncourriel: info@vintagebrickstone.ca<br \/>\n<br \/>\nT\u00e9l: (506) 388-8897<br \/>\n<br \/>\n<a href=\"https:\/\/vintagebrickstone.ca\/\" rel=\"noopener\" target=\"_blank\">site web (anglais)<\/a><\/td><td class=\"column-3\">Au service de tout le Canada atlantique.<br \/>\n<br \/>\nCertifi\u00e9 par l'Universit\u00e9 Dalhousie en restauration de la ma\u00e7onnerie \u00e9tudes de cas en structure patrimoniale et b\u00e2timents anciens.<br \/>\nSp\u00e9cialis\u00e9 dans la ma\u00e7onnerie, la restauration patrimoniale, le rejointoiement, la r\u00e9paration de l'enveloppe du b\u00e2timent et les travaux sur mesure.<\/td>\n<\/tr>\n<tr class=\"row-12\">\n\t<td class=\"column-1\">Wildwood Masonry Ltd.<br \/>\n<\/td><td class=\"column-2\">Rob Dyker<br \/>\n875 Bayside Dr,<br \/>\nSaint John, NB<br \/>\nE2L 3V9<br \/>\n<br \/>\ncourriel: rob@wildwoodmasonry.ca<br \/>\n<br \/>\nT\u00e9l: (506) 632-1034<br \/>\n<br \/>\nFax: (506) 632-9194<\/td><td class=\"column-3\">Au service de tout le Nouveau-Brunswick.<br \/>\n<br \/>\nCertifi\u00e9 par l'ACECP (plus de 30 ans d'exp\u00e9rience).<br \/>\nForm\u00e9 \u00e0 la r\u00e9paration de la pierre naturelle.<br \/>\nSp\u00e9cialis\u00e9 dans la restauration de ma\u00e7onnerie, le rejointoiement, la reconstruction, la r\u00e9paration et l'installation de pierres, l'imperm\u00e9abilisation et le nettoyage ext\u00e9rieur (chimique et micro-abrasif).<\/td>\n<\/tr>\n<\/tbody>\n<\/table>\n<!-- #tablepress-36 from cache -->\n<p><strong>Pl\u00e2triers<\/strong><\/p>\n\n<table id=\"tablepress-37\" class=\"tablepress tablepress-id-37\">\n<thead>\n<tr class=\"row-1\">\n\t<th class=\"column-1\">Compagnie<\/th><th class=\"column-2\">Prestations de service<\/th><th class=\"column-3\">Remarques<\/th>\n<\/tr>\n<\/thead>\n<tbody>\n<tr class=\"row-2\">\n\t<td class=\"column-1\"><\/td><td class=\"column-2\"><\/td><td class=\"column-3\"><\/td>\n<\/tr>\n<tr class=\"row-3\">\n\t<td class=\"column-1\"><\/td><td class=\"column-2\"><\/td><td class=\"column-3\"><\/td>\n<\/tr>\n<tr class=\"row-4\">\n\t<td class=\"column-1\"><\/td><td class=\"column-2\"><\/td><td class=\"column-3\"><\/td>\n<\/tr>\n<tr class=\"row-5\">\n\t<td class=\"column-1\"><\/td><td class=\"column-2\"><\/td><td class=\"column-3\"><\/td>\n<\/tr>\n<\/tbody>\n<\/table>\n<!-- #tablepress-37 from cache -->\n<p><strong>Toiture<\/strong><\/p>\n\n<table id=\"tablepress-38\" class=\"tablepress tablepress-id-38\">\n<thead>\n<tr class=\"row-1\">\n\t<th class=\"column-1\">Compagnie<\/th><th class=\"column-2\">Prestations de service<\/th><th class=\"column-3\">Remarques<\/th>\n<\/tr>\n<\/thead>\n<tbody>\n<tr class=\"row-2\">\n\t<td class=\"column-1\"><\/td><td class=\"column-2\"><\/td><td class=\"column-3\"><\/td>\n<\/tr>\n<tr class=\"row-3\">\n\t<td class=\"column-1\"><\/td><td class=\"column-2\"><\/td><td class=\"column-3\"><\/td>\n<\/tr>\n<tr class=\"row-4\">\n\t<td class=\"column-1\"><\/td><td class=\"column-2\"><\/td><td class=\"column-3\"><\/td>\n<\/tr>\n<tr class=\"row-5\">\n\t<td class=\"column-1\"><\/td><td class=\"column-2\"><\/td><td class=\"column-3\"><\/td>\n<\/tr>\n<\/tbody>\n<\/table>\n<!-- #tablepress-38 from cache -->\n<p><strong>Volets<\/strong><\/p>\n\n<table id=\"tablepress-39\" class=\"tablepress tablepress-id-39\">\n<thead>\n<tr class=\"row-1\">\n\t<th class=\"column-1\">Compagnie<\/th><th class=\"column-2\">Prestations de service<\/th><th class=\"column-3\">Remarques<\/th>\n<\/tr>\n<\/thead>\n<tbody>\n<tr class=\"row-2\">\n\t<td class=\"column-1\"><\/td><td class=\"column-2\"><\/td><td class=\"column-3\"><\/td>\n<\/tr>\n<tr class=\"row-3\">\n\t<td class=\"column-1\"><\/td><td class=\"column-2\"><\/td><td class=\"column-3\"><\/td>\n<\/tr>\n<tr class=\"row-4\">\n\t<td class=\"column-1\"><\/td><td class=\"column-2\"><\/td><td class=\"column-3\"><\/td>\n<\/tr>\n<tr class=\"row-5\">\n\t<td class=\"column-1\"><\/td><td class=\"column-2\"><\/td><td class=\"column-3\"><\/td>\n<\/tr>\n<\/tbody>\n<\/table>\n<!-- #tablepress-39 from cache -->\n<p><strong>Stuc<\/strong><\/p>\n\n<table id=\"tablepress-40\" class=\"tablepress tablepress-id-40\">\n<thead>\n<tr class=\"row-1\">\n\t<th class=\"column-1\">Nom du compagnie<\/th><th class=\"column-2\">Informations de contact<\/th><th class=\"column-3\">Remarques<\/th>\n<\/tr>\n<\/thead>\n<tbody>\n<tr class=\"row-2\">\n\t<td class=\"column-1\">Vintage Textured Wall Systems Inc.<\/td><td class=\"column-2\">Martin Landry<br \/>\n707 Malenfant Blvd, Suite B,<br \/>\nDieppe, NB,<br \/>\nE1A 5T8<br \/>\n<br \/>\nCourriel: info@vintagewalls.ca<br \/>\n<br \/>\nT\u00e9l: (506) 388-8897<br \/>\n<br \/>\nFax:(506) 872-1873<br \/>\n<br \/>\n<a href=\"https:\/\/vintagewalls.ca\/home\" rel=\"noopener\" target=\"_blank\">site web (anglais)<\/a><\/td><td class=\"column-3\">Certifi\u00e9 par l'Universit\u00e9 Dalhousie pour la restauration de la ma\u00e7onnerie des structures patrimoniales et des b\u00e2timents anciens.<br \/>\n<br \/>\nSp\u00e9cialis\u00e9 dans le syst\u00e8me de finition isol\u00e9e par l'ext\u00e9rieur, un produit polyvalent et rentable pour les d\u00e9tails architecturaux.<\/td>\n<\/tr>\n<\/tbody>\n<\/table>\n<!-- #tablepress-40 from cache -->\n<p><strong>les fen\u00eatres<\/strong><\/p>\n\n<table id=\"tablepress-41\" class=\"tablepress tablepress-id-41\">\n<thead>\n<tr class=\"row-1\">\n\t<th class=\"column-1\">Nom du compagnie<\/th><th class=\"column-2\">Informations de contact\t<\/th><th class=\"column-3\">Remarques<\/th>\n<\/tr>\n<\/thead>\n<tbody>\n<tr class=\"row-2\">\n\t<td class=\"column-1\">Archwood Millwork Inc.<\/td><td class=\"column-2\">Aaron Rasenberg<br \/>\n<br \/>\nFredericton, NB<br \/>\n<br \/>\nT\u00e9l: 1 (506) 609-9060 <br \/>\n<br \/>\nCourriel: aaronrasenberg@hotmail.com<br \/>\n<br \/>\n<a href=\"https:\/\/archwoodmillwork.com\/\" rel=\"noopener\" target=\"_blank\"> site web (anglais)<\/a><br \/>\n<\/td><td class=\"column-3\">A fr\u00e9quent\u00e9 la Willowbank School of Restoration Arts \u00e0 Queenston, en Ontario.<br \/>\n<br \/>\nMenuisier sp\u00e9cialis\u00e9 dans les ch\u00e2ssis de fen\u00eatres et les portes, les d\u00e9tails architecturaux en bois sur mesure, la restauration et la restauration de vitraux et de verres au plomb.<br \/>\n<\/td>\n<\/tr>\n<tr class=\"row-3\">\n\t<td class=\"column-1\">Norwood Windows &amp; Doors<\/td><td class=\"column-2\">249 Chem. Parker,<br \/>\nScoudouc, NB<br \/>\nE4P 3P8<br \/>\n<br \/>\nToll Free: 1-877-534-0908<br \/>\n<br \/>\nT\u00e9l: 506-532-0908<br \/>\n<br \/>\nFax: 506-533-2505<br \/>\n<br \/>\n<br \/>\n<a href=\"https:\/\/norwoodwindows.ca\/\" rel=\"noopener\" target=\"_blank\">site web (anglais)<\/a><\/td><td class=\"column-3\">Sp\u00e9cialis\u00e9 dans les portes et fen\u00eatres en bois \u00e0 faible entretien et \u00e0 haute performance. Met l'accent sur la r\u00e9duction de leur impact environnemental.<\/td>\n<\/tr>\n<tr class=\"row-4\">\n\t<td class=\"column-1\">Ultimate Windows, Doors, and More<\/td><td class=\"column-2\">382 Rothesay Ave.,<br \/>\nSaint John, NB<br \/>\nE2J 2C4 <br \/>\n<br \/>\nPh: 506-657-4555<br \/>\nEmail: infosj@ultimatewindows.ca<br \/>\n<br \/>\nor<br \/>\n<br \/>\n600 Alison Blvd.,<br \/>\nFredericton, NB<br \/>\nE3C 2S5<br \/>\n<br \/>\nPh: 506-472-4555<br \/>\nEmail: info@ultimatewindows.ca<br \/>\n<br \/>\n<a href=\"https:\/\/www.ultimatewindows.ca\/\" rel=\"noopener\" target=\"_blank\">site web (anglais)<\/a><\/td><td class=\"column-3\">Pr\u00e8s de deux d\u00e9cennies d'exp\u00e9rience dans l'installation et la fourniture de fen\u00eatres de qualit\u00e9 dans les Maritimes. Installe des fen\u00eatres Marvin \u00e0 guillotine double, dont l'esth\u00e9tique est traditionnelle et qui permettent une ventilation par le haut, le bas ou les deux.<\/td>\n<\/tr>\n<\/tbody>\n<\/table>\n<!-- #tablepress-41 from cache -->\n<p>&nbsp;<\/p>","protected":false},"excerpt":{"rendered":"<p>Des porte \u00c9lectrique Sol Ma\u00e7onnerie Pl\u00e2triers Toiture Volets Stuc les fen\u00eatres &nbsp;<\/p>\n","protected":false},"author":2,"featured_media":0,"parent":0,"menu_order":0,"comment_status":"closed","ping_status":"closed","template":"","meta":{"_acf_changed":false,"footnotes":""},"class_list":["post-5015","page","type-page","status-publish","hentry"],"acf":[],"_links":{"self":[{"href":"https:\/\/ahnb-apnb.ca\/fr\/wp-json\/wp\/v2\/pages\/5015","targetHints":{"allow":["GET"]}}],"collection":[{"href":"https:\/\/ahnb-apnb.ca\/fr\/wp-json\/wp\/v2\/pages"}],"about":[{"href":"https:\/\/ahnb-apnb.ca\/fr\/wp-json\/wp\/v2\/types\/page"}],"author":[{"embeddable":true,"href":"https:\/\/ahnb-apnb.ca\/fr\/wp-json\/wp\/v2\/users\/2"}],"replies":[{"embeddable":true,"href":"https:\/\/ahnb-apnb.ca\/fr\/wp-json\/wp\/v2\/comments?post=5015"}],"version-history":[{"count":5,"href":"https:\/\/ahnb-apnb.ca\/fr\/wp-json\/wp\/v2\/pages\/5015\/revisions"}],"predecessor-version":[{"id":5458,"href":"https:\/\/ahnb-apnb.ca\/fr\/wp-json\/wp\/v2\/pages\/5015\/revisions\/5458"}],"wp:attachment":[{"href":"https:\/\/ahnb-apnb.ca\/fr\/wp-json\/wp\/v2\/media?parent=5015"}],"curies":[{"name":"wp","href":"https:\/\/api.w.org\/{rel}","templated":true}]}}