{"id":5036,"date":"2020-05-26T16:12:55","date_gmt":"2020-05-26T19:12:55","guid":{"rendered":"https:\/\/ahnb-apnb.ca\/?page_id=5036"},"modified":"2026-03-17T09:17:37","modified_gmt":"2026-03-17T12:17:37","slug":"other-heritage-restoration-specialties","status":"publish","type":"page","link":"https:\/\/ahnb-apnb.ca\/fr\/other-heritage-restoration-specialties\/","title":{"rendered":"Autres sp\u00e9cialit\u00e9s de restauration du patrimoine"},"content":{"rendered":"<p><strong>Restauration de grange<\/strong><\/p>\n\n<table id=\"tablepress-42\" class=\"tablepress tablepress-id-42\">\n<thead>\n<tr class=\"row-1\">\n\t<th class=\"column-1\">Compagnie<\/th><th class=\"column-2\">Prestations de service<\/th><th class=\"column-3\">Remarques<\/th>\n<\/tr>\n<\/thead>\n<tbody>\n<tr class=\"row-2\">\n\t<td class=\"column-1\"><\/td><td class=\"column-2\"><\/td><td class=\"column-3\"><\/td>\n<\/tr>\n<tr class=\"row-3\">\n\t<td class=\"column-1\"><\/td><td class=\"column-2\"><\/td><td class=\"column-3\"><\/td>\n<\/tr>\n<tr class=\"row-4\">\n\t<td class=\"column-1\"><\/td><td class=\"column-2\"><\/td><td class=\"column-3\"><\/td>\n<\/tr>\n<tr class=\"row-5\">\n\t<td class=\"column-1\"><\/td><td class=\"column-2\"><\/td><td class=\"column-3\"><\/td>\n<\/tr>\n<\/tbody>\n<\/table>\n\n<p><strong>Restauration de cimeti\u00e8re et de pierre tombale<\/strong><\/p>\n\n<table id=\"tablepress-43\" class=\"tablepress tablepress-id-43\">\n<thead>\n<tr class=\"row-1\">\n\t<th class=\"column-1\">Nom du compagnie<\/th><th class=\"column-2\">Informations de contact<\/th><th class=\"column-3\">Remarques<\/th>\n<\/tr>\n<\/thead>\n<tbody>\n<tr class=\"row-2\">\n\t<td class=\"column-1\">Fundy Stonecraft<\/td><td class=\"column-2\">Scott Harris<br \/>\n11 School Ln,<br \/>\nSackville, NB<br \/>\nE4L 3J8<br \/>\n<br \/>\ncourriel: fundystonecraft@gmail.com<br \/>\n<br \/>\nT\u00e9l: (506) 233-0553<br \/>\n<br \/>\n<a href=\"https:\/\/fundystonecraft.ca\/\" rel=\"noopener\" target=\"_blank\">site web (anglais)<\/a><\/td><td class=\"column-3\">Au service de tout le Canada atlantique.<br \/>\n<br \/>\nCertifi\u00e9 par l'ACECP.<br \/>\n\u00c9galement membre de l'Association des techniques de pr\u00e9servation.<br \/>\nExpertise en sculpture sur pierre, en planification de la conservation de la ma\u00e7onnerie et en ma\u00e7onnerie de pierre.<\/td>\n<\/tr>\n<tr class=\"row-3\">\n\t<td class=\"column-1\">Monuments Ste-Anne<br \/>\n<\/td><td class=\"column-2\">945 Boul. des Acadiens, Bertrand, NB<br \/>\nE1W 1H5<br \/>\n<br \/>\nCourriel: steanne@nb.sympatico.ca<br \/>\n<br \/>\nT\u00e9l: (506) 727-7111<br \/>\n<br \/>\n<a href=\"https:\/\/www.facebook.com\/monuments.steanne\" rel=\"noopener\" target=\"_blank\">site web <\/a><\/td><td class=\"column-3\">Sp\u00e9cialis\u00e9 dans la cr\u00e9ation et la restauration de monuments, notamment de monuments comm\u00e9moratifs et de pierres tombales.<\/td>\n<\/tr>\n<\/tbody>\n<\/table>\n\n<p><strong>Peintres<\/strong><\/p>\n\n<table id=\"tablepress-44\" class=\"tablepress tablepress-id-44\">\n<thead>\n<tr class=\"row-1\">\n\t<th class=\"column-1\">Nom du compagnie<\/th><th class=\"column-2\">Informations de contact<\/th><th class=\"column-3\">Remarques<\/th>\n<\/tr>\n<\/thead>\n<tbody>\n<tr class=\"row-2\">\n\t<td class=\"column-1\">Pinnacle Painting and Renovation<\/td><td class=\"column-2\">126C Hampton Rd #179,<br \/>\nRothesay, NB<br \/>\nE2E 2N6<br \/>\n<br \/>\nCourriel: admin@pinnaclepainting.ca<br \/>\n<br \/>\nT\u00e9l: (506) 609-3748<br \/>\n<br \/>\n<a href=\"https:\/\/pinnaclepainting.ca\/\" rel=\"noopener\" target=\"_blank\">site web (anglais)<\/a><\/td><td class=\"column-3\">Plus de 10 ans d'exp\u00e9rience au service de Saint John, Rothesay et Quispamsis. Ils fournissent un service pour les projets de peinture r\u00e9sidentiels et commerciaux. Ils font \u00e9galement de la peinture ext\u00e9rieure et de l'\u00e9b\u00e9nisterie.<\/td>\n<\/tr>\n<\/tbody>\n<\/table>\n\n<p><strong>D\u00e9m\u00e9nagement<\/strong><\/p>\n\n<table id=\"tablepress-45\" class=\"tablepress tablepress-id-45\">\n<thead>\n<tr class=\"row-1\">\n\t<th class=\"column-1\">Compagnie<\/th><th class=\"column-2\">Prestations de service<\/th><th class=\"column-3\">Remarques<\/th>\n<\/tr>\n<\/thead>\n<tbody>\n<tr class=\"row-2\">\n\t<td class=\"column-1\"><\/td><td class=\"column-2\"><\/td><td class=\"column-3\"><\/td>\n<\/tr>\n<tr class=\"row-3\">\n\t<td class=\"column-1\"><\/td><td class=\"column-2\"><\/td><td class=\"column-3\"><\/td>\n<\/tr>\n<tr class=\"row-4\">\n\t<td class=\"column-1\"><\/td><td class=\"column-2\"><\/td><td class=\"column-3\"><\/td>\n<\/tr>\n<tr class=\"row-5\">\n\t<td class=\"column-1\"><\/td><td class=\"column-2\"><\/td><td class=\"column-3\"><\/td>\n<\/tr>\n<\/tbody>\n<\/table>\n\n<p><strong>Signalisation<\/strong><\/p>\n<p>\n<table id=\"tablepress-46\" class=\"tablepress tablepress-id-46\">\n<thead>\n<tr class=\"row-1\">\n\t<th class=\"column-1\">Nom du compagnie<\/th><th class=\"column-2\">Informations de contact<\/th><th class=\"column-3\">Remarques<\/th>\n<\/tr>\n<\/thead>\n<tbody>\n<tr class=\"row-2\">\n\t<td class=\"column-1\">Design Art Signs Inc.<br \/>\n<\/td><td class=\"column-2\">Rick Waters<br \/>\n200 Germain Street W,<br \/>\nSaint John, NB<br \/>\nE2M 2G4<br \/>\n<br \/>\nCourriel: salesinfo@designartsigns.com<br \/>\n<br \/>\nT\u00e9l: (506) 648-1893<br \/>\n<br \/>\n<a href=\"https:\/\/www.designartsigns.com\/\" rel=\"noopener\" target=\"_blank\">site web (anglais)<\/a><\/td><td class=\"column-3\">Entreprise laur\u00e9ate d'un prix du patrimoine.<br \/>\nElle est sp\u00e9cialis\u00e9e dans la conception, la fabrication et l'installation d'enseignes imprim\u00e9es, dimensionnelles, lumineuses et au n\u00e9on.<\/td>\n<\/tr>\n<\/tbody>\n<\/table>\n<\/p>","protected":false},"excerpt":{"rendered":"<p>Restauration de grange Restauration de cimeti\u00e8re et de pierre tombale Peintres D\u00e9m\u00e9nagement Signalisation<\/p>\n","protected":false},"author":2,"featured_media":0,"parent":0,"menu_order":0,"comment_status":"closed","ping_status":"closed","template":"","meta":{"_acf_changed":false,"footnotes":""},"class_list":["post-5036","page","type-page","status-publish","hentry"],"acf":[],"_links":{"self":[{"href":"https:\/\/ahnb-apnb.ca\/fr\/wp-json\/wp\/v2\/pages\/5036","targetHints":{"allow":["GET"]}}],"collection":[{"href":"https:\/\/ahnb-apnb.ca\/fr\/wp-json\/wp\/v2\/pages"}],"about":[{"href":"https:\/\/ahnb-apnb.ca\/fr\/wp-json\/wp\/v2\/types\/page"}],"author":[{"embeddable":true,"href":"https:\/\/ahnb-apnb.ca\/fr\/wp-json\/wp\/v2\/users\/2"}],"replies":[{"embeddable":true,"href":"https:\/\/ahnb-apnb.ca\/fr\/wp-json\/wp\/v2\/comments?post=5036"}],"version-history":[{"count":5,"href":"https:\/\/ahnb-apnb.ca\/fr\/wp-json\/wp\/v2\/pages\/5036\/revisions"}],"predecessor-version":[{"id":5125,"href":"https:\/\/ahnb-apnb.ca\/fr\/wp-json\/wp\/v2\/pages\/5036\/revisions\/5125"}],"wp:attachment":[{"href":"https:\/\/ahnb-apnb.ca\/fr\/wp-json\/wp\/v2\/media?parent=5036"}],"curies":[{"name":"wp","href":"https:\/\/api.w.org\/{rel}","templated":true}]}}