{"id":5050,"date":"2020-05-26T16:10:47","date_gmt":"2020-05-26T19:10:47","guid":{"rendered":"https:\/\/ahnb-apnb.ca\/?page_id=5050"},"modified":"2026-03-17T09:17:37","modified_gmt":"2026-03-17T12:17:37","slug":"materials","status":"publish","type":"page","link":"https:\/\/ahnb-apnb.ca\/fr\/materials\/","title":{"rendered":"Mat\u00e9riaux"},"content":{"rendered":"<p><strong>Fournisseurs de bois de sp\u00e9cialit\u00e9<\/strong><\/p>\n\n<table id=\"tablepress-51\" class=\"tablepress tablepress-id-51\">\n<thead>\n<tr class=\"row-1\">\n\t<th class=\"column-1\">Compagnie<\/th><th class=\"column-2\">Prestations de service<\/th><th class=\"column-3\">Remarques<\/th>\n<\/tr>\n<\/thead>\n<tbody>\n<tr class=\"row-2\">\n\t<td class=\"column-1\"><\/td><td class=\"column-2\"><\/td><td class=\"column-3\"><\/td>\n<\/tr>\n<tr class=\"row-3\">\n\t<td class=\"column-1\"><\/td><td class=\"column-2\"><\/td><td class=\"column-3\"><\/td>\n<\/tr>\n<tr class=\"row-4\">\n\t<td class=\"column-1\"><\/td><td class=\"column-2\"><\/td><td class=\"column-3\"><\/td>\n<\/tr>\n<tr class=\"row-5\">\n\t<td class=\"column-1\"><\/td><td class=\"column-2\"><\/td><td class=\"column-3\"><\/td>\n<\/tr>\n<\/tbody>\n<\/table>\n<!-- #tablepress-51 from cache -->\n<p><strong>Fabricants et fournisseurs de peinture<\/strong><\/p>\n\n<table id=\"tablepress-52\" class=\"tablepress tablepress-id-52\">\n<thead>\n<tr class=\"row-1\">\n\t<th class=\"column-1\">Compagnie<\/th><th class=\"column-2\">Prestations de service<\/th><th class=\"column-3\">Remarques<\/th>\n<\/tr>\n<\/thead>\n<tbody>\n<tr class=\"row-2\">\n\t<td class=\"column-1\"><\/td><td class=\"column-2\"><\/td><td class=\"column-3\"><\/td>\n<\/tr>\n<tr class=\"row-3\">\n\t<td class=\"column-1\"><\/td><td class=\"column-2\"><\/td><td class=\"column-3\"><\/td>\n<\/tr>\n<tr class=\"row-4\">\n\t<td class=\"column-1\"><\/td><td class=\"column-2\"><\/td><td class=\"column-3\"><\/td>\n<\/tr>\n<tr class=\"row-5\">\n\t<td class=\"column-1\"><\/td><td class=\"column-2\"><\/td><td class=\"column-3\"><\/td>\n<\/tr>\n<\/tbody>\n<\/table>\n<!-- #tablepress-52 from cache -->\n<p><strong>Mat\u00e9riaux patrimoniaux recycl\u00e9s<\/strong><\/p>\n\n<table id=\"tablepress-53\" class=\"tablepress tablepress-id-53\">\n<thead>\n<tr class=\"row-1\">\n\t<th class=\"column-1\">Compagnie<\/th><th class=\"column-2\">Prestations de service<\/th><th class=\"column-3\">Remarques<\/th>\n<\/tr>\n<\/thead>\n<tbody>\n<tr class=\"row-2\">\n\t<td class=\"column-1\"><\/td><td class=\"column-2\"><\/td><td class=\"column-3\"><\/td>\n<\/tr>\n<tr class=\"row-3\">\n\t<td class=\"column-1\"><\/td><td class=\"column-2\"><\/td><td class=\"column-3\"><\/td>\n<\/tr>\n<tr class=\"row-4\">\n\t<td class=\"column-1\"><\/td><td class=\"column-2\"><\/td><td class=\"column-3\"><\/td>\n<\/tr>\n<tr class=\"row-5\">\n\t<td class=\"column-1\"><\/td><td class=\"column-2\"><\/td><td class=\"column-3\"><\/td>\n<\/tr>\n<\/tbody>\n<\/table>\n<!-- #tablepress-53 from cache -->\n<p><strong>Styles patrimoniaux &#8211; Fen\u00eatres et portes<\/strong><\/p>","protected":false},"excerpt":{"rendered":"<p>Fournisseurs de bois de sp\u00e9cialit\u00e9 Fabricants et fournisseurs de peinture Mat\u00e9riaux patrimoniaux recycl\u00e9s Styles patrimoniaux &#8211; Fen\u00eatres et portes<\/p>\n","protected":false},"author":2,"featured_media":0,"parent":0,"menu_order":0,"comment_status":"closed","ping_status":"closed","template":"","meta":{"_acf_changed":false,"footnotes":""},"class_list":["post-5050","page","type-page","status-publish","hentry"],"acf":[],"_links":{"self":[{"href":"https:\/\/ahnb-apnb.ca\/fr\/wp-json\/wp\/v2\/pages\/5050","targetHints":{"allow":["GET"]}}],"collection":[{"href":"https:\/\/ahnb-apnb.ca\/fr\/wp-json\/wp\/v2\/pages"}],"about":[{"href":"https:\/\/ahnb-apnb.ca\/fr\/wp-json\/wp\/v2\/types\/page"}],"author":[{"embeddable":true,"href":"https:\/\/ahnb-apnb.ca\/fr\/wp-json\/wp\/v2\/users\/2"}],"replies":[{"embeddable":true,"href":"https:\/\/ahnb-apnb.ca\/fr\/wp-json\/wp\/v2\/comments?post=5050"}],"version-history":[{"count":2,"href":"https:\/\/ahnb-apnb.ca\/fr\/wp-json\/wp\/v2\/pages\/5050\/revisions"}],"predecessor-version":[{"id":5148,"href":"https:\/\/ahnb-apnb.ca\/fr\/wp-json\/wp\/v2\/pages\/5050\/revisions\/5148"}],"wp:attachment":[{"href":"https:\/\/ahnb-apnb.ca\/fr\/wp-json\/wp\/v2\/media?parent=5050"}],"curies":[{"name":"wp","href":"https:\/\/api.w.org\/{rel}","templated":true}]}}