{"id":5168,"date":"2020-06-02T16:20:56","date_gmt":"2020-06-02T19:20:56","guid":{"rendered":"https:\/\/ahnb-apnb.ca\/?page_id=5168"},"modified":"2020-08-12T11:32:46","modified_gmt":"2020-08-12T14:32:46","slug":"supporting-seasonal-staff-during-covid-19","status":"publish","type":"page","link":"https:\/\/ahnb-apnb.ca\/fr\/supporting-seasonal-staff-during-covid-19\/","title":{"rendered":"Soutenir le personnel saisonnier pendant la COVID-19"},"content":{"rendered":"<p><\/p>\n<div class=\"page\" title=\"Page 1\">\n<div class=\"section\">\n<div class=\"layoutArea\">\n<div class=\"column\">\n<p><span style=\"color: #e24500; font-size: 14pt;\"><strong>Guide rapide pour les mus\u00e9es canadiens Avril 2020<\/strong><\/span><\/p>\n<p><span style=\"color: #000000;\"><span style=\"color: #e24500;\"><strong>Collaborateurs:<\/strong> <\/span>Lorenda Calvert, Sarah Durham, Dan Holbrow, Em Ironstar, Karin Kierstead, Lianne Maitland, Sandi Stewart<\/span><\/p>\n<div class=\"page\" title=\"Page 2\">\n<div class=\"section\">\n<div class=\"layoutArea\">\n<div class=\"column\">\n<p><span style=\"color: #000000;\">En raison de la pand\u00e9mie de COVID-19, les \u00e9tablissements du patrimoine sont maintenant aux prises avec une situation sans pr\u00e9c\u00e9dent : l\u2019obligation d\u2019embaucher, de former et de g\u00e9rer du personnel temporaire ou saisonnier qui travaille \u00e0 distance. Cette ressource a \u00e9t\u00e9 \u00e9labor\u00e9e pour vous aider \u00e0 d\u00e9terminer les modalit\u00e9s d\u2019interaction \u00e0 distance avec votre personnel saisonnier, \u00e0 \u00e9laborer des listes de t\u00e2ches adapt\u00e9es au travail \u00e0 distance et \u00e0 suivre l\u2019avancement du travail. Elle n\u2019est nullement exhaustive, mais elle devrait aider le mus\u00e9e \u00e0 passer des anciennes r\u00e9alit\u00e9s professionnelles aux r\u00e9alit\u00e9s professionnelles actuelles et susciter de nouvelles id\u00e9es.<\/span><\/p>\n<p><span style=\"color: #000000;\">La fermeture du mus\u00e9e au public est une occasion d\u2019\u00e9panouissement et de perfectionnement. C\u2019est pour les \u00e9tudiants une occasion d\u2019apprendre et d\u2019am\u00e9liorer diverses comp\u00e9tences et pour le mus\u00e9e l\u2019occasion de r\u00e9aliser diverses t\u00e2ches et divers projets. C\u2019est \u00e9galement le moment de cultiver les relations avec les partenaires et d\u2019en nouer de nouvelles.<\/span><\/p>\n<p><span style=\"color: #000000;\">Tous les projets, programmes, sites Web ou autres ressources mentionn\u00e9s dans le pr\u00e9sent document le sont seulement \u00e0 titre d\u2019exemple et leur mention ne doit pas \u00eatre interpr\u00e9t\u00e9e comme une approbation.<\/span><\/p>\n<p><span style=\"color: #000000;\">Voir le lien ci-dessous pour plus d&rsquo;informations:<\/span><\/p>\n<p><span style=\"color: #0000ff;\"><a style=\"color: #0000ff;\" href=\"https:\/\/ahnb-apnb.ca\/wp-content\/uploads\/2020\/06\/Soutenir-le-personnel-saisonnier-pendant-la-COVID-19.pdf\">Soutenir le personnel saisonnier pendant la COVID-19<\/a><\/span><\/p>\n<\/div>\n<\/div>\n<\/div>\n<\/div>\n<\/div>\n<\/div>\n<\/div>\n<\/div>\n<p><\/p>","protected":false},"excerpt":{"rendered":"<p>Guide rapide pour les mus\u00e9es canadiens Avril 2020 Collaborateurs: Lorenda Calvert, Sarah Durham, Dan Holbrow, Em Ironstar, Karin Kierstead, Lianne Maitland, Sandi Stewart En raison de la pand\u00e9mie de COVID-19, les \u00e9tablissements [&hellip;]<\/p>\n","protected":false},"author":2,"featured_media":0,"parent":0,"menu_order":0,"comment_status":"closed","ping_status":"closed","template":"","meta":{"_acf_changed":false,"footnotes":""},"class_list":["post-5168","page","type-page","status-publish","hentry"],"acf":[],"_links":{"self":[{"href":"https:\/\/ahnb-apnb.ca\/fr\/wp-json\/wp\/v2\/pages\/5168","targetHints":{"allow":["GET"]}}],"collection":[{"href":"https:\/\/ahnb-apnb.ca\/fr\/wp-json\/wp\/v2\/pages"}],"about":[{"href":"https:\/\/ahnb-apnb.ca\/fr\/wp-json\/wp\/v2\/types\/page"}],"author":[{"embeddable":true,"href":"https:\/\/ahnb-apnb.ca\/fr\/wp-json\/wp\/v2\/users\/2"}],"replies":[{"embeddable":true,"href":"https:\/\/ahnb-apnb.ca\/fr\/wp-json\/wp\/v2\/comments?post=5168"}],"version-history":[{"count":6,"href":"https:\/\/ahnb-apnb.ca\/fr\/wp-json\/wp\/v2\/pages\/5168\/revisions"}],"predecessor-version":[{"id":5789,"href":"https:\/\/ahnb-apnb.ca\/fr\/wp-json\/wp\/v2\/pages\/5168\/revisions\/5789"}],"wp:attachment":[{"href":"https:\/\/ahnb-apnb.ca\/fr\/wp-json\/wp\/v2\/media?parent=5168"}],"curies":[{"name":"wp","href":"https:\/\/api.w.org\/{rel}","templated":true}]}}