{"id":5340,"date":"2020-07-06T14:46:31","date_gmt":"2020-07-06T17:46:31","guid":{"rendered":"https:\/\/ahnb-apnb.ca\/?page_id=5340"},"modified":"2026-03-17T09:17:37","modified_gmt":"2026-03-17T12:17:37","slug":"nb-heritage-stories","status":"publish","type":"page","link":"https:\/\/ahnb-apnb.ca\/fr\/nb-heritage-stories\/","title":{"rendered":"Histoires du patrimoine du N.-B."},"content":{"rendered":"<p><span style=\"color: #0000ff;\"><a style=\"color: #0000ff;\" href=\"https:\/\/www.youtube.com\/watch?v=Iy6H2QAFWCk&amp;feature=share\" target=\"_blank\" rel=\"noopener\">Le camp d&rsquo;internement Ripples (uniquement disponible en anglais)<\/a><\/span><\/p>\n<p><span style=\"color: #0000ff;\"><a style=\"color: #0000ff;\" href=\"https:\/\/www.youtube.com\/watch?v=Nn4Y0Xj43PM&amp;feature=youtu.be\">L&rsquo;expos\u00e9 de sirop d&rsquo;\u00e9rable au Muse\u00e9 Patrimoine de Lutz Mountain<\/a><\/span><\/p>\n<p>&nbsp;<\/p>\n<p>&nbsp;<\/p>","protected":false},"excerpt":{"rendered":"<p>Le camp d&rsquo;internement Ripples (uniquement disponible en anglais) L&rsquo;expos\u00e9 de sirop d&rsquo;\u00e9rable au Muse\u00e9 Patrimoine de Lutz Mountain &nbsp; &nbsp;<\/p>\n","protected":false},"author":2,"featured_media":0,"parent":0,"menu_order":0,"comment_status":"closed","ping_status":"closed","template":"","meta":{"_acf_changed":false,"footnotes":""},"class_list":["post-5340","page","type-page","status-publish","hentry"],"acf":[],"_links":{"self":[{"href":"https:\/\/ahnb-apnb.ca\/fr\/wp-json\/wp\/v2\/pages\/5340","targetHints":{"allow":["GET"]}}],"collection":[{"href":"https:\/\/ahnb-apnb.ca\/fr\/wp-json\/wp\/v2\/pages"}],"about":[{"href":"https:\/\/ahnb-apnb.ca\/fr\/wp-json\/wp\/v2\/types\/page"}],"author":[{"embeddable":true,"href":"https:\/\/ahnb-apnb.ca\/fr\/wp-json\/wp\/v2\/users\/2"}],"replies":[{"embeddable":true,"href":"https:\/\/ahnb-apnb.ca\/fr\/wp-json\/wp\/v2\/comments?post=5340"}],"version-history":[{"count":7,"href":"https:\/\/ahnb-apnb.ca\/fr\/wp-json\/wp\/v2\/pages\/5340\/revisions"}],"predecessor-version":[{"id":8975,"href":"https:\/\/ahnb-apnb.ca\/fr\/wp-json\/wp\/v2\/pages\/5340\/revisions\/8975"}],"wp:attachment":[{"href":"https:\/\/ahnb-apnb.ca\/fr\/wp-json\/wp\/v2\/media?parent=5340"}],"curies":[{"name":"wp","href":"https:\/\/api.w.org\/{rel}","templated":true}]}}