{"id":5348,"date":"2020-06-29T13:03:27","date_gmt":"2020-06-29T16:03:27","guid":{"rendered":"https:\/\/ahnb-apnb.ca\/?page_id=5348"},"modified":"2026-03-17T09:17:36","modified_gmt":"2026-03-17T12:17:36","slug":"by-laws","status":"publish","type":"page","link":"https:\/\/ahnb-apnb.ca\/fr\/by-laws\/","title":{"rendered":"R\u00e8glements"},"content":{"rendered":"<p><\/p>\n<div id=\"page\" class=\"wrapper\">\n<div id=\"post-73\" class=\"post-73 page type-page status-publish hentry\">\n<div id=\"entry-content2\">\n<p align=\"LEFT\"><a href=\"https:\/\/ahnb-apnb.ca\/wp-content\/uploads\/2024\/09\/By-laws-FR-final-2022.pdf-S.pdf\"><span style=\"color: #0000ff;\">R\u00c8GLEMENT ADMINISTRATIF DE L\u2019AMNB<\/span><\/a><\/p>\n<p align=\"LEFT\"><span style=\"color: #000000;\">S\u2019IL VOUS PLA\u00ceT NOTER: AMNB RESTE LE NOM INCORPORATED DE L\u2019ASSOCIATION POUR LES QUESTIONS JURIDIQUES ET FINANCI\u00c8RES. TOUS LES CH\u00c8QUES DOIVENT \u00caTRE EN ORDRE DE: AMNB \u2026.. MERCI<\/span><\/p>\n<\/div>\n<\/div>\n<\/div>\n<p><\/p>","protected":false},"excerpt":{"rendered":"<p>R\u00c8GLEMENT ADMINISTRATIF DE L\u2019AMNB S\u2019IL VOUS PLA\u00ceT NOTER: AMNB RESTE LE NOM INCORPORATED DE L\u2019ASSOCIATION POUR LES QUESTIONS JURIDIQUES ET FINANCI\u00c8RES. TOUS LES CH\u00c8QUES DOIVENT \u00caTRE EN ORDRE DE: AMNB \u2026.. MERCI<\/p>\n","protected":false},"author":2,"featured_media":0,"parent":0,"menu_order":0,"comment_status":"closed","ping_status":"closed","template":"","meta":{"_acf_changed":false,"footnotes":""},"class_list":["post-5348","page","type-page","status-publish","hentry"],"acf":[],"_links":{"self":[{"href":"https:\/\/ahnb-apnb.ca\/fr\/wp-json\/wp\/v2\/pages\/5348","targetHints":{"allow":["GET"]}}],"collection":[{"href":"https:\/\/ahnb-apnb.ca\/fr\/wp-json\/wp\/v2\/pages"}],"about":[{"href":"https:\/\/ahnb-apnb.ca\/fr\/wp-json\/wp\/v2\/types\/page"}],"author":[{"embeddable":true,"href":"https:\/\/ahnb-apnb.ca\/fr\/wp-json\/wp\/v2\/users\/2"}],"replies":[{"embeddable":true,"href":"https:\/\/ahnb-apnb.ca\/fr\/wp-json\/wp\/v2\/comments?post=5348"}],"version-history":[{"count":14,"href":"https:\/\/ahnb-apnb.ca\/fr\/wp-json\/wp\/v2\/pages\/5348\/revisions"}],"predecessor-version":[{"id":10759,"href":"https:\/\/ahnb-apnb.ca\/fr\/wp-json\/wp\/v2\/pages\/5348\/revisions\/10759"}],"wp:attachment":[{"href":"https:\/\/ahnb-apnb.ca\/fr\/wp-json\/wp\/v2\/media?parent=5348"}],"curies":[{"name":"wp","href":"https:\/\/api.w.org\/{rel}","templated":true}]}}