{"id":5549,"date":"2020-07-24T09:22:58","date_gmt":"2020-07-24T12:22:58","guid":{"rendered":"https:\/\/ahnb-apnb.ca\/?page_id=5549"},"modified":"2024-07-19T11:30:40","modified_gmt":"2024-07-19T14:30:40","slug":"st-martins-covered-bridges","status":"publish","type":"page","link":"https:\/\/ahnb-apnb.ca\/fr\/st-martins-covered-bridges\/","title":{"rendered":"Blogue des ponts couverts de Saint-Martin"},"content":{"rendered":"<p><span style=\"color: #000000;\">4 juillet 2020<\/span><\/p>\n<p><span style=\"color: #000000;\">J\u2019ai quitt\u00e9 Saint John par un matin brumeux vers 10 h 30 afin de refaire la visite de trois ponts couverts du comt\u00e9 de Saint John. Je suis all\u00e9e \u00e0 St. Martins par la route c\u00f4ti\u00e8re, qui est pittoresque. J\u2019ai suivi la route 1, la sortie 137A-B, la route 111 Est et par la suite, la route 825 Sud. Sur le long de la route, pr\u00e8s du ruisseau Gardner, se trouve le magasin Moore\u2019s. L\u2019artiste locale May Moore y vend son art, des antiquit\u00e9s, des articles d\u2019\u00e9poque et de style r\u00e9tro, ainsi que de la cr\u00e8me glac\u00e9e. Le magasin est situ\u00e9 au 1254, route 825 \u00e0 Gardner Creek. \u00c0 votre arriv\u00e9e au chemin Coleraine, prenez ce chemin, et par la suite, prenez le chemin Tynemouth Creek o\u00f9 vous pouvez vous rendre au pont couvert du ruisseau Tynemouth. Ce sera l\u2019occasion parfaite de prendre une photo sur la colline avant de vous rendre au pont. Il existe un petit endroit o\u00f9 vous pourrez stationner la voiture pour ensuite marcher jusqu\u2019au pont. En sortant du pont en auto, vous verrez l\u2019intersection du chemin Shore. Avant de revenir \u00e0 St. Martins, tournez \u00e0 droite sur ce chemin et montez la butte. C\u2019est l\u2019endroit id\u00e9al de prendre une photo \u00e0 grand angle du pont couvert. (Photo gracieuset\u00e9 de Kathy)<\/span><\/p>\n<p><a href=\"https:\/\/ahnb-apnb.ca\/wp-content\/uploads\/2020\/07\/St-Martins.jpg\"><img loading=\"lazy\" decoding=\"async\" class=\"aligncenter wp-image-5550 size-full\" src=\"https:\/\/ahnb-apnb.ca\/wp-content\/uploads\/2020\/07\/St-Martins.jpg\" alt=\"Tynemouth Creek pont couvert\" width=\"450\" height=\"248\" srcset=\"https:\/\/ahnb-apnb.ca\/wp-content\/uploads\/2020\/07\/St-Martins.jpg 450w, https:\/\/ahnb-apnb.ca\/wp-content\/uploads\/2020\/07\/St-Martins-300x165.jpg 300w\" sizes=\"auto, (max-width: 450px) 100vw, 450px\" \/><\/a><\/p>\n<p>&nbsp;<\/p>\n<p><span style=\"color: #000000;\">Suivez les enseignes menant \u00e0 St. Martins et traversez le village. Prenez note des diff\u00e9rents styles architecturaux des maisons anciennes le long de la rue Main. Arr\u00eatez visiter<strong> le mus\u00e9e Quaco<\/strong>. Vous pouvez y r\u00e9server une randonn\u00e9e p\u00e9destre historique le long de la rue Main. Suivez la rue Main pour vous rendre aux deux ponts couverts\u00a0: <strong>Hardscrabble n<sup>o<\/sup> 2 (rivi\u00e8re Irish\u00a0n<sup>o\u00a0<\/sup>2) et Ruisseau Vaughn (rivi\u00e8re Irish n<sup>o<\/sup> 2)<\/strong>, qui n\u2019est plus en service. Vous pourrez arr\u00eater au centre d\u2019information et aux petits magasins qui sont situ\u00e9s tout pr\u00e8s.<\/span><\/p>\n<p><span style=\"color: #000000;\">Rendez-vous aux c\u00e9l\u00e8bres grottes de St. Martins. \u00c0 la mar\u00e9e basse, vous pourrez marcher sur le long de la plage et dans les grottes. Les grottes et les couches d\u2019argile font partie du site de <strong>l\u2019UNESCO,<\/strong> <strong>le g\u00e9oparc de Stonehammer<\/strong>. Il y a des panneaux interpr\u00e9tatifs sur la plage qui expliquent l\u2019importance g\u00e9ologique de la r\u00e9gion.<\/span><\/p>\n<p><span style=\"color: #000000;\">De l\u2019autre c\u00f4t\u00e9 de la rue du restaurant The Caves, il y a un magasin de livres usag\u00e9s avec une tr\u00e8s grande s\u00e9lection de livres. Le village compte des entreprises touristiques, des galeries d\u2019art, et des boutiques d\u2019artisanat et d\u2019antiquit\u00e9s. J\u2019ai d\u00een\u00e9 au restaurant Coastal Tides, puis je suis retourn\u00e9e chez moi en empruntant la route 111.<\/span><\/p>\n<p><a href=\"https:\/\/ahnb-apnb.ca\/wp-content\/uploads\/2020\/07\/Screen-Shot-2020-07-22-at-10.02.03-AM.png\"><img loading=\"lazy\" decoding=\"async\" class=\"aligncenter wp-image-5664 size-full\" src=\"https:\/\/ahnb-apnb.ca\/wp-content\/uploads\/2020\/07\/Screen-Shot-2020-07-22-at-10.02.03-AM.png\" alt=\"Carte du sud du Nouveau-Brunswick\" width=\"619\" height=\"298\" srcset=\"https:\/\/ahnb-apnb.ca\/wp-content\/uploads\/2020\/07\/Screen-Shot-2020-07-22-at-10.02.03-AM.png 619w, https:\/\/ahnb-apnb.ca\/wp-content\/uploads\/2020\/07\/Screen-Shot-2020-07-22-at-10.02.03-AM-300x144.png 300w\" sizes=\"auto, (max-width: 619px) 100vw, 619px\" \/><\/a><\/p>\n<p>&nbsp;<\/p>\n<h1><strong><span style=\"font-size: 14pt; color: #e24500;\">Mus\u00e9es \u00e0 visiter apr\u00e8s avoir explor\u00e9 les ponts couverts:<\/span><\/strong><\/h1>\n<p><span style=\"color: #000000;\"><strong>Mus\u00e9e Quaco:<\/strong><\/span><\/p>\n<p><span style=\"color: #000000;\">Mus\u00e9e communautaire ax\u00e9 sur le patrimoine de la construction navale et l&rsquo;histoire de la r\u00e9gion de St. Martins qui plonge le visiteur dans l\u2019\u00e8re prosp\u00e8re de la construction navale et raconte des r\u00e9cits fascinants sur les hommes et les femmes qui prenaient la mer pendant l\u2019\u00e2ge d\u2019or de la navigation. Le mus\u00e9e explore la riche histoire de Quaco, St. Martins et de la communaut\u00e9 voisine de Tynemouth Creek, r\u00e9put\u00e9e pour ses chantiers de construction navale.<\/span><\/p>\n<p><span style=\"color: #e24500;\"><strong>Heures d&rsquo;ouverture:<\/strong><\/span> d<span style=\"color: #000000;\">imanche &#8211; mercredi de 10 h 00 \u00e0 16 h 00<\/span><\/p>\n<p><span style=\"color: #000000;\"><span style=\"color: #e24500;\"><strong><span lang=\"fr\">T\u00e9l\u00e9phone:<\/span> <\/strong><\/span>(506) 833-4740<\/span><\/p>\n<p>&nbsp;<\/p>\n<p><a href=\"https:\/\/ahnb-apnb.ca\/wp-content\/uploads\/2020\/07\/Screen-Shot-2020-07-22-at-10.02.14-AM.png\"><img loading=\"lazy\" decoding=\"async\" class=\"aligncenter wp-image-5665 size-full\" src=\"https:\/\/ahnb-apnb.ca\/wp-content\/uploads\/2020\/07\/Screen-Shot-2020-07-22-at-10.02.14-AM.png\" alt=\"Carte du sud du Nouveau-Brunswick avec le mus\u00e9e Quaco encercl\u00e9\" width=\"620\" height=\"374\" srcset=\"https:\/\/ahnb-apnb.ca\/wp-content\/uploads\/2020\/07\/Screen-Shot-2020-07-22-at-10.02.14-AM.png 620w, https:\/\/ahnb-apnb.ca\/wp-content\/uploads\/2020\/07\/Screen-Shot-2020-07-22-at-10.02.14-AM-300x181.png 300w\" sizes=\"auto, (max-width: 620px) 100vw, 620px\" \/><\/a><\/p>\n<p>&nbsp;<\/p>\n<p style=\"text-align: center;\"><span style=\"color: #e24500;\"><strong>Pensez \u00e0 apporter un pique-nique ou visitez les diff\u00e9rents restaurants des environs pour faire de la visite des ponts couverts du comt\u00e9 de Saint John une exp\u00e9rience d\u2019une journ\u00e9e!<\/strong><\/span><\/p>\n<p><\/p>","protected":false},"excerpt":{"rendered":"<p>4 juillet 2020 J\u2019ai quitt\u00e9 Saint John par un matin brumeux vers 10 h 30 afin de refaire la visite de trois ponts couverts du comt\u00e9 de Saint John. Je suis all\u00e9e [&hellip;]<\/p>\n","protected":false},"author":2,"featured_media":0,"parent":0,"menu_order":0,"comment_status":"closed","ping_status":"closed","template":"","meta":{"_acf_changed":false,"footnotes":""},"class_list":["post-5549","page","type-page","status-publish","hentry"],"acf":[],"_links":{"self":[{"href":"https:\/\/ahnb-apnb.ca\/fr\/wp-json\/wp\/v2\/pages\/5549","targetHints":{"allow":["GET"]}}],"collection":[{"href":"https:\/\/ahnb-apnb.ca\/fr\/wp-json\/wp\/v2\/pages"}],"about":[{"href":"https:\/\/ahnb-apnb.ca\/fr\/wp-json\/wp\/v2\/types\/page"}],"author":[{"embeddable":true,"href":"https:\/\/ahnb-apnb.ca\/fr\/wp-json\/wp\/v2\/users\/2"}],"replies":[{"embeddable":true,"href":"https:\/\/ahnb-apnb.ca\/fr\/wp-json\/wp\/v2\/comments?post=5549"}],"version-history":[{"count":16,"href":"https:\/\/ahnb-apnb.ca\/fr\/wp-json\/wp\/v2\/pages\/5549\/revisions"}],"predecessor-version":[{"id":10270,"href":"https:\/\/ahnb-apnb.ca\/fr\/wp-json\/wp\/v2\/pages\/5549\/revisions\/10270"}],"wp:attachment":[{"href":"https:\/\/ahnb-apnb.ca\/fr\/wp-json\/wp\/v2\/media?parent=5549"}],"curies":[{"name":"wp","href":"https:\/\/api.w.org\/{rel}","templated":true}]}}