{"id":5797,"date":"2020-08-14T12:55:52","date_gmt":"2020-08-14T15:55:52","guid":{"rendered":"https:\/\/ahnb-apnb.ca\/?page_id=5797"},"modified":"2026-03-17T09:17:36","modified_gmt":"2026-03-17T12:17:36","slug":"covid-19-emergency-support-fund-for-heritage-organizations","status":"publish","type":"page","link":"https:\/\/ahnb-apnb.ca\/fr\/covid-19-emergency-support-fund-for-heritage-organizations\/","title":{"rendered":"Fonds d\u2019Urgence Relatif \u00e0 la COVID-19 pour les Organismes du Patrimoine"},"content":{"rendered":"<p>Le gouvernement du Canada a r\u00e9cemment annonc\u00e9 un soutien financier de 500M $ \u00e0 distribuer aux organisations des diff\u00e9rents secteurs soutenus par PCH. Une solution commerciale en ligne \u00e9tait n\u00e9cessaire pour saisir et traiter les demandes de financement de la phase 2 pour le financement de soutien d&rsquo;urgence (FSU). Cette solution (portail) sera disponible pour les programmes de PCH offrant un financement de la phase 2. Dans sa premi\u00e8re it\u00e9ration, le portail PCH-COVID19 est configur\u00e9 pour prendre en charge le programme d&rsquo;assistance aux mus\u00e9es (PAM). Le test d&rsquo;acceptation utilisateur (TAU) de la premi\u00e8re it\u00e9ration du portail PCH-COVID19 a \u00e9t\u00e9 achev\u00e9 le 16 juin 2020. Voir le lien ci-dessous pour plus d&rsquo;informations.<\/p>\n<p><span style=\"color: #0000ff;\"><a style=\"color: #0000ff;\" href=\"https:\/\/ahnb-apnb.ca\/wp-content\/uploads\/2020\/08\/Guide-de-lutilisateur-du-portail-PAM-FSU.pdf\">Guide de l&rsquo;utilisateur du portail &#8211; PAM FSU<\/a><\/span><\/p>\n<p><a href=\"https:\/\/ahnb-apnb.ca\/wp-content\/uploads\/2020\/08\/image001.gif\"><img loading=\"lazy\" decoding=\"async\" class=\" wp-image-5799 aligncenter\" src=\"https:\/\/ahnb-apnb.ca\/wp-content\/uploads\/2020\/08\/image001.gif\" alt=\"\" width=\"277\" height=\"35\" \/><\/a><\/p>","protected":false},"excerpt":{"rendered":"<p>Le gouvernement du Canada a r\u00e9cemment annonc\u00e9 un soutien financier de 500M $ \u00e0 distribuer aux organisations des diff\u00e9rents secteurs soutenus par PCH. Une solution commerciale en ligne \u00e9tait n\u00e9cessaire pour saisir [&hellip;]<\/p>\n","protected":false},"author":2,"featured_media":0,"parent":0,"menu_order":0,"comment_status":"closed","ping_status":"closed","template":"","meta":{"_acf_changed":false,"footnotes":""},"class_list":["post-5797","page","type-page","status-publish","hentry"],"acf":[],"_links":{"self":[{"href":"https:\/\/ahnb-apnb.ca\/fr\/wp-json\/wp\/v2\/pages\/5797","targetHints":{"allow":["GET"]}}],"collection":[{"href":"https:\/\/ahnb-apnb.ca\/fr\/wp-json\/wp\/v2\/pages"}],"about":[{"href":"https:\/\/ahnb-apnb.ca\/fr\/wp-json\/wp\/v2\/types\/page"}],"author":[{"embeddable":true,"href":"https:\/\/ahnb-apnb.ca\/fr\/wp-json\/wp\/v2\/users\/2"}],"replies":[{"embeddable":true,"href":"https:\/\/ahnb-apnb.ca\/fr\/wp-json\/wp\/v2\/comments?post=5797"}],"version-history":[{"count":3,"href":"https:\/\/ahnb-apnb.ca\/fr\/wp-json\/wp\/v2\/pages\/5797\/revisions"}],"predecessor-version":[{"id":8473,"href":"https:\/\/ahnb-apnb.ca\/fr\/wp-json\/wp\/v2\/pages\/5797\/revisions\/8473"}],"wp:attachment":[{"href":"https:\/\/ahnb-apnb.ca\/fr\/wp-json\/wp\/v2\/media?parent=5797"}],"curies":[{"name":"wp","href":"https:\/\/api.w.org\/{rel}","templated":true}]}}