{"id":5813,"date":"2020-08-25T13:52:01","date_gmt":"2020-08-25T16:52:01","guid":{"rendered":"https:\/\/ahnb-apnb.ca\/?page_id=5813"},"modified":"2026-03-17T09:17:33","modified_gmt":"2026-03-17T12:17:33","slug":"agm-minutes","status":"publish","type":"page","link":"https:\/\/ahnb-apnb.ca\/fr\/agm-minutes\/","title":{"rendered":"AGA Proc\u00e8s-verbal 2024"},"content":{"rendered":"<p><\/p>\n<p style=\"text-align: center;\"><span style=\"color: #e44500;\"><strong><span style=\"font-size: 14pt;\">Association du patrimoine du Nouveau-Brunswick <\/span><\/strong><\/span><\/p>\n<p style=\"text-align: center;\"><span style=\"font-size: 16px;\">AGA 2024<\/span><\/p>\n<p style=\"text-align: center;\"><span style=\"font-size: 16px;\">FREDERICTON, N.-B.<\/span><\/p>\n<p style=\"text-align: left;\"><span style=\"font-size: 16px; color: #e44500;\"><strong>Le 14 novembre 2024<\/strong><\/span><\/p>\n<p><span style=\"font-size: 14pt;\"><strong><span style=\"color: #e44500;\">En pr\u00e9sence<\/span><\/strong><\/span><\/p>\n<p>Kaitlin Blacquiere, Rhona Hoyt, Bridget Murphy, Annie van Deventer-Radford, MJ Edwards, Sheri Smidt, Anja Hamilton, Katrina Swift, Dani Comfort, Jacques Gallant, Judy Morison, Bruce Thomson, John McAvity, Jamie Wolverton, Lee Sochasky, Sherry Little, Jim Bezanson, Diana Moore, Fred White, Alexander Gopen, Eric Megarity, Karen Valanne, Peter Gillies, Joanne Barrett, Kathy Bouska, Amy Walker, Melanie Wade, Marion Beyea, Bill Hicks, Jennifer MacDonnell, Sonja Williams, Katherine Biggs-Craft, Pauline Cormier, Meganne Cappello, Melynda Jarratt, David Hughes, Cynthia Casey-Wallace, Shelley Lipscombe, Alena Krasnikova, Zo\u00e9 Leroux-Blain, Ismet Baba-Moussa, Sophy Auffrey, Jeanne Mance Cormier, Andr\u00e9e C. Godin, Lauraly Deschambault, Selma Zaiane-Ghalia, Diane Cyr, Claire Godin, Aline Landry, Riba Riordon, Sylvain Lanteigne, Philippe Basque, H\u00e9l\u00e8ne Martin, Luc &amp; Rinette Nadeau, Albertine Rousselle, Erika Basque, Sylvette Fortin, Michel Larose, Jeremy Mouat, Janet Clouston, Joan Pearce, Lawren Campbell, Tammy Greene, Gerry Gillcash, Dominique G\u00e9linas, Greg Fekner, Guy Tremblay, Erin Jeffries and Kellie Blue-McQuade.<\/p>\n<p><span style=\"color: #e44500;\"><strong>Ouverture <\/strong><\/span><\/p>\n<p>Lawren Campbell ouvre l\u2019assembl\u00e9e g\u00e9n\u00e9rale annuelle des membres de l\u2019APNB \u00e0 12 h 37 jeudi le 14 novembre 2024.<\/p>\n<p><span style=\"color: #e44500;\"><strong>Ordre du jour <\/strong><\/span><\/p>\n<p>Gerry Gillcash adopte l\u2019ordre du jour et Sophie Auffrey appuie sa motion. Motion adopt\u00e9e.<\/p>\n<p><strong><span style=\"color: #e44500;\">Approbation du proc\u00e8s-verbal de la r\u00e9union pr\u00e9c\u00e9dente<\/span><\/strong><\/p>\n<p>Guy Tremblay adopte les proc\u00e8s-verbaux de l\u2019AGA de 2023. David Hughes appuie la motion. Motion adopt\u00e9e.<\/p>\n<p><span style=\"color: #e44500;\"><strong>Questions d\u00e9coulant du proc\u00e8s-verbal<\/strong><\/span><\/p>\n<p>Rien ne se produit.<\/p>\n<p><span style=\"color: #e44500;\"><strong>Rapport du tr\u00e9sorier <\/strong><\/span><\/p>\n<p>Greg Fekner pr\u00e9sente l&rsquo;examen des d\u00e9clarations des auditeurs. Aucune question n&rsquo;a \u00e9t\u00e9 soulev\u00e9e. Les investissements ont augment\u00e9. Nos actifs nets ont diminu\u00e9. Les d\u00e9penses op\u00e9rationnelles ont augment\u00e9 au cours du dernier exercice. Les revenus op\u00e9rationnels ont augment\u00e9.<\/p>\n<p>Greg Fekner propose l&rsquo;adoption du rapport. Jeanne-Mance Cormier appuie cette proposition. La motion est adopt\u00e9e.<\/p>\n<p>Greg Fekner propose de faire appel aux m\u00eames v\u00e9rificateurs l&rsquo;an prochain. Dominique G\u00e9linas appuie cette proposition. La motion est adopt\u00e9e.<\/p>\n<p><span style=\"color: #e44500;\"><strong>Rapport annuel<\/strong><\/span><\/p>\n<p>Lawren a mentionn\u00e9 l&rsquo;\u00e9norme quantit\u00e9 de travail que l&rsquo;Association accomplit entre les conf\u00e9rences, tant au niveau provincial que national. Au cours de l&rsquo;ann\u00e9e \u00e9coul\u00e9e, des efforts importants ont \u00e9t\u00e9 d\u00e9ploy\u00e9s pour \u00e9laborer un nouveau plan d&rsquo;affaires strat\u00e9gique quinquennal et signer un protocole d&rsquo;entente avec la province. Il a remerci\u00e9 le conseil d&rsquo;administration et tous les comit\u00e9s pour leur travail acharn\u00e9 et leur d\u00e9vouement au cours de l&rsquo;ann\u00e9e \u00e9coul\u00e9e. Lawren encourage tout le monde \u00e0 lire le rapport.<\/p>\n<p>Jeremy Mouat propose l&rsquo;adoption du rapport et Joan Pearce l&rsquo;appuie. La motion est adopt\u00e9e.<\/p>\n<p><span style=\"color: #e44500;\"><strong>Comit\u00e9 des nominations et membres du <span style=\"color: #e44500;\">conseil<\/span> <\/strong><\/span><\/p>\n<p>Le pr\u00e9sident sortant, Gerry Gillcash, a nomm\u00e9 trois administrateurs qui se sont retir\u00e9s (Samuel Albert, Alice Fudge et Joan Pierce) en raison d&rsquo;autres engagements. Gerry a annonc\u00e9 les membres du conseil d&rsquo;administration qui continueront \u00e0 si\u00e9ger au cours de la prochaine ann\u00e9e fiscale : Lawren Campbell, Gerry Gillcash, Jeremy Mouat, Tammy Greene, Guy Tremblay, Janet Clouston, Greg Fekner, Evelyn Fidler, Jennifer Dow et Dominique G\u00e9linas. Gerry indique que l&rsquo;APNB a demand\u00e9 \u00e0 deux reprises aux membres de proposer des candidatures par courriel, car nous avons besoin d&rsquo;une repr\u00e9sentation de la moiti\u00e9 nord de la province. Janet Clouston demande s&rsquo;il faut demander des nominations \u00e0 l&rsquo;assembl\u00e9e. Gerry demande trois fois \u00e0 l&rsquo;assembl\u00e9e de se prononcer, mais aucune n&rsquo;est propos\u00e9e. Gerry propose de r\u00e9\u00e9lire le conseil d&rsquo;administration tel qu&rsquo;il est pr\u00e9sent\u00e9. Janet Clouston appuie cette proposition. La motion est adopt\u00e9e.<\/p>\n<p>Lawren annonce que le sommet de l&rsquo;an prochain aura lieu dans la r\u00e9gion Chaleur-Bathurst. Phillippe Basque en sera le pr\u00e9sident. Lawren demande quel format les membres souhaitent : en personne, par zoom, ou les deux. Tammy Greene propose que le sommet de l&rsquo;ann\u00e9e prochaine se d\u00e9roule en personne. Gerry Gillcash appuie cette proposition. La proposition est adopt\u00e9e.<\/p>\n<p><u>2024\/2025 Comit\u00e9 Ex\u00e9cutive<\/u><br \/>\nLe pr\u00e9sident \u2013 Lawren Campbell<br \/>\n1er vice-pr\u00e9sident\u00a0\u2013 Guy Tremblay<br \/>\n2\u00e8me vice-pr\u00e9sidente \u2013 Tammy Greene<br \/>\nTr\u00e9sorier \u2013 Greg Fekner<br \/>\nSecr\u00e9taire\u00a0\u2013 Evelyn Fidler<br \/>\nLa pr\u00e9sidente sortant \u2013 Gerry Gillcash<\/p>\n<p><u>2024\/2025 Conseil d\u2019administration<\/u><br \/>\nJeremy Mouat<br \/>\nDominique G\u00e9linas<br \/>\nJanet Clouston<br \/>\nNatalie Bull<br \/>\nJennifer McInerney-Dow<\/p>\n<p>Anja Hamilton, Ex-Officio<\/p>\n<p><span style=\"color: #e44500;\"><strong>Autres <\/strong><\/span><\/p>\n<p>Lawren annonce le d\u00e9part \u00e0 la retraite de Kellie. Lawren la remercie. Il annonce qu&rsquo;Erin Jeffries est la nouvelle directrice ex\u00e9cutive. Gerry demande aux participants de faire des commentaires sur les activit\u00e9s du Conseil d&rsquo;administration. Melynda parle de la collecte de fonds par le biais d&rsquo;une loterie.<\/p>\n<p><span style=\"color: #e44500;\"><strong><span style=\"color: #e44500;\">Ajournement<\/span> <\/strong><\/span><\/p>\n<p>Lawren Campbell propose d\u2019ajourner la rencontre \u00e0 13 h 02.<\/p>\n<p><strong><span style=\"color: #e44500;\">Motion visant \u00e0 approuver le plan d&rsquo;affaires quinquennal de l&rsquo;APNB 2024 &#8211; 2029<\/span><\/strong><br \/>\nLawren Campbell, pr\u00e9sident de l&rsquo;APNB, a pr\u00e9sent\u00e9 le plan d&rsquo;affaires quinquennal de l&rsquo;Association Patrimoine de Nouveau-Brunswick aux membres \u00e0 la suite de l&rsquo;AGA. Apr\u00e8s avoir r\u00e9pondu aux questions, il propose d&rsquo;accepter le plan d&rsquo;affaires quinquennal de l&rsquo;APNB pour 2024 &#8211; 2029 tel que pr\u00e9sent\u00e9. Appuy\u00e9 par Dominique G\u00e9linas. Motion adopt\u00e9e.<\/p>\n<p>Pr\u00e9par\u00e9 par Evelyn Fidler, secr\u00e9taire<\/p>","protected":false},"excerpt":{"rendered":"<p>Association du patrimoine du Nouveau-Brunswick AGA 2024 FREDERICTON, N.-B. Le 14 novembre 2024 En pr\u00e9sence Kaitlin Blacquiere, Rhona Hoyt, Bridget Murphy, Annie van Deventer-Radford, MJ Edwards, Sheri Smidt, Anja Hamilton, Katrina Swift, [&hellip;]<\/p>\n","protected":false},"author":2,"featured_media":0,"parent":0,"menu_order":0,"comment_status":"closed","ping_status":"closed","template":"","meta":{"_acf_changed":false,"footnotes":""},"class_list":["post-5813","page","type-page","status-publish","hentry"],"acf":[],"_links":{"self":[{"href":"https:\/\/ahnb-apnb.ca\/fr\/wp-json\/wp\/v2\/pages\/5813","targetHints":{"allow":["GET"]}}],"collection":[{"href":"https:\/\/ahnb-apnb.ca\/fr\/wp-json\/wp\/v2\/pages"}],"about":[{"href":"https:\/\/ahnb-apnb.ca\/fr\/wp-json\/wp\/v2\/types\/page"}],"author":[{"embeddable":true,"href":"https:\/\/ahnb-apnb.ca\/fr\/wp-json\/wp\/v2\/users\/2"}],"replies":[{"embeddable":true,"href":"https:\/\/ahnb-apnb.ca\/fr\/wp-json\/wp\/v2\/comments?post=5813"}],"version-history":[{"count":50,"href":"https:\/\/ahnb-apnb.ca\/fr\/wp-json\/wp\/v2\/pages\/5813\/revisions"}],"predecessor-version":[{"id":11092,"href":"https:\/\/ahnb-apnb.ca\/fr\/wp-json\/wp\/v2\/pages\/5813\/revisions\/11092"}],"wp:attachment":[{"href":"https:\/\/ahnb-apnb.ca\/fr\/wp-json\/wp\/v2\/media?parent=5813"}],"curies":[{"name":"wp","href":"https:\/\/api.w.org\/{rel}","templated":true}]}}