{"id":5826,"date":"2020-08-28T13:53:40","date_gmt":"2020-08-28T16:53:40","guid":{"rendered":"https:\/\/ahnb-apnb.ca\/?page_id=5826"},"modified":"2026-03-17T09:17:37","modified_gmt":"2026-03-17T12:17:37","slug":"https-ahnb-apnb-ca-https-ahnb-apnb-ca-wp-content-uploads-2021-07-ahnb_agenda_14-october-2021_-eng-pdf","status":"publish","type":"page","link":"https:\/\/ahnb-apnb.ca\/fr\/https-ahnb-apnb-ca-https-ahnb-apnb-ca-wp-content-uploads-2021-07-ahnb_agenda_14-october-2021_-eng-pdf\/","title":{"rendered":"Avis de convocation \u00e0 l\u2019assembl\u00e9e g\u00e9n\u00e9rale annuelle 2025"},"content":{"rendered":"<p><span style=\"color: #e44500;\"><strong>Avis de convocation \u00e0 l\u2019assembl\u00e9e g\u00e9n\u00e9rale annuelle 2024<\/strong><\/span><\/p>\n<p>L\u2019assembl\u00e9e g\u00e9n\u00e9rale annuelle de l\u2019APNB aura lieu,<strong> le jeudi 6 novembre 2025, <\/strong>\u00e0 The Atlantic Host Hotel \u00e0 Bathurst, apr\u00e8s le d\u00e9jeuner (12 h).<\/p>\n<p>Pour toute question, vous pouvez nous joindre \u00e0 <span style=\"color: #0000ff;\"><a style=\"color: #0000ff;\" href=\"mailto:info@amnb.ca\">info@amnb.ca<\/a>\u00a0<\/span>ou au\u00a0<a href=\"tel:(506)%20454-3561\"><span style=\"color: #0000ff;\">(506) 454-3561<\/span><\/a>.<\/p>\n<p>Association du patrimoine du Nouveau-Brunswick<br \/>\n503, rue Queen, Fredericton, N.-B. E3B 5H1<\/p>\n<p><span style=\"color: #e44500;\"><strong>Trousse de l\u2019AGA et du rapport annuel<\/strong> <\/span><\/p>\n<p>Le rapport annuel souligne les accomplissements importants de l\u2019APNB au cours de la derni\u00e8re ann\u00e9e. Cette ann\u00e9e, la trousse de l\u2019AGA virtuelle et du rapport annuel comprend\u00a0:<\/p>\n<ul>\n<li>Avis de convocation \u00e0 l\u2019assembl\u00e9e g\u00e9n\u00e9rale annuelle\u00a0<strong>(voir plus haut)<\/strong><\/li>\n<li><span style=\"color: #0000ff;\"><a style=\"color: #0000ff;\" href=\"https:\/\/ahnb-apnb.ca\/fr\/annual-general-meeting-2024-agenda\/\">Ordre du jour de l\u2019assembl\u00e9e g\u00e9n\u00e9rale annuelle 2024<\/a>\u00a0<\/span><\/li>\n<li><span style=\"color: #0000ff;\"><a style=\"color: #0000ff;\" href=\"https:\/\/ahnb-apnb.ca\/wp-content\/uploads\/2024\/11\/APNB-AGA-2023.pdf\" target=\"_blank\" rel=\"noopener\">Proc\u00e8s-verbal de l\u2019assembl\u00e9e g\u00e9n\u00e9rale annuelle 2023\u00a0<\/a><\/span><\/li>\n<li><span style=\"color: #0000ff;\"><a style=\"color: #0000ff;\" href=\"https:\/\/ahnb-apnb.ca\/wp-content\/uploads\/2024\/10\/AHNB-Year-End-Financial-Statements-March-31-2024-E-.pdf\" target=\"_blank\" rel=\"noopener\">\u00c9tats financiers v\u00e9rifi\u00e9s 2023-2024<\/a>\u00a0\u00a0<\/span><\/li>\n<li><span style=\"color: #0000ff;\"><a style=\"color: #0000ff;\" href=\"https:\/\/ahnb-apnb.ca\/wp-content\/uploads\/2024\/11\/AHNB-2024-Annual-Report-Final_FRE-2.pdf\" target=\"_blank\" rel=\"noopener\">Rapport annuel de l\u2019APNB-AHNB<\/a>\u00a0<\/span><\/li>\n<li><span style=\"color: #0000ff;\"><a style=\"color: #0000ff;\" href=\"https:\/\/ahnb-apnb.ca\/fr\/candidates-for-board-of-directors\/\" target=\"_blank\" rel=\"noopener\">Candidats aux postes du conseil d\u2019administration 2023-2024\u00a0<\/a><\/span><\/li>\n<\/ul>\n<p><\/p>","protected":false},"excerpt":{"rendered":"<p>Avis de convocation \u00e0 l\u2019assembl\u00e9e g\u00e9n\u00e9rale annuelle 2024 L\u2019assembl\u00e9e g\u00e9n\u00e9rale annuelle de l\u2019APNB aura lieu, le jeudi 6 novembre 2025, \u00e0 The Atlantic Host Hotel \u00e0 Bathurst, apr\u00e8s le d\u00e9jeuner (12 h). [&hellip;]<\/p>\n","protected":false},"author":2,"featured_media":0,"parent":0,"menu_order":0,"comment_status":"closed","ping_status":"closed","template":"","meta":{"_acf_changed":false,"footnotes":""},"class_list":["post-5826","page","type-page","status-publish","hentry"],"acf":[],"_links":{"self":[{"href":"https:\/\/ahnb-apnb.ca\/fr\/wp-json\/wp\/v2\/pages\/5826","targetHints":{"allow":["GET"]}}],"collection":[{"href":"https:\/\/ahnb-apnb.ca\/fr\/wp-json\/wp\/v2\/pages"}],"about":[{"href":"https:\/\/ahnb-apnb.ca\/fr\/wp-json\/wp\/v2\/types\/page"}],"author":[{"embeddable":true,"href":"https:\/\/ahnb-apnb.ca\/fr\/wp-json\/wp\/v2\/users\/2"}],"replies":[{"embeddable":true,"href":"https:\/\/ahnb-apnb.ca\/fr\/wp-json\/wp\/v2\/comments?post=5826"}],"version-history":[{"count":101,"href":"https:\/\/ahnb-apnb.ca\/fr\/wp-json\/wp\/v2\/pages\/5826\/revisions"}],"predecessor-version":[{"id":12263,"href":"https:\/\/ahnb-apnb.ca\/fr\/wp-json\/wp\/v2\/pages\/5826\/revisions\/12263"}],"wp:attachment":[{"href":"https:\/\/ahnb-apnb.ca\/fr\/wp-json\/wp\/v2\/media?parent=5826"}],"curies":[{"name":"wp","href":"https:\/\/api.w.org\/{rel}","templated":true}]}}