{"id":5830,"date":"2020-10-13T12:35:38","date_gmt":"2020-10-13T15:35:38","guid":{"rendered":"https:\/\/ahnb-apnb.ca\/?page_id=5830"},"modified":"2026-03-17T09:17:36","modified_gmt":"2026-03-17T12:17:36","slug":"candidates-for-board-of-directors","status":"publish","type":"page","link":"https:\/\/ahnb-apnb.ca\/fr\/candidates-for-board-of-directors\/","title":{"rendered":"Candidats au conseil d&rsquo;administration de l&rsquo;APNB, 2025-2026"},"content":{"rendered":"<p><strong>APNB Slate Propose\u00e9 2025-2026\u00a0 \/ AHNB Proposed Slate 2025-2026\u00a0\u00a0<\/strong><\/p>\n<p>Les membres de l&rsquo;ex\u00e9cutif et du conseil d&rsquo;administration restant en fonction jusqu&rsquo;\u00e0 la fin de leur mandat sont les suivants :<\/p>\n<p><strong><span style=\"font-size: 14pt;\"><u>Comit\u00e9 Ex\u00e9cutive \/ Executive Committee <\/u><\/span><\/strong><\/p>\n<p><strong>La pr\u00e9sidente\u00a0 \/ President\u00a0 \u00a0 \u00a0 \u00a0 \u00a0 \u00a0 \u00a0 \u00a0 \u00a0 \u00a0 \u00a0 \u00a0 \u00a0 \u00a0 \u00a0 \u00a0 \u00a0 \u00a0 \u00a0 \u00a0 \u00a0<\/strong><br \/>\nDominique G\u00e9linas<\/p>\n<p><strong>1er vice-pr\u00e9sident \/1st Vice President\u00a0 \u00a0 \u00a0\u00a0<\/strong><br \/>\nJanet Clouston<\/p>\n<p><strong>2\u00e8me vice-pr\u00e9sident \/2nd Vice President\u00a0 \u00a0 \u00a0\u00a0<\/strong><br \/>\nTammy Greene<\/p>\n<p><strong>secr\u00e9taire \/ Secratary\u00a0 \u00a0 \u00a0<\/strong><br \/>\nEvelyn Fidler<\/p>\n<p><strong>tr\u00e9sorier \/ Treasurer\u00a0 \u00a0<\/strong><br \/>\nvacant<\/p>\n<p><strong>La pr\u00e9sidente sortant \/ Past President\u00a0\u00a0<\/strong><br \/>\nLawren Campbell<\/p>\n<p><strong><span style=\"font-size: 14pt;\"><u>Conseil d&rsquo;administration \/ Board of Directors\u00a0<\/u><\/span><\/strong><\/p>\n<p><span style=\"font-size: 16px;\"><strong>Conseil d&rsquo;administration <\/strong><\/span>&#8211; Greg Fekner<br \/>\n<span style=\"font-size: 16px;\"><strong>Conseil d&rsquo;administration<\/strong> <\/span>&#8211; Charles Ramsey<br \/>\n<strong><span style=\"font-size: 16px;\">Conseil d&rsquo;administration <\/span>&#8211; <\/strong>Jennifer Dow<strong><br \/>\n<span style=\"font-size: 16px;\">Conseil d&rsquo;administration <\/span>&#8211;\u00a0<\/strong> Jeremy Mouat<strong><br \/>\n<\/strong><strong><span style=\"font-size: 16px;\">Conseil d&rsquo;administration <\/span><\/strong>&#8211; Melaine Wade\u00a0 \u00a0 \u00a0 \u00a0 \u00a0 \u00a0 \u00a0 \u00a0 \u00a0 \u00a0 \u00a0 \u00a0 \u00a0 \u00a0 \u00a0 \u00a0 \u00a0 \u00a0 \u00a0 \u00a0 \u00a0 <span style=\"font-size: 16px;\"><strong>Conseil d&rsquo;administration <\/strong><\/span>&#8211; Claire Godin<br \/>\n<span style=\"font-size: 16px;\"><strong>Conseil d&rsquo;administration<\/strong> <\/span>&#8211; Ismet Baba-Moussa<br \/>\n<strong><span style=\"font-size: 16px;\">Conseil d&rsquo;administration <\/span>&#8211; <\/strong>Ga\u00ebtane Saucier-Nadeau<\/p>\n<p>*Trois (3) postes vacants au sein du conseil d&rsquo;administration (15 membres maximum)<\/p>","protected":false},"excerpt":{"rendered":"<p>APNB Slate Propose\u00e9 2025-2026\u00a0 \/ AHNB Proposed Slate 2025-2026\u00a0\u00a0 Les membres de l&rsquo;ex\u00e9cutif et du conseil d&rsquo;administration restant en fonction jusqu&rsquo;\u00e0 la fin de leur mandat sont les suivants : Comit\u00e9 Ex\u00e9cutive [&hellip;]<\/p>\n","protected":false},"author":2,"featured_media":0,"parent":0,"menu_order":0,"comment_status":"closed","ping_status":"closed","template":"","meta":{"_acf_changed":false,"footnotes":""},"class_list":["post-5830","page","type-page","status-publish","hentry"],"acf":[],"_links":{"self":[{"href":"https:\/\/ahnb-apnb.ca\/fr\/wp-json\/wp\/v2\/pages\/5830","targetHints":{"allow":["GET"]}}],"collection":[{"href":"https:\/\/ahnb-apnb.ca\/fr\/wp-json\/wp\/v2\/pages"}],"about":[{"href":"https:\/\/ahnb-apnb.ca\/fr\/wp-json\/wp\/v2\/types\/page"}],"author":[{"embeddable":true,"href":"https:\/\/ahnb-apnb.ca\/fr\/wp-json\/wp\/v2\/users\/2"}],"replies":[{"embeddable":true,"href":"https:\/\/ahnb-apnb.ca\/fr\/wp-json\/wp\/v2\/comments?post=5830"}],"version-history":[{"count":77,"href":"https:\/\/ahnb-apnb.ca\/fr\/wp-json\/wp\/v2\/pages\/5830\/revisions"}],"predecessor-version":[{"id":12290,"href":"https:\/\/ahnb-apnb.ca\/fr\/wp-json\/wp\/v2\/pages\/5830\/revisions\/12290"}],"wp:attachment":[{"href":"https:\/\/ahnb-apnb.ca\/fr\/wp-json\/wp\/v2\/media?parent=5830"}],"curies":[{"name":"wp","href":"https:\/\/api.w.org\/{rel}","templated":true}]}}