{"id":5842,"date":"2020-08-25T15:23:22","date_gmt":"2020-08-25T18:23:22","guid":{"rendered":"https:\/\/ahnb-apnb.ca\/?page_id=5842"},"modified":"2026-03-17T09:17:36","modified_gmt":"2026-03-17T12:17:36","slug":"financial-statements-2020","status":"publish","type":"page","link":"https:\/\/ahnb-apnb.ca\/fr\/financial-statements-2020\/","title":{"rendered":"\u00c9tats Financiers 2025"},"content":{"rendered":"<p><a href=\"https:\/\/ahnb-apnb.ca\/wp-content\/uploads\/2025\/11\/2025-Financial-Statements-Association-Museums-New-Brunswick-Inc_.pdf\" target=\"_blank\" rel=\"noopener\"><span style=\"color: #0000ff;\">\u00c9tats Financiers 2025<\/span><\/a><\/p>\n<p>&nbsp;<\/p>\n<p><span style=\"font-size: 14pt;\">MacMillan Lawrence &amp; Lawrence<\/span><\/p>\n<p><span style=\"font-size: 14pt;\">Chartered Professional Accountants<\/span><\/p>\n<p><strong>Rapport de mission d&rsquo;ecamen du professionnel en exercice ind\u00e9pendant<\/strong><\/p>\n<p>Aux membres de L&rsquo;Association des mus\u00e9es du Nouveau-Brunswick, Inc.\/Association Museums New Brunswick, Inc.<\/p>\n<p>Nous avons effectu\u00e9 l&rsquo;examen des \u00e9tats financiers ci-joints de l&rsquo;Association des mus\u00e9es du Nouveau-Brunswick, Inc.\/Association Museums New Brunswick, Inc., qui comprennent le bilan au 31 mars 2023, ainsi que les \u00e9tats des r\u00e9sultats et de l&rsquo;\u00e9volution de l&rsquo;actif net et l&rsquo;\u00e9tat des flux de tr\u00e9sorerie pour l&rsquo;exercice termin\u00e9 \u00e0 cette date, de m\u00eame que les principales conventions comptables et d&rsquo;autres renseignements explicatifs.<\/p>\n<p><em>Responsabilit\u00e9 de la direction \u00e0 l&rsquo;\u00e9gard des \u00e9tats financiers<\/em><\/p>\n<p>La direction est responsable de la pr\u00e9paration et de la pr\u00e9sentation fid\u00e8le de ces \u00e9tats financiers conform\u00e9ment aux normes comptables canadiennes pour les organismes \u00e0 but non-lucratif, ainsi que du contr\u00f4le interne qu&rsquo;elle consid\u00e8re comme n\u00e9cessaire pour permettre la pr\u00e9paration d&rsquo;\u00e9tats financiers exempts d&rsquo;anomalies significatives, que celles-ci r\u00e9sultent de fraudes ou d&rsquo;erreurs.<\/p>\n<p><em>Responsabilit\u00e9du professionnel en exercice<\/em><\/p>\n<p>Notre responsabilit\u00e9 consiste \u00e0 exprimer une conclusion sur les \u00e9tats financiers ci-joints en nous fondant sur notre examen.\u00a0 Nous avons effectu\u00e9 notre examen conform\u00e9ment aux normes d&rsquo;examen g\u00e9n\u00e9ralement reconnues du Canada, qui exigent que nous nous conformions aux r\u00e8gles de d\u00e9ontologie pertinentes.<\/p>\n<p>Un examen d&rsquo;\u00e9tats financiers r\u00e9alis\u00e9 conform\u00e9ment aux normes d&rsquo;examen g\u00e9n\u00e9ralement reconnues du Canada est une mission d&rsquo;assurance limit\u00e9e.\u00a0 Le professionnel en exercice met en oeuvre des proc\u00e9dures qui consistent principalement en des demandes d&rsquo;informations aupr\u00e8s de la direction et d&rsquo;autres personnes au sein de l&rsquo;entit\u00e9, selon le cas, ainsi qu&rsquo;en des proc\u00e9dures analytiques, et \u00e9value les \u00e9l\u00e9ments probants obtenus.<\/p>\n<p>Les proc\u00e9dures mises en oeuvre dans un examen sont consid\u00e9rablement plus restreintes en \u00e9tendue que celles misses en oeuvre dans un audit r\u00e9alis\u00e9 conform\u00e9ment aux normes d&rsquo;audit g\u00e9n\u00e9ralement reconnues du Canada, et elles sont de nature diff\u00e9rente.\u00a0 Par cons\u00e9quent, nous n&rsquo;exprimons pas une opinion d&rsquo;audit sur les \u00e9tats financiers.<\/p>\n<p><em>Conclusion<\/em><\/p>\n<p>Au cours de notre examen, nous n&rsquo;avons rien relev\u00e9 qui nous porte \u00e0 croire que les \u00e9tats financiers ne donnent pas, dans tous leurs aspects significatifs, une image fid\u00e9le de la situation financi\u00e9re de l&rsquo;Association de mus\u00e9es du Nouveau-Brunswick, Inc.\/Association Museums New Brunswick, Inc. au 31 mars 2023, ainsi que des r\u00e9sultats de son exploitation et de ses flux de tr\u00e9sorerie pour l&rsquo;exercice clos \u00e0 cette date, conform\u00e9ment aux normes comptables canadiennes pour les organismes \u00e0 but non-lucratif.<\/p>\n<p>&nbsp;<\/p>\n<p>Fredericton, N.-B.\u00a0 \u00a0 18 septembre 2024<\/p>\n<p>&nbsp;<\/p>\n<p>&nbsp;<\/p>\n<p>&nbsp;<\/p>","protected":false},"excerpt":{"rendered":"<p>\u00c9tats Financiers 2025 &nbsp; MacMillan Lawrence &amp; Lawrence Chartered Professional Accountants Rapport de mission d&rsquo;ecamen du professionnel en exercice ind\u00e9pendant Aux membres de L&rsquo;Association des mus\u00e9es du Nouveau-Brunswick, Inc.\/Association Museums New Brunswick, [&hellip;]<\/p>\n","protected":false},"author":2,"featured_media":0,"parent":0,"menu_order":0,"comment_status":"closed","ping_status":"closed","template":"","meta":{"_acf_changed":false,"footnotes":""},"class_list":["post-5842","page","type-page","status-publish","hentry"],"acf":[],"_links":{"self":[{"href":"https:\/\/ahnb-apnb.ca\/fr\/wp-json\/wp\/v2\/pages\/5842","targetHints":{"allow":["GET"]}}],"collection":[{"href":"https:\/\/ahnb-apnb.ca\/fr\/wp-json\/wp\/v2\/pages"}],"about":[{"href":"https:\/\/ahnb-apnb.ca\/fr\/wp-json\/wp\/v2\/types\/page"}],"author":[{"embeddable":true,"href":"https:\/\/ahnb-apnb.ca\/fr\/wp-json\/wp\/v2\/users\/2"}],"replies":[{"embeddable":true,"href":"https:\/\/ahnb-apnb.ca\/fr\/wp-json\/wp\/v2\/comments?post=5842"}],"version-history":[{"count":49,"href":"https:\/\/ahnb-apnb.ca\/fr\/wp-json\/wp\/v2\/pages\/5842\/revisions"}],"predecessor-version":[{"id":12266,"href":"https:\/\/ahnb-apnb.ca\/fr\/wp-json\/wp\/v2\/pages\/5842\/revisions\/12266"}],"wp:attachment":[{"href":"https:\/\/ahnb-apnb.ca\/fr\/wp-json\/wp\/v2\/media?parent=5842"}],"curies":[{"name":"wp","href":"https:\/\/api.w.org\/{rel}","templated":true}]}}