{"id":73,"date":"2013-04-19T12:19:45","date_gmt":"2013-04-19T12:19:45","guid":{"rendered":"https:\/\/ahnb-apnb.ca\/?page_id=73"},"modified":"2026-03-17T09:17:35","modified_gmt":"2026-03-17T12:17:35","slug":"board","status":"publish","type":"page","link":"https:\/\/ahnb-apnb.ca\/fr\/board\/","title":{"rendered":"Conseil"},"content":{"rendered":"<p>Les affaires de l&rsquo;Association Patrimoine Nouveau-Brunswick (APNB) sont g\u00e9r\u00e9es par un conseil d&rsquo;administration compos\u00e9 d&rsquo;un maximum de quinze membres. Ces quinze membres sont nomm\u00e9s et \u00e9lus par les membres de l&rsquo;APNB lors de la conf\u00e9rence annuelle et de l&rsquo;AGA \u00e0 l&rsquo;automne.\u00a0 Tous les directeurs sont des b\u00e9n\u00e9voles de toute la province et sont \u00e9galement membres de l&rsquo;AHNB. Le conseil comprend un membre d&rsquo;office du minist\u00e8re du Tourisme, du Patrimoine et de la Culture du gouvernement provincial. L&rsquo;APNB emploie \u00e9galement une directrice ex\u00e9cutive\u00a0et une Coordonnatrice de Projets Patrimoniaux.<\/p>\n<h2 align=\"LEFT\">Membres du conseil d&rsquo;administration 2024\/2025 :<\/h2>\n<p align=\"LEFT\"><strong>Pr\u00e9sident :<\/strong> Lawren Campbell\u00a0 &#8211; La Place Resurgo, Coordonateur du patrimoine et de la culture.<br \/>\n<strong>1e Vice-Pr\u00e9sident : <\/strong>Guy Tremblay retrait\u00e9, Tourisme, Patrimoine et Culture.<br \/>\n<strong>2e Vice-Pr\u00e9sidente :<\/strong>\u00a0 Tammy Greene &#8211; Lieu historique de la Pointe Wilson\u2019s, Directrice.<br \/>\n<strong>Tr\u00e9soier : <\/strong>Greg Fekner &#8211; Volontaire, Maison loyaliste.<br \/>\n<strong>Secr\u00e9taire : <\/strong>Evelyn Fidler &#8211; Kings Landing, Directeur adjoint de H\u00e9ritage Ressources.<br \/>\n<strong>Pr\u00e9sident sortant : <\/strong>Gerry Gillcash &#8211; Mus\u00e9e du patrimoine de Lutz Mountain, Directeur.<\/p>\n<p>Dominique G\u00e9linas\u00a0 &#8211; <span lang=\"FR-CA\">Mus\u00e9e du Nouveau-Brunswick, <\/span><span lang=\"FR-CA\">Directrice des expositions et de l\u2019exp\u00e9rience du visiteur \/ Gestionnaire int\u00e9rim des Services mus\u00e9aux.<\/span><br \/>\nJeremy Mouat &#8211; Pr\u00e9sident du Fredericton Heritage Trust.<br \/>\nJanet Clouston &#8211; Directrice g\u00e9n\u00e9rale du mus\u00e9e du comt\u00e9 d&rsquo;Albert et du centre RB Bennett.<br \/>\nNatalie Bull &#8211; Membre du conseil d&rsquo;administration de la soci\u00e9t\u00e9 historique du comt\u00e9 de Carleton.<br \/>\nJennifer Dow &#8211; Membre du conseil d&rsquo;administration de \u00ab REACH \u00bb dans N.-B. et consultante en recherche sur l&rsquo;histoire des Noirs.<br \/>\nCharles Ramsey &#8211; (en g\u00e9n\u00e9rale) La Commission du patrimoine de Bathurst et le Mus\u00e9e du Patrimoine de Bathurst.<\/p>\n<p>Anja Hamilton, TPC (ex-officio)<\/p>\n<p>Personnel :<br \/>\nErin Jeffries (directrice ex\u00e9cutive)<\/p>\n<h5 align=\"LEFT\"><\/h5>\n<p><\/p>","protected":false},"excerpt":{"rendered":"<p>Les affaires de l&rsquo;Association Patrimoine Nouveau-Brunswick (APNB) sont g\u00e9r\u00e9es par un conseil d&rsquo;administration compos\u00e9 d&rsquo;un maximum de quinze membres. Ces quinze membres sont nomm\u00e9s et \u00e9lus par les membres de l&rsquo;APNB lors [&hellip;]<\/p>\n","protected":false},"author":1,"featured_media":0,"parent":0,"menu_order":0,"comment_status":"closed","ping_status":"open","template":"","meta":{"_acf_changed":false,"footnotes":""},"class_list":["post-73","page","type-page","status-publish","hentry"],"acf":[],"_links":{"self":[{"href":"https:\/\/ahnb-apnb.ca\/fr\/wp-json\/wp\/v2\/pages\/73","targetHints":{"allow":["GET"]}}],"collection":[{"href":"https:\/\/ahnb-apnb.ca\/fr\/wp-json\/wp\/v2\/pages"}],"about":[{"href":"https:\/\/ahnb-apnb.ca\/fr\/wp-json\/wp\/v2\/types\/page"}],"author":[{"embeddable":true,"href":"https:\/\/ahnb-apnb.ca\/fr\/wp-json\/wp\/v2\/users\/1"}],"replies":[{"embeddable":true,"href":"https:\/\/ahnb-apnb.ca\/fr\/wp-json\/wp\/v2\/comments?post=73"}],"version-history":[{"count":103,"href":"https:\/\/ahnb-apnb.ca\/fr\/wp-json\/wp\/v2\/pages\/73\/revisions"}],"predecessor-version":[{"id":10921,"href":"https:\/\/ahnb-apnb.ca\/fr\/wp-json\/wp\/v2\/pages\/73\/revisions\/10921"}],"wp:attachment":[{"href":"https:\/\/ahnb-apnb.ca\/fr\/wp-json\/wp\/v2\/media?parent=73"}],"curies":[{"name":"wp","href":"https:\/\/api.w.org\/{rel}","templated":true}]}}