{"id":7674,"date":"2023-03-01T08:42:52","date_gmt":"2023-03-01T12:42:52","guid":{"rendered":"https:\/\/ahnb-apnb.ca\/?page_id=7674"},"modified":"2026-03-17T09:17:36","modified_gmt":"2026-03-17T12:17:36","slug":"endangered-places-list","status":"publish","type":"page","link":"https:\/\/ahnb-apnb.ca\/fr\/endangered-places-list\/","title":{"rendered":"Liste des lieux menac\u00e9s"},"content":{"rendered":"<p><span style=\"color: #000000;\"><strong>La liste des lieux menac\u00e9s 2023 est accessible ici :<\/strong><\/span> <span style=\"color: #0000ff;\"><a style=\"color: #0000ff;\" href=\"https:\/\/ahnb-apnb.ca\/wp-content\/uploads\/2023\/05\/FRE-List-2023.pdf\" target=\"_blank\" rel=\"noopener\">Liste des lieux menac\u00e9s 2023 de l&rsquo;APNB<\/a><\/span><\/p>\n<p><span style=\"color: #000000;\"><strong>Les derni\u00e8res mises \u00e0 jour de la liste des lieux menac\u00e9s 2023 sont accessibles ici :<\/strong><\/span>\u00a0<span style=\"color: #0000ff;\"><a style=\"color: #0000ff;\" href=\"https:\/\/ahnb-apnb.ca\/wp-content\/uploads\/2024\/05\/Dernieres-mises-a-jour-LLM.pdf\" target=\"_blank\" rel=\"noopener\">Derni\u00e8res mises \u00e0 jour de la LLM 2023<\/a><\/span><\/p>\n<p><span style=\"color: #000000;\"><strong>Les mises \u00e0 jour semestrielles de la liste des lieux menac\u00e9s 2023 sont accessibles ici :<\/strong><\/span>\u00a0<span style=\"color: #0000ff;\"><a style=\"color: #0000ff;\" href=\"https:\/\/ahnb-apnb.ca\/wp-content\/uploads\/2023\/12\/Mises-a-jour-semestrielles-LLM-2023.pdf\" target=\"_blank\" rel=\"noopener\">Mises \u00e0 jour semestrielles de la LLM 2023<\/a><\/span><\/p>\n<p>La Liste des lieux menac\u00e9s est une initiative de l&rsquo;APNB qui consiste en un programme bas\u00e9 sur les nominations dans le cadre duquel toute personne qui se sent oblig\u00e9e d&rsquo;attirer l&rsquo;attention sur des lieux patrimoniaux menac\u00e9s dans sa r\u00e9gion de la province peut le faire. Souvent, les sites en voie de d\u00e9t\u00e9rioration passent inaper\u00e7us pendant trop longtemps et nous subissons la perte de certaines de nos structures patrimoniales b\u00e2ties les plus uniques. C&rsquo;est pourquoi nous avons d\u00e9cid\u00e9 de cr\u00e9er ce programme afin de donner au public la possibilit\u00e9 de proposer la candidature de leurs sites patrimoniaux locaux en d\u00e9clin pour notre liste annuelle des lieux menac\u00e9s. La liste attirera l&rsquo;attention des m\u00e9dias, informera les communaut\u00e9s locales sur leurs sites \u00e0 risque, attirera des acheteurs potentiels soucieux du patrimoine et, esp\u00e9rons-le, aidera \u00e0 obtenir un financement provincial pour les sites qui en ont vraiment besoin.<\/p>\n<p>Il n\u2019y a pas de date limite pour la Liste des lieux menac\u00e9s et les nominations peuvent \u00eatre faites \u00e0 tout moment. Les sites patrimoniaux dont la candidature est propos\u00e9e pour la liste n\u2019ont pas besoin d\u2019\u00eatre officiellement reconnus pour \u00eatre inclus. Le proposant de chaque site qui se retrouve sur la liste est responsable de fournir des mises \u00e0 jour 6 et 12 mois apr\u00e8s la publication de la liste. Ces mises \u00e0 jour doivent \u00eatre effectu\u00e9es en remplissant et en soumettant la fiche d\u2019\u00e9valuation, qui peut \u00eatre consult\u00e9e <span style=\"color: #0000ff;\"><a style=\"color: #0000ff;\" href=\"https:\/\/ahnb-apnb.ca\/wp-content\/uploads\/2024\/10\/3.-Fiche-devaluation-2024.pdf\" target=\"_blank\" rel=\"noopener\">ici<\/a><\/span>.<\/p>\n<p>Pour en savoir plus, suivez <span style=\"color: #0000ff;\"><a style=\"color: #0000ff;\" href=\"https:\/\/ahnb-apnb.ca\/wp-content\/uploads\/2024\/10\/1.-Proposition-de-cadre-de-programme-2024.pdf\" target=\"_blank\" rel=\"noopener\">ce lien<\/a><\/span> pour lire le cadre du projet. Vous pouvez \u00e9galement acc\u00e9der \u00e0 la grille d&rsquo;\u00e9valuation qui d\u00e9terminera le niveau de mise en danger des sites en question <a href=\"https:\/\/ahnb-apnb.ca\/wp-content\/uploads\/2023\/02\/4.-Grille-devaluation.pdf\" target=\"_blank\" rel=\"noopener\"><span style=\"color: #0000ff;\">ici.<\/span><\/a><\/p>\n<p>Vous souhaitez proposer un site? Remplissez ce <span style=\"color: #0000ff;\"><a style=\"color: #0000ff;\" href=\"https:\/\/ahnb-apnb.ca\/wp-content\/uploads\/2024\/10\/2.-Formulaire-de-mise-en-candidature-de-lAPNB-.pdf\" target=\"_blank\" rel=\"noopener\">formulaire de nomination<\/a> <\/span>et envoyez-le \u00e0 info@amnb.ca. La liste des lieux menac\u00e9s 2023 est accessible ici : <span style=\"color: #0000ff;\"><a style=\"color: #0000ff;\" href=\"https:\/\/ahnb-apnb.ca\/wp-content\/uploads\/2023\/05\/FRE-List-2023.pdf\" target=\"_blank\" rel=\"noopener\">Liste des lieux menac\u00e9s 2023 de l&rsquo;APNB<\/a><\/span><\/p>","protected":false},"excerpt":{"rendered":"<p>La liste des lieux menac\u00e9s 2023 est accessible ici : Liste des lieux menac\u00e9s 2023 de l&rsquo;APNB Les derni\u00e8res mises \u00e0 jour de la liste des lieux menac\u00e9s 2023 sont accessibles ici [&hellip;]<\/p>\n","protected":false},"author":2,"featured_media":0,"parent":0,"menu_order":0,"comment_status":"closed","ping_status":"closed","template":"","meta":{"_acf_changed":false,"footnotes":""},"class_list":["post-7674","page","type-page","status-publish","hentry"],"acf":[],"_links":{"self":[{"href":"https:\/\/ahnb-apnb.ca\/fr\/wp-json\/wp\/v2\/pages\/7674","targetHints":{"allow":["GET"]}}],"collection":[{"href":"https:\/\/ahnb-apnb.ca\/fr\/wp-json\/wp\/v2\/pages"}],"about":[{"href":"https:\/\/ahnb-apnb.ca\/fr\/wp-json\/wp\/v2\/types\/page"}],"author":[{"embeddable":true,"href":"https:\/\/ahnb-apnb.ca\/fr\/wp-json\/wp\/v2\/users\/2"}],"replies":[{"embeddable":true,"href":"https:\/\/ahnb-apnb.ca\/fr\/wp-json\/wp\/v2\/comments?post=7674"}],"version-history":[{"count":34,"href":"https:\/\/ahnb-apnb.ca\/fr\/wp-json\/wp\/v2\/pages\/7674\/revisions"}],"predecessor-version":[{"id":10877,"href":"https:\/\/ahnb-apnb.ca\/fr\/wp-json\/wp\/v2\/pages\/7674\/revisions\/10877"}],"wp:attachment":[{"href":"https:\/\/ahnb-apnb.ca\/fr\/wp-json\/wp\/v2\/media?parent=7674"}],"curies":[{"name":"wp","href":"https:\/\/api.w.org\/{rel}","templated":true}]}}