{"id":80,"date":"2013-04-19T12:36:13","date_gmt":"2013-04-19T12:36:13","guid":{"rendered":"https:\/\/ahnb-apnb.ca\/?page_id=80"},"modified":"2024-06-04T16:28:29","modified_gmt":"2024-06-04T19:28:29","slug":"services","status":"publish","type":"page","link":"https:\/\/ahnb-apnb.ca\/fr\/services\/","title":{"rendered":"Services"},"content":{"rendered":"<p>Notre <a href=\"https:\/\/ahnb-apnb.ca\/list-of-members\/?lang=fr\" target=\"_blank\" rel=\"noopener noreferrer\">liste de membres<\/a> est une liste compl\u00e8te des organisations patrimoniales de la province.<\/p>\n<p>Notre <a href=\"https:\/\/sites.google.com\/a\/amnb.ca\/blogosphere-association-patrimoine-n--b\/home\/lieuxhistoriques\/heritage-standing\" target=\"_blank\" rel=\"noopener noreferrer\">Blogosph\u00e8re Association Patrimoine Nouveau-Brunswick<\/a> est une ressource professionnelle pr\u00e9par\u00e9e par nos membres. Des nouvelles informations sont publi\u00e9es le troisi\u00e8me vendredi de chaque mois.<\/p>\n<p>Notre <a href=\"https:\/\/ahnb-apnb.ca\/newsletter\/?lang=fr\" target=\"_blank\" rel=\"noopener noreferrer\">Alerte<\/a> est un bulletin trimestriel envoy\u00e9 \u00e9lectroniquement. Il pr\u00e9sente des nouvelles et des faits saillants concernant le patrimoine \u00e0 l\u2019\u00e9chelle provinciale.<\/p>\n<p>Notre <a href=\"https:\/\/ahnb-apnb.ca\/?page_id=104&amp;lang=fr\" target=\"_blank\" rel=\"noopener noreferrer\">Conf\u00e9rence annuelle et AGA<\/a> (assembl\u00e9e) est une occasion de rencontrer d\u2019autres membres et personnes qui exercent une activit\u00e9 li\u00e9e au patrimoine. Elle offre aussi des occasions de perfectionnement professionnel et la chance d\u2019entendre des conf\u00e9renciers int\u00e9ressants pour le milieu patrimonial.<\/p>\n<p>Notre <a href=\"https:\/\/ahnb-apnb.ca\/professionaldev\/?lang=fr\" target=\"_blank\" rel=\"noopener noreferrer\">programme de webinaires<\/a>\u00a0est un moyen d&rsquo;instruire sur les sujets relatifs au patrimoine.<\/p>","protected":false},"excerpt":{"rendered":"<p>Notre liste de membres est une liste compl\u00e8te des organisations patrimoniales de la province. Notre Blogosph\u00e8re Association Patrimoine Nouveau-Brunswick est une ressource professionnelle pr\u00e9par\u00e9e par nos membres. Des nouvelles informations sont publi\u00e9es [&hellip;]<\/p>\n","protected":false},"author":1,"featured_media":0,"parent":0,"menu_order":0,"comment_status":"open","ping_status":"open","template":"","meta":{"_acf_changed":false,"footnotes":""},"class_list":["post-80","page","type-page","status-publish","hentry"],"acf":[],"_links":{"self":[{"href":"https:\/\/ahnb-apnb.ca\/fr\/wp-json\/wp\/v2\/pages\/80","targetHints":{"allow":["GET"]}}],"collection":[{"href":"https:\/\/ahnb-apnb.ca\/fr\/wp-json\/wp\/v2\/pages"}],"about":[{"href":"https:\/\/ahnb-apnb.ca\/fr\/wp-json\/wp\/v2\/types\/page"}],"author":[{"embeddable":true,"href":"https:\/\/ahnb-apnb.ca\/fr\/wp-json\/wp\/v2\/users\/1"}],"replies":[{"embeddable":true,"href":"https:\/\/ahnb-apnb.ca\/fr\/wp-json\/wp\/v2\/comments?post=80"}],"version-history":[{"count":13,"href":"https:\/\/ahnb-apnb.ca\/fr\/wp-json\/wp\/v2\/pages\/80\/revisions"}],"predecessor-version":[{"id":9236,"href":"https:\/\/ahnb-apnb.ca\/fr\/wp-json\/wp\/v2\/pages\/80\/revisions\/9236"}],"wp:attachment":[{"href":"https:\/\/ahnb-apnb.ca\/fr\/wp-json\/wp\/v2\/media?parent=80"}],"curies":[{"name":"wp","href":"https:\/\/api.w.org\/{rel}","templated":true}]}}