{"id":8899,"date":"2024-03-14T15:32:44","date_gmt":"2024-03-14T18:32:44","guid":{"rendered":"https:\/\/ahnb-apnb.ca\/?page_id=8899"},"modified":"2026-03-17T09:17:37","modified_gmt":"2026-03-17T12:17:37","slug":"inventory-project","status":"publish","type":"page","link":"https:\/\/ahnb-apnb.ca\/fr\/inventory-project\/","title":{"rendered":"Le projet d&rsquo;inventaire"},"content":{"rendered":"<p>Le projet d&rsquo;inventaire de l&rsquo;APNB est une base de donn\u00e9es croissante de sites patrimoniaux appr\u00e9ci\u00e9s localement dans tout le Nouveau-Brunswick. L&rsquo;objectif est de c\u00e9l\u00e9brer notre patrimoine collectif et de rendre notre histoire plus accessible. La base de donn\u00e9es est en cours de d\u00e9veloppement et devrait \u00eatre h\u00e9berg\u00e9e en ligne \u00e0 l&rsquo;avenir pour \u00eatre utilis\u00e9e par le public.<\/p>\n<p>\u00c0 l&rsquo;APNB, nous croyons que la promotion de la pr\u00e9servation du patrimoine est essentielle \u00e0 la c\u00e9l\u00e9bration de la diversit\u00e9 culturelle, \u00e0 la lutte contre le changement climatique et \u00e0 l&rsquo;\u00e9ducation de la prochaine g\u00e9n\u00e9ration au sujet de son histoire. C&rsquo;est pourquoi cette base de donn\u00e9es comprend tous les sites du patrimoine b\u00e2ti du Nouveau-Brunswick, qu&rsquo;ils aient \u00e9t\u00e9 officiellement reconnus ou non.<\/p>\n<p>Ce projet ne serait pas possible sans l&rsquo;aide de nos \u00e9tudiants d&rsquo;\u00e9t\u00e9 et de nos b\u00e9n\u00e9voles qui compilent la majorit\u00e9 des recherches. Si ce projet vous int\u00e9resse et que vous souhaitez en savoir plus sur la fa\u00e7on de participer, veuillez envoyer un courriel \u00e0 <a href=\"mailto:inventoryproject@amnb.ca\">inventoryproject@amnb.ca<\/a> pour obtenir de plus amples renseignements. Nous avons besoin de b\u00e9n\u00e9voles de tout le Nouveau-Brunswick!<\/p>\n<p><span style=\"font-size: 24px;\"><a href=\"https:\/\/ahnb-apnb.ca\/inventory_archive\/\">Archive<\/a><\/span><\/p>\n<p><span style=\"font-size: 20px;\">Par lieu:<\/span><\/p>\n<p><a href=\"https:\/\/ahnb-apnb.ca\/location\/central-valley\/\"><label class=\"selectit\">Central Valley<\/label><\/a><\/p>\n<p><a href=\"https:\/\/ahnb-apnb.ca\/location\/chaleur-peninsule-acadienne\/\"><label class=\"selectit\">Chaleur\/Peninsule acadienne<\/label><\/a><\/p>\n<p><a href=\"https:\/\/ahnb-apnb.ca\/location\/charlotte-fundy\/\"><label class=\"selectit\">Charlotte County and the Fundy Isle<\/label><\/a><\/p>\n<p><a href=\"https:\/\/ahnb-apnb.ca\/location\/madawaska-victoria\/\"><label class=\"selectit\">Madawaska\/Victoria<\/label><\/a><\/p>\n<p><a href=\"https:\/\/ahnb-apnb.ca\/location\/miramichi\/\"><label class=\"selectit\">Miramichi<\/label><\/a><\/p>\n<p><a href=\"https:\/\/ahnb-apnb.ca\/location\/restigouche\/\"><label class=\"selectit\">Restigouche<\/label><\/a><\/p>\n<p><a href=\"https:\/\/ahnb-apnb.ca\/location\/saint-john-fundy\/\">Saint John\/Fundy<\/a><\/p>\n<p><a href=\"https:\/\/ahnb-apnb.ca\/location\/south-east-sud-est\/\"><label class=\"selectit\">South East<\/label><\/a><\/p>","protected":false},"excerpt":{"rendered":"<p>Le projet d&rsquo;inventaire de l&rsquo;APNB est une base de donn\u00e9es croissante de sites patrimoniaux appr\u00e9ci\u00e9s localement dans tout le Nouveau-Brunswick. L&rsquo;objectif est de c\u00e9l\u00e9brer notre patrimoine collectif et de rendre notre histoire [&hellip;]<\/p>\n","protected":false},"author":2,"featured_media":0,"parent":0,"menu_order":0,"comment_status":"closed","ping_status":"closed","template":"","meta":{"_acf_changed":false,"footnotes":""},"class_list":["post-8899","page","type-page","status-publish","hentry"],"acf":[],"_links":{"self":[{"href":"https:\/\/ahnb-apnb.ca\/fr\/wp-json\/wp\/v2\/pages\/8899","targetHints":{"allow":["GET"]}}],"collection":[{"href":"https:\/\/ahnb-apnb.ca\/fr\/wp-json\/wp\/v2\/pages"}],"about":[{"href":"https:\/\/ahnb-apnb.ca\/fr\/wp-json\/wp\/v2\/types\/page"}],"author":[{"embeddable":true,"href":"https:\/\/ahnb-apnb.ca\/fr\/wp-json\/wp\/v2\/users\/2"}],"replies":[{"embeddable":true,"href":"https:\/\/ahnb-apnb.ca\/fr\/wp-json\/wp\/v2\/comments?post=8899"}],"version-history":[{"count":17,"href":"https:\/\/ahnb-apnb.ca\/fr\/wp-json\/wp\/v2\/pages\/8899\/revisions"}],"predecessor-version":[{"id":10678,"href":"https:\/\/ahnb-apnb.ca\/fr\/wp-json\/wp\/v2\/pages\/8899\/revisions\/10678"}],"wp:attachment":[{"href":"https:\/\/ahnb-apnb.ca\/fr\/wp-json\/wp\/v2\/media?parent=8899"}],"curies":[{"name":"wp","href":"https:\/\/api.w.org\/{rel}","templated":true}]}}