{"id":9010,"date":"2024-05-27T10:56:47","date_gmt":"2024-05-27T13:56:47","guid":{"rendered":"https:\/\/ahnb-apnb.ca\/?page_id=9010"},"modified":"2026-03-17T09:17:37","modified_gmt":"2026-03-17T12:17:37","slug":"member-application-form","status":"publish","type":"page","link":"https:\/\/ahnb-apnb.ca\/fr\/member-application-form\/","title":{"rendered":"Formulaire de demande d&rsquo;adh\u00e9sion"},"content":{"rendered":"<p><div class=\"forminator-ui forminator-custom-form forminator-custom-form-9028 forminator-design--default  forminator_ajax\" data-forminator-render=\"0\" data-form=\"forminator-module-9028\" data-uid=\"69f409611dfeb\"><br\/><\/div><form\n\t\t\t\tid=\"forminator-module-9028\"\n\t\t\t\tclass=\"forminator-ui forminator-custom-form forminator-custom-form-9028 forminator-design--default  forminator_ajax\"\n\t\t\t\tmethod=\"post\"\n\t\t\t\tdata-forminator-render=\"0\"\n\t\t\t\tdata-form-id=\"9028\"\n\t\t\t\t data-color-option=\"default\" data-design=\"default\" data-grid=\"open\" style=\"display: none;\"\n\t\t\t\tdata-uid=\"69f409611dfeb\"\n\t\t\t><div role=\"alert\" aria-live=\"polite\" class=\"forminator-response-message forminator-error\" aria-hidden=\"true\"><\/div><div class=\"forminator-row\"><div id=\"date-1\" class=\"forminator-field-date forminator-col forminator-col-12 \"><div class=\"forminator-field\"><label for=\"forminator-field-date-1-picker_69f409611dfeb\" id=\"forminator-field-date-1-picker_69f409611dfeb-label\" class=\"forminator-label\">Date <span class=\"forminator-required\">*<\/span><\/label><div class=\"forminator-input-with-icon\"><span class=\"forminator-icon-calendar\" aria-hidden=\"true\"><\/span><input autocomplete=\"off\" type=\"text\" size=\"1\" name=\"date-1\" value=\"04\/30\/2026\" placeholder=\"Choose Date\" id=\"forminator-field-date-1-picker_69f409611dfeb\" class=\"forminator-input forminator-datepicker\" data-required=\"1\" data-format=\"mm\/dd\/yy\" data-restrict-type=\"\" data-restrict=\"\" data-start-year=\"1926\" data-end-year=\"2126\" data-past-dates=\"enable\" data-start-of-week=\"1\" data-start-date=\"\" data-end-date=\"\" data-start-field=\"\" data-end-field=\"\" data-start-offset=\"\" data-end-offset=\"\" data-disable-date=\"\" data-disable-range=\"\" \/><\/div><\/div><\/div><\/div><div class=\"forminator-row\"><div id=\"name-1\" class=\"forminator-field-name forminator-col forminator-col-12 \"><div class=\"forminator-row forminator-no-margin\" data-multiple=\"true\"><div class=\"forminator-col forminator-col-md-6\"><div class=\"forminator-field\"><label for=\"forminator-field-first-name-1_69f409611dfeb\" id=\"forminator-field-first-name-1_69f409611dfeb-label\" class=\"forminator-label\">Pr\u00e9nom <span class=\"forminator-required\">*<\/span><\/label><input type=\"text\" name=\"name-1-first-name\" placeholder=\"E.g. John\" id=\"forminator-field-first-name-1_69f409611dfeb\" class=\"forminator-input\" aria-required=\"true\" data-multi=\"1\" autocomplete=\"given-name\" value=\"\" \/><\/div><\/div><div class=\"forminator-col forminator-col-md-6\"><div class=\"forminator-field\"><label for=\"forminator-field-last-name-1_69f409611dfeb\" id=\"forminator-field-last-name-1_69f409611dfeb-label\" class=\"forminator-label\">Nom de famille <span class=\"forminator-required\">*<\/span><\/label><input type=\"text\" name=\"name-1-last-name\" placeholder=\"E.g. Doe\" id=\"forminator-field-last-name-1_69f409611dfeb\" class=\"forminator-input\" aria-required=\"true\" data-multi=\"1\" autocomplete=\"family-name\" value=\"\" \/><\/div><\/div><\/div><\/div><\/div><div class=\"forminator-row\"><div id=\"email-1\" class=\"forminator-field-email forminator-col forminator-col-12 \"><div class=\"forminator-field\"><label for=\"forminator-field-email-1_69f409611dfeb\" id=\"forminator-field-email-1_69f409611dfeb-label\" class=\"forminator-label\">E-mail <span class=\"forminator-required\">*<\/span><\/label><input type=\"email\" name=\"email-1\" value=\"\" placeholder=\"E.g. john@heritage.com\" id=\"forminator-field-email-1_69f409611dfeb\" class=\"forminator-input forminator-email--field\" data-required=\"1\" aria-required=\"true\" autocomplete=\"email\" \/><\/div><\/div><\/div><div class=\"forminator-row\"><div id=\"email-2\" class=\"forminator-field-email forminator-col forminator-col-12 \"><div class=\"forminator-field\"><label for=\"forminator-field-email-2_69f409611dfeb\" id=\"forminator-field-email-2_69f409611dfeb-label\" class=\"forminator-label\">Confirmer l&#039;e-mail <span class=\"forminator-required\">*<\/span><\/label><input type=\"email\" name=\"email-2\" value=\"\" placeholder=\"E.g. john@heritage.com\" id=\"forminator-field-email-2_69f409611dfeb\" class=\"forminator-input forminator-email--field\" data-required=\"1\" aria-required=\"true\" autocomplete=\"email\" \/><\/div><\/div><\/div><div class=\"forminator-row\"><div id=\"address-1\" class=\"forminator-field-address forminator-col forminator-col-12 \"><div class=\"forminator-row\"><div id=\"address-1-street_address\" class=\"forminator-col\"><div class=\"forminator-field\"><label for=\"forminator-field-address-1-street_address_69f409611dfeb\" id=\"forminator-field-address-1-street_address_69f409611dfeb-label\" class=\"forminator-label\">Adresse <span class=\"forminator-required\">*<\/span><\/label><input type=\"text\" name=\"address-1-street_address\" placeholder=\"E.g. 123, rue Maple\" id=\"forminator-field-address-1-street_address_69f409611dfeb\" class=\"forminator-input\" data-required=\"1\" aria-required=\"true\" autocomplete=\"address-line1\" value=\"\" \/><\/div><\/div><\/div><div class=\"forminator-row\" data-multiple=\"true\"><div id=\"address-1-city\" class=\"forminator-col forminator-col-6\"><div class=\"forminator-field\"><label for=\"forminator-field-address-1-city_69f409611dfeb\" id=\"forminator-field-address-1-city_69f409611dfeb-label\" class=\"forminator-label\">Ville <span class=\"forminator-required\">*<\/span><\/label><input type=\"text\" name=\"address-1-city\" placeholder=\"E.g. Fredericton\" id=\"forminator-field-address-1-city_69f409611dfeb\" class=\"forminator-input\" data-required=\"1\" aria-required=\"true\" autocomplete=\"address-level2\" value=\"\" \/><\/div><\/div><div id=\"address-1-state\" class=\"forminator-col forminator-col-6\"><div class=\"forminator-field\"><label for=\"forminator-field-address-1-state_69f409611dfeb\" id=\"forminator-field-address-1-state_69f409611dfeb-label\" class=\"forminator-label\">Province <span class=\"forminator-required\">*<\/span><\/label><input type=\"text\" name=\"address-1-state\" placeholder=\"E.g. Nouveau-Brunswick\" id=\"forminator-field-address-1-state_69f409611dfeb\" class=\"forminator-input\" data-required=\"1\" aria-required=\"true\" autocomplete=\"address-level1\" value=\"\" \/><\/div><\/div><\/div><div class=\"forminator-row\" data-multiple=\"false\"><div id=\"address-1-zip\" class=\"forminator-col forminator-col-12\"><div class=\"forminator-field\"><label for=\"forminator-field-address-1-zip_69f409611dfeb\" id=\"forminator-field-address-1-zip_69f409611dfeb-label\" class=\"forminator-label\">ZIP \/ Code Postal <span class=\"forminator-required\">*<\/span><\/label><input type=\"text\" name=\"address-1-zip\" placeholder=\"E.g. 2000\" id=\"forminator-field-address-1-zip_69f409611dfeb\" class=\"forminator-input\" autocomplete=\"postal-code\" value=\"\" \/><\/div><\/div><\/div><\/div><\/div><div class=\"forminator-row\"><div id=\"phone-1\" class=\"forminator-field-phone forminator-col forminator-col-12 \"><div class=\"forminator-field\"><label for=\"forminator-field-phone-1_69f409611dfeb\" id=\"forminator-field-phone-1_69f409611dfeb-label\" class=\"forminator-label\">T\u00e9l\u00e9phone <span class=\"forminator-required\">*<\/span><\/label><input type=\"text\" name=\"phone-1\" value=\"\" placeholder=\"E.g. +1 300 400 5000\" id=\"forminator-field-phone-1_69f409611dfeb\" class=\"forminator-input forminator-field--phone\" data-required=\"1\" aria-required=\"true\" autocomplete=\"off\" data-national_mode=\"disabled\" data-country=\"ca\" data-validation=\"international\" \/><\/div><\/div><\/div><div class=\"forminator-row\"><div id=\"url-1\" class=\"forminator-field-url forminator-col forminator-col-12 \"><div class=\"forminator-field\"><label for=\"forminator-field-url-1_69f409611dfeb\" id=\"forminator-field-url-1_69f409611dfeb-label\" class=\"forminator-label\">Adresse web<\/label><input type=\"url\" name=\"url-1\" value=\"\" placeholder=\"E.g. http:\/\/www.example.com\" id=\"forminator-field-url-1_69f409611dfeb\" class=\"forminator-input forminator-website--field\" data-required=\"\" aria-required=\"false\" \/><\/div><\/div><\/div><div class=\"forminator-row\"><div id=\"name-4\" class=\"forminator-field-name forminator-col forminator-col-12 \"><div class=\"forminator-field\"><label for=\"forminator-field-name-4_69f409611dfeb\" id=\"forminator-field-name-4_69f409611dfeb-label\" class=\"forminator-label\">Institution \/ Affiliation<\/label><input type=\"text\" name=\"name-4\" value=\"\" placeholder=\"E.g. APNB\" id=\"forminator-field-name-4_69f409611dfeb\" class=\"forminator-input forminator-name--field\" aria-required=\"false\" autocomplete=\"name\" \/><\/div><\/div><\/div><div class=\"forminator-row\"><div id=\"select-1\" class=\"forminator-field-select forminator-col forminator-col-12 \"><div class=\"forminator-field\"><label for=\"forminator-form-9028__field--select-1_69f409611dfeb\" id=\"forminator-form-9028__field--select-1_69f409611dfeb-label\" class=\"forminator-label\">R\u00f4le <span class=\"forminator-required\">*<\/span><\/label><select  id=\"forminator-form-9028__field--select-1_69f409611dfeb\" class=\"forminator-select--field forminator-select2 forminator-select2-multiple\" data-required=\"1\" name=\"select-1\" data-default-value=\"\" data-placeholder=\"Choisissez votre type d&#039;adh\u00e9sion\" data-search=\"false\" data-search-placeholder=\"Choisissez votre type d&#039;adh\u00e9sion\" data-checkbox=\"false\" data-allow-clear=\"false\" aria-labelledby=\"forminator-form-9028__field--select-1_69f409611dfeb-label\"><option value=\"\"  >Choisissez votre type d&#039;adh\u00e9sion<\/option><option value=\"one\"  data-calculation=\"25\">1. Individuel ($25.00 \/ 1 an) - Une personne int\u00e9ress\u00e9e \u00e0 la pr\u00e9servation et \u00e0 la conservation du patrimoine au Nouveau-Brunswick<\/option><option value=\"two\"  data-calculation=\"35\">2. Institutionnel ($35.00 \/ 1 an) - Un organisation \u00e0 but non lucratif int\u00e9ress\u00e9 \u00e0 la sauvegarde et \u00e0 la conservation du patrimoine du Nouveau-Brunswick (1 membre votant)<\/option><option value=\"Associate-($20.00---1-year)\"  data-calculation=\"20\">3. Associ\u00e9 ($20.00 \/ 1 an) - Un employ\u00e9 ou un b\u00e9n\u00e9vole d'un \u00e9tablissement membre int\u00e9ress\u00e9 par la pr\u00e9servation et la conservation du patrimoine au Nouveau-Brunswick<\/option><option value=\"Organizational-($50.00---1-year)\"  data-calculation=\"50\">4. Organisationnel ($50.00 \/ 1 an) - Une organisation telle que l\u2019Association des mus\u00e9es canadiens, des organismes gouvernementaux et autres comme l\u2019Institut canadien de conservation et le RCIP<\/option><option value=\"Friends-of-Heritage-($10.00---1-year)\"  data-calculation=\"10\">5. Amis de Patrimoine ($10.00 \/ 1 an) - Une personne qui s'int\u00e9resse aux questions de patrimoine dans la province (sans droit de vote)<\/option><option value=\"Student-($10.00---1-year)\"  data-calculation=\"10\">6. \u00c9tudiant ($10.00 \/ 1 an) - Un \u00e9tudiant \u00e0 temps plein qui s'int\u00e9resse \u00e0 la pr\u00e9servation et \u00e0 la conservation du patrimoine au Nouveau-Brunswick (sans droit de vote)<\/option><\/select><\/div><\/div><\/div><div class=\"forminator-row\"><div id=\"radio-1\" class=\"forminator-field-radio forminator-col forminator-col-12 \"><div role=\"radiogroup\" class=\"forminator-field\" aria-labelledby=\"forminator-radiogroup-radio-1-69f409611dfeb-label\"><span id=\"forminator-radiogroup-radio-1-69f409611dfeb-label\" class=\"forminator-label\">En tant que membre de l&#039;APNB, vous pouvez adh\u00e9rer au National Trust avec une r\u00e9duction de 30 %. Vous souhaitez recevoir un code ? <span class=\"forminator-required\">*<\/span><\/span><label id=\"forminator-field-radio-1-label-1\" for=\"forminator-field-radio-1-1-69f409611dfeb\" class=\"forminator-radio forminator-radio-inline\" title=\"Oui\"><input type=\"radio\" name=\"radio-1\" value=\"one\" id=\"forminator-field-radio-1-1-69f409611dfeb\" aria-labelledby=\"forminator-field-radio-1-label-1\" data-calculation=\"0\"   data-hidden-behavior=\"zero\"\/><span class=\"forminator-radio-bullet\" aria-hidden=\"true\"><\/span><span class=\"forminator-radio-label\">Oui<\/span><\/label><label id=\"forminator-field-radio-1-label-2\" for=\"forminator-field-radio-1-2-69f409611dfeb\" class=\"forminator-radio forminator-radio-inline\" title=\"Non\"><input type=\"radio\" name=\"radio-1\" value=\"two\" id=\"forminator-field-radio-1-2-69f409611dfeb\" aria-labelledby=\"forminator-field-radio-1-label-2\" data-calculation=\"0\"   data-hidden-behavior=\"zero\"\/><span class=\"forminator-radio-bullet\" aria-hidden=\"true\"><\/span><span class=\"forminator-radio-label\">Non<\/span><\/label><\/div><\/div><\/div><div class=\"forminator-row\"><div id=\"radio-2\" class=\"forminator-field-radio forminator-col forminator-col-12 \"><div role=\"radiogroup\" class=\"forminator-field\" aria-labelledby=\"forminator-radiogroup-radio-2-69f409611dfeb-label\"><span id=\"forminator-radiogroup-radio-2-69f409611dfeb-label\" class=\"forminator-label\">Pr\u00e9f\u00e9rez-vous recevoir des communications en anglais ou en fran\u00e7ais ? <span class=\"forminator-required\">*<\/span><\/span><label id=\"forminator-field-radio-2-label-1\" for=\"forminator-field-radio-2-1-69f409611dfeb\" class=\"forminator-radio forminator-radio-inline\" title=\"Fran\u00e7ais\"><input type=\"radio\" name=\"radio-2\" value=\"two\" id=\"forminator-field-radio-2-1-69f409611dfeb\" aria-labelledby=\"forminator-field-radio-2-label-1\" data-calculation=\"0\"   data-hidden-behavior=\"zero\"\/><span class=\"forminator-radio-bullet\" aria-hidden=\"true\"><\/span><span class=\"forminator-radio-label\">Fran\u00e7ais<\/span><\/label><label id=\"forminator-field-radio-2-label-2\" for=\"forminator-field-radio-2-2-69f409611dfeb\" class=\"forminator-radio forminator-radio-inline\" title=\"Anglais\"><input type=\"radio\" name=\"radio-2\" value=\"one\" id=\"forminator-field-radio-2-2-69f409611dfeb\" aria-labelledby=\"forminator-field-radio-2-label-2\" data-calculation=\"0\"   data-hidden-behavior=\"zero\"\/><span class=\"forminator-radio-bullet\" aria-hidden=\"true\"><\/span><span class=\"forminator-radio-label\">Anglais<\/span><\/label><\/div><\/div><\/div><div class=\"forminator-row\"><div id=\"select-2\" class=\"forminator-field-select forminator-col forminator-col-12 \"><div class=\"forminator-field\"><label for=\"forminator-form-9028__field--select-2_69f409611dfeb\" id=\"forminator-form-9028__field--select-2_69f409611dfeb-label\" class=\"forminator-label\">Option de paiement <span class=\"forminator-required\">*<\/span><\/label><select  id=\"forminator-form-9028__field--select-2_69f409611dfeb\" class=\"forminator-select--field forminator-select2 forminator-select2-multiple\" data-required=\"1\" name=\"select-2\" data-default-value=\"\" data-hidden-behavior=\"zero\" data-placeholder=\"Cliquez ici pour s\u00e9lectionner votre option de paiement\" data-search=\"false\" data-search-placeholder=\"Cliquez ici pour s\u00e9lectionner votre option de paiement\" data-checkbox=\"false\" data-allow-clear=\"false\" aria-labelledby=\"forminator-form-9028__field--select-2_69f409611dfeb-label\"><option value=\"\"  >Cliquez ici pour s\u00e9lectionner votre option de paiement<\/option><option value=\"E-transfer\"  data-calculation=\"0\">1. Envoyez un virement \u00e9lectronique \u00e0 info@amnb.ca<\/option><option value=\"Cheque\"  data-calculation=\"0\">2. Envoyer le ch\u00e8que \u00e0 AMNB au 503 Queen Street, Fredericton, NB, E3B 5H1<\/option><option value=\"Credit Card\"  data-calculation=\"1\">3. Carte de cr\u00e9dit en appelant le (506) 454-3561<\/option><option value=\"PayPal\"  data-calculation=\"1\">4. Payer en ligne avec Paypal (des frais suppl\u00e9mentaires s'appliquent)<\/option><\/select><\/div><\/div><\/div><div class=\"forminator-row\"><div id=\"calculation-2\" class=\"forminator-field-calculation forminator-col forminator-col-12 \"><div class=\"forminator-field\"><label for=\"calculation-2-field_69f409611dfeb\" id=\"calculation-2-field_69f409611dfeb-label\" class=\"forminator-label\">Co\u00fbt (inclut les frais si applicable)<\/label><input type=\"text\" name=\"calculation-2\" value=\"\" id=\"calculation-2-field_69f409611dfeb\" class=\"forminator-calculation forminator-input\" data-formula=\"({select-1}+(0.15*{select-2}))*(1+(0.034*{select-2}))\" data-required=\"\" data-decimal-point=\".\" data-precision=\"2\" data-is-hidden=\"\" disabled=\"disabled\" data-decimals=\"2\" data-inputmask=\"&#039;groupSeparator&#039;: &#039;&#039;, &#039;radixPoint&#039;: &#039;.&#039;, &#039;digits&#039;: &#039;2&#039;\" readonly=\"readonly\" data-hidden-behavior=\"zero\" \/><\/div><\/div><\/div><div class=\"forminator-row\"><div id=\"calculation-1\" class=\"forminator-field-calculation forminator-col forminator-col-12 \"><div class=\"forminator-field\"><label for=\"calculation-1-field_69f409611dfeb\" id=\"calculation-1-field_69f409611dfeb-label\" class=\"forminator-label\">Co\u00fbt avec PayPal<\/label><input type=\"text\" name=\"calculation-1\" value=\"\" id=\"calculation-1-field_69f409611dfeb\" class=\"forminator-calculation forminator-input\" data-formula=\"({select-1}+(0.30))*(1.029)\" data-required=\"\" data-decimal-point=\".\" data-precision=\"2\" data-is-hidden=\"\" disabled=\"disabled\" data-decimals=\"2\" data-inputmask=\"&#039;groupSeparator&#039;: &#039;&#039;, &#039;radixPoint&#039;: &#039;.&#039;, &#039;digits&#039;: &#039;2&#039;\" readonly=\"readonly\" data-hidden-behavior=\"zero\" \/><\/div><\/div><\/div><div class=\"forminator-row forminator-hidden\"><div id=\"paypal-1\" class=\"forminator-field-paypal  forminator-col-12 \"><input type=\"hidden\" name=\"paypal-1\" id=\"forminator-paypal-1-field_69f409611dfeb\" class=\"forminator-paypal-input\" data-is-payment=\"true\" data-payment-type=\"paypal\" data-currency=\"cad\" data-amount-type=\"variable\" data-amount=\"calculation-1\" data-label=\"\" data-locale=\"en\" value=\"\" \/><\/div><\/div><input type=\"hidden\" name=\"referer_url\" value=\"\" \/><input type=\"hidden\" name=\"payment_gateway_total\" value=\"\" \/><div class=\"forminator-row forminator-paypal-row\"><div class=\"forminator-col forminator-col-12\"><div class=\"forminator-field\"><div id=\"paypal-button-container-9028_69f409611dfeb\" class=\"paypal-1-payment forminator-button-paypal\"><\/div><\/div><\/div><\/div><div class=\"forminator-row forminator-row-last\"><div class=\"forminator-col\"><div class=\"forminator-field\"><button class=\"forminator-button forminator-button-submit\">Soumettre<\/button><\/div><\/div><\/div><input type=\"hidden\" id=\"forminator_nonce\" name=\"forminator_nonce\" value=\"281ae16b56\" \/><input type=\"hidden\" name=\"_wp_http_referer\" value=\"\/fr\/wp-json\/wp\/v2\/pages\/9010\" \/><input type=\"hidden\" name=\"form_id\" value=\"9028\"><input type=\"hidden\" name=\"page_id\" value=\"9010\"><input type=\"hidden\" name=\"form_type\" value=\"default\"><input type=\"hidden\" name=\"current_url\" value=\"https:\/\/ahnb-apnb.ca\/fr\/member-application-form\/\"><input type=\"hidden\" name=\"render_id\" value=\"0\"><input type=\"hidden\" name=\"action\" value=\"forminator_submit_form_custom-forms\"><label for=\"input_16\" class=\"forminator-hidden\" aria-hidden=\"true\">Veuillez ne pas remplir ce champ. <input id=\"input_16\" type=\"text\" name=\"input_16\" value=\"\" autocomplete=\"off\"><\/label><\/form><\/p>","protected":false},"excerpt":{"rendered":"","protected":false},"author":2,"featured_media":0,"parent":0,"menu_order":0,"comment_status":"closed","ping_status":"closed","template":"","meta":{"_acf_changed":false,"footnotes":""},"class_list":["post-9010","page","type-page","status-publish","hentry"],"acf":[],"_links":{"self":[{"href":"https:\/\/ahnb-apnb.ca\/fr\/wp-json\/wp\/v2\/pages\/9010","targetHints":{"allow":["GET"]}}],"collection":[{"href":"https:\/\/ahnb-apnb.ca\/fr\/wp-json\/wp\/v2\/pages"}],"about":[{"href":"https:\/\/ahnb-apnb.ca\/fr\/wp-json\/wp\/v2\/types\/page"}],"author":[{"embeddable":true,"href":"https:\/\/ahnb-apnb.ca\/fr\/wp-json\/wp\/v2\/users\/2"}],"replies":[{"embeddable":true,"href":"https:\/\/ahnb-apnb.ca\/fr\/wp-json\/wp\/v2\/comments?post=9010"}],"version-history":[{"count":12,"href":"https:\/\/ahnb-apnb.ca\/fr\/wp-json\/wp\/v2\/pages\/9010\/revisions"}],"predecessor-version":[{"id":10408,"href":"https:\/\/ahnb-apnb.ca\/fr\/wp-json\/wp\/v2\/pages\/9010\/revisions\/10408"}],"wp:attachment":[{"href":"https:\/\/ahnb-apnb.ca\/fr\/wp-json\/wp\/v2\/media?parent=9010"}],"curies":[{"name":"wp","href":"https:\/\/api.w.org\/{rel}","templated":true}]}}