{"id":9518,"date":"2024-08-13T13:41:51","date_gmt":"2024-08-13T16:41:51","guid":{"rendered":"https:\/\/ahnb-apnb.ca\/?page_id=9518"},"modified":"2024-08-13T14:15:24","modified_gmt":"2024-08-13T17:15:24","slug":"support-by-donation","status":"publish","type":"page","link":"https:\/\/ahnb-apnb.ca\/fr\/support-by-donation\/","title":{"rendered":"Soutien par donation"},"content":{"rendered":"<p><div class=\"forminator-ui forminator-custom-form forminator-custom-form-10479 forminator-design--default  forminator_ajax\" data-forminator-render=\"0\" data-form=\"forminator-module-10479\" data-uid=\"69d6429364c06\"><br\/><\/div><form\n\t\t\t\tid=\"forminator-module-10479\"\n\t\t\t\tclass=\"forminator-ui forminator-custom-form forminator-custom-form-10479 forminator-design--default  forminator_ajax\"\n\t\t\t\tmethod=\"post\"\n\t\t\t\tdata-forminator-render=\"0\"\n\t\t\t\tdata-form-id=\"10479\"\n\t\t\t\t data-color-option=\"default\" data-design=\"default\" data-grid=\"open\" style=\"display: none;\"\n\t\t\t\tdata-uid=\"69d6429364c06\"\n\t\t\t><div role=\"alert\" aria-live=\"polite\" class=\"forminator-response-message forminator-error\" aria-hidden=\"true\"><\/div><div class=\"forminator-row\"><div id=\"name-1\" class=\"forminator-field-name forminator-col forminator-col-12 \"><div class=\"forminator-row forminator-no-margin\" data-multiple=\"true\"><div class=\"forminator-col forminator-col-md-6\"><div class=\"forminator-field\"><label for=\"forminator-field-first-name-1_69d6429364c06\" id=\"forminator-field-first-name-1_69d6429364c06-label\" class=\"forminator-label\">First Name <span class=\"forminator-required\">*<\/span><\/label><input type=\"text\" name=\"name-1-first-name\" placeholder=\"E.g. John\" id=\"forminator-field-first-name-1_69d6429364c06\" class=\"forminator-input\" aria-required=\"true\" data-multi=\"1\" autocomplete=\"given-name\" value=\"\" \/><\/div><\/div><div class=\"forminator-col forminator-col-md-6\"><div class=\"forminator-field\"><label for=\"forminator-field-last-name-1_69d6429364c06\" id=\"forminator-field-last-name-1_69d6429364c06-label\" class=\"forminator-label\">Last Name <span class=\"forminator-required\">*<\/span><\/label><input type=\"text\" name=\"name-1-last-name\" placeholder=\"E.g. Doe\" id=\"forminator-field-last-name-1_69d6429364c06\" class=\"forminator-input\" aria-required=\"true\" data-multi=\"1\" autocomplete=\"family-name\" value=\"\" \/><\/div><\/div><\/div><\/div><\/div><div class=\"forminator-row\"><div id=\"email-1\" class=\"forminator-field-email forminator-col forminator-col-12 \"><div class=\"forminator-field\"><label for=\"forminator-field-email-1_69d6429364c06\" id=\"forminator-field-email-1_69d6429364c06-label\" class=\"forminator-label\">E-mail <span class=\"forminator-required\">*<\/span><\/label><input type=\"email\" name=\"email-1\" value=\"\" placeholder=\"E.g. john@doe.com\" id=\"forminator-field-email-1_69d6429364c06\" class=\"forminator-input forminator-email--field\" data-required=\"1\" aria-required=\"true\" autocomplete=\"email\" \/><\/div><\/div><\/div><div class=\"forminator-row\"><div id=\"email-2\" class=\"forminator-field-email forminator-col forminator-col-12 \"><div class=\"forminator-field\"><label for=\"forminator-field-email-2_69d6429364c06\" id=\"forminator-field-email-2_69d6429364c06-label\" class=\"forminator-label\">Confirmer courriel <span class=\"forminator-required\">*<\/span><\/label><input type=\"email\" name=\"email-2\" value=\"\" placeholder=\"E.g. john@doe.com\" id=\"forminator-field-email-2_69d6429364c06\" class=\"forminator-input forminator-email--field\" data-required=\"1\" aria-required=\"true\" autocomplete=\"email\" \/><\/div><\/div><\/div><div class=\"forminator-row\"><div id=\"currency-1\" class=\"forminator-field-currency forminator-col forminator-col-12 \"><div class=\"forminator-field\"><label for=\"forminator-field-currency-1_69d6429364c06\" id=\"forminator-field-currency-1_69d6429364c06-label\" class=\"forminator-label\">Montant du don <span class=\"forminator-required\">*<\/span><\/label><div class=\"forminator-input-with-suffix\"><input name=\"currency-1\" value=\"\" placeholder=\"E.g. 5.00\" id=\"forminator-field-currency-1_69d6429364c06\" class=\"forminator-input forminator-currency\" data-required=\"1\" aria-required=\"1\" data-decimals=\"2\" data-inputmask=\"&#039;groupSeparator&#039;: &#039;&#039;, &#039;radixPoint&#039;: &#039;.&#039;, &#039;digits&#039;: &#039;2&#039;\" data-hidden-behavior=\"zero\" type=\"number\" step=\"any\" aria-describedby=\"forminator-field-currency-1_69d6429364c06-description\" \/><span class=\"forminator-suffix\">CAD<\/span><\/div><span id=\"forminator-field-currency-1_69d6429364c06-description\" class=\"forminator-description\">Entrez le montant que vous souhaitez donnee<\/span><\/div><\/div><\/div><div class=\"forminator-row\"><div id=\"radio-1\" class=\"forminator-field-radio forminator-col forminator-col-12 \"><div role=\"radiogroup\" class=\"forminator-field\" aria-labelledby=\"forminator-radiogroup-radio-1-69d6429364c06-label\"><span id=\"forminator-radiogroup-radio-1-69d6429364c06-label\" class=\"forminator-label\">Mode de paiement <span class=\"forminator-required\">*<\/span><\/span><label id=\"forminator-field-radio-1-label-1\" for=\"forminator-field-radio-1-1-69d6429364c06\" class=\"forminator-radio\" title=\"Envoyez un virement \u00e9lectronique \u00e0 info@amnb.ca\"><input type=\"radio\" name=\"radio-1\" value=\"e-transfer\" id=\"forminator-field-radio-1-1-69d6429364c06\" aria-labelledby=\"forminator-field-radio-1-label-1\" data-calculation=\"0\"   data-hidden-behavior=\"zero\"\/><span class=\"forminator-radio-bullet\" aria-hidden=\"true\"><\/span><span class=\"forminator-radio-label\">Envoyez un virement \u00e9lectronique \u00e0 info@amnb.ca<\/span><\/label><label id=\"forminator-field-radio-1-label-2\" for=\"forminator-field-radio-1-2-69d6429364c06\" class=\"forminator-radio\" title=\"Faites des ch\u00e8ques \u00e0 l&#039;ordre de l&#039;AMNB et postez-les \u00e0 l&#039;&lt;strong&gt;Association H\u00e9ritage Nouveau-Brunswick&lt;\/strong&gt; au 503, rue Queen, Fredericton, NB, E3B 5H1\"><input type=\"radio\" name=\"radio-1\" value=\"cheque\" id=\"forminator-field-radio-1-2-69d6429364c06\" aria-labelledby=\"forminator-field-radio-1-label-2\" data-calculation=\"0\"   data-hidden-behavior=\"zero\"\/><span class=\"forminator-radio-bullet\" aria-hidden=\"true\"><\/span><span class=\"forminator-radio-label\">Faites des ch\u00e8ques \u00e0 l'ordre de l'AMNB et postez-les \u00e0 l'<strong>Association H\u00e9ritage Nouveau-Brunswick<\/strong> au 503, rue Queen, Fredericton, NB, E3B 5H1<\/span><\/label><label id=\"forminator-field-radio-1-label-3\" for=\"forminator-field-radio-1-3-69d6429364c06\" class=\"forminator-radio\" title=\"Carte de cr\u00e9dit en appelant le (506) 454-3561\"><input type=\"radio\" name=\"radio-1\" value=\"credit-card\" id=\"forminator-field-radio-1-3-69d6429364c06\" aria-labelledby=\"forminator-field-radio-1-label-3\" data-calculation=\"0\"   data-hidden-behavior=\"zero\"\/><span class=\"forminator-radio-bullet\" aria-hidden=\"true\"><\/span><span class=\"forminator-radio-label\">Carte de cr\u00e9dit en appelant le (506) 454-3561<\/span><\/label><label id=\"forminator-field-radio-1-label-4\" for=\"forminator-field-radio-1-4-69d6429364c06\" class=\"forminator-radio\" title=\"Payez en ligne avec PayPal\"><input type=\"radio\" name=\"radio-1\" value=\"paypal\" id=\"forminator-field-radio-1-4-69d6429364c06\" aria-labelledby=\"forminator-field-radio-1-label-4\" data-calculation=\"0\"   data-hidden-behavior=\"zero\"\/><span class=\"forminator-radio-bullet\" aria-hidden=\"true\"><\/span><span class=\"forminator-radio-label\">Payez en ligne avec PayPal<\/span><\/label><\/div><\/div><\/div><div class=\"forminator-row forminator-hidden\"><div id=\"paypal-1\" class=\"forminator-field-paypal  forminator-col-12 \"><input type=\"hidden\" name=\"paypal-1\" id=\"forminator-paypal-1-field_69d6429364c06\" class=\"forminator-paypal-input\" data-is-payment=\"true\" data-payment-type=\"paypal\" data-currency=\"cad\" data-amount-type=\"variable\" data-amount=\"currency-1\" data-label=\"\" data-locale=\"en\" value=\"\" \/><\/div><\/div><input type=\"hidden\" name=\"referer_url\" value=\"\" \/><input type=\"hidden\" name=\"payment_gateway_total\" value=\"\" \/><div class=\"forminator-row forminator-paypal-row\"><div class=\"forminator-col forminator-col-12\"><div class=\"forminator-field\"><div id=\"paypal-button-container-10479_69d6429364c06\" class=\"paypal-1-payment forminator-button-paypal\"><\/div><\/div><\/div><\/div><div class=\"forminator-row forminator-row-last\"><div class=\"forminator-col\"><div class=\"forminator-field\"><button class=\"forminator-button forminator-button-submit\">Confirmer<\/button><\/div><\/div><\/div><input type=\"hidden\" id=\"forminator_nonce\" name=\"forminator_nonce\" value=\"543f3349a8\" \/><input type=\"hidden\" name=\"_wp_http_referer\" value=\"\/fr\/wp-json\/wp\/v2\/pages\/9518\" \/><input type=\"hidden\" name=\"form_id\" value=\"10479\"><input type=\"hidden\" name=\"page_id\" value=\"9518\"><input type=\"hidden\" name=\"form_type\" value=\"default\"><input type=\"hidden\" name=\"current_url\" value=\"https:\/\/ahnb-apnb.ca\/fr\/support-by-donation\/\"><input type=\"hidden\" name=\"render_id\" value=\"0\"><input type=\"hidden\" name=\"action\" value=\"forminator_submit_form_custom-forms\"><label for=\"input_7\" class=\"forminator-hidden\" aria-hidden=\"true\">Veuillez ne pas remplir ce champ. <input id=\"input_7\" type=\"text\" name=\"input_7\" value=\"\" autocomplete=\"off\"><\/label><\/form><\/p>","protected":false},"excerpt":{"rendered":"","protected":false},"author":2,"featured_media":0,"parent":0,"menu_order":0,"comment_status":"closed","ping_status":"closed","template":"","meta":{"_acf_changed":false,"footnotes":""},"class_list":["post-9518","page","type-page","status-publish","hentry"],"acf":[],"_links":{"self":[{"href":"https:\/\/ahnb-apnb.ca\/fr\/wp-json\/wp\/v2\/pages\/9518","targetHints":{"allow":["GET"]}}],"collection":[{"href":"https:\/\/ahnb-apnb.ca\/fr\/wp-json\/wp\/v2\/pages"}],"about":[{"href":"https:\/\/ahnb-apnb.ca\/fr\/wp-json\/wp\/v2\/types\/page"}],"author":[{"embeddable":true,"href":"https:\/\/ahnb-apnb.ca\/fr\/wp-json\/wp\/v2\/users\/2"}],"replies":[{"embeddable":true,"href":"https:\/\/ahnb-apnb.ca\/fr\/wp-json\/wp\/v2\/comments?post=9518"}],"version-history":[{"count":5,"href":"https:\/\/ahnb-apnb.ca\/fr\/wp-json\/wp\/v2\/pages\/9518\/revisions"}],"predecessor-version":[{"id":10484,"href":"https:\/\/ahnb-apnb.ca\/fr\/wp-json\/wp\/v2\/pages\/9518\/revisions\/10484"}],"wp:attachment":[{"href":"https:\/\/ahnb-apnb.ca\/fr\/wp-json\/wp\/v2\/media?parent=9518"}],"curies":[{"name":"wp","href":"https:\/\/api.w.org\/{rel}","templated":true}]}}