{"id":971,"date":"2014-07-08T14:11:49","date_gmt":"2014-07-08T14:11:49","guid":{"rendered":"https:\/\/ahnb-apnb.ca\/?page_id=971"},"modified":"2026-03-17T09:17:33","modified_gmt":"2026-03-17T12:17:33","slug":"present-awards","status":"publish","type":"page","link":"https:\/\/ahnb-apnb.ca\/fr\/present-awards\/","title":{"rendered":"R\u00e9cipiendaires des prix 2025"},"content":{"rendered":"<p><strong><img loading=\"lazy\" decoding=\"async\" class=\"size-medium wp-image-12278 alignleft\" src=\"https:\/\/ahnb-apnb.ca\/wp-content\/uploads\/2025\/11\/DSC09588-300x225.jpg\" alt=\"\" width=\"300\" height=\"225\" srcset=\"https:\/\/ahnb-apnb.ca\/wp-content\/uploads\/2025\/11\/DSC09588-300x225.jpg 300w, https:\/\/ahnb-apnb.ca\/wp-content\/uploads\/2025\/11\/DSC09588-1024x768.jpg 1024w, https:\/\/ahnb-apnb.ca\/wp-content\/uploads\/2025\/11\/DSC09588-768x576.jpg 768w, https:\/\/ahnb-apnb.ca\/wp-content\/uploads\/2025\/11\/DSC09588-1536x1152.jpg 1536w, https:\/\/ahnb-apnb.ca\/wp-content\/uploads\/2025\/11\/DSC09588-2048x1536.jpg 2048w\" sizes=\"auto, (max-width: 300px) 100vw, 300px\" \/><\/strong><\/p>\n<p><b><span style=\"color: #e24530;\"><strong>Prix de distinction &#8211; Lutz Mountain Heritage Foundation Inc<\/strong><\/span><\/b><\/p>\n<p><span style=\"font-weight: 400;\">La Lutz Mountain Heritage Foundation Inc., \u00e9galement connue sous le nom de The Meeting House, est depuis 50 ans un pilier de la pr\u00e9servation culturelle et de l&rsquo;engagement communautaire. Cr\u00e9\u00e9e en 1975, la fondation remplit une triple mission en tant que mus\u00e9e, centre de recherche g\u00e9n\u00e9alogique et centre communautaire. Son mus\u00e9e abrite plus de 9 000 artefacts qui retracent l&rsquo;histoire des premiers colons allemands et l&rsquo;\u00e9volution de Magnetic Hill en tant que site touristique embl\u00e9matique. Le centre g\u00e9n\u00e9alogique, fond\u00e9 par la bienfaitrice Muriel (Lutes) Sikorski, s&rsquo;est d\u00e9velopp\u00e9 pour devenir une archive de plus de 111 000 entr\u00e9es remontant \u00e0 1555. T\u00e9moignant d&rsquo;un engagement fort en faveur de l&rsquo;accessibilit\u00e9 et de la durabilit\u00e9, les agrandissements de la Fondation en 2017 et 2022 ont permis d&rsquo;ajouter des \u00e9quipements modernes tout en pr\u00e9servant l&rsquo;int\u00e9grit\u00e9 de l&rsquo;\u00e9glise d&rsquo;origine datant de 1883. Gr\u00e2ce \u00e0 ces efforts, l&rsquo;organisation a fait preuve de clairvoyance, de responsabilit\u00e9 financi\u00e8re et de d\u00e9vouement \u00e0 la conservation du patrimoine. En tant que centre culturel et social du quartier North End de Moncton et au-del\u00e0, The Meeting House a accueilli d&rsquo;innombrables rassemblements et des visiteurs du monde entier. Les am\u00e9liorations apport\u00e9es ces derni\u00e8res ann\u00e9es en mati\u00e8re d&rsquo;accessibilit\u00e9 et de durabilit\u00e9 lui permettront sans aucun doute d&rsquo;offrir encore plus de possibilit\u00e9s. En pr\u00e9servant le pass\u00e9 tout en servant activement le pr\u00e9sent, la Lutz Mountain Heritage Foundation Inc. incarne v\u00e9ritablement l&rsquo;esprit du prix d&rsquo;excellence de l&rsquo;APNB.<\/span><\/p>\n<p><strong><span style=\"color: #e24530;\">\u00a0<\/span><\/strong><\/p>\n<p><span style=\"color: #000000;\"><strong><img loading=\"lazy\" decoding=\"async\" class=\"size-medium wp-image-12279 alignleft\" src=\"https:\/\/ahnb-apnb.ca\/wp-content\/uploads\/2025\/11\/DSC09591-300x225.jpg\" alt=\"\" width=\"300\" height=\"225\" srcset=\"https:\/\/ahnb-apnb.ca\/wp-content\/uploads\/2025\/11\/DSC09591-300x225.jpg 300w, https:\/\/ahnb-apnb.ca\/wp-content\/uploads\/2025\/11\/DSC09591-1024x768.jpg 1024w, https:\/\/ahnb-apnb.ca\/wp-content\/uploads\/2025\/11\/DSC09591-768x576.jpg 768w, https:\/\/ahnb-apnb.ca\/wp-content\/uploads\/2025\/11\/DSC09591-1536x1152.jpg 1536w, https:\/\/ahnb-apnb.ca\/wp-content\/uploads\/2025\/11\/DSC09591-2048x1536.jpg 2048w\" sizes=\"auto, (max-width: 300px) 100vw, 300px\" \/><\/strong><\/span><span style=\"color: #e24530;\"><strong><b>Prix de distinction &#8211; Place Resurgo (Mus\u00e9e de Moncton)<\/b><\/strong><\/span><\/p>\n<p><span style=\"font-weight: 400;\">L&rsquo;\u00e9quipe d&rsquo;exposition de Place Resurgo (Mus\u00e9e de Moncton), compos\u00e9e de Sophie Auffrey, Lawren Campbell, Marc Chamberlain et Bridget Murphy, a cr\u00e9\u00e9 l&rsquo;exposition \u00ab Qu&rsquo;est-ce que cela signifie d&rsquo;\u00eatre originaire de Moncton ? G\u00e9rald Leblanc (1945-2005) pour marquer le 20e anniversaire du d\u00e9c\u00e8s du po\u00e8te acadien. Ouverte du 17 mai au 7 septembre 2025, l&rsquo;exposition pr\u00e9sentait pour la premi\u00e8re fois au public les archives de G\u00e9rald Leblanc, pr\u00eat\u00e9es par Biblioth\u00e8que et Archives Canada. Elle comprenait \u00e9galement des pr\u00eats provenant de 25 membres de la communaut\u00e9 artistique de Moncton, dont plusieurs contemporains de Leblanc, et de cinq institutions : Biblioth\u00e8que et Archives Canada, le Mus\u00e9e acadien de l\u2019Universit\u00e9 de Moncton, le Centre d\u2019\u00e9tudes acadiennes Anselme-Chiasson, les \u00c9ditions Perce-Neige (cofond\u00e9es par Leblanc) et la galerie Art-Artiste. Le succ\u00e8s de l&rsquo;exposition a m\u00eame fait de Moncton Mantra (Leblanc, r\u00e9\u00e9dit\u00e9 par Prise de parole, 2012) le livre le plus vendu \u00e0 la Librairie acadienne en juin 2025. En c\u00e9l\u00e9brant l&rsquo;h\u00e9ritage de Leblanc et en favorisant un sentiment d&rsquo;appartenance chez les Acadiens de Moncton et du Nouveau-Brunswick, cette exposition incarne l&rsquo;esprit du Prix d&rsquo;excellence de l&rsquo;APNB.<\/span><\/p>\n<p>&nbsp;<\/p>\n<p><strong style=\"color: #e24500;\"><img loading=\"lazy\" decoding=\"async\" class=\"size-medium wp-image-12280 alignleft\" src=\"https:\/\/ahnb-apnb.ca\/wp-content\/uploads\/2025\/11\/DSC09593-300x225.jpg\" alt=\"\" width=\"300\" height=\"225\" srcset=\"https:\/\/ahnb-apnb.ca\/wp-content\/uploads\/2025\/11\/DSC09593-300x225.jpg 300w, https:\/\/ahnb-apnb.ca\/wp-content\/uploads\/2025\/11\/DSC09593-1024x768.jpg 1024w, https:\/\/ahnb-apnb.ca\/wp-content\/uploads\/2025\/11\/DSC09593-768x576.jpg 768w, https:\/\/ahnb-apnb.ca\/wp-content\/uploads\/2025\/11\/DSC09593-1536x1152.jpg 1536w, https:\/\/ahnb-apnb.ca\/wp-content\/uploads\/2025\/11\/DSC09593-2048x1536.jpg 2048w\" sizes=\"auto, (max-width: 300px) 100vw, 300px\" \/><b>Quart de si\u00e8cle &#8211; Robert Richard<\/b><\/strong><\/p>\n<p><span style=\"font-weight: 400;\">Robert Richard occupe depuis 2007 le poste d&rsquo;archiviste en ethnologie acadienne au Centre d&rsquo;\u00e9tudes acadiennes Anselme-Chiasson de l&rsquo;Universit\u00e9 de Moncton. Depuis plus de 25 ans, il fait progresser la recherche, la pr\u00e9servation et la promotion du patrimoine culturel immat\u00e9riel (oral) acadien. Parmi ses r\u00e9alisations, mentionnons une collection syst\u00e9matique d&rsquo;entrevues, un travail de documentation exhaustif (notamment sur Yvon Durelle), la num\u00e9risation de sources orales menac\u00e9es et de nombreuses apparitions publiques visant \u00e0 sensibiliser le public \u00e0 l&rsquo;importance de pr\u00e9server le patrimoine vivant de l&rsquo;Acadie. Gr\u00e2ce \u00e0 son expertise technologique, il a modernis\u00e9 et assur\u00e9 la p\u00e9rennit\u00e9 des archives sonores, les rendant ainsi plus accessibles au public. Son d\u00e9vouement a enrichi tant l&rsquo;Universit\u00e9 de Moncton que la communaut\u00e9 acadienne dans son ensemble. Guid\u00e9 par un engagement profond envers le pass\u00e9 et l&rsquo;avenir, Robert Richard veille \u00e0 ce que le patrimoine immat\u00e9riel de l&rsquo;Acadie continue d&rsquo;\u00eatre entendu, partag\u00e9 et transmis, ce qui lui vaut un prix du quart de si\u00e8cle de l&rsquo;APNB pour 2025. *Ce prix a \u00e9t\u00e9 remis \u00e0 Fran\u00e7ois LeBlanc au nom de Robert Richard.<\/span><\/p>\n<p>&nbsp;<\/p>\n<p><strong style=\"color: #e24500;\"><b><img loading=\"lazy\" decoding=\"async\" class=\"size-medium wp-image-12281 alignleft\" src=\"https:\/\/ahnb-apnb.ca\/wp-content\/uploads\/2025\/11\/DSC09594-300x225.jpg\" alt=\"\" width=\"300\" height=\"225\" srcset=\"https:\/\/ahnb-apnb.ca\/wp-content\/uploads\/2025\/11\/DSC09594-300x225.jpg 300w, https:\/\/ahnb-apnb.ca\/wp-content\/uploads\/2025\/11\/DSC09594-1024x768.jpg 1024w, https:\/\/ahnb-apnb.ca\/wp-content\/uploads\/2025\/11\/DSC09594-768x576.jpg 768w, https:\/\/ahnb-apnb.ca\/wp-content\/uploads\/2025\/11\/DSC09594-1536x1152.jpg 1536w, https:\/\/ahnb-apnb.ca\/wp-content\/uploads\/2025\/11\/DSC09594-2048x1536.jpg 2048w\" sizes=\"auto, (max-width: 300px) 100vw, 300px\" \/>Quart de si\u00e8cle &#8211; Jacques Boucher<\/b><\/strong><\/p>\n<p><span style=\"font-weight: 400;\">Jacques Boucher est n\u00e9 \u00e0 Bas-Caraquet, au Nouveau-Brunswick. Il a \u00e9tudi\u00e9 le g\u00e9nie civil \u00e0 l&rsquo;Universit\u00e9 de Moncton (1969-1972) et a obtenu un baccalaur\u00e9at en architecture de l&rsquo;Universit\u00e9 de Montr\u00e9al en 1975. Apr\u00e8s avoir fait son apprentissage chez Gavin &amp; Savoie Architects \u00e0 Bathurst, il a occup\u00e9 le poste d&rsquo;architecte principal lors de la cr\u00e9ation du Village historique acadien, contribuant ainsi \u00e0 la pr\u00e9servation de dizaines de b\u00e2timents historiques acadiens dans toute la province. En 1980, \u00e0 seulement 29 ans, il a fond\u00e9 Jacques Boucher Architecte Lt\u00e9e, devenant ainsi l&rsquo;un des plus jeunes architectes du Nouveau-Brunswick \u00e0 cr\u00e9er son propre cabinet. Initialement bas\u00e9e \u00e0 Bathurst et \u00e0 Beresford, la firme a ensuite d\u00e9m\u00e9nag\u00e9 \u00e0 Pokemouche, au c\u0153ur de la p\u00e9ninsule acadienne. Au cours de sa carri\u00e8re, M. Boucher a fa\u00e7onn\u00e9 le paysage b\u00e2ti de la c\u00f4te nord du Nouveau-Brunswick gr\u00e2ce \u00e0 des projets tels que des \u00e9coles, des h\u00f4pitaux, des coll\u00e8ges communautaires, des \u00e9glises et des \u00e9quipements publics. Parmi les r\u00e9alisations notables de son cabinet, citons le Centre K.C. Irving \u00e0 Bathurst (1993), le Centre J.K. Irving \u00e0 Bouctouche (2012) et de multiples commandes pour l&rsquo;Universit\u00e9 de Moncton (1992-2015). Pour sa contribution durable \u00e0 la pr\u00e9servation du patrimoine et \u00e0 l&rsquo;architecture, Jacques Boucher a re\u00e7u un prix<\/span><span style=\"font-weight: 400;\"> du quart de si\u00e8cle de l&rsquo;APNB pour 2025<\/span><span style=\"font-weight: 400;\">.<\/span><\/p>\n<p>&nbsp;<\/p>\n<p><strong style=\"color: #e24500;\"><b><img loading=\"lazy\" decoding=\"async\" class=\"size-medium wp-image-12381 alignleft\" src=\"https:\/\/ahnb-apnb.ca\/wp-content\/uploads\/2025\/12\/IMG_2171-225x300.jpg\" alt=\"\" width=\"225\" height=\"300\" srcset=\"https:\/\/ahnb-apnb.ca\/wp-content\/uploads\/2025\/12\/IMG_2171-225x300.jpg 225w, https:\/\/ahnb-apnb.ca\/wp-content\/uploads\/2025\/12\/IMG_2171-768x1024.jpg 768w, https:\/\/ahnb-apnb.ca\/wp-content\/uploads\/2025\/12\/IMG_2171-1152x1536.jpg 1152w, https:\/\/ahnb-apnb.ca\/wp-content\/uploads\/2025\/12\/IMG_2171-1536x2048.jpg 1536w, https:\/\/ahnb-apnb.ca\/wp-content\/uploads\/2025\/12\/IMG_2171-scaled.jpg 1920w\" sizes=\"auto, (max-width: 225px) 100vw, 225px\" \/>Prix du fondateur &#8211; Ray Boucher<\/b><\/strong><\/p>\n<p><span style=\"font-weight: 400;\">Le prix des fondateurs de cette ann\u00e9e est d\u00e9cern\u00e9 \u00e0 Ray Boucher, fondateur de la Covered Bridge Conservation Association of New Brunswick (Association pour la conservation des ponts couverts du Nouveau-Brunswick). Ray est bien connu dans notre communaut\u00e9. L&rsquo;APNB et ses membres font r\u00e9guli\u00e8rement appel \u00e0 lui lorsque nous avons des questions ou des pr\u00e9occupations concernant nos ponts couverts. Il a fond\u00e9 la CBCANB en 2018 et en est le pr\u00e9sident depuis lors. L&rsquo;association a produit et vendu des livres, des calendriers et d&rsquo;autres documents li\u00e9s aux ponts couverts afin de promouvoir les ponts qui subsistent et de les sauver de la destruction. Elle m\u00e8ne \u00e9galement des actions de sensibilisation, et Ray lui-m\u00eame appara\u00eet r\u00e9guli\u00e8rement dans les m\u00e9dias pour plaider en faveur de la sauvegarde des ponts. Ray et ses coll\u00e8gues b\u00e9n\u00e9voles ont cr\u00e9\u00e9 un r\u00e9seau de communication fonctionnel pour la d\u00e9fense des ponts couverts, qui permet aux membres du public de signaler leurs pr\u00e9occupations et de les communiquer aux instances dirigeantes appropri\u00e9es. Il est pour nous un h\u00e9ros et un d\u00e9fenseur incroyable des ponts couverts de notre province, et c&rsquo;est pourquoi nous sommes honor\u00e9s de lui d\u00e9cerner le prix des fondateurs de cette ann\u00e9e.\u00a0<\/span><\/p>","protected":false},"excerpt":{"rendered":"<p>Prix de distinction &#8211; Lutz Mountain Heritage Foundation Inc La Lutz Mountain Heritage Foundation Inc., \u00e9galement connue sous le nom de The Meeting House, est depuis 50 ans un pilier de la [&hellip;]<\/p>\n","protected":false},"author":1,"featured_media":0,"parent":0,"menu_order":0,"comment_status":"closed","ping_status":"open","template":"","meta":{"_acf_changed":false,"footnotes":""},"class_list":["post-971","page","type-page","status-publish","hentry"],"acf":[],"_links":{"self":[{"href":"https:\/\/ahnb-apnb.ca\/fr\/wp-json\/wp\/v2\/pages\/971","targetHints":{"allow":["GET"]}}],"collection":[{"href":"https:\/\/ahnb-apnb.ca\/fr\/wp-json\/wp\/v2\/pages"}],"about":[{"href":"https:\/\/ahnb-apnb.ca\/fr\/wp-json\/wp\/v2\/types\/page"}],"author":[{"embeddable":true,"href":"https:\/\/ahnb-apnb.ca\/fr\/wp-json\/wp\/v2\/users\/1"}],"replies":[{"embeddable":true,"href":"https:\/\/ahnb-apnb.ca\/fr\/wp-json\/wp\/v2\/comments?post=971"}],"version-history":[{"count":125,"href":"https:\/\/ahnb-apnb.ca\/fr\/wp-json\/wp\/v2\/pages\/971\/revisions"}],"predecessor-version":[{"id":12383,"href":"https:\/\/ahnb-apnb.ca\/fr\/wp-json\/wp\/v2\/pages\/971\/revisions\/12383"}],"wp:attachment":[{"href":"https:\/\/ahnb-apnb.ca\/fr\/wp-json\/wp\/v2\/media?parent=971"}],"curies":[{"name":"wp","href":"https:\/\/api.w.org\/{rel}","templated":true}]}}