{"id":977,"date":"2019-05-08T16:13:03","date_gmt":"2019-05-08T16:13:03","guid":{"rendered":"https:\/\/ahnb-apnb.ca\/?page_id=977"},"modified":"2026-03-17T09:17:36","modified_gmt":"2026-03-17T12:17:36","slug":"financial-statements","status":"publish","type":"page","link":"https:\/\/ahnb-apnb.ca\/fr\/financial-statements\/","title":{"rendered":"\u00c9tats financiers"},"content":{"rendered":"<p><\/p>\n<ul>\n<li><span style=\"font-family: georgia, palatino, serif; font-size: 16px;\"><strong><span style=\"color: #0000ff;\"><a style=\"color: #0000ff;\" href=\"https:\/\/ahnb-apnb.ca\/wp-content\/uploads\/2024\/11\/Financials-2023-2.pdf\">\u00c9tats financiers 2023<\/a><\/span><\/strong><\/span><\/li>\n<li><span style=\"color: #0000ff; font-family: georgia, palatino, serif; font-size: 16px;\"><strong><a style=\"color: #0000ff;\" href=\"https:\/\/ahnb-apnb.ca\/wp-content\/uploads\/2022\/09\/Financial-Statements-March-31-2022.pdf\">\u00c9tats financiers 2022<\/a><\/strong><\/span><\/li>\n<li><span style=\"color: #0000ff; font-family: georgia, palatino, serif; font-size: 16px;\"><a style=\"color: #0000ff;\" href=\"https:\/\/ahnb-apnb.ca\/wp-content\/uploads\/2021\/09\/AHNB-Year-End-March-31-2021-2.pdf\"><strong>\u00c9tats financiers 2021<\/strong><\/a><\/span><\/li>\n<li><span style=\"font-family: georgia, palatino, serif; font-size: 16px;\"><strong><span style=\"color: #0000ff;\"><a style=\"color: #0000ff;\" href=\"https:\/\/ahnb-apnb.ca\/wp-content\/uploads\/2020\/08\/FINANCIAL-STATEMENTS-2020.pdf\">\u00c9tats financiers 2020<\/a><\/span><\/strong><\/span><\/li>\n<li><span style=\"font-family: georgia, palatino, serif; font-size: 16px;\"><strong><span style=\"color: #0000ff;\"><a style=\"color: #0000ff;\" href=\"https:\/\/ahnb-apnb.ca\/wp-content\/uploads\/2019\/05\/AHNB_Financials_2018.pdf\" target=\"_blank\" rel=\"noopener noreferrer\">\u00c9tats financiers 2019<\/a><\/span><\/strong><\/span><\/li>\n<li><span style=\"font-family: georgia, palatino, serif; font-size: 16px;\"><strong><span style=\"color: #0000ff;\"><a style=\"color: #0000ff;\" href=\"https:\/\/ahnb-apnb.ca\/wp-content\/uploads\/2019\/05\/AHNB_Financials_2018.pdf\" target=\"_blank\" rel=\"noopener noreferrer\">\u00c9tats financiers 2018<\/a><\/span><\/strong><\/span><\/li>\n<li><span style=\"font-family: georgia, palatino, serif; font-size: 16px;\"><strong><span style=\"color: #0000ff;\"><a style=\"color: #0000ff;\" href=\"https:\/\/ahnb-apnb.ca\/wp-content\/uploads\/2019\/05\/AHNB_Finacials_2017-AGM.pdf\" target=\"_blank\" rel=\"noopener noreferrer\">\u00c9tats financiers 2017<\/a><\/span><\/strong><\/span><\/li>\n<li><span style=\"font-family: georgia, palatino, serif; font-size: 16px;\"><strong><span style=\"color: #0000ff;\"><a style=\"color: #0000ff;\" href=\"https:\/\/ahnb-apnb.ca\/wp-content\/uploads\/2016\/11\/2016-Financial-Statements-AGM-FR.pdf\" target=\"_blank\" rel=\"noopener noreferrer\">\u00c9tats financiers 2016<\/a><\/span><\/strong><\/span><\/li>\n<li><span style=\"font-family: georgia, palatino, serif; font-size: 16px;\"><strong><span style=\"color: #0000ff;\"><a style=\"color: #0000ff;\" href=\"https:\/\/ahnb-apnb.ca\/wp-content\/uploads\/2014\/07\/Final-Financial-Statements-2015.pdf\" target=\"_blank\" rel=\"noopener noreferrer\">\u00c9tats financiers 2015<\/a><\/span><\/strong><\/span><\/li>\n<li><span style=\"font-family: georgia, palatino, serif; font-size: 16px;\"><strong><span style=\"color: #0000ff;\"><a style=\"color: #0000ff;\" href=\"https:\/\/ahnb-apnb.ca\/wp-content\/uploads\/2014\/07\/Final-Financial-Statements-2014.pdf\" target=\"_blank\" rel=\"noopener noreferrer\">\u00c9tats financiers 2014<\/a><\/span><\/strong><\/span><\/li>\n<li><span style=\"font-family: georgia, palatino, serif; font-size: 16px;\"><strong><span style=\"color: #0000ff;\"><a style=\"color: #0000ff;\" href=\"https:\/\/ahnb-apnb.ca\/wp-content\/uploads\/2014\/07\/Final-Financial-Statements-2013.pdf\" target=\"_blank\" rel=\"noopener noreferrer\">\u00c9tats financiers 2013<\/a><\/span><\/strong><\/span><\/li>\n<li><span style=\"font-family: georgia, palatino, serif; font-size: 16px;\"><strong><span style=\"color: #0000ff;\"><a style=\"color: #0000ff;\" href=\"https:\/\/ahnb-apnb.ca\/wp-content\/uploads\/2014\/07\/Final-Financial-Statements-2012.pdf\" target=\"_blank\" rel=\"noopener noreferrer\">\u00c9tats financiers 2012<\/a><\/span><\/strong><\/span><\/li>\n<li><span style=\"font-family: georgia, palatino, serif; font-size: 16px;\"><strong><span style=\"color: #0000ff;\"><a style=\"color: #0000ff;\" href=\"https:\/\/ahnb-apnb.ca\/wp-content\/uploads\/2014\/07\/Final-Financial-Statements-2011.pdf\" target=\"_blank\" rel=\"noopener noreferrer\">\u00c9tats financiers 2011<\/a><\/span><\/strong><\/span><\/li>\n<li><span style=\"font-family: georgia, palatino, serif; font-size: 16px;\"><strong><span style=\"color: #0000ff;\"><a style=\"color: #0000ff;\" href=\"https:\/\/ahnb-apnb.ca\/wp-content\/uploads\/2014\/07\/Fiancial-Statement-unaudited-2010.pdf\" target=\"_blank\" rel=\"noopener noreferrer\">\u00c9tats financiers 2010<\/a><\/span><\/strong><\/span><\/li>\n<\/ul>\n<p><\/p>","protected":false},"excerpt":{"rendered":"<p>\u00c9tats financiers 2023 \u00c9tats financiers 2022 \u00c9tats financiers 2021 \u00c9tats financiers 2020 \u00c9tats financiers 2019 \u00c9tats financiers 2018 \u00c9tats financiers 2017 \u00c9tats financiers 2016 \u00c9tats financiers 2015 \u00c9tats financiers 2014 \u00c9tats financiers [&hellip;]<\/p>\n","protected":false},"author":1,"featured_media":0,"parent":0,"menu_order":0,"comment_status":"closed","ping_status":"closed","template":"","meta":{"_acf_changed":false,"footnotes":""},"class_list":["post-977","page","type-page","status-publish","hentry"],"acf":[],"_links":{"self":[{"href":"https:\/\/ahnb-apnb.ca\/fr\/wp-json\/wp\/v2\/pages\/977","targetHints":{"allow":["GET"]}}],"collection":[{"href":"https:\/\/ahnb-apnb.ca\/fr\/wp-json\/wp\/v2\/pages"}],"about":[{"href":"https:\/\/ahnb-apnb.ca\/fr\/wp-json\/wp\/v2\/types\/page"}],"author":[{"embeddable":true,"href":"https:\/\/ahnb-apnb.ca\/fr\/wp-json\/wp\/v2\/users\/1"}],"replies":[{"embeddable":true,"href":"https:\/\/ahnb-apnb.ca\/fr\/wp-json\/wp\/v2\/comments?post=977"}],"version-history":[{"count":28,"href":"https:\/\/ahnb-apnb.ca\/fr\/wp-json\/wp\/v2\/pages\/977\/revisions"}],"predecessor-version":[{"id":11075,"href":"https:\/\/ahnb-apnb.ca\/fr\/wp-json\/wp\/v2\/pages\/977\/revisions\/11075"}],"wp:attachment":[{"href":"https:\/\/ahnb-apnb.ca\/fr\/wp-json\/wp\/v2\/media?parent=977"}],"curies":[{"name":"wp","href":"https:\/\/api.w.org\/{rel}","templated":true}]}}