{"id":9839,"date":"2024-06-27T13:42:42","date_gmt":"2024-06-27T16:42:42","guid":{"rendered":"https:\/\/ahnb-apnb.ca\/?page_id=9839"},"modified":"2026-03-17T09:17:37","modified_gmt":"2026-03-17T12:17:37","slug":"nomination-form","status":"publish","type":"page","link":"https:\/\/ahnb-apnb.ca\/fr\/nomination-form\/","title":{"rendered":"Formulaire de Nomination"},"content":{"rendered":"<p>Ce formulaire vous permet de proposer la candidature d&rsquo;une personne pour l&rsquo;un des prix suivants : le prix du quart de si\u00e8cle, le prix du m\u00e9rite ou le prix de distinction.<strong> Si vous avez re\u00e7u un courriel vous demandant d&rsquo;appuyer une nomination faite par une autre personne, veuillez remplir ce formulaire \u00e0 la place <a href=\"https:\/\/ahnb-apnb.ca\/nomination-seconder-form\/\">ce formulaire<\/a>.<\/strong><\/p>\n<p><div class=\"forminator-ui forminator-custom-form forminator-custom-form-9877 forminator-design--default  forminator_ajax\" data-forminator-render=\"0\" data-form=\"forminator-module-9877\" data-uid=\"69e2aad168fb8\"><br\/><\/div><form\n\t\t\t\tid=\"forminator-module-9877\"\n\t\t\t\tclass=\"forminator-ui forminator-custom-form forminator-custom-form-9877 forminator-design--default  forminator_ajax\"\n\t\t\t\tmethod=\"post\"\n\t\t\t\tdata-forminator-render=\"0\"\n\t\t\t\tdata-form-id=\"9877\"\n\t\t\t\t data-color-option=\"default\" data-design=\"default\" data-grid=\"open\" style=\"display: none;\"\n\t\t\t\tdata-uid=\"69e2aad168fb8\"\n\t\t\t><div role=\"alert\" aria-live=\"polite\" class=\"forminator-response-message forminator-error\" aria-hidden=\"true\"><\/div><div class=\"forminator-row\"><div id=\"name-1\" class=\"forminator-field-name forminator-col forminator-col-12 \"><div class=\"forminator-field\"><label for=\"forminator-field-name-1_69e2aad168fb8\" id=\"forminator-field-name-1_69e2aad168fb8-label\" class=\"forminator-label\">Nom du Proposant (Toi) <span class=\"forminator-required\">*<\/span><\/label><input type=\"text\" name=\"name-1\" value=\"\" placeholder=\"E.g. John Red\" id=\"forminator-field-name-1_69e2aad168fb8\" class=\"forminator-input forminator-name--field\" aria-required=\"true\" autocomplete=\"name\" \/><\/div><\/div><\/div><div class=\"forminator-row\"><div id=\"email-1\" class=\"forminator-field-email forminator-col forminator-col-12 \"><div class=\"forminator-field\"><label for=\"forminator-field-email-1_69e2aad168fb8\" id=\"forminator-field-email-1_69e2aad168fb8-label\" class=\"forminator-label\">Votre e-mail <span class=\"forminator-required\">*<\/span><\/label><input type=\"email\" name=\"email-1\" value=\"\" placeholder=\"E.g. bob@rouge.ca\" id=\"forminator-field-email-1_69e2aad168fb8\" class=\"forminator-input forminator-email--field\" data-required=\"1\" aria-required=\"true\" autocomplete=\"email\" \/><\/div><\/div><\/div><div class=\"forminator-row\"><div id=\"email-2\" class=\"forminator-field-email forminator-col forminator-col-12 \"><div class=\"forminator-field\"><label for=\"forminator-field-email-2_69e2aad168fb8\" id=\"forminator-field-email-2_69e2aad168fb8-label\" class=\"forminator-label\">Confirmer l&#039;adresse e-mail <span class=\"forminator-required\">*<\/span><\/label><input type=\"email\" name=\"email-2\" value=\"\" placeholder=\"E.g. bob@rouge.com\" id=\"forminator-field-email-2_69e2aad168fb8\" class=\"forminator-input forminator-email--field\" data-required=\"1\" aria-required=\"true\" autocomplete=\"email\" \/><\/div><\/div><\/div><div class=\"forminator-row\"><div id=\"name-2\" class=\"forminator-field-name forminator-col forminator-col-12 \"><div class=\"forminator-field\"><label for=\"forminator-field-name-2_69e2aad168fb8\" id=\"forminator-field-name-2_69e2aad168fb8-label\" class=\"forminator-label\">Nom du Candidat <span class=\"forminator-required\">*<\/span><\/label><input type=\"text\" name=\"name-2\" value=\"\" placeholder=\"E.g. Jane Blue\" id=\"forminator-field-name-2_69e2aad168fb8\" class=\"forminator-input forminator-name--field\" aria-required=\"true\" autocomplete=\"name\" \/><\/div><\/div><\/div><div class=\"forminator-row\"><div id=\"email-3\" class=\"forminator-field-email forminator-col forminator-col-12 \"><div class=\"forminator-field\"><label for=\"forminator-field-email-3_69e2aad168fb8\" id=\"forminator-field-email-3_69e2aad168fb8-label\" class=\"forminator-label\">E-mail de l\u2019Appuyeur <span class=\"forminator-required\">*<\/span><\/label><input type=\"email\" name=\"email-3\" value=\"\" placeholder=\"E.g. joe@vert.ca\" id=\"forminator-field-email-3_69e2aad168fb8\" class=\"forminator-input forminator-email--field\" data-required=\"1\" aria-required=\"true\" autocomplete=\"email\" \/><\/div><\/div><\/div><div class=\"forminator-row\"><div id=\"email-4\" class=\"forminator-field-email forminator-col forminator-col-12 \"><div class=\"forminator-field\"><label for=\"forminator-field-email-4_69e2aad168fb8\" id=\"forminator-field-email-4_69e2aad168fb8-label\" class=\"forminator-label\">Confirmer l&#039;adresse e-mail <span class=\"forminator-required\">*<\/span><\/label><input type=\"email\" name=\"email-4\" value=\"\" placeholder=\"E.g. joe@vert.ca\" id=\"forminator-field-email-4_69e2aad168fb8\" class=\"forminator-input forminator-email--field\" data-required=\"1\" aria-required=\"true\" autocomplete=\"email\" \/><\/div><\/div><\/div><div class=\"forminator-row\"><div id=\"name-3\" class=\"forminator-field-name forminator-col forminator-col-12 \"><div class=\"forminator-field\"><label for=\"forminator-field-name-3_69e2aad168fb8\" id=\"forminator-field-name-3_69e2aad168fb8-label\" class=\"forminator-label\">Nom de l\u2019Appuyeur <span class=\"forminator-required\">*<\/span><\/label><input type=\"text\" name=\"name-3\" value=\"\" placeholder=\"E.g. Joe Green\" id=\"forminator-field-name-3_69e2aad168fb8\" class=\"forminator-input forminator-name--field\" aria-required=\"true\" autocomplete=\"name\" \/><\/div><\/div><\/div><div class=\"forminator-row\"><div id=\"radio-1\" class=\"forminator-field-radio forminator-col forminator-col-12 \"><div role=\"radiogroup\" class=\"forminator-field\" aria-labelledby=\"forminator-radiogroup-radio-1-69e2aad168fb8-label\"><span id=\"forminator-radiogroup-radio-1-69e2aad168fb8-label\" class=\"forminator-label\">Cat\u00e9gorie des prix (Cocher un des choix) <span class=\"forminator-required\">*<\/span><\/span><label id=\"forminator-field-radio-1-label-1\" for=\"forminator-field-radio-1-1-69e2aad168fb8\" class=\"forminator-radio forminator-radio-inline\" title=\"Quart de si\u00e8cle\"><input type=\"radio\" name=\"radio-1\" value=\"one\" id=\"forminator-field-radio-1-1-69e2aad168fb8\" aria-labelledby=\"forminator-field-radio-1-label-1\" data-calculation=\"0\"   data-hidden-behavior=\"zero\"\/><span class=\"forminator-radio-bullet\" aria-hidden=\"true\"><\/span><span class=\"forminator-radio-label\">Quart de si\u00e8cle<\/span><\/label><label id=\"forminator-field-radio-1-label-2\" for=\"forminator-field-radio-1-2-69e2aad168fb8\" class=\"forminator-radio forminator-radio-inline\" title=\"Prix de m\u00e9rite\"><input type=\"radio\" name=\"radio-1\" value=\"two\" id=\"forminator-field-radio-1-2-69e2aad168fb8\" aria-labelledby=\"forminator-field-radio-1-label-2\" data-calculation=\"0\"   data-hidden-behavior=\"zero\"\/><span class=\"forminator-radio-bullet\" aria-hidden=\"true\"><\/span><span class=\"forminator-radio-label\">Prix de m\u00e9rite<\/span><\/label><label id=\"forminator-field-radio-1-label-3\" for=\"forminator-field-radio-1-3-69e2aad168fb8\" class=\"forminator-radio forminator-radio-inline\" title=\"Certificat de distinction (Organisation)\"><input type=\"radio\" name=\"radio-1\" value=\"Award-of\" id=\"forminator-field-radio-1-3-69e2aad168fb8\" aria-labelledby=\"forminator-field-radio-1-label-3\" data-calculation=\"0\"   data-hidden-behavior=\"zero\"\/><span class=\"forminator-radio-bullet\" aria-hidden=\"true\"><\/span><span class=\"forminator-radio-label\">Certificat de distinction (Organisation)<\/span><\/label><\/div><\/div><\/div><div class=\"forminator-row\"><div id=\"textarea-1\" class=\"forminator-field-textarea forminator-col forminator-col-12 \"><div class=\"forminator-field\"><label for=\"forminator-field-textarea-1_69e2aad168fb8\" id=\"forminator-field-textarea-1_69e2aad168fb8-label\" class=\"forminator-label\">Fournir des informations sur le candidat, son nom, son titre, son organisation, sa communaut\u00e9 <span class=\"forminator-required\">*<\/span><\/label><textarea name=\"textarea-1\" placeholder=\"\" id=\"forminator-field-textarea-1_69e2aad168fb8\" class=\"forminator-textarea\" rows=\"6\" style=\"min-height:140px;\" ><\/textarea><\/div><\/div><\/div><div class=\"forminator-row\"><div id=\"textarea-3\" class=\"forminator-field-textarea forminator-col forminator-col-12 \"><div class=\"forminator-field\"><label for=\"forminator-field-textarea-3_69e2aad168fb8\" id=\"forminator-field-textarea-3_69e2aad168fb8-label\" class=\"forminator-label\">Indiquez la raison pour laquelle vous proposez cette personne ou cette organisation <span class=\"forminator-required\">*<\/span><\/label><textarea name=\"textarea-3\" placeholder=\"\" id=\"forminator-field-textarea-3_69e2aad168fb8\" class=\"forminator-textarea\" rows=\"6\" style=\"min-height:140px;\" ><\/textarea><\/div><\/div><\/div><div class=\"forminator-row\"><div id=\"textarea-4\" class=\"forminator-field-textarea forminator-col forminator-col-12 \"><div class=\"forminator-field\"><label for=\"forminator-field-textarea-4_69e2aad168fb8\" id=\"forminator-field-textarea-4_69e2aad168fb8-label\" class=\"forminator-label\">Indiquez comment ils ont contribu\u00e9 \u00e0 votre communaut\u00e9 et\/ou \u00e0 votre institution <span class=\"forminator-required\">*<\/span><\/label><textarea name=\"textarea-4\" placeholder=\"\" id=\"forminator-field-textarea-4_69e2aad168fb8\" class=\"forminator-textarea\" rows=\"6\" style=\"min-height:140px;\" ><\/textarea><\/div><\/div><\/div><input type=\"hidden\" name=\"referer_url\" value=\"\" \/><div class=\"forminator-row forminator-row-last\"><div class=\"forminator-col\"><div class=\"forminator-field\"><button class=\"forminator-button forminator-button-submit\">Soumettre une candidature<\/button><\/div><\/div><\/div><input type=\"hidden\" id=\"forminator_nonce\" name=\"forminator_nonce\" value=\"e8efc86e26\" \/><input type=\"hidden\" name=\"_wp_http_referer\" value=\"\/fr\/wp-json\/wp\/v2\/pages\/9839\" \/><input type=\"hidden\" name=\"form_id\" value=\"9877\"><input type=\"hidden\" name=\"page_id\" value=\"9839\"><input type=\"hidden\" name=\"form_type\" value=\"default\"><input type=\"hidden\" name=\"current_url\" value=\"https:\/\/ahnb-apnb.ca\/fr\/nomination-form\/\"><input type=\"hidden\" name=\"render_id\" value=\"0\"><input type=\"hidden\" name=\"action\" value=\"forminator_submit_form_custom-forms\"><label for=\"input_12\" class=\"forminator-hidden\" aria-hidden=\"true\">Veuillez ne pas remplir ce champ. <input id=\"input_12\" type=\"text\" name=\"input_12\" value=\"\" autocomplete=\"off\"><\/label><\/form><\/p>","protected":false},"excerpt":{"rendered":"<p>Ce formulaire vous permet de proposer la candidature d&rsquo;une personne pour l&rsquo;un des prix suivants : le prix du quart de si\u00e8cle, le prix du m\u00e9rite ou le prix de distinction. Si [&hellip;]<\/p>\n","protected":false},"author":2,"featured_media":0,"parent":0,"menu_order":0,"comment_status":"closed","ping_status":"closed","template":"","meta":{"_acf_changed":false,"footnotes":""},"class_list":["post-9839","page","type-page","status-publish","hentry"],"acf":[],"_links":{"self":[{"href":"https:\/\/ahnb-apnb.ca\/fr\/wp-json\/wp\/v2\/pages\/9839","targetHints":{"allow":["GET"]}}],"collection":[{"href":"https:\/\/ahnb-apnb.ca\/fr\/wp-json\/wp\/v2\/pages"}],"about":[{"href":"https:\/\/ahnb-apnb.ca\/fr\/wp-json\/wp\/v2\/types\/page"}],"author":[{"embeddable":true,"href":"https:\/\/ahnb-apnb.ca\/fr\/wp-json\/wp\/v2\/users\/2"}],"replies":[{"embeddable":true,"href":"https:\/\/ahnb-apnb.ca\/fr\/wp-json\/wp\/v2\/comments?post=9839"}],"version-history":[{"count":12,"href":"https:\/\/ahnb-apnb.ca\/fr\/wp-json\/wp\/v2\/pages\/9839\/revisions"}],"predecessor-version":[{"id":9894,"href":"https:\/\/ahnb-apnb.ca\/fr\/wp-json\/wp\/v2\/pages\/9839\/revisions\/9894"}],"wp:attachment":[{"href":"https:\/\/ahnb-apnb.ca\/fr\/wp-json\/wp\/v2\/media?parent=9839"}],"curies":[{"name":"wp","href":"https:\/\/api.w.org\/{rel}","templated":true}]}}